{"id":859,"date":"2021-07-20T11:34:19","date_gmt":"2021-07-20T11:34:19","guid":{"rendered":"https:\/\/rcp.blatstudio.com\/?page_id=859"},"modified":"2021-07-20T11:39:22","modified_gmt":"2021-07-20T11:39:22","slug":"ingles","status":"publish","type":"page","link":"https:\/\/realcolegio.pt\/en\/oferta-formativa\/escola-de-linguas\/ingles\/","title":{"rendered":"Ingl\u00eas"},"content":{"rendered":"<p>[et_pb_section fb_built=&#8221;1&#8243; _builder_version=&#8221;4.9.4&#8243; _module_preset=&#8221;default&#8221;][et_pb_row column_structure=&#8221;3_5,2_5&#8243; _builder_version=&#8221;4.9.4&#8243; _module_preset=&#8221;default&#8221; locked=&#8221;off&#8221;][et_pb_column type=&#8221;3_5&#8243; _builder_version=&#8221;4.9.4&#8243; _module_preset=&#8221;default&#8221;][et_pb_text _builder_version=&#8221;4.9.4&#8243; _module_preset=&#8221;default&#8221; locked=&#8221;off&#8221;]<\/p>\n<p>Sabias que somos um Centro de Certi\ufb01ca\u00e7\u00e3o do Cambridge: O nosso col\u00e9gio trabalha em parceria com o Cambridge, por ser uma uma escola altamente reconhecida e que poder\u00e1 acrescentar ainda mais valor aos curr\u00edculos dos nossos alunos e alunas.<\/p>\n<p>\u00c9 a partir do 1.\u00ba CEB que temos como oferta-escola o ingl\u00eas adaptado \u00e0 metodologia de ensino do cambridge, para que a partir do 3.\u00ba e 4.\u00ba ano os nossos alunos possam realizar a primeira certi\ufb01ca\u00e7\u00e3o. Somos o\ufb01cialmente um Exam Preparation Centre do Cambridge English. Aqui, poder\u00e1s realizar os v\u00e1rios exames de Cambridge e obter a tua certi\ufb01ca\u00e7\u00e3o que ir\u00e1 valorizar em muito do teu curr\u00edculo. \u201cOs exames Cambridge English s\u00e3o reconhecidos por mais de 25 000 universidades, empregadores e governos em todo o mundo. Os testes de l\u00edngua inglesa podem abrir portas ao ensino superior, melhorar as oportunidades de emprego e, por serem reconhecidos em todo o mundo, aumentar as suas oportunidades de estudo ou trabalho\u201d. A Escola de L\u00ednguas do Real Col\u00e9gio de Portugal trabalhar\u00e1 em parceria com o AEEP\/ UniversidadeCambridge, o que signi\ufb01ca que respeitam todos os rigorosos requisitos desta universidade. Estando na vanguarda da \u00e1rea de examina\u00e7\u00e3o Cambridge English em Portugal, e porque, para al\u00e9m dos requisitos obrigat\u00f3rios que a Cambridge English Language Assessment imp\u00f5e aos seus centros, adotam igualmente a grande maioria das suas recomenda\u00e7\u00f5es, utilizando m\u00e9todos de administra\u00e7\u00e3o de matr\u00edculas, envio de resultados e realiza\u00e7\u00e3o de exames, tecnol\u00f3gica e burocraticamente mais avan\u00e7ados do que qualquer outro Centro em Portugal. Esta \u00e9 uma das atividades extracurriculares que mais alunos aderem!!! N\u00e3o esperes mais e vem j\u00e1 fazer o teu exame de inicia\u00e7\u00e3o. Entra nesta aventura!!!<\/p>\n<p>[\/et_pb_text][\/et_pb_column][et_pb_column type=&#8221;2_5&#8243; _builder_version=&#8221;4.9.4&#8243; _module_preset=&#8221;default&#8221;][et_pb_image src=&#8221;https:\/\/realcolegio.pt\/wp-content\/uploads\/2021\/06\/Post_2_Escola_Linguas_RCP_2021.png&#8221; title_text=&#8221;Post_2_Escola_Linguas_RCP_2021&#8243; align=&#8221;center&#8221; _builder_version=&#8221;4.9.4&#8243; _module_preset=&#8221;default&#8221; box_shadow_style=&#8221;preset3&#8243; locked=&#8221;off&#8221;][\/et_pb_image][\/et_pb_column][\/et_pb_row][\/et_pb_section]<\/p>\n","protected":false},"excerpt":{"rendered":"<p>[et_pb_section fb_built=&#8221;1&#8243; _builder_version=&#8221;4.9.4&#8243; _module_preset=&#8221;default&#8221;][et_pb_row column_structure=&#8221;3_5,2_5&#8243; _builder_version=&#8221;4.9.4&#8243; _module_preset=&#8221;default&#8221; locked=&#8221;off&#8221;][et_pb_column type=&#8221;3_5&#8243; _builder_version=&#8221;4.9.4&#8243; _module_preset=&#8221;default&#8221;][et_pb_text _builder_version=&#8221;4.9.4&#8243; _module_preset=&#8221;default&#8221; locked=&#8221;off&#8221;] Sabias que somos um Centro de Certi\ufb01ca\u00e7\u00e3o do Cambridge: O nosso col\u00e9gio trabalha em parceria com o Cambridge, por ser uma uma escola altamente reconhecida e que poder\u00e1 acrescentar ainda mais valor aos curr\u00edculos dos nossos alunos e alunas. \u00c9 a [&hellip;]<\/p>\n","protected":false},"author":1,"featured_media":0,"parent":394,"menu_order":0,"comment_status":"closed","ping_status":"closed","template":"","meta":{"_acf_changed":false,"_et_pb_use_builder":"on","_et_pb_old_content":"","_et_gb_content_width":"","footnotes":""},"class_list":["post-859","page","type-page","status-publish","hentry"],"acf":[],"_links":{"self":[{"href":"https:\/\/realcolegio.pt\/en\/wp-json\/wp\/v2\/pages\/859","targetHints":{"allow":["GET"]}}],"collection":[{"href":"https:\/\/realcolegio.pt\/en\/wp-json\/wp\/v2\/pages"}],"about":[{"href":"https:\/\/realcolegio.pt\/en\/wp-json\/wp\/v2\/types\/page"}],"author":[{"embeddable":true,"href":"https:\/\/realcolegio.pt\/en\/wp-json\/wp\/v2\/users\/1"}],"replies":[{"embeddable":true,"href":"https:\/\/realcolegio.pt\/en\/wp-json\/wp\/v2\/comments?post=859"}],"version-history":[{"count":2,"href":"https:\/\/realcolegio.pt\/en\/wp-json\/wp\/v2\/pages\/859\/revisions"}],"predecessor-version":[{"id":861,"href":"https:\/\/realcolegio.pt\/en\/wp-json\/wp\/v2\/pages\/859\/revisions\/861"}],"up":[{"embeddable":true,"href":"https:\/\/realcolegio.pt\/en\/wp-json\/wp\/v2\/pages\/394"}],"wp:attachment":[{"href":"https:\/\/realcolegio.pt\/en\/wp-json\/wp\/v2\/media?parent=859"}],"curies":[{"name":"wp","href":"https:\/\/api.w.org\/{rel}","templated":true}]}}