{"id":855,"date":"2021-07-20T11:32:53","date_gmt":"2021-07-20T11:32:53","guid":{"rendered":"https:\/\/rcp.blatstudio.com\/?page_id=855"},"modified":"2021-07-20T11:33:47","modified_gmt":"2021-07-20T11:33:47","slug":"alemao","status":"publish","type":"page","link":"https:\/\/realcolegio.pt\/en\/oferta-formativa\/escola-de-linguas\/alemao\/","title":{"rendered":"Alem\u00e3o"},"content":{"rendered":"<p>[et_pb_section fb_built=&#8221;1&#8243; _builder_version=&#8221;4.9.4&#8243; _module_preset=&#8221;default&#8221;][et_pb_row column_structure=&#8221;3_5,2_5&#8243; _builder_version=&#8221;4.9.4&#8243; _module_preset=&#8221;default&#8221; locked=&#8221;off&#8221;][et_pb_column type=&#8221;3_5&#8243; _builder_version=&#8221;4.9.4&#8243; _module_preset=&#8221;default&#8221;][et_pb_text _builder_version=&#8221;4.9.4&#8243; _module_preset=&#8221;default&#8221; locked=&#8221;off&#8221;]<\/p>\n<p>Sprechen Sie Deutsch?<\/p>\n<p>O alem\u00e3o \u00e9 uma das principais l\u00ednguas utilizadas, n\u00e3o s\u00f3 na \u00e1rea da ci\u00eancia, pesquisa e tecnologia, mas tamb\u00e9m no \u00e2mbito da cultura e do turismo ela se mostra importante.<\/p>\n<p>O alem\u00e3o \u00e9 uma das l\u00ednguas estrangeiras mais populares em todo o mundo. A l\u00edngua alem\u00e3 \u00e9 tamb\u00e9m uma das preferidas por estudantes secund\u00e1rios e universit\u00e1rios. O alem\u00e3o \u00e9 a l\u00edngua mais falada na Uni\u00e3o Europeia mas a maioria s\u00e3o falantes nativos. Ser\u00e3o cerca de 100 milh\u00f5es de pessoas, ou um quarto dos europeus, que t\u00eam o alem\u00e3o como l\u00edngua materna.<\/p>\n<p>De notar, ainda, que o alem\u00e3o cl\u00e1ssico \u00e9 muito difundido nos meios intelectuais e acad\u00e9micos deste pa\u00eds.<\/p>\n<p>Com efeito, o alem\u00e3o \u00e9 falado principalmente na Alemanha, \u00c1ustria e Liechtenstein, na maior parte da Su\u00ed\u00e7a, no Luxemburgo, na regi\u00e3o italiana do Tirol Meridional, no voivodato polaco de Oppeln, em algumas comunas dos cant\u00f5es orientais da B\u00e9lgica, em partes da Rom\u00e9nia, nas regi\u00f5es francesas da Als\u00e1cia e Lorena e numa pequena \u00e1rea no sul da Dinamarca. H\u00e1, ainda, outras regi\u00f5es no Mundo, embora n\u00e3o t\u00e3o representativas, onde se fala a l\u00edngua alem\u00e3, nomeadamente, na Am\u00e9rica Latina e EUA.<\/p>\n<p>Ora, nos tempos que correm, mostra-se necess\u00e1rio, dir-se-ia, imprescind\u00edvel, o conhecimento (falado e escrito) de l\u00ednguas n\u00e3o nativas.<\/p>\n<p>E, no que concerne \u00e0 l\u00edngua alem\u00e3, essa necessidade manifesta-se, nomeadamente, no mundo do trabalho.<\/p>\n<p>\u00c9 que, associado \u00e0s dificuldades econ\u00f3micas e financeiras do pa\u00eds, com o consequente aumento do desemprego, verifica-se que um, cada vez maior, n\u00famero de pessoas se v\u00ea obrigado a emigrar, quer para tirar cursos acad\u00e9micos, quer para o exerc\u00edcio de atividades profissionais.<\/p>\n<p>E, a Alemanha e os pa\u00edses\/regi\u00f5es onde se fala alem\u00e3o, s\u00e3o, no espa\u00e7o da Uni\u00e3o Europeia, os pa\u00edses economicamente mais apelativos, para trabalhar.<\/p>\n<p>No Real Col\u00e9gio de Portugal os alunos aprendem alem\u00e3o de uma forma din\u00e2mica, divertida e pr\u00e1tica onde h\u00e1 a preocupa\u00e7\u00e3o constante de criar motiva\u00e7\u00e3o pelo conhecimento da cultura e dos costumes dos pa\u00edses de l\u00edngua alem\u00e3.<\/p>\n<p>&nbsp;<\/p>\n<p><strong>Professora Respons\u00e1vel:<\/strong><\/p>\n<p><strong>Marta Silva<\/strong><\/p>\n<p>[\/et_pb_text][\/et_pb_column][et_pb_column type=&#8221;2_5&#8243; _builder_version=&#8221;4.9.4&#8243; _module_preset=&#8221;default&#8221;][et_pb_image src=&#8221;https:\/\/realcolegio.pt\/wp-content\/uploads\/2021\/06\/Post_5_Escola_Linguas_RCP_2021.png&#8221; title_text=&#8221;Post_5_Escola_Linguas_RCP_2021&#8243; align=&#8221;center&#8221; _builder_version=&#8221;4.9.4&#8243; _module_preset=&#8221;default&#8221; box_shadow_style=&#8221;preset3&#8243; locked=&#8221;off&#8221;][\/et_pb_image][\/et_pb_column][\/et_pb_row][\/et_pb_section]<\/p>\n","protected":false},"excerpt":{"rendered":"<p>[et_pb_section fb_built=&#8221;1&#8243; _builder_version=&#8221;4.9.4&#8243; _module_preset=&#8221;default&#8221;][et_pb_row column_structure=&#8221;3_5,2_5&#8243; _builder_version=&#8221;4.9.4&#8243; _module_preset=&#8221;default&#8221; locked=&#8221;off&#8221;][et_pb_column type=&#8221;3_5&#8243; _builder_version=&#8221;4.9.4&#8243; _module_preset=&#8221;default&#8221;][et_pb_text _builder_version=&#8221;4.9.4&#8243; _module_preset=&#8221;default&#8221; locked=&#8221;off&#8221;] Sprechen Sie Deutsch? O alem\u00e3o \u00e9 uma das principais l\u00ednguas utilizadas, n\u00e3o s\u00f3 na \u00e1rea da ci\u00eancia, pesquisa e tecnologia, mas tamb\u00e9m no \u00e2mbito da cultura e do turismo ela se mostra importante. O alem\u00e3o \u00e9 uma das l\u00ednguas estrangeiras mais [&hellip;]<\/p>\n","protected":false},"author":1,"featured_media":0,"parent":394,"menu_order":0,"comment_status":"closed","ping_status":"closed","template":"","meta":{"_acf_changed":false,"_et_pb_use_builder":"on","_et_pb_old_content":"<!-- wp:divi\/placeholder \/-->","_et_gb_content_width":"","footnotes":""},"class_list":["post-855","page","type-page","status-publish","hentry"],"acf":[],"_links":{"self":[{"href":"https:\/\/realcolegio.pt\/en\/wp-json\/wp\/v2\/pages\/855","targetHints":{"allow":["GET"]}}],"collection":[{"href":"https:\/\/realcolegio.pt\/en\/wp-json\/wp\/v2\/pages"}],"about":[{"href":"https:\/\/realcolegio.pt\/en\/wp-json\/wp\/v2\/types\/page"}],"author":[{"embeddable":true,"href":"https:\/\/realcolegio.pt\/en\/wp-json\/wp\/v2\/users\/1"}],"replies":[{"embeddable":true,"href":"https:\/\/realcolegio.pt\/en\/wp-json\/wp\/v2\/comments?post=855"}],"version-history":[{"count":3,"href":"https:\/\/realcolegio.pt\/en\/wp-json\/wp\/v2\/pages\/855\/revisions"}],"predecessor-version":[{"id":858,"href":"https:\/\/realcolegio.pt\/en\/wp-json\/wp\/v2\/pages\/855\/revisions\/858"}],"up":[{"embeddable":true,"href":"https:\/\/realcolegio.pt\/en\/wp-json\/wp\/v2\/pages\/394"}],"wp:attachment":[{"href":"https:\/\/realcolegio.pt\/en\/wp-json\/wp\/v2\/media?parent=855"}],"curies":[{"name":"wp","href":"https:\/\/api.w.org\/{rel}","templated":true}]}}