{"id":851,"date":"2021-07-20T11:31:09","date_gmt":"2021-07-20T11:31:09","guid":{"rendered":"https:\/\/rcp.blatstudio.com\/?page_id=851"},"modified":"2021-07-20T11:41:42","modified_gmt":"2021-07-20T11:41:42","slug":"espanhol","status":"publish","type":"page","link":"https:\/\/realcolegio.pt\/en\/oferta-formativa\/escola-de-linguas\/espanhol\/","title":{"rendered":"Espanhol"},"content":{"rendered":"\n[et_pb_section fb_built=&#8221;1&#8243; _builder_version=&#8221;4.9.4&#8243; _module_preset=&#8221;default&#8221;][et_pb_row column_structure=&#8221;3_5,2_5&#8243; _builder_version=&#8221;4.9.4&#8243; _module_preset=&#8221;default&#8221; locked=&#8221;off&#8221;][et_pb_column type=&#8221;3_5&#8243; _builder_version=&#8221;4.9.4&#8243; _module_preset=&#8221;default&#8221;][et_pb_text _builder_version=&#8221;4.9.4&#8243; _module_preset=&#8221;default&#8221; locked=&#8221;off&#8221;]<p>\u00bfHabla Espa\u00f1ol?<\/p>\n<p>O castelhano ou espanhol (como \u00e9 muitas vezes referido) \u00e9 a segunda l\u00edngua nativa mais falada no mundo. A l\u00edngua castelhana \u00e9 cada vez mais popular em Portugal, sendo muitas vezes a escolha como segunda l\u00edngua estrangeira. A semelhan\u00e7a com a l\u00edngua portuguesa e a proximidade do pa\u00eds torna-a bastante atrativa para os portugueses. Al\u00e9m da utilidade da l\u00edngua castelhana no mundo do lazer e das viagens, a crescente import\u00e2ncia do espanhol no mercado laboral tamb\u00e9m tem contribu\u00eddo para o aumento de aprendentes da l\u00edngua.<\/p>\n<p>Se atentamos na lista mundial de l\u00ednguas mais faladas, verifica-se que o espanhol figura na segunda, terceira ou quarta posi\u00e7\u00e3o segundo a fonte consultada (os censos da \u00cdndia e Am\u00e9rica do Sul variam muito segundo o organismo consultado), ficando, todavia, claro, que, em import\u00e2ncia, ocupa a segunda posi\u00e7\u00e3o atr\u00e1s do ingl\u00eas, com quase quatrocentos milh\u00f5es de falantes nativos.<\/p>\n<p>Embora o castelhano seja uma l\u00edngua principalmente americana, \u00e9 falada nos seis &#8220;continentes&#8221;, embora em alguns de forma quase residual:<\/p>\n<p>E, nos tempos que correm, mostra-se necess\u00e1rio, dir-se-ia, imprescind\u00edvel, o conhecimento (falado e escrito) de l\u00ednguas n\u00e3o nativas.<\/p>\n<p>E essa necessidade manifesta-se de v\u00e1rias formas e em v\u00e1rios sectores de actividade:<\/p>\n<p>&#8211; E em primeira linha, por raz\u00f5es de proximidade, porque se trata do \u00fanico pa\u00eds com o qual Portugal tem fronteiras terrestres, mostra-se necess\u00e1rio, nomeadamente, nos contactos dos residentes raianos, o conhecimento desta l\u00edngua.<\/p>\n<p>&#8211; Associado \u00e0s dificuldades econ\u00f3micas e financeiras do pa\u00eds, com o consequente aumento do desemprego, verifica-se que um, cada vez maior, n\u00famero de pessoas se v\u00ea obrigado a emigrar, quer para tirar cursos acad\u00e9micos, quer para o exerc\u00edcio de atividades profissionais.<\/p>\n<p>Com efeito, \u00e9 de conhecimento p\u00fablico, que, nos \u00faltimos anos, por for\u00e7a do numerus clausus nas nossas Universidades, muitos estudantes portugueses t\u00eam vindo a optar pelo pa\u00eds vizinho para tirar os cursos acad\u00e9micos, nomeadamente, medicina.<\/p>\n<p>No Real Col\u00e9gio de Portugal os alunos aprendem espanhol de uma forma din\u00e2mica, divertida e pr\u00e1tica onde h\u00e1 a preocupa\u00e7\u00e3o constante de criar motiva\u00e7\u00e3o pelo conhecimento da cultura e dos costumes dos pa\u00edses de l\u00edngua espanhola.<\/p>\n<p>&nbsp;<\/p>\n<p><strong>Professor Respons\u00e1vel:<\/strong><\/p>\n<p><strong>Gerard Rebassa<\/strong><\/p>[\/et_pb_text][\/et_pb_column][et_pb_column type=&#8221;2_5&#8243; _builder_version=&#8221;4.9.4&#8243; _module_preset=&#8221;default&#8221;][et_pb_image src=&#8221;https:\/\/realcolegio.pt\/wp-content\/uploads\/2021\/06\/Post_3_Escola_Linguas_RCP_2021.png&#8221; title_text=&#8221;Post_3_Escola_Linguas_RCP_2021&#8243; align=&#8221;center&#8221; _builder_version=&#8221;4.9.4&#8243; _module_preset=&#8221;default&#8221; box_shadow_style=&#8221;preset3&#8243; locked=&#8221;off&#8221;][\/et_pb_image][\/et_pb_column][\/et_pb_row][\/et_pb_section]\n","protected":false},"excerpt":{"rendered":"","protected":false},"author":1,"featured_media":0,"parent":394,"menu_order":0,"comment_status":"closed","ping_status":"closed","template":"","meta":{"_acf_changed":false,"_et_pb_use_builder":"on","_et_pb_old_content":"","_et_gb_content_width":"","footnotes":""},"class_list":["post-851","page","type-page","status-publish","hentry"],"acf":[],"_links":{"self":[{"href":"https:\/\/realcolegio.pt\/en\/wp-json\/wp\/v2\/pages\/851","targetHints":{"allow":["GET"]}}],"collection":[{"href":"https:\/\/realcolegio.pt\/en\/wp-json\/wp\/v2\/pages"}],"about":[{"href":"https:\/\/realcolegio.pt\/en\/wp-json\/wp\/v2\/types\/page"}],"author":[{"embeddable":true,"href":"https:\/\/realcolegio.pt\/en\/wp-json\/wp\/v2\/users\/1"}],"replies":[{"embeddable":true,"href":"https:\/\/realcolegio.pt\/en\/wp-json\/wp\/v2\/comments?post=851"}],"version-history":[{"count":3,"href":"https:\/\/realcolegio.pt\/en\/wp-json\/wp\/v2\/pages\/851\/revisions"}],"predecessor-version":[{"id":863,"href":"https:\/\/realcolegio.pt\/en\/wp-json\/wp\/v2\/pages\/851\/revisions\/863"}],"up":[{"embeddable":true,"href":"https:\/\/realcolegio.pt\/en\/wp-json\/wp\/v2\/pages\/394"}],"wp:attachment":[{"href":"https:\/\/realcolegio.pt\/en\/wp-json\/wp\/v2\/media?parent=851"}],"curies":[{"name":"wp","href":"https:\/\/api.w.org\/{rel}","templated":true}]}}