{"id":845,"date":"2021-07-19T18:38:50","date_gmt":"2021-07-19T18:38:50","guid":{"rendered":"https:\/\/rcp.blatstudio.com\/?page_id=845"},"modified":"2021-07-20T11:50:00","modified_gmt":"2021-07-20T11:50:00","slug":"mandarim","status":"publish","type":"page","link":"https:\/\/realcolegio.pt\/en\/oferta-formativa\/escola-de-linguas\/mandarim\/","title":{"rendered":"Mandarim"},"content":{"rendered":"<p>[et_pb_section fb_built=&#8221;1&#8243; _builder_version=&#8221;4.9.4&#8243; _module_preset=&#8221;default&#8221;][et_pb_row column_structure=&#8221;3_5,2_5&#8243; _builder_version=&#8221;4.9.4&#8243; _module_preset=&#8221;default&#8221; locked=&#8221;off&#8221;][et_pb_column type=&#8221;3_5&#8243; _builder_version=&#8221;4.9.4&#8243; _module_preset=&#8221;default&#8221;][et_pb_text _builder_version=&#8221;4.9.4&#8243; _module_preset=&#8221;default&#8221;]<\/p>\n<p>No mundo em que vivemos insere-se uma sociedade globalizada onde aprender uma segunda l\u00edngua \u00e9 vital, o Real Col\u00e9gio de Portugal vem este ano investir na l\u00edngua do futuro \u2013 o Mandarim.<\/p>\n<p>O Mandarim, tamb\u00e9m conhecido como chin\u00eas tradicional, \u00e9 o nome que se d\u00e1 a um conjunto de dialetos chineses falados nas regi\u00f5es central, norte e sudoeste da China. \u00c9 o principal dialeto na China com, aproximadamente, 840 milh\u00f5es de falantes (primeira l\u00edngua). \u00c9 tamb\u00e9m a l\u00edngua mais falada no mundo e tamb\u00e9m considerada como a l\u00edngua oficial da Rep\u00fablica Popular da China.<\/p>\n<p>Com o crescimento econ\u00f3mico da China, verificado a partir da d\u00e9cada de 1990, o Mandarim ganhou grande import\u00e2ncia no cen\u00e1rio econ\u00f3mico mundial. As rela\u00e7\u00f5es comerciais entre China e centenas de outros pa\u00edses do mundo e em particular o facto de estar cada vez mais presente na vida econ\u00f3mica dos portugueses, vai trazer a necessidade de forma\u00e7\u00e3o de pessoas com capacidade de comunicar com os chineses.<\/p>\n<p>As aulas s\u00e3o asseguradas pela formadora Bing Whang, que apresenta dupla nacionalidade Chinesa e Portuguesa, tendo adquirido o seu Certificado de Professora de L\u00edngua Chinesa em 1999 pelo Departamento de l\u00edngua do Instituto Polit\u00e9cnico de Macau.<\/p>\n<p>A formadora acredita que saber Mandarim \u00e9 uma vantagem competitiva. Dentro de poucos anos ser\u00e1 um requisito importante para aumentar o n\u00edvel salarial, um recurso valorizado no mundo dos neg\u00f3cios, como tamb\u00e9m da pertin\u00eancia de se conhecer os valores e costumes de um povo \u00edmpar.<\/p>\n<p>O Real Col\u00e9gio de Portugal a pensar em preparar-lhes o caminho para melhores oportunidades no futuro aposta fortemente em dissolver a preocupa\u00e7\u00e3o de muitos pais com o futuro dos seus filhos, que est\u00e3o atentos em despertar interesses nestes.<\/p>\n<p>O Chin\u00eas \u00e9 uma l\u00edngua de dif\u00edcil aprendizagem, pelo que quanto mais cedo se aprender, mais simples se torna. N\u00e3o hesite em inscrever o seu educando.<\/p>\n<p>&nbsp;<\/p>\n<p><strong>Respons\u00e1vel pela Disciplina:<\/strong><\/p>\n<p><strong>Dra. Bing Whang<\/strong><\/p>\n<p>[\/et_pb_text][\/et_pb_column][et_pb_column type=&#8221;2_5&#8243; _builder_version=&#8221;4.9.4&#8243; _module_preset=&#8221;default&#8221;][et_pb_image src=&#8221;https:\/\/realcolegio.pt\/wp-content\/uploads\/2021\/06\/Post_4_Escola_Linguas_RCP_2021.png&#8221; title_text=&#8221;Post_4_Escola_Linguas_RCP_2021&#8243; align=&#8221;center&#8221; _builder_version=&#8221;4.9.4&#8243; _module_preset=&#8221;default&#8221; hover_enabled=&#8221;0&#8243; box_shadow_style=&#8221;preset3&#8243; locked=&#8221;off&#8221; sticky_enabled=&#8221;0&#8243;][\/et_pb_image][\/et_pb_column][\/et_pb_row][\/et_pb_section]<\/p>\n","protected":false},"excerpt":{"rendered":"<p>[et_pb_section fb_built=&#8221;1&#8243; _builder_version=&#8221;4.9.4&#8243; _module_preset=&#8221;default&#8221;][et_pb_row column_structure=&#8221;3_5,2_5&#8243; _builder_version=&#8221;4.9.4&#8243; _module_preset=&#8221;default&#8221; locked=&#8221;off&#8221;][et_pb_column type=&#8221;3_5&#8243; _builder_version=&#8221;4.9.4&#8243; _module_preset=&#8221;default&#8221;][et_pb_text _builder_version=&#8221;4.9.4&#8243; _module_preset=&#8221;default&#8221;] No mundo em que vivemos insere-se uma sociedade globalizada onde aprender uma segunda l\u00edngua \u00e9 vital, o Real Col\u00e9gio de Portugal vem este ano investir na l\u00edngua do futuro \u2013 o Mandarim. O Mandarim, tamb\u00e9m conhecido como chin\u00eas tradicional, \u00e9 o nome [&hellip;]<\/p>\n","protected":false},"author":1,"featured_media":451,"parent":394,"menu_order":0,"comment_status":"closed","ping_status":"closed","template":"","meta":{"_acf_changed":false,"_et_pb_use_builder":"on","_et_pb_old_content":"","_et_gb_content_width":"","footnotes":""},"class_list":["post-845","page","type-page","status-publish","has-post-thumbnail","hentry"],"acf":[],"_links":{"self":[{"href":"https:\/\/realcolegio.pt\/en\/wp-json\/wp\/v2\/pages\/845","targetHints":{"allow":["GET"]}}],"collection":[{"href":"https:\/\/realcolegio.pt\/en\/wp-json\/wp\/v2\/pages"}],"about":[{"href":"https:\/\/realcolegio.pt\/en\/wp-json\/wp\/v2\/types\/page"}],"author":[{"embeddable":true,"href":"https:\/\/realcolegio.pt\/en\/wp-json\/wp\/v2\/users\/1"}],"replies":[{"embeddable":true,"href":"https:\/\/realcolegio.pt\/en\/wp-json\/wp\/v2\/comments?post=845"}],"version-history":[{"count":4,"href":"https:\/\/realcolegio.pt\/en\/wp-json\/wp\/v2\/pages\/845\/revisions"}],"predecessor-version":[{"id":865,"href":"https:\/\/realcolegio.pt\/en\/wp-json\/wp\/v2\/pages\/845\/revisions\/865"}],"up":[{"embeddable":true,"href":"https:\/\/realcolegio.pt\/en\/wp-json\/wp\/v2\/pages\/394"}],"wp:featuredmedia":[{"embeddable":true,"href":"https:\/\/realcolegio.pt\/en\/wp-json\/wp\/v2\/media\/451"}],"wp:attachment":[{"href":"https:\/\/realcolegio.pt\/en\/wp-json\/wp\/v2\/media?parent=845"}],"curies":[{"name":"wp","href":"https:\/\/api.w.org\/{rel}","templated":true}]}}