{"id":79,"date":"2021-05-19T11:05:12","date_gmt":"2021-05-19T11:05:12","guid":{"rendered":"https:\/\/rcp.blatstudio.com\/?page_id=79"},"modified":"2021-06-09T12:27:53","modified_gmt":"2021-06-09T12:27:53","slug":"quero-estudar-no-rcp","status":"publish","type":"page","link":"https:\/\/realcolegio.pt\/en\/quero-estudar-no-rcp\/","title":{"rendered":"Quero Estudar no RCP"},"content":{"rendered":"<p>[et_pb_section fb_built=&#8221;1&#8243; _builder_version=&#8221;4.9.4&#8243; _module_preset=&#8221;default&#8221;][et_pb_row _builder_version=&#8221;4.9.4&#8243; _module_preset=&#8221;default&#8221;][et_pb_column _builder_version=&#8221;4.9.4&#8243; _module_preset=&#8221;default&#8221; type=&#8221;4_4&#8243;][et_pb_text _builder_version=&#8221;4.9.4&#8243; _module_preset=&#8221;default&#8221; hover_enabled=&#8221;0&#8243; sticky_enabled=&#8221;0&#8243;]<\/p>\n<h2>Pr\u00e9-Inscri\u00e7\u00f5es<\/h2>\n<p>[\/et_pb_text][et_pb_text _builder_version=&#8221;4.9.4&#8243; _module_preset=&#8221;default&#8221; hover_enabled=&#8221;0&#8243; sticky_enabled=&#8221;0&#8243;]<\/p>\n<p>As pr\u00e9-inscri\u00e7\u00f5es para a frequ\u00eancia neste estabelecimento de ensino ser\u00e3o realizadas na secretaria em qualquer per\u00edodo do ano, mediante preenchimento de impresso pr\u00f3prio.<\/p>\n<p>Na ocasi\u00e3o da pr\u00e9-inscri\u00e7\u00e3o, ser\u00e3o recolhidos alguns elementos b\u00e1sicos de informa\u00e7\u00e3o que a fam\u00edlia tenha dispon\u00edveis, com vista \u00e0 sua caracteriza\u00e7\u00e3o global.<\/p>\n<p>As crian\u00e7as inscritas ser\u00e3o inclu\u00eddas numa lista de espera e durante o m\u00eas de Fevereiro, ser\u00e1 feita a sele\u00e7\u00e3o das que ser\u00e3o admitidas para in\u00edcio da frequ\u00eancia no ano letivo seguinte.<\/p>\n<p>A desist\u00eancia da frequ\u00eancia no Col\u00e9gio da crian\u00e7a n\u00e3o dar\u00e1 direito a qualquer restitui\u00e7\u00e3o dos valores pagos. Desde que seja iniciada a frequ\u00eancia de um m\u00eas, o mesmo ser\u00e1 pago por inteiro.<\/p>\n<p>A desist\u00eancia durante o ano letivo deve sempre ser comunicada por escrito.<\/p>\n<p>[\/et_pb_text][\/et_pb_column][\/et_pb_row][et_pb_row _builder_version=&#8221;4.9.4&#8243; _module_preset=&#8221;default&#8221;][et_pb_column _builder_version=&#8221;4.9.4&#8243; _module_preset=&#8221;default&#8221; type=&#8221;4_4&#8243;][et_pb_text _builder_version=&#8221;4.9.4&#8243; _module_preset=&#8221;default&#8221; hover_enabled=&#8221;0&#8243; sticky_enabled=&#8221;0&#8243;]<\/p>\n<h2>Confirma\u00e7\u00e3o da inscri\u00e7\u00e3o<\/h2>\n<p>[\/et_pb_text][et_pb_text _builder_version=&#8221;4.9.4&#8243; _module_preset=&#8221;default&#8221; hover_enabled=&#8221;0&#8243; sticky_enabled=&#8221;0&#8243;]<\/p>\n<p>O n\u00famero de crian\u00e7as a admitir em cada ano est\u00e1 dependente dos meios humanos e materiais dispon\u00edveis e de outros condicionalismos, tais como o n\u00famero de vagas existentes e o limite m\u00e1ximo de crian\u00e7as por sala.<\/p>\n<p>A confirma\u00e7\u00e3o das inscri\u00e7\u00f5es e admiss\u00e3o das crian\u00e7as que ir\u00e3o come\u00e7ar a frequentar o Col\u00e9gio ser\u00e3o feitas durante o m\u00eas de Mar\u00e7o do ano letivo anterior \u00e0quele que ir\u00e3o frequentar.<\/p>\n<p>As fam\u00edlias das crian\u00e7as admitidas ser\u00e3o contactadas durante o per\u00edodo acima referido, de modo a poder ser formalizada a sua admiss\u00e3o para frequ\u00eancia a partir do m\u00eas de Setembro seguinte.<\/p>\n<p>Para efeitos de admiss\u00e3o, damos prefer\u00eancia aos irm\u00e3os dos alunos que j\u00e1 se encontram a frequentar o Real Col\u00e9gio, desde que existam vagas na sala que v\u00e3o frequentar.<\/p>\n<p>[\/et_pb_text][\/et_pb_column][\/et_pb_row][et_pb_row _builder_version=&#8221;4.9.4&#8243; _module_preset=&#8221;default&#8221;][et_pb_column _builder_version=&#8221;4.9.4&#8243; _module_preset=&#8221;default&#8221; type=&#8221;4_4&#8243;][et_pb_text _builder_version=&#8221;4.9.4&#8243; _module_preset=&#8221;default&#8221; hover_enabled=&#8221;0&#8243; sticky_enabled=&#8221;0&#8243;]<\/p>\n<h2>Inscri\u00e7\u00f5es para Creche e Pr\u00e9-Escolar<\/h2>\n<p>[\/et_pb_text][et_pb_text _builder_version=&#8221;4.9.4&#8243; _module_preset=&#8221;default&#8221; hover_enabled=&#8221;0&#8243; sticky_enabled=&#8221;0&#8243;]<\/p>\n<p>Est\u00e3o abertas inscri\u00e7\u00f5es para a sala de Aquisi\u00e7\u00e3o de Marcha, Sala dos 2 anos, Sala dos 3, Sala dos 4 e Sala dos 5 anos.<\/p>\n<p>Para mais informa\u00e7\u00f5es, agradecemos que contacte os Servi\u00e7os de Administra\u00e7\u00e3o Escolar.<\/p>\n<p>[\/et_pb_text][\/et_pb_column][\/et_pb_row][et_pb_row _builder_version=&#8221;4.9.4&#8243; _module_preset=&#8221;default&#8221;][et_pb_column _builder_version=&#8221;4.9.4&#8243; _module_preset=&#8221;default&#8221; type=&#8221;4_4&#8243;][et_pb_text _builder_version=&#8221;4.9.4&#8243; _module_preset=&#8221;default&#8221; hover_enabled=&#8221;0&#8243; sticky_enabled=&#8221;0&#8243;]<\/p>\n<h2>Inscri\u00e7\u00f5es para 1\u00ba Ciclo<\/h2>\n<p>[\/et_pb_text][et_pb_text _builder_version=&#8221;4.9.4&#8243; _module_preset=&#8221;default&#8221; hover_enabled=&#8221;0&#8243; sticky_enabled=&#8221;0&#8243;]<\/p>\n<p>Est\u00e3o abertas inscri\u00e7\u00f5es para o 1\u00ba, 2\u00ba, 3\u00ba e 4\u00ba ano do 1\u00ba Ciclo do Ensino B\u00e1sico.<\/p>\n<p>Para mais informa\u00e7\u00f5es, agradecemos que contacte os Servi\u00e7os de Administra\u00e7\u00e3o Escolar.<\/p>\n<p>[\/et_pb_text][\/et_pb_column][\/et_pb_row][et_pb_row _builder_version=&#8221;4.9.4&#8243; _module_preset=&#8221;default&#8221;][et_pb_column _builder_version=&#8221;4.9.4&#8243; _module_preset=&#8221;default&#8221; type=&#8221;4_4&#8243;][et_pb_text _builder_version=&#8221;4.9.4&#8243; _module_preset=&#8221;default&#8221; hover_enabled=&#8221;0&#8243; sticky_enabled=&#8221;0&#8243;]<\/p>\n<h2>Inscri\u00e7\u00f5es 2\u00ba e 3\u00ba Ciclos do Ensino B\u00e1sico<\/h2>\n<p>[\/et_pb_text][et_pb_text _builder_version=&#8221;4.9.4&#8243; _module_preset=&#8221;default&#8221; hover_enabled=&#8221;0&#8243; sticky_enabled=&#8221;0&#8243;]<\/p>\n<p>Est\u00e3o abertas inscri\u00e7\u00f5es para o 5\u00ba e 6\u00ba ano do 2\u00ba C.E.B. e 7\u00ba, 8\u00ba e 9\u00ba ano do 3\u00ba C.E.B.<\/p>\n<p>Para mais informa\u00e7\u00f5es, agradecemos que contacte os Servi\u00e7os de Administra\u00e7\u00e3o Escolar.<\/p>\n<p>[\/et_pb_text][\/et_pb_column][\/et_pb_row][et_pb_row _builder_version=&#8221;4.9.4&#8243; _module_preset=&#8221;default&#8221;][et_pb_column _builder_version=&#8221;4.9.4&#8243; _module_preset=&#8221;default&#8221; type=&#8221;4_4&#8243;][et_pb_text _builder_version=&#8221;4.9.4&#8243; _module_preset=&#8221;default&#8221; hover_enabled=&#8221;0&#8243; sticky_enabled=&#8221;0&#8243;]<\/p>\n<h2>Inscri\u00e7\u00f5es Ensino Secund\u00e1rio<\/h2>\n<p>[\/et_pb_text][et_pb_text _builder_version=&#8221;4.9.4&#8243; _module_preset=&#8221;default&#8221; hover_enabled=&#8221;0&#8243; sticky_enabled=&#8221;0&#8243;]<\/p>\n<p>Est\u00e3o abertas inscri\u00e7\u00f5es para o Ensino Secund\u00e1rio.<\/p>\n<p>Para mais informa\u00e7\u00f5es, agradecemos que contacte os Servi\u00e7os de Administra\u00e7\u00e3o Escolar.<\/p>\n<p>[\/et_pb_text][\/et_pb_column][\/et_pb_row][et_pb_row _builder_version=&#8221;4.9.4&#8243; _module_preset=&#8221;default&#8221;][et_pb_column _builder_version=&#8221;4.9.4&#8243; _module_preset=&#8221;default&#8221; type=&#8221;4_4&#8243;][et_pb_text _builder_version=&#8221;4.9.4&#8243; _module_preset=&#8221;default&#8221; hover_enabled=&#8221;0&#8243; sticky_enabled=&#8221;0&#8243;]<\/p>\n<h2>Novos Alunos<\/h2>\n<p>[\/et_pb_text][et_pb_text _builder_version=&#8221;4.9.4&#8243; _module_preset=&#8221;default&#8221; hover_enabled=&#8221;0&#8243; sticky_enabled=&#8221;0&#8243;]<\/p>\n<p>No ato de inscri\u00e7\u00e3o dever\u00e3o ser pagas as quantias referentes a:<\/p>\n<p>Matr\u00edcula<br \/>Seguro Escolar Anual<br \/>Os novos alunos dever\u00e3o, igualmente, preencher o Boletim de Inscri\u00e7\u00e3o interno e os respetivos documentos oficiais.<\/p>\n<p>[\/et_pb_text][\/et_pb_column][\/et_pb_row][et_pb_row _builder_version=&#8221;4.9.4&#8243; _module_preset=&#8221;default&#8221;][et_pb_column _builder_version=&#8221;4.9.4&#8243; _module_preset=&#8221;default&#8221; type=&#8221;4_4&#8243;][et_pb_text _builder_version=&#8221;4.9.4&#8243; _module_preset=&#8221;default&#8221; hover_enabled=&#8221;0&#8243; sticky_enabled=&#8221;0&#8243;]<\/p>\n<h2>Renova\u00e7\u00e3o de Inscri\u00e7\u00e3o<\/h2>\n<p>[\/et_pb_text][et_pb_text _builder_version=&#8221;4.9.4&#8243; _module_preset=&#8221;default&#8221; hover_enabled=&#8221;0&#8243; sticky_enabled=&#8221;0&#8243;]<\/p>\n<p>No ato de renova\u00e7\u00e3o dever\u00e3o ser pagas as quantias referentes a:<\/p>\n<ul>\n<li>Renova\u00e7\u00e3o<\/li>\n<li>Seguro Escolar Anual<\/li>\n<\/ul>\n<p>[\/et_pb_text][\/et_pb_column][\/et_pb_row][\/et_pb_section]<\/p>\n","protected":false},"excerpt":{"rendered":"<p>[et_pb_section fb_built=&#8221;1&#8243; _builder_version=&#8221;4.9.4&#8243; _module_preset=&#8221;default&#8221;][et_pb_row _builder_version=&#8221;4.9.4&#8243; _module_preset=&#8221;default&#8221;][et_pb_column _builder_version=&#8221;4.9.4&#8243; _module_preset=&#8221;default&#8221; type=&#8221;4_4&#8243;][et_pb_text _builder_version=&#8221;4.9.4&#8243; _module_preset=&#8221;default&#8221; hover_enabled=&#8221;0&#8243; sticky_enabled=&#8221;0&#8243;] Pr\u00e9-Inscri\u00e7\u00f5es [\/et_pb_text][et_pb_text _builder_version=&#8221;4.9.4&#8243; _module_preset=&#8221;default&#8221; hover_enabled=&#8221;0&#8243; sticky_enabled=&#8221;0&#8243;] As pr\u00e9-inscri\u00e7\u00f5es para a frequ\u00eancia neste estabelecimento de ensino ser\u00e3o realizadas na secretaria em qualquer per\u00edodo do ano, mediante preenchimento de impresso pr\u00f3prio. Na ocasi\u00e3o da pr\u00e9-inscri\u00e7\u00e3o, ser\u00e3o recolhidos alguns elementos b\u00e1sicos de informa\u00e7\u00e3o que a [&hellip;]<\/p>\n","protected":false},"author":1,"featured_media":0,"parent":0,"menu_order":0,"comment_status":"closed","ping_status":"closed","template":"","meta":{"_acf_changed":false,"_et_pb_use_builder":"on","_et_pb_old_content":"<!-- wp:divi\/placeholder \/-->","_et_gb_content_width":"","footnotes":""},"class_list":["post-79","page","type-page","status-publish","hentry"],"acf":[],"_links":{"self":[{"href":"https:\/\/realcolegio.pt\/en\/wp-json\/wp\/v2\/pages\/79","targetHints":{"allow":["GET"]}}],"collection":[{"href":"https:\/\/realcolegio.pt\/en\/wp-json\/wp\/v2\/pages"}],"about":[{"href":"https:\/\/realcolegio.pt\/en\/wp-json\/wp\/v2\/types\/page"}],"author":[{"embeddable":true,"href":"https:\/\/realcolegio.pt\/en\/wp-json\/wp\/v2\/users\/1"}],"replies":[{"embeddable":true,"href":"https:\/\/realcolegio.pt\/en\/wp-json\/wp\/v2\/comments?post=79"}],"version-history":[{"count":3,"href":"https:\/\/realcolegio.pt\/en\/wp-json\/wp\/v2\/pages\/79\/revisions"}],"predecessor-version":[{"id":374,"href":"https:\/\/realcolegio.pt\/en\/wp-json\/wp\/v2\/pages\/79\/revisions\/374"}],"wp:attachment":[{"href":"https:\/\/realcolegio.pt\/en\/wp-json\/wp\/v2\/media?parent=79"}],"curies":[{"name":"wp","href":"https:\/\/api.w.org\/{rel}","templated":true}]}}