{"id":77,"date":"2021-05-19T11:04:56","date_gmt":"2021-05-19T11:04:56","guid":{"rendered":"https:\/\/rcp.blatstudio.com\/?page_id=77"},"modified":"2021-07-12T10:01:39","modified_gmt":"2021-07-12T10:01:39","slug":"oferta-formativa","status":"publish","type":"page","link":"https:\/\/realcolegio.pt\/en\/oferta-formativa\/","title":{"rendered":"Oferta Formativa"},"content":{"rendered":"<p>[et_pb_section fb_built=&#8221;1&#8243; _builder_version=&#8221;4.9.4&#8243; _module_preset=&#8221;default&#8221; background_enable_image=&#8221;off&#8221; custom_padding=&#8221;||||false|false&#8221; custom_css_main_element=&#8221;background-position: 0 260px;||background-size: 100% calc(100% &#8211; 260px);&#8221; locked=&#8221;off&#8221;][et_pb_row column_structure=&#8221;1_5,1_5,1_5,1_5,1_5&#8243; use_custom_gutter=&#8221;on&#8221; gutter_width=&#8221;2&#8243; _builder_version=&#8221;4.9.4&#8243; _module_preset=&#8221;default&#8221; background_enable_color=&#8221;off&#8221; background_enable_image=&#8221;off&#8221; parallax=&#8221;on&#8221; parallax_method=&#8221;off&#8221; custom_margin=&#8221;||||false|false&#8221;][et_pb_column type=&#8221;1_5&#8243; _builder_version=&#8221;4.9.4&#8243; _module_preset=&#8221;default&#8221;][et_pb_blurb title=&#8221;Creche&#8221; image=&#8221;https:\/\/realcolegio.pt\/wp-content\/uploads\/2021\/06\/1.png&#8221; _builder_version=&#8221;4.9.4&#8243; _module_preset=&#8221;default&#8221; header_font=&#8221;|800|||||||&#8221; header_text_color=&#8221;#042D45&#8243; header_font_size=&#8221;22px&#8221; hover_enabled=&#8221;0&#8243; sticky_enabled=&#8221;0&#8243;]<\/p>\n<p>Um Mundo de Experi\u00eancias e Divers\u00e3o onde a palavra de orderm \u00e9 liberdade de express\u00e3o!<\/p>\n<p>[\/et_pb_blurb][et_pb_image src=&#8221;https:\/\/realcolegio.pt\/wp-content\/uploads\/2021\/05\/APARAS-2.png&#8221; title_text=&#8221;APARAS-2&#8243; _builder_version=&#8221;4.9.4&#8243; _module_preset=&#8221;default&#8221; positioning=&#8221;absolute&#8221; position_origin_a=&#8221;bottom_left&#8221; vertical_offset=&#8221;-100px&#8221; horizontal_offset=&#8221;-200px&#8221; width=&#8221;100%&#8221; scroll_vertical_motion_enable=&#8221;on&#8221; scroll_vertical_motion=&#8221;0|25|75|100|-1|0|1&#8243; motion_trigger_start=&#8221;top&#8221; custom_css_main_element=&#8221;filter: drop-shadow(2px 4px 4px rgba(0,0,0,.3));&#8221;][\/et_pb_image][\/et_pb_column][et_pb_column type=&#8221;1_5&#8243; _builder_version=&#8221;4.9.4&#8243; _module_preset=&#8221;default&#8221;][et_pb_blurb title=&#8221;Pr\u00e9-Escolar&#8221; image=&#8221;https:\/\/realcolegio.pt\/wp-content\/uploads\/2021\/06\/2.png&#8221; _builder_version=&#8221;4.9.4&#8243; _module_preset=&#8221;default&#8221; header_font=&#8221;|800|||||||&#8221; header_text_color=&#8221;#042D45&#8243; header_font_size=&#8221;22px&#8221; global_colors_info=&#8221;{}&#8221;]<\/p>\n<p>A Magia acontece Aqui!<\/p>\n<p>[\/et_pb_blurb][\/et_pb_column][et_pb_column type=&#8221;1_5&#8243; _builder_version=&#8221;4.9.4&#8243; _module_preset=&#8221;default&#8221;][et_pb_blurb title=&#8221;1.\u00ba Ciclo&#8221; image=&#8221;https:\/\/realcolegio.pt\/wp-content\/uploads\/2021\/06\/3.png&#8221; _builder_version=&#8221;4.9.4&#8243; _module_preset=&#8221;default&#8221; header_font=&#8221;|800|||||||&#8221; header_text_color=&#8221;#042D45&#8243; header_font_size=&#8221;22px&#8221; global_colors_info=&#8221;{}&#8221;]<\/p>\n<p>Constru\u00edmos Sonhos!<\/p>\n<p>[\/et_pb_blurb][\/et_pb_column][et_pb_column type=&#8221;1_5&#8243; _builder_version=&#8221;4.9.4&#8243; _module_preset=&#8221;default&#8221;][et_pb_blurb title=&#8221;2.\u00ba e 3.\u00ba Ciclos&#8221; image=&#8221;https:\/\/realcolegio.pt\/wp-content\/uploads\/2021\/06\/4.png&#8221; _builder_version=&#8221;4.9.4&#8243; _module_preset=&#8221;default&#8221; header_font=&#8221;|800|||||||&#8221; header_text_color=&#8221;#042D45&#8243; header_font_size=&#8221;22px&#8221; global_colors_info=&#8221;{}&#8221;]<\/p>\n<p>Projetos e expeiencias, um ensino especializado em ti!<\/p>\n<p>[\/et_pb_blurb][\/et_pb_column][et_pb_column type=&#8221;1_5&#8243; _builder_version=&#8221;4.9.4&#8243; _module_preset=&#8221;default&#8221;][et_pb_blurb title=&#8221;Ensino Secund\u00e1rio&#8221; image=&#8221;https:\/\/realcolegio.pt\/wp-content\/uploads\/2021\/06\/5.png&#8221; _builder_version=&#8221;4.9.4&#8243; _module_preset=&#8221;default&#8221; header_font=&#8221;|800|||||||&#8221; header_text_color=&#8221;#042D45&#8243; header_font_size=&#8221;22px&#8221; global_colors_info=&#8221;{}&#8221;]<\/p>\n<p>Um ensino atual, focado no aluno. Preparamos o teu futuro!<\/p>\n<p>[\/et_pb_blurb][\/et_pb_column][\/et_pb_row][et_pb_row _builder_version=&#8221;4.9.4&#8243; _module_preset=&#8221;default&#8221;][et_pb_column type=&#8221;4_4&#8243; _builder_version=&#8221;4.9.4&#8243; _module_preset=&#8221;default&#8221;][et_pb_text _builder_version=&#8221;4.9.4&#8243; _module_preset=&#8221;default&#8221;]<\/p>\n<p>O Real Col\u00e9gio de Portugal \u00e9 uma institui\u00e7\u00e3o de ensino privado que pretende oferecer um ensino diferenciado, partindo do princ\u00edpio que o processo de descoberta das coisas, dos outros e de si pr\u00f3prios dever\u00e1 ser rigoroso e representar um desafio constante.<\/p>\n<p>Considerando sempre a evolu\u00e7\u00e3o e muta\u00e7\u00e3o da sociedade atual no seu contexto, o Col\u00e9gio pretende-se exigente, acreditando que o equil\u00edbrio entre o moderno e o antigo, a inova\u00e7\u00e3o e a tradi\u00e7\u00e3o pode servir de base para criar atitudes e pr\u00e1ticas conducentes \u00e0 aquisi\u00e7\u00e3o de saberes essenciais. Intenta-se assim que o Col\u00e9gio seja aberto \u00e0s din\u00e2micas de mudan\u00e7a, incentivando e agilizando mecanismos que visem a inova\u00e7\u00e3o de pr\u00e1ticas pedag\u00f3gicas, a maior motiva\u00e7\u00e3o poss\u00edvel e o sucesso educativo das nossas alunas e dos nossos alunos.<\/p>\n<p>O Col\u00e9gio orienta-se pelos princ\u00edpios gerais para a educa\u00e7\u00e3o estabelecidos pela Lei de Bases do Sistema Educativo, n.\u00ba 46\/86, de 14 de outubro, e alterada pelas Leis n.\u00ba 85\/2009, de 27 de agosto, 49\/2005, de 30 de agosto e 115\/97, de 19 de setembro.<\/p>\n<p>O Col\u00e9gio orienta-se em fun\u00e7\u00e3o de e para as alunas e os alunos, proporcionandolhes um ambiente de tal forma agrad\u00e1vel que, naturalmente, estes o sentir\u00e3o como o saud\u00e1vel prolongamento do seu ambiente familiar. As diretrizes disciplinares r\u00edgidas ou conservadoras s\u00e3o reduzidas ao m\u00ednimo indispens\u00e1vel \u00e0 educa\u00e7\u00e3o, forma\u00e7\u00e3o e reconhecimento de valores de qualquer crian\u00e7a. Com uma rela\u00e7\u00e3o pedag\u00f3gica humanizada, espera-se desenvolver nas alunas e nos alunos um conceito de cidadania e atitude criativa transformadora da realidade, bem como aprofundar o sentido cr\u00edtico e construtivo face aos acontecimentos globais, conduzindo \u00e0 forma\u00e7\u00e3o integral das nossas alunas e dos nossos alunos numa estrat\u00e9gia de desenvolvimento personalizado.<\/p>\n<p>O Col\u00e9gio, em colabora\u00e7\u00e3o com todos os agentes da comunidade educativa, dever\u00e1 criar situa\u00e7\u00f5es que proporcionem \u00e0s nossas alunas e aos nossos alunos experi\u00eancias que favore\u00e7am a sua maturidade c\u00edvica e s\u00f3cio afetiva, criando neles atitudes e h\u00e1bitos positivos de rela\u00e7\u00e3o, coopera\u00e7\u00e3o e respeito, e que os levem a refletir e questionar a sua atua\u00e7\u00e3o, em determinado momento.<\/p>\n<p>[\/et_pb_text][\/et_pb_column][\/et_pb_row][\/et_pb_section]<\/p>\n","protected":false},"excerpt":{"rendered":"<p>[et_pb_section fb_built=&#8221;1&#8243; _builder_version=&#8221;4.9.4&#8243; _module_preset=&#8221;default&#8221; background_enable_image=&#8221;off&#8221; custom_padding=&#8221;||||false|false&#8221; custom_css_main_element=&#8221;background-position: 0 260px;||background-size: 100% calc(100% &#8211; 260px);&#8221; locked=&#8221;off&#8221;][et_pb_row column_structure=&#8221;1_5,1_5,1_5,1_5,1_5&#8243; use_custom_gutter=&#8221;on&#8221; gutter_width=&#8221;2&#8243; _builder_version=&#8221;4.9.4&#8243; _module_preset=&#8221;default&#8221; background_enable_color=&#8221;off&#8221; background_enable_image=&#8221;off&#8221; parallax=&#8221;on&#8221; parallax_method=&#8221;off&#8221; custom_margin=&#8221;||||false|false&#8221;][et_pb_column type=&#8221;1_5&#8243; _builder_version=&#8221;4.9.4&#8243; _module_preset=&#8221;default&#8221;][et_pb_blurb title=&#8221;Creche&#8221; image=&#8221;https:\/\/realcolegio.pt\/wp-content\/uploads\/2021\/06\/1.png&#8221; _builder_version=&#8221;4.9.4&#8243; _module_preset=&#8221;default&#8221; header_font=&#8221;|800|||||||&#8221; header_text_color=&#8221;#042D45&#8243; header_font_size=&#8221;22px&#8221; hover_enabled=&#8221;0&#8243; sticky_enabled=&#8221;0&#8243;] Um Mundo de Experi\u00eancias e Divers\u00e3o onde a palavra de orderm \u00e9 liberdade de express\u00e3o! [\/et_pb_blurb][et_pb_image src=&#8221;https:\/\/realcolegio.pt\/wp-content\/uploads\/2021\/05\/APARAS-2.png&#8221; title_text=&#8221;APARAS-2&#8243; _builder_version=&#8221;4.9.4&#8243; [&hellip;]<\/p>\n","protected":false},"author":1,"featured_media":736,"parent":0,"menu_order":0,"comment_status":"closed","ping_status":"closed","template":"","meta":{"_acf_changed":false,"_et_pb_use_builder":"on","_et_pb_old_content":"<!-- wp:divi\/placeholder \/-->","_et_gb_content_width":"","footnotes":""},"class_list":["post-77","page","type-page","status-publish","has-post-thumbnail","hentry"],"acf":[],"_links":{"self":[{"href":"https:\/\/realcolegio.pt\/en\/wp-json\/wp\/v2\/pages\/77","targetHints":{"allow":["GET"]}}],"collection":[{"href":"https:\/\/realcolegio.pt\/en\/wp-json\/wp\/v2\/pages"}],"about":[{"href":"https:\/\/realcolegio.pt\/en\/wp-json\/wp\/v2\/types\/page"}],"author":[{"embeddable":true,"href":"https:\/\/realcolegio.pt\/en\/wp-json\/wp\/v2\/users\/1"}],"replies":[{"embeddable":true,"href":"https:\/\/realcolegio.pt\/en\/wp-json\/wp\/v2\/comments?post=77"}],"version-history":[{"count":7,"href":"https:\/\/realcolegio.pt\/en\/wp-json\/wp\/v2\/pages\/77\/revisions"}],"predecessor-version":[{"id":737,"href":"https:\/\/realcolegio.pt\/en\/wp-json\/wp\/v2\/pages\/77\/revisions\/737"}],"wp:featuredmedia":[{"embeddable":true,"href":"https:\/\/realcolegio.pt\/en\/wp-json\/wp\/v2\/media\/736"}],"wp:attachment":[{"href":"https:\/\/realcolegio.pt\/en\/wp-json\/wp\/v2\/media?parent=77"}],"curies":[{"name":"wp","href":"https:\/\/api.w.org\/{rel}","templated":true}]}}