{"id":75,"date":"2021-05-19T11:04:45","date_gmt":"2021-05-19T11:04:45","guid":{"rendered":"https:\/\/rcp.blatstudio.com\/?page_id=75"},"modified":"2021-05-27T13:33:43","modified_gmt":"2021-05-27T13:33:43","slug":"o-colegio","status":"publish","type":"page","link":"https:\/\/realcolegio.pt\/en\/o-colegio\/","title":{"rendered":"O Col\u00e9gio"},"content":{"rendered":"<p>[et_pb_section fb_built=&#8221;1&#8243; _builder_version=&#8221;4.9.4&#8243; _module_preset=&#8221;default&#8221;][et_pb_row _builder_version=&#8221;4.9.4&#8243; _module_preset=&#8221;default&#8221;][et_pb_column _builder_version=&#8221;4.9.4&#8243; _module_preset=&#8221;default&#8221; type=&#8221;4_4&#8243;][et_pb_text _builder_version=&#8221;4.9.4&#8243; _module_preset=&#8221;default&#8221; hover_enabled=&#8221;0&#8243; sticky_enabled=&#8221;0&#8243;]<\/p>\n<p>O Real Col\u00e9gio de Portugal, com Autoriza\u00e7\u00e3o Definitiva n\u00ba 06.116\/DREL, \u00e9 uma institui\u00e7\u00e3o de ensino totalmente vocacionada para a forma\u00e7\u00e3o e desenvolvimento da crian\u00e7a desde a Aquisi\u00e7\u00e3o de Marcha at\u00e9 ao Ensino Secund\u00e1rio.<\/p>\n<p>Fundado em 1999, O Col\u00e9gio e orgulha-se de estar localizado em instala\u00e7\u00f5es pertencentes ao conjunto arquitet\u00f3nico do Pal\u00e1cio dos Condes do Lumiar e da Quinta do Pisani, proporcionando um espa\u00e7o totalmente remodelado e equipado, num contexto harmonioso, pedagogicamente adequado e capacitado para satisfazer todas as exig\u00eancias e cuidados que o ensino requer.<\/p>\n<p>O Projeto Educativo do Real Col\u00e9gio de Portugal est\u00e1 elaborado de forma a garantir elevados n\u00edveis de exig\u00eancia pedag\u00f3gica e simultaneamente o sucesso educativo e social dos seus alunos. O projeto assume o equil\u00edbrio entre ideais contempor\u00e2neos e tradicionais, garantindo sempre abertura a din\u00e2micas de mudan\u00e7a, encorajando uma vis\u00e3o inovadora nas pr\u00e1ticas pedag\u00f3gicas, sempre em benef\u00edcio da motiva\u00e7\u00e3o e do sucesso dos alunos. Este projeto \u00e9 inclusivo em todas as suas manifesta\u00e7\u00f5es.<\/p>\n<p>Protege um espirito educativo harmonioso, tolerante e integrador, garantindo o mesmo grau de oportunidades e participa\u00e7\u00e3o a todos os seus alunos. O Real Col\u00e9gio de Portugal \u00e9 um col\u00e9gio multicultural e laico em todas as suas val\u00eancias.<\/p>\n<p>O Real Col\u00e9gio de Portugal n\u00e3o se delimita no seu espa\u00e7o f\u00edsico. Proporciona aos seus alunos o desenvolvimento e a participa\u00e7\u00e3o em iniciativas, programas, debates, provas desportivas ou intelectuais, obras sociais ou outros eventos que contribuam para a diversifica\u00e7\u00e3o do processo educacional dos alunos.<\/p>\n<p>Nos \u00faltimos anos, as participa\u00e7\u00f5es do Real Col\u00e9gio de Portugal, dos seus alunos e dos seus colaboradores, tem resultado em honrosas distin\u00e7\u00f5es e pr\u00e9mios. Tais feitos, permitem \u00e0 sociedade de forma transversal, sentir e reconhecer a honorabilidade do ensino, dos alunos e da comunidade educativa do Real Col\u00e9gio de Portugal. Estes sucessos surgem naturalmente como o resultado das sinergias, da vontade e da dedica\u00e7\u00e3o, enobrecendo todos os que neles participam.<\/p>\n<p>Esta vis\u00e3o de Projeto Educativo \u00e9 patrocinada por todos os colaboradores, que com o seu profissionalismo, se dedicam genuinamente aos nossos alunos.<\/p>\n<p>[\/et_pb_text][\/et_pb_column][\/et_pb_row][\/et_pb_section]<\/p>\n","protected":false},"excerpt":{"rendered":"<p>[et_pb_section fb_built=&#8221;1&#8243; _builder_version=&#8221;4.9.4&#8243; _module_preset=&#8221;default&#8221;][et_pb_row _builder_version=&#8221;4.9.4&#8243; _module_preset=&#8221;default&#8221;][et_pb_column _builder_version=&#8221;4.9.4&#8243; _module_preset=&#8221;default&#8221; type=&#8221;4_4&#8243;][et_pb_text _builder_version=&#8221;4.9.4&#8243; _module_preset=&#8221;default&#8221; hover_enabled=&#8221;0&#8243; sticky_enabled=&#8221;0&#8243;] O Real Col\u00e9gio de Portugal, com Autoriza\u00e7\u00e3o Definitiva n\u00ba 06.116\/DREL, \u00e9 uma institui\u00e7\u00e3o de ensino totalmente vocacionada para a forma\u00e7\u00e3o e desenvolvimento da crian\u00e7a desde a Aquisi\u00e7\u00e3o de Marcha at\u00e9 ao Ensino Secund\u00e1rio. Fundado em 1999, O Col\u00e9gio e orgulha-se de estar [&hellip;]<\/p>\n","protected":false},"author":1,"featured_media":0,"parent":0,"menu_order":0,"comment_status":"closed","ping_status":"closed","template":"","meta":{"_acf_changed":false,"_et_pb_use_builder":"on","_et_pb_old_content":"<!-- wp:divi\/placeholder \/-->","_et_gb_content_width":"","footnotes":""},"class_list":["post-75","page","type-page","status-publish","hentry"],"acf":[],"_links":{"self":[{"href":"https:\/\/realcolegio.pt\/en\/wp-json\/wp\/v2\/pages\/75","targetHints":{"allow":["GET"]}}],"collection":[{"href":"https:\/\/realcolegio.pt\/en\/wp-json\/wp\/v2\/pages"}],"about":[{"href":"https:\/\/realcolegio.pt\/en\/wp-json\/wp\/v2\/types\/page"}],"author":[{"embeddable":true,"href":"https:\/\/realcolegio.pt\/en\/wp-json\/wp\/v2\/users\/1"}],"replies":[{"embeddable":true,"href":"https:\/\/realcolegio.pt\/en\/wp-json\/wp\/v2\/comments?post=75"}],"version-history":[{"count":3,"href":"https:\/\/realcolegio.pt\/en\/wp-json\/wp\/v2\/pages\/75\/revisions"}],"predecessor-version":[{"id":219,"href":"https:\/\/realcolegio.pt\/en\/wp-json\/wp\/v2\/pages\/75\/revisions\/219"}],"wp:attachment":[{"href":"https:\/\/realcolegio.pt\/en\/wp-json\/wp\/v2\/media?parent=75"}],"curies":[{"name":"wp","href":"https:\/\/api.w.org\/{rel}","templated":true}]}}