{"id":687,"date":"2021-07-07T12:55:41","date_gmt":"2021-07-07T12:55:41","guid":{"rendered":"https:\/\/rcp.blatstudio.com\/?page_id=687"},"modified":"2023-12-28T13:26:55","modified_gmt":"2023-12-28T13:26:55","slug":"ensino-secundario","status":"publish","type":"page","link":"https:\/\/realcolegio.pt\/en\/oferta-formativa\/ensino-secundario\/","title":{"rendered":"Ensino Secund\u00e1rio"},"content":{"rendered":"<p>[et_pb_section fb_built=&#8221;1&#8243; _builder_version=&#8221;4.9.4&#8243; _module_preset=&#8221;default&#8221; custom_margin=&#8221;||-48px|||&#8221;][et_pb_row column_structure=&#8221;1_4,1_4,1_4,1_4&#8243; _builder_version=&#8221;4.9.4&#8243; _module_preset=&#8221;default&#8221;][et_pb_column type=&#8221;1_4&#8243; _builder_version=&#8221;4.9.4&#8243; _module_preset=&#8221;default&#8221;][et_pb_team_member name=&#8221;Curso de Linguas e Humanidades&#8221; image_url=&#8221;https:\/\/realcolegio.pt\/wp-content\/uploads\/2023\/12\/3-1.jpg&#8221; _builder_version=&#8221;4.9.4&#8243; _module_preset=&#8221;default&#8221; header_text_align=&#8221;center&#8221; body_font_size=&#8221;13px&#8221; body_line_height=&#8221;1.5em&#8221; position_text_align=&#8221;center&#8221; hover_enabled=&#8221;0&#8243; custom_css_member_image=&#8221;margin: 0 auto 1rem;&#8221; border_radii_image=&#8221;on|50%|50%|50%|50%&#8221; saved_tabs=&#8221;all&#8221; locked=&#8221;off&#8221; global_colors_info=&#8221;{}&#8221; alt=&#8221;L\u00ednguas e Humanidades&#8221; title_text=&#8221;L\u00ednguas e Humanidades&#8221; sticky_enabled=&#8221;0&#8243;]<\/p>\n<p style=\"text-align: center;\"><strong>&#8220;A Humanidade n\u00e3o se divide em her\u00f3is e tiranos. As suas paix\u00f5es, boas e m\u00e1s, foram-lhe dadas pela sociedade, n\u00e3o pela natureza.&#8221;<\/strong><\/p>\n<p style=\"text-align: center;\"><em>Charles Chaplin<\/em><\/p>\n<p>[\/et_pb_team_member][\/et_pb_column][et_pb_column type=&#8221;1_4&#8243; _builder_version=&#8221;4.9.4&#8243; _module_preset=&#8221;default&#8221;][et_pb_team_member name=&#8221;Curso de Artes Visuais&#8221; image_url=&#8221;https:\/\/realcolegio.pt\/wp-content\/uploads\/2023\/12\/2-2.jpg&#8221; _builder_version=&#8221;4.9.4&#8243; _module_preset=&#8221;default&#8221; header_text_align=&#8221;center&#8221; body_font_size=&#8221;13px&#8221; body_line_height=&#8221;1.5em&#8221; position_text_align=&#8221;center&#8221; hover_enabled=&#8221;0&#8243; custom_css_member_image=&#8221;margin: 0 auto 1rem;&#8221; border_radii_image=&#8221;on|50%|50%|50%|50%&#8221; saved_tabs=&#8221;all&#8221; locked=&#8221;off&#8221; global_colors_info=&#8221;{}&#8221; alt=&#8221;Artes Visuais&#8221; title_text=&#8221;Artes Visuais&#8221; sticky_enabled=&#8221;0&#8243;]<\/p>\n<p style=\"text-align: center;\"><strong>&#8220;\u00c9 na arte que o Homem se ultrapassa definitivamente&#8221;<\/strong><\/p>\n<p style=\"text-align: center;\"><em>Simone de Beauvoir<\/em><\/p>\n<p>[\/et_pb_team_member][\/et_pb_column][et_pb_column type=&#8221;1_4&#8243; _builder_version=&#8221;4.9.4&#8243; _module_preset=&#8221;default&#8221;][et_pb_team_member name=&#8221;Curso de Ci\u00eancias e Tecnologias &#8221; image_url=&#8221;https:\/\/realcolegio.pt\/wp-content\/uploads\/2023\/12\/1-2.jpg&#8221; _builder_version=&#8221;4.9.4&#8243; _module_preset=&#8221;default&#8221; header_text_align=&#8221;center&#8221; body_font_size=&#8221;13px&#8221; body_line_height=&#8221;1.5em&#8221; position_text_align=&#8221;center&#8221; hover_enabled=&#8221;0&#8243; custom_css_member_image=&#8221;margin: 0 auto 1rem;&#8221; border_radii_image=&#8221;on|50%|50%|50%|50%&#8221; saved_tabs=&#8221;all&#8221; locked=&#8221;off&#8221; global_colors_info=&#8221;{}&#8221; sticky_enabled=&#8221;0&#8243; alt=&#8221;Ci\u00eancias e Tecnologias&#8221; title_text=&#8221;Ci\u00eancias e Tecnologias&#8221;]<\/p>\n<p style=\"text-align: center;\"><strong>&#8220;A ci\u00eancia de hoje \u00e9 a tecnologia de amanh\u00e3.&#8221;<\/strong><\/p>\n<p style=\"text-align: center;\"><em>Edward Teller<\/em><\/p>\n<p>[\/et_pb_team_member][\/et_pb_column][et_pb_column type=&#8221;1_4&#8243; _builder_version=&#8221;4.9.4&#8243; _module_preset=&#8221;default&#8221;][et_pb_team_member name=&#8221;Curso de Ci\u00eancias Socioecon\u00f3micas&#8221; image_url=&#8221;https:\/\/realcolegio.pt\/wp-content\/uploads\/2023\/12\/4-1.jpg&#8221; _builder_version=&#8221;4.9.4&#8243; _module_preset=&#8221;default&#8221; header_text_align=&#8221;center&#8221; body_font_size=&#8221;13px&#8221; body_line_height=&#8221;1.5em&#8221; position_text_align=&#8221;center&#8221; hover_enabled=&#8221;0&#8243; custom_css_member_image=&#8221;margin: 0 auto 1rem;&#8221; border_radii_image=&#8221;on|50%|50%|50%|50%&#8221; saved_tabs=&#8221;all&#8221; locked=&#8221;off&#8221; global_colors_info=&#8221;{}&#8221; alt=&#8221;Ci\u00eancias Socioecon\u00f3micas&#8221; title_text=&#8221;Ci\u00eancias Socioecon\u00f3micas&#8221; sticky_enabled=&#8221;0&#8243;]<\/p>\n<p style=\"text-align: center;\"><strong>&#8220;Bons l\u00edderes criam uma vis\u00e3o, articulam a vis\u00e3o, tomam a vis\u00e3o com paix\u00e3o e conduzem sem descanso at\u00e9 \u00e0 sua realiza\u00e7\u00e3o\u201c.<\/strong><\/p>\n<p style=\"text-align: center;\"><em>Jack Welch<\/em><\/p>\n<p>[\/et_pb_team_member][\/et_pb_column][\/et_pb_row][\/et_pb_section][et_pb_section fb_built=&#8221;1&#8243; _builder_version=&#8221;4.9.4&#8243; _module_preset=&#8221;default&#8221; custom_padding=&#8221;||23px|||&#8221;][et_pb_row _builder_version=&#8221;4.9.4&#8243; _module_preset=&#8221;default&#8221; custom_padding=&#8221;0px|4rem|81px|4rem|false|true&#8221;][et_pb_column type=&#8221;4_4&#8243; _builder_version=&#8221;4.9.4&#8243; _module_preset=&#8221;default&#8221;][et_pb_text _builder_version=&#8221;4.9.4&#8243; _module_preset=&#8221;default&#8221; min_height=&#8221;385.4px&#8221;]<\/p>\n<p>\u00c9 o nosso compromisso que o Ensino Secund\u00e1rio se assuma como um est\u00e1gio educativo de desenvolvimento e de consolida\u00e7\u00e3o das aprendizagens, atitudes e P\u00e1gina 2 de 28 Projeto Educativo \u2013 Real Col\u00e9gio de Portugal valores, dotando os nossos alunos e as nossas alunas de todas as ferramentas exigidas pela sociedade do conhecimento e da informa\u00e7\u00e3o.<\/p>\n<p>Pretendemos continuar a investir num ensino experimental com recurso aos laborat\u00f3rios de F\u00edsica, Qu\u00edmica, Biologia, Inform\u00e1tica, Multim\u00e9dia e outros. Constru\u00edmos assim uma escola com identidade, de forma\u00e7\u00e3o integral e ensino experimental, uma escola com qualidade para todas e para todos.<\/p>\n<p>Continuaremos a participar em projetos nacionais e internacionais, com o objetivo claro de proporcionar aos nossos jovens compet\u00eancias globalizantes, tais como criatividade, responsabilidade social e pessoal, pensamento cr\u00edtico, saber trabalhar em equipa e cooperar, conhecer melhor e fomentar o desenvolvimento da l\u00edngua, adquirir compet\u00eancias lingu\u00edsticas acima da m\u00e9dia, e sobretudo, evoluir na comunica\u00e7\u00e3o e na colabora\u00e7\u00e3o.<\/p>\n<p>Em suma, comprometemo-nos em oferecer aos nossos alunos aprendizagens significativas para a sua vida acad\u00e9mica e profissional.<\/p>\n<p>A nossa equipa j\u00e1 est\u00e1 formada, com experiencia, motivada e dedicada a cada crian\u00e7a\/jovem. Continuamos a apostar num apoio individualizado a todos as nossas alunas e alunos, porque queremos uma educa\u00e7\u00e3o universal mas adequada \u00e0s particularidades das pessoas.<\/p>\n<p>Continuaremos a apostar na forma\u00e7\u00e3o constante e continua de todo o nosso corpo docente, garantindo a renova\u00e7\u00e3o e melhoria de pr\u00e1ticas e saberes. Aliado \u00e0 capacita\u00e7\u00e3o do Nosso Capital Humano dispomos de um Laborat\u00f3rio de Ci\u00eancias e Biologia e um Laborat\u00f3rio de F\u00edsico-Qu\u00edmica plenamente equipados, dois CRE \u2013 Centro de Recursos Educativos, dois laborat\u00f3rios de Inform\u00e1tica, uma sala de Educa\u00e7\u00e3o Visual e uma sala de Educa\u00e7\u00e3o Tecnol\u00f3gica.<\/p>\n<p>[\/et_pb_text][\/et_pb_column][\/et_pb_row][\/et_pb_section]<\/p>\n","protected":false},"excerpt":{"rendered":"<p>[et_pb_section fb_built=&#8221;1&#8243; _builder_version=&#8221;4.9.4&#8243; _module_preset=&#8221;default&#8221; custom_margin=&#8221;||-48px|||&#8221;][et_pb_row column_structure=&#8221;1_4,1_4,1_4,1_4&#8243; _builder_version=&#8221;4.9.4&#8243; _module_preset=&#8221;default&#8221;][et_pb_column type=&#8221;1_4&#8243; _builder_version=&#8221;4.9.4&#8243; _module_preset=&#8221;default&#8221;][et_pb_team_member name=&#8221;Curso de Linguas e Humanidades&#8221; image_url=&#8221;https:\/\/realcolegio.pt\/wp-content\/uploads\/2023\/12\/3-1.jpg&#8221; _builder_version=&#8221;4.9.4&#8243; _module_preset=&#8221;default&#8221; header_text_align=&#8221;center&#8221; body_font_size=&#8221;13px&#8221; body_line_height=&#8221;1.5em&#8221; position_text_align=&#8221;center&#8221; hover_enabled=&#8221;0&#8243; custom_css_member_image=&#8221;margin: 0 auto 1rem;&#8221; border_radii_image=&#8221;on|50%|50%|50%|50%&#8221; saved_tabs=&#8221;all&#8221; locked=&#8221;off&#8221; global_colors_info=&#8221;{}&#8221; alt=&#8221;L\u00ednguas e Humanidades&#8221; title_text=&#8221;L\u00ednguas e Humanidades&#8221; sticky_enabled=&#8221;0&#8243;] &#8220;A Humanidade n\u00e3o se divide em her\u00f3is e tiranos. As suas paix\u00f5es, boas e m\u00e1s, foram-lhe [&hellip;]<\/p>\n","protected":false},"author":1,"featured_media":754,"parent":77,"menu_order":0,"comment_status":"closed","ping_status":"closed","template":"","meta":{"_acf_changed":false,"_et_pb_use_builder":"on","_et_pb_old_content":"","_et_gb_content_width":"","footnotes":""},"class_list":["post-687","page","type-page","status-publish","has-post-thumbnail","hentry"],"acf":[],"_links":{"self":[{"href":"https:\/\/realcolegio.pt\/en\/wp-json\/wp\/v2\/pages\/687","targetHints":{"allow":["GET"]}}],"collection":[{"href":"https:\/\/realcolegio.pt\/en\/wp-json\/wp\/v2\/pages"}],"about":[{"href":"https:\/\/realcolegio.pt\/en\/wp-json\/wp\/v2\/types\/page"}],"author":[{"embeddable":true,"href":"https:\/\/realcolegio.pt\/en\/wp-json\/wp\/v2\/users\/1"}],"replies":[{"embeddable":true,"href":"https:\/\/realcolegio.pt\/en\/wp-json\/wp\/v2\/comments?post=687"}],"version-history":[{"count":11,"href":"https:\/\/realcolegio.pt\/en\/wp-json\/wp\/v2\/pages\/687\/revisions"}],"predecessor-version":[{"id":4260,"href":"https:\/\/realcolegio.pt\/en\/wp-json\/wp\/v2\/pages\/687\/revisions\/4260"}],"up":[{"embeddable":true,"href":"https:\/\/realcolegio.pt\/en\/wp-json\/wp\/v2\/pages\/77"}],"wp:featuredmedia":[{"embeddable":true,"href":"https:\/\/realcolegio.pt\/en\/wp-json\/wp\/v2\/media\/754"}],"wp:attachment":[{"href":"https:\/\/realcolegio.pt\/en\/wp-json\/wp\/v2\/media?parent=687"}],"curies":[{"name":"wp","href":"https:\/\/api.w.org\/{rel}","templated":true}]}}