{"id":6680,"date":"2025-10-20T09:41:54","date_gmt":"2025-10-20T08:41:54","guid":{"rendered":"https:\/\/www.realcolegio.pt\/?page_id=6680"},"modified":"2026-03-16T17:05:06","modified_gmt":"2026-03-16T17:05:06","slug":"matriculas-abertas-2026-2027","status":"publish","type":"page","link":"https:\/\/realcolegio.pt\/en\/alunos\/matriculas-abertas-2026-2027\/","title":{"rendered":"Matr\u00edculas Abertas 2026\/2027"},"content":{"rendered":"<p>[et_pb_section fb_built=&#8221;1&#8243; _builder_version=&#8221;4.9.4&#8243; _module_preset=&#8221;default&#8221;][et_pb_row _builder_version=&#8221;4.9.4&#8243; _module_preset=&#8221;default&#8221; background_color=&#8221;#FFFFFF&#8221;][et_pb_column type=&#8221;4_4&#8243; _builder_version=&#8221;4.9.4&#8243; _module_preset=&#8221;default&#8221;][et_pb_image src=&#8221;https:\/\/realcolegio.pt\/wp-content\/uploads\/2025\/12\/Campanhas-de-Inscricao_geral.png&#8221; alt=&#8221;Campanha de Inscri\u00e7\u00e3o 26-27&#8243; title_text=&#8221;Campanha de Inscri\u00e7\u00e3o 26-27&#8243; align=&#8221;center&#8221; _builder_version=&#8221;4.9.4&#8243; _module_preset=&#8221;default&#8221;][\/et_pb_image][\/et_pb_column][\/et_pb_row][et_pb_row _builder_version=&#8221;4.9.4&#8243; _module_preset=&#8221;default&#8221; background_color=&#8221;#FFFFFF&#8221;][et_pb_column type=&#8221;4_4&#8243; _builder_version=&#8221;4.9.4&#8243; _module_preset=&#8221;default&#8221;][\/et_pb_column][\/et_pb_row][et_pb_row _builder_version=&#8221;4.9.4&#8243; _module_preset=&#8221;default&#8221; background_color=&#8221;#FFFFFF&#8221;][et_pb_column type=&#8221;4_4&#8243; _builder_version=&#8221;4.9.4&#8243; _module_preset=&#8221;default&#8221;][et_pb_text _builder_version=&#8221;4.9.4&#8243; _module_preset=&#8221;default&#8221;]<\/p>\n<blockquote>\n<p style=\"text-align: center;\"><span>\u00c9 com grande entusiasmo que informamos que se encontram\u00a0<\/span><strong><span>oficialmente abertas as matr\u00edculas para o ano letivo 2026\/2027!<\/span><\/strong><\/p>\n<\/blockquote>\n<p>[\/et_pb_text][\/et_pb_column][\/et_pb_row][et_pb_row _builder_version=&#8221;4.9.4&#8243; _module_preset=&#8221;default&#8221; background_color=&#8221;#FFFFFF&#8221; min_height=&#8221;99.6px&#8221; custom_margin=&#8221;|auto|-14px|auto||&#8221; custom_padding=&#8221;30px|4rem|0px|4rem|false|true&#8221;][et_pb_column type=&#8221;4_4&#8243; _builder_version=&#8221;4.9.4&#8243; _module_preset=&#8221;default&#8221;][et_pb_text _builder_version=&#8221;4.9.4&#8243; _module_preset=&#8221;default&#8221; min_height=&#8221;87.4px&#8221; custom_margin=&#8221;||-142px|||&#8221; custom_padding=&#8221;||121px|||&#8221;]<\/p>\n<p><span>No Real Col\u00e9gio de Portugal, acreditamos que <strong>educar \u00e9 muito mais do que ensinar<\/strong>. O nosso Projeto Educativo coloca o aluno no centro de todo o processo, valorizando as intelig\u00eancias m\u00faltiplas, o pensamento cr\u00edtico, a criatividade, as compet\u00eancias acad\u00e9micas e humanas, bem como a consci\u00eancia de si e dos outros.\u00a0<\/span><\/p>\n<p><span>Cada aluno \u00e9 acompanhado para crescer com confian\u00e7a, autonomia e ambi\u00e7\u00e3o.<\/span><\/p>\n<p><span><u><\/u><u><\/u><\/span><span>&#8220;Prepara o Hoje e lan\u00e7a-te no Amanh\u00e3&#8221;, \u00e9 o compromisso que assumimos diariamente com todas as fam\u00edlias da nossa Comunidade Educativa: criar as bases certas hoje para que o futuro se construa com sentido, prop\u00f3sito e oportunidades reais.<u><\/u><u><\/u><\/span><\/p>\n<p><span>Por isso, preparamos para si uma s\u00e9rie de condi\u00e7\u00f5es especiais para as matr\u00edculas para o ano letivo 2026\/2027.<\/span><\/p>\n<p><span>Invista hoje num percurso educativo s\u00f3lido e diferenciador!<\/span><\/p>\n<div class=\"et-pb-draggable-spacing et-pb-draggable-spacing__sizing et-pb-draggable-spacing__width et-pb-draggable-spacing__left\"><\/div>\n<div class=\"et-pb-draggable-spacing__left et-pb-draggable-spacing__tooltip\"><\/div>\n<div class=\"et-pb-draggable-spacing et-pb-draggable-spacing__sizing et-pb-draggable-spacing__width et-pb-draggable-spacing__right\"><\/div>\n<div class=\"et-pb-draggable-spacing__right et-pb-draggable-spacing__tooltip\"><\/div>\n<div class=\"et-pb-draggable-spacing et-pb-draggable-spacing__spacing et-pb-draggable-spacing__top et-pb-draggable-spacing__padding et-pb-draggable-spacing--no-size\">\n<div class=\"et-pb-draggable-spacing__hint\"><\/div>\n<\/div>\n<div class=\"et-pb-draggable-spacing et-pb-draggable-spacing__spacing et-pb-draggable-spacing__bottom et-pb-draggable-spacing__padding et-pb-draggable-spacing--no-size et-pb-draggable-spacing--hovered\"><\/div>\n<p>&nbsp;<\/p>\n<p>[\/et_pb_text][\/et_pb_column][\/et_pb_row][\/et_pb_section][et_pb_section fb_built=&#8221;1&#8243; _builder_version=&#8221;4.9.4&#8243; _module_preset=&#8221;default&#8221; custom_padding=&#8221;0px||0px|||&#8221;][et_pb_row column_structure=&#8221;1_3,1_3,1_3&#8243; use_custom_gutter=&#8221;on&#8221; gutter_width=&#8221;1&#8243; make_equal=&#8221;on&#8221; _builder_version=&#8221;4.9.4&#8243; _module_preset=&#8221;default&#8221; custom_padding=&#8221;0px|0rem|0px|0rem|false|true&#8221;][et_pb_column type=&#8221;1_3&#8243; _builder_version=&#8221;4.9.4&#8243; _module_preset=&#8221;default&#8221; background_color=&#8221;#042D45&#8243; custom_padding=&#8221;4rem|4rem|4rem|4rem|true|true&#8221; custom_css_main_element=&#8221;display: flex;||flex-direction: column;||justify-content: space-between;&#8221; global_colors_info=&#8221;{}&#8221;][et_pb_blurb title=&#8221;Campanha Novas Matr\u00edculas&#8221; content_max_width=&#8221;1100px&#8221; _builder_version=&#8221;4.9.4&#8243; _module_preset=&#8221;default&#8221; header_font=&#8221;|800||on|||||&#8221; header_text_align=&#8221;center&#8221; header_text_color=&#8221;#FFFFFF&#8221; header_font_size=&#8221;25px&#8221; header_line_height=&#8221;2em&#8221; background_layout=&#8221;dark&#8221; custom_margin=&#8221;0px||||false|false&#8221; hover_enabled=&#8221;0&#8243; alt=&#8221;Novas Matr\u00edculas&#8221; title_text=&#8221;Novas Matr\u00edculas_2.\u00ba Fase (2)&#8221; image=&#8221;https:\/\/realcolegio.pt\/wp-content\/uploads\/2026\/03\/Novas-Matriculas_2.o-Fase-2.png&#8221; sticky_enabled=&#8221;0&#8243;]<\/p>\n<p><span>At\u00e9 ao dia <strong>30 de abril<\/strong>, poder\u00e1 garantir a inscri\u00e7\u00e3o do seu educando e beneficiar <strong>de um desconto de 15% sobre o valor da matr\u00edcula.<\/strong>\u00a0Uma oportunidade para preparar j\u00e1 um percurso educativo s\u00f3lido e diferenciador.<\/span><\/p>\n<p><span>Inscreva-se <a href=\"https:\/\/forms.gle\/Sh9btdC8J6WcC6W69\" rel=\"noopener\">AQUI<\/a>.<\/span><\/p>\n<p><span><\/span><\/p>\n<p>[\/et_pb_blurb][et_pb_blurb title=&#8221;Campanha Renova\u00e7\u00e3o &#8211; Transi\u00e7\u00e3o de Ciclo&#8221; content_max_width=&#8221;1100px&#8221; _builder_version=&#8221;4.9.4&#8243; _module_preset=&#8221;default&#8221; header_font=&#8221;|800||on|||||&#8221; header_text_align=&#8221;center&#8221; header_text_color=&#8221;#FFFFFF&#8221; header_font_size=&#8221;25px&#8221; header_line_height=&#8221;2em&#8221; background_layout=&#8221;dark&#8221; custom_margin=&#8221;0px||||false|false&#8221; hover_enabled=&#8221;0&#8243; alt=&#8221;Transi\u00e7\u00e3o de Ciclo&#8221; title_text=&#8221;Transi\u00e7\u00e3o de Ciclo&#8221; image=&#8221;https:\/\/realcolegio.pt\/wp-content\/uploads\/2026\/03\/Transicao-de-Ciclo.png&#8221; sticky_enabled=&#8221;0&#8243; custom_padding=&#8221;0px|||||&#8221;]<\/p>\n<p>Campanha V\u00e1lida at\u00e9 <strong>30 de abril<\/strong><\/p>\n<ul>\n<li><span><strong>30% de desconto no valor da matr\u00edcula<\/strong><\/span><\/li>\n<li><span><strong>10% de desconto nas tr\u00eas primeiras mensalidades do ano letivo 2026\/2027 (setembro, outubro e novembro), desde que liquidadas at\u00e9 ao dia 17 de julho de 2026<\/strong><\/span><span><strong><\/strong><\/span><\/li>\n<\/ul>\n<p>Campanha v\u00e1lida apenas para alunos(as) j\u00e1 inscritos(as) no Real Col\u00e9gio de Portugal em anos para transi\u00e7\u00e3o de ciclo (Pr\u00e9-Escolar 5 anos, 4.\u00ba Ano, 6.\u00ba Ano e 9.\u00ba Ano)<\/p>\n<p>Inscreva-se<a href=\"https:\/\/docs.google.com\/forms\/d\/e\/1FAIpQLSd6sGtef_52R6uHXWzu4_1xz2393ixe7p4wJuK9GmWz7l-lmA\/viewform?usp=header\" target=\"_blank\" rel=\"noopener\"> <span style=\"color: #ffcc00;\">AQUI<\/span><\/a><\/p>\n<p>[\/et_pb_blurb][\/et_pb_column][et_pb_column type=&#8221;1_3&#8243; _builder_version=&#8221;4.9.4&#8243; _module_preset=&#8221;default&#8221; background_color=&#8221;#F9B91D&#8221; custom_padding=&#8221;4rem|4rem|4rem|4rem|true|true&#8221; custom_css_main_element=&#8221;display: flex;||flex-direction: column;||justify-content: space-between;&#8221; global_colors_info=&#8221;{}&#8221;][et_pb_blurb title=&#8221;Campanha Renova\u00e7\u00e3o da Matr\u00edcula&#8221; content_max_width=&#8221;1100px&#8221; _builder_version=&#8221;4.9.4&#8243; _module_preset=&#8221;default&#8221; header_font=&#8221;|800||on|||||&#8221; header_text_align=&#8221;center&#8221; header_text_color=&#8221;#042D45&#8243; header_font_size=&#8221;25px&#8221; header_line_height=&#8221;2em&#8221; min_height=&#8221;293.4px&#8221; custom_margin=&#8221;auto||auto||true|false&#8221; custom_padding=&#8221;1px||20px|||&#8221; hover_enabled=&#8221;0&#8243; alt=&#8221;Renova\u00e7\u00e3o de Inscri\u00e7\u00e3o 2.\u00ba Fase&#8221; title_text=&#8221;Renova\u00e7\u00e3o de Inscri\u00e7\u00e3o 2.\u00ba Fase&#8221; image=&#8221;https:\/\/realcolegio.pt\/wp-content\/uploads\/2026\/03\/Renovacao-de-Inscricao-2.o-Fase.png&#8221; sticky_enabled=&#8221;0&#8243;]<\/p>\n<p>Campanha V\u00e1lida <strong>at\u00e9 ao dia 31 de mar\u00e7o<\/strong>, poder\u00e1 beneficiar de condi\u00e7\u00f5es especiais na renova\u00e7\u00e3o da matr\u00edcula:<\/p>\n<ul>\n<li><span><strong>15% de desconto no valor da matr\u00edcula<\/strong><\/span><\/li>\n<li><span><strong>3,5% de desconto nas tr\u00eas primeiras mensalidades do ano letivo 2026\/2027 (setembro, outubro e novembro), desde que liquidadas at\u00e9 ao dia 17 de julho de 2026<\/strong><\/span><\/li>\n<\/ul>\n<p>Campanha v\u00e1lida apenas para alunos(as) j\u00e1 inscritos(as) no Real Col\u00e9gio de Portugal em anos para perman\u00eancia no ciclo (Pr\u00e9-Escolar 3 anos\/4 anos, 1.\u00ba Ano, 2.\u00ba Ano, 3.\u00ba Ano, 5.\u00ba Ano, 7.\u00ba Ano, 8.\u00ba Ano, 10.\u00ba Ano e 11.\u00ba Ano)<\/p>\n<p>Inscreva-se <span style=\"color: #ffffff;\"><a href=\"https:\/\/docs.google.com\/forms\/d\/e\/1FAIpQLSd6sGtef_52R6uHXWzu4_1xz2393ixe7p4wJuK9GmWz7l-lmA\/viewform?usp=header\" style=\"color: #ffffff;\" target=\"_blank\" rel=\"noopener\">AQUI<\/a><\/span><\/p>\n<p><span style=\"color: #ffffff;\"><\/span><\/p>\n<p><span style=\"color: #ffffff;\"><\/span><\/p>\n<p>[\/et_pb_blurb][et_pb_blurb title=&#8221;Campanha Traz Um Amigo&#8221; content_max_width=&#8221;1100px&#8221; _builder_version=&#8221;4.9.4&#8243; _module_preset=&#8221;default&#8221; header_font=&#8221;|800||on|||||&#8221; header_text_align=&#8221;center&#8221; header_text_color=&#8221;#042D45&#8243; header_font_size=&#8221;25px&#8221; header_line_height=&#8221;2em&#8221; min_height=&#8221;188.4px&#8221; custom_margin=&#8221;auto||auto||true|false&#8221; custom_padding=&#8221;1px||0px|||&#8221; hover_enabled=&#8221;0&#8243; alt=&#8221;Campanha Traz Um Amigo&#8221; title_text=&#8221;Campanha Traz Um Amigo&#8221; image=&#8221;https:\/\/realcolegio.pt\/wp-content\/uploads\/2026\/03\/Campanha-Traz-Um-Amigo.png&#8221; sticky_enabled=&#8221;0&#8243;]<\/p>\n<p><span>Sempre que um novo aluno se matricule no pr\u00f3ximo ano letivo por recomenda\u00e7\u00e3o de um aluno do RCP,\u00a0<strong>o nosso aluno beneficiar\u00e1 de 10% de desconto em todas as mensalidades do ano letivo 2026\/2027<\/strong>.\u00a0<\/span><\/p>\n<p><span>No momento da matr\u00edcula, dever\u00e1 contactar a secretaria com o nome do aluno que fez a recomenda\u00e7\u00e3o para a aplica\u00e7\u00e3o do desconto.<\/span><\/p>\n<p>[\/et_pb_blurb][\/et_pb_column][et_pb_column type=&#8221;1_3&#8243; _builder_version=&#8221;4.9.4&#8243; _module_preset=&#8221;default&#8221; background_color=&#8221;#042D45&#8243; custom_padding=&#8221;4rem|4rem|4rem|4rem|true|true&#8221; custom_css_main_element=&#8221;display: flex;||flex-direction: column;||justify-content: space-between;&#8221; global_colors_info=&#8221;{}&#8221;][et_pb_blurb title=&#8221;Campanha Finalistas 6.\u00ba Ano (Col\u00e9gio de Alfragide)&#8221; content_max_width=&#8221;1100px&#8221; _builder_version=&#8221;4.9.4&#8243; _module_preset=&#8221;default&#8221; header_font=&#8221;|800||on|||||&#8221; header_text_align=&#8221;center&#8221; header_text_color=&#8221;#FFFFFF&#8221; header_font_size=&#8221;25px&#8221; header_line_height=&#8221;2em&#8221; background_layout=&#8221;dark&#8221; custom_margin=&#8221;0px||||false|false&#8221; hover_enabled=&#8221;0&#8243; alt=&#8221;2.\u00ba Fase para o Col\u00e9gio de Alfragide&#8221; title_text=&#8221;2.\u00ba Fase para o Col\u00e9gio de Alfragide&#8221; image=&#8221;https:\/\/realcolegio.pt\/wp-content\/uploads\/2026\/03\/CA_2.o-Fase.png&#8221; sticky_enabled=&#8221;0&#8243;]<\/p>\n<p><strong>At\u00e9 ao dia 31 de mar\u00e7o<\/strong>, os alunos e alunas finalistas do 6.\u00ba ano com transi\u00e7\u00e3o para o 7.\u00ba ano, beneficiam de uma campanha exclusiva para a matr\u00edcula no Real Col\u00e9gio de Portugal.<\/p>\n<p dir=\"ltr\" role=\"presentation\"><span>Poder\u00e3o contar com <strong>50% de Desconto na Matr\u00edcula<\/strong> <\/span><strong>+ 10% de Desconto nas 3 primeiras mensalidades do ano letivo 2026\/2027<\/strong><span> <\/span><span>(set.\/out.\/nov.\u00a0 <\/span><span>desde que liquidadas at\u00e9 17 julho de 2026<\/span><span>*)<\/span><\/p>\n<p dir=\"ltr\" role=\"presentation\"><span>Para usufruir da campanha, dever\u00e1 contactar a secretaria do Real Col\u00e9gio para efetuar a matr\u00edcula, indicando que o\/a aluno\/a est\u00e1 matr\u00edculado no Col\u00e9gio de Alfragide no ano letivo 2025\/2026.<\/span><span><\/span><\/p>\n<p dir=\"ltr\" role=\"presentation\"><span>Campanha v\u00e1lida apenas para alunos atualmente inscritos no Col\u00e9gio de Alfragide e que queiram ingressar no Real Col\u00e9gio de Portugal no ano letivo 2026\/2027.<\/span><\/p>\n<p>[\/et_pb_blurb][\/et_pb_column][\/et_pb_row][\/et_pb_section]<\/p>\n","protected":false},"excerpt":{"rendered":"<p>[et_pb_section fb_built=&#8221;1&#8243; _builder_version=&#8221;4.9.4&#8243; _module_preset=&#8221;default&#8221;][et_pb_row _builder_version=&#8221;4.9.4&#8243; _module_preset=&#8221;default&#8221; background_color=&#8221;#FFFFFF&#8221;][et_pb_column type=&#8221;4_4&#8243; _builder_version=&#8221;4.9.4&#8243; _module_preset=&#8221;default&#8221;][et_pb_image src=&#8221;https:\/\/realcolegio.pt\/wp-content\/uploads\/2025\/12\/Campanhas-de-Inscricao_geral.png&#8221; alt=&#8221;Campanha de Inscri\u00e7\u00e3o 26-27&#8243; title_text=&#8221;Campanha de Inscri\u00e7\u00e3o 26-27&#8243; align=&#8221;center&#8221; _builder_version=&#8221;4.9.4&#8243; _module_preset=&#8221;default&#8221;][\/et_pb_image][\/et_pb_column][\/et_pb_row][et_pb_row _builder_version=&#8221;4.9.4&#8243; _module_preset=&#8221;default&#8221; background_color=&#8221;#FFFFFF&#8221;][et_pb_column type=&#8221;4_4&#8243; _builder_version=&#8221;4.9.4&#8243; _module_preset=&#8221;default&#8221;][\/et_pb_column][\/et_pb_row][et_pb_row _builder_version=&#8221;4.9.4&#8243; _module_preset=&#8221;default&#8221; background_color=&#8221;#FFFFFF&#8221;][et_pb_column type=&#8221;4_4&#8243; _builder_version=&#8221;4.9.4&#8243; _module_preset=&#8221;default&#8221;][et_pb_text _builder_version=&#8221;4.9.4&#8243; _module_preset=&#8221;default&#8221;] \u00c9 com grande entusiasmo que informamos que se encontram\u00a0oficialmente abertas as matr\u00edculas para o ano letivo 2026\/2027! [\/et_pb_text][\/et_pb_column][\/et_pb_row][et_pb_row _builder_version=&#8221;4.9.4&#8243; [&hellip;]<\/p>\n","protected":false},"author":2,"featured_media":7009,"parent":81,"menu_order":0,"comment_status":"closed","ping_status":"closed","template":"","meta":{"_acf_changed":false,"_et_pb_use_builder":"on","_et_pb_old_content":"","_et_gb_content_width":"","footnotes":""},"class_list":["post-6680","page","type-page","status-publish","has-post-thumbnail","hentry"],"acf":[],"_links":{"self":[{"href":"https:\/\/realcolegio.pt\/en\/wp-json\/wp\/v2\/pages\/6680","targetHints":{"allow":["GET"]}}],"collection":[{"href":"https:\/\/realcolegio.pt\/en\/wp-json\/wp\/v2\/pages"}],"about":[{"href":"https:\/\/realcolegio.pt\/en\/wp-json\/wp\/v2\/types\/page"}],"author":[{"embeddable":true,"href":"https:\/\/realcolegio.pt\/en\/wp-json\/wp\/v2\/users\/2"}],"replies":[{"embeddable":true,"href":"https:\/\/realcolegio.pt\/en\/wp-json\/wp\/v2\/comments?post=6680"}],"version-history":[{"count":30,"href":"https:\/\/realcolegio.pt\/en\/wp-json\/wp\/v2\/pages\/6680\/revisions"}],"predecessor-version":[{"id":7459,"href":"https:\/\/realcolegio.pt\/en\/wp-json\/wp\/v2\/pages\/6680\/revisions\/7459"}],"up":[{"embeddable":true,"href":"https:\/\/realcolegio.pt\/en\/wp-json\/wp\/v2\/pages\/81"}],"wp:featuredmedia":[{"embeddable":true,"href":"https:\/\/realcolegio.pt\/en\/wp-json\/wp\/v2\/media\/7009"}],"wp:attachment":[{"href":"https:\/\/realcolegio.pt\/en\/wp-json\/wp\/v2\/media?parent=6680"}],"curies":[{"name":"wp","href":"https:\/\/api.w.org\/{rel}","templated":true}]}}