{"id":610,"date":"2021-07-06T16:08:18","date_gmt":"2021-07-06T16:08:18","guid":{"rendered":"https:\/\/rcp.blatstudio.com\/?page_id=610"},"modified":"2023-12-28T19:08:43","modified_gmt":"2023-12-28T19:08:43","slug":"1o-ceb","status":"publish","type":"page","link":"https:\/\/realcolegio.pt\/en\/oferta-formativa\/1o-ceb\/","title":{"rendered":"1\u00ba CEB"},"content":{"rendered":"<p>[et_pb_section fb_built=&#8221;1&#8243; _builder_version=&#8221;4.9.4&#8243; _module_preset=&#8221;default&#8221;][et_pb_row _builder_version=&#8221;4.9.4&#8243; _module_preset=&#8221;default&#8221;][et_pb_column type=&#8221;4_4&#8243; _builder_version=&#8221;4.9.4&#8243; _module_preset=&#8221;default&#8221;][et_pb_image src=&#8221;https:\/\/realcolegio.pt\/wp-content\/uploads\/2023\/01\/Design-sem-nome-9.png&#8221; title_text=&#8221;Design sem nome (9)&#8221; _builder_version=&#8221;4.9.4&#8243; _module_preset=&#8221;default&#8221;][\/et_pb_image][et_pb_text _builder_version=&#8221;4.9.4&#8243; _module_preset=&#8221;default&#8221;]<\/p>\n<p>O programa curricular do 1\u00ba ciclo aposta num ensino de rigor e qualidade, que de uma forma transversal e interdisciplinar contribui para a forma\u00e7\u00e3o pessoal e acad\u00e9mica de excel\u00eancia.<\/p>\n<p>Adicionalmente, o Projeto de Escola do Real Col\u00e9gio de Portugal, prev\u00ea para os alunos do 1\u00ba ciclo o desenvolvimento e a participa\u00e7\u00e3o em iniciativas, programas, debates, provas desportivas ou intelectuais, obras sociais ou outros eventos que contribuam para a diversifica\u00e7\u00e3o do processo educacional dos alunos.<\/p>\n<p>Todas as salas do 1\u00ba ciclo est\u00e3o equipadas com mobili\u00e1rio ergon\u00f3mico e ajust\u00e1vel, infraestrutura inform\u00e1tica, internet e quadro interativo.<\/p>\n<p>As instala\u00e7\u00f5es e zonas desportivas do Col\u00e9gio est\u00e3o adequadas \u00e0 pr\u00e1tica das diferentes modalidades e disciplinas lecionadas, garantindo sempre n\u00edveis de seguran\u00e7a e de conforto adequado aos alunos de todos os ciclos.<\/p>\n<p>O programa curricular do 1\u00ba ciclo aposta fortemente na aprendizagem certificada da L\u00edngua Inglesa, sendo a carga horaria semanal compat\u00edvel com a obten\u00e7\u00e3o de certifica\u00e7\u00e3o. Existe opcionalmente a possibilidade de frequ\u00eancia de Cursos de Ver\u00e3o realizados anualmente no Reino Unido.<\/p>\n<p>Para al\u00e9m das compet\u00eancias base, o Col\u00e9gio garante aos seus alunos uma oferta cada vez mais diversificada de atividades extracurriculares Desportivas, Criativas, Musicais e de L\u00ednguas.<\/p>\n<p>[\/et_pb_text][\/et_pb_column][\/et_pb_row][\/et_pb_section]<\/p>\n","protected":false},"excerpt":{"rendered":"<p>[et_pb_section fb_built=&#8221;1&#8243; _builder_version=&#8221;4.9.4&#8243; _module_preset=&#8221;default&#8221;][et_pb_row _builder_version=&#8221;4.9.4&#8243; _module_preset=&#8221;default&#8221;][et_pb_column type=&#8221;4_4&#8243; _builder_version=&#8221;4.9.4&#8243; _module_preset=&#8221;default&#8221;][et_pb_image src=&#8221;https:\/\/realcolegio.pt\/wp-content\/uploads\/2023\/01\/Design-sem-nome-9.png&#8221; title_text=&#8221;Design sem nome (9)&#8221; _builder_version=&#8221;4.9.4&#8243; _module_preset=&#8221;default&#8221;][\/et_pb_image][et_pb_text _builder_version=&#8221;4.9.4&#8243; _module_preset=&#8221;default&#8221;] O programa curricular do 1\u00ba ciclo aposta num ensino de rigor e qualidade, que de uma forma transversal e interdisciplinar contribui para a forma\u00e7\u00e3o pessoal e acad\u00e9mica de excel\u00eancia. Adicionalmente, o Projeto de Escola do Real Col\u00e9gio [&hellip;]<\/p>\n","protected":false},"author":1,"featured_media":750,"parent":77,"menu_order":0,"comment_status":"closed","ping_status":"closed","template":"","meta":{"_acf_changed":false,"_et_pb_use_builder":"on","_et_pb_old_content":"","_et_gb_content_width":"","footnotes":""},"class_list":["post-610","page","type-page","status-publish","has-post-thumbnail","hentry"],"acf":[],"_links":{"self":[{"href":"https:\/\/realcolegio.pt\/en\/wp-json\/wp\/v2\/pages\/610","targetHints":{"allow":["GET"]}}],"collection":[{"href":"https:\/\/realcolegio.pt\/en\/wp-json\/wp\/v2\/pages"}],"about":[{"href":"https:\/\/realcolegio.pt\/en\/wp-json\/wp\/v2\/types\/page"}],"author":[{"embeddable":true,"href":"https:\/\/realcolegio.pt\/en\/wp-json\/wp\/v2\/users\/1"}],"replies":[{"embeddable":true,"href":"https:\/\/realcolegio.pt\/en\/wp-json\/wp\/v2\/comments?post=610"}],"version-history":[{"count":13,"href":"https:\/\/realcolegio.pt\/en\/wp-json\/wp\/v2\/pages\/610\/revisions"}],"predecessor-version":[{"id":4269,"href":"https:\/\/realcolegio.pt\/en\/wp-json\/wp\/v2\/pages\/610\/revisions\/4269"}],"up":[{"embeddable":true,"href":"https:\/\/realcolegio.pt\/en\/wp-json\/wp\/v2\/pages\/77"}],"wp:featuredmedia":[{"embeddable":true,"href":"https:\/\/realcolegio.pt\/en\/wp-json\/wp\/v2\/media\/750"}],"wp:attachment":[{"href":"https:\/\/realcolegio.pt\/en\/wp-json\/wp\/v2\/media?parent=610"}],"curies":[{"name":"wp","href":"https:\/\/api.w.org\/{rel}","templated":true}]}}