{"id":598,"date":"2021-07-06T15:38:50","date_gmt":"2021-07-06T15:38:50","guid":{"rendered":"https:\/\/rcp.blatstudio.com\/?page_id=598"},"modified":"2025-09-18T12:42:34","modified_gmt":"2025-09-18T11:42:34","slug":"pre-escolar","status":"publish","type":"page","link":"https:\/\/realcolegio.pt\/en\/oferta-formativa\/pre-escolar\/","title":{"rendered":"Pr\u00e9-Escolar"},"content":{"rendered":"<p>[et_pb_section fb_built=&#8221;1&#8243; _builder_version=&#8221;4.9.4&#8243; _module_preset=&#8221;default&#8221;][et_pb_row _builder_version=&#8221;4.9.4&#8243; _module_preset=&#8221;default&#8221;][et_pb_column type=&#8221;4_4&#8243; _builder_version=&#8221;4.9.4&#8243; _module_preset=&#8221;default&#8221;][et_pb_image src=&#8221;https:\/\/realcolegio.pt\/wp-content\/uploads\/2023\/01\/Design-sem-nome-8.png&#8221; title_text=&#8221;Design sem nome (8)&#8221; _builder_version=&#8221;4.9.4&#8243; _module_preset=&#8221;default&#8221; min_height=&#8221;6px&#8221; custom_padding=&#8221;||0px|||&#8221;][\/et_pb_image][et_pb_text _builder_version=&#8221;4.9.4&#8243; _module_preset=&#8221;default&#8221;]<\/p>\n<p>O Pr\u00e9-Escolar destina-se a crian\u00e7as dos 3 aos 6 anos de idade. Neste espa\u00e7o, pretende-se que a crian\u00e7a amplie as compet\u00eancias essenciais para o seu desenvolvimento, onde se encorajam em todos os momentos a criatividade, imagina\u00e7\u00e3o e motiva\u00e7\u00e3o.<\/p>\n<p>O modelo pedag\u00f3gico adotado pelo Col\u00e9gio, valoriza e proporciona desde o Pr\u00e9-Escolar o contacto com as artes, a l\u00edngua inglesa, a m\u00fasica e a componente psicomotora na vertente de Educa\u00e7\u00e3o F\u00edsico-Motora e nas atividades extracurriculares de judo, nata\u00e7\u00e3o, ballet, t\u00e9nis, futebol e dan\u00e7a r\u00edtmica. Mais do que um mero complemento disciplinar ou curricular, a l\u00edngua inglesa \u00e9 parte integrante desde o in\u00edcio do est\u00e1gio, em duas aulas por semana.<\/p>\n<p>Paralelamente, s\u00e3o desenvolvidas diversas iniciativas fundamentais para a melhor prepara\u00e7\u00e3o do futuro das crian\u00e7as, tais como a participa\u00e7\u00e3o em iniciativas escolares globais, programas ambientais, atividades festivas ou outros eventos adequados \u00e0 idade.<\/p>\n<p>Este modelo confere uma completa e robusta prepara\u00e7\u00e3o adequada a alunos que transitem para o 1\u00ba ciclo.<\/p>\n<p>[\/et_pb_text][\/et_pb_column][\/et_pb_row][et_pb_row _builder_version=&#8221;4.9.4&#8243; _module_preset=&#8221;default&#8221; module_alignment=&#8221;center&#8221;][et_pb_column type=&#8221;4_4&#8243; _builder_version=&#8221;4.9.4&#8243; _module_preset=&#8221;default&#8221;][et_pb_text _builder_version=&#8221;4.9.4&#8243; _module_preset=&#8221;default&#8221;][\/et_pb_text][\/et_pb_column][\/et_pb_row][\/et_pb_section]<\/p>\n","protected":false},"excerpt":{"rendered":"<p>[et_pb_section fb_built=&#8221;1&#8243; _builder_version=&#8221;4.9.4&#8243; _module_preset=&#8221;default&#8221;][et_pb_row _builder_version=&#8221;4.9.4&#8243; _module_preset=&#8221;default&#8221;][et_pb_column type=&#8221;4_4&#8243; _builder_version=&#8221;4.9.4&#8243; _module_preset=&#8221;default&#8221;][et_pb_image src=&#8221;https:\/\/realcolegio.pt\/wp-content\/uploads\/2023\/01\/Design-sem-nome-8.png&#8221; title_text=&#8221;Design sem nome (8)&#8221; _builder_version=&#8221;4.9.4&#8243; _module_preset=&#8221;default&#8221; min_height=&#8221;6px&#8221; custom_padding=&#8221;||0px|||&#8221;][\/et_pb_image][et_pb_text _builder_version=&#8221;4.9.4&#8243; _module_preset=&#8221;default&#8221;] O Pr\u00e9-Escolar destina-se a crian\u00e7as dos 3 aos 6 anos de idade. Neste espa\u00e7o, pretende-se que a crian\u00e7a amplie as compet\u00eancias essenciais para o seu desenvolvimento, onde se encorajam em todos os momentos a criatividade, [&hellip;]<\/p>\n","protected":false},"author":1,"featured_media":748,"parent":77,"menu_order":0,"comment_status":"closed","ping_status":"closed","template":"","meta":{"_acf_changed":false,"_et_pb_use_builder":"on","_et_pb_old_content":"","_et_gb_content_width":"","footnotes":""},"class_list":["post-598","page","type-page","status-publish","has-post-thumbnail","hentry"],"acf":[],"_links":{"self":[{"href":"https:\/\/realcolegio.pt\/en\/wp-json\/wp\/v2\/pages\/598","targetHints":{"allow":["GET"]}}],"collection":[{"href":"https:\/\/realcolegio.pt\/en\/wp-json\/wp\/v2\/pages"}],"about":[{"href":"https:\/\/realcolegio.pt\/en\/wp-json\/wp\/v2\/types\/page"}],"author":[{"embeddable":true,"href":"https:\/\/realcolegio.pt\/en\/wp-json\/wp\/v2\/users\/1"}],"replies":[{"embeddable":true,"href":"https:\/\/realcolegio.pt\/en\/wp-json\/wp\/v2\/comments?post=598"}],"version-history":[{"count":17,"href":"https:\/\/realcolegio.pt\/en\/wp-json\/wp\/v2\/pages\/598\/revisions"}],"predecessor-version":[{"id":6419,"href":"https:\/\/realcolegio.pt\/en\/wp-json\/wp\/v2\/pages\/598\/revisions\/6419"}],"up":[{"embeddable":true,"href":"https:\/\/realcolegio.pt\/en\/wp-json\/wp\/v2\/pages\/77"}],"wp:featuredmedia":[{"embeddable":true,"href":"https:\/\/realcolegio.pt\/en\/wp-json\/wp\/v2\/media\/748"}],"wp:attachment":[{"href":"https:\/\/realcolegio.pt\/en\/wp-json\/wp\/v2\/media?parent=598"}],"curies":[{"name":"wp","href":"https:\/\/api.w.org\/{rel}","templated":true}]}}