{"id":5946,"date":"2025-05-13T17:36:20","date_gmt":"2025-05-13T16:36:20","guid":{"rendered":"https:\/\/www.realcolegio.pt\/?page_id=5946"},"modified":"2025-05-27T17:14:51","modified_gmt":"2025-05-27T16:14:51","slug":"disciplinas-oferta-de-escola","status":"publish","type":"page","link":"https:\/\/realcolegio.pt\/en\/disciplinas-oferta-de-escola\/","title":{"rendered":"Disciplinas Oferta de Escola"},"content":{"rendered":"[et_pb_section fb_built=&#8221;1&#8243; admin_label=&#8221;section&#8221; _builder_version=&#8221;3.22&#8243;][et_pb_row admin_label=&#8221;row&#8221; _builder_version=&#8221;3.25&#8243; background_size=&#8221;initial&#8221; background_position=&#8221;top_left&#8221; background_repeat=&#8221;repeat&#8221; custom_margin=&#8221;|auto|34px|auto||&#8221; custom_padding=&#8221;0px|7rem|10px|7rem|false|true&#8221;][et_pb_column type=&#8221;4_4&#8243; _builder_version=&#8221;3.25&#8243; custom_padding=&#8221;|||&#8221; custom_padding__hover=&#8221;|||&#8221;][et_pb_text admin_label=&#8221;Text&#8221; _builder_version=&#8221;3.27.4&#8243; background_size=&#8221;initial&#8221; background_position=&#8221;top_left&#8221; background_repeat=&#8221;repeat&#8221;]<p><\/p>\n<h3 class=\"wp-block-heading\"><span style=\"font-size: xx-large;\"><strong><span style=\"color: #f9b91d;\">M\u00fasica<\/span><\/strong><\/span><\/h3>\n<p><\/p>\n<p><\/p>\n<p><span style=\"font-size: medium;\">A <strong>M\u00fasica<\/strong> \u00e9 uma linguagem universal que desperta emo\u00e7\u00f5es, estimula a criatividade e fortalece compet\u00eancias essenciais ao desenvolvimento pessoal e acad\u00e9mico. No Real Col\u00e9gio de Portugal, acreditamos que a educa\u00e7\u00e3o musical \u00e9 um pilar fundamental na forma\u00e7\u00e3o integral dos nossos alunos e alunas.<\/span><\/p>\n<p><span style=\"font-size: medium;\"><\/span><\/p>\n<p><span style=\"font-size: medium;\"><\/span><\/p>\n<p><span style=\"font-size: medium;\">Atrav\u00e9s do ensino da M\u00fasica, promovemos a sensibilidade art\u00edstica, a disciplina, o trabalho em equipa e a concentra\u00e7\u00e3o \u2014 capacidades que se refletem positivamente em todas as \u00e1reas do saber. O contacto com instrumentos, teoria musical e pr\u00e1ticas de conjunto proporciona aos alunos uma experi\u00eancia rica e transformadora, ajudando-os a descobrir talentos e a desenvolver a sua express\u00e3o individual.<\/span><\/p>\n<p><span style=\"font-size: medium;\"><\/span><\/p>\n<p><span style=\"font-size: medium;\"><\/span><\/p>\n<p><span style=\"font-size: medium;\">Abaixo, partilhamos um pequeno testemunho do nosso Professor de M\u00fasica, <strong>Dr. Artur Rouquina<\/strong>, que reflete a paix\u00e3o e o compromisso com que conduz esta \u00e1rea no nosso col\u00e9gio:<\/span><\/p>\n<p><span style=\"font-size: medium;\"><\/span><\/p>\n<p><span style=\"font-size: medium;\"><\/span><\/p>\n<figure class=\"wp-block-embed is-type-video is-provider-youtube wp-block-embed-youtube wp-embed-aspect-16-9 wp-has-aspect-ratio\">\n<div class=\"wp-block-embed__wrapper\">\n<p><a href=\"https:\/\/youtu.be\/uHHbZD1jjUY\" rel=\"noopener\"><span style=\"font-size: medium;\">Testemunho Professor de M\u00fasica <\/span><\/a>\u00a0 \u00a0 \u00a0 \u00a0 \u00a0 \u00a0 \u00a0 \u00a0 \u00a0 \u00a0 \u00a0 \u00a0 \u00a0 \u00a0 \u00a0 \u00a0 \u00a0 \u00a0 \u00a0 \u00a0 \u00a0 \u00a0 \u00a0 \u00a0 \u00a0 \u00a0 \u00a0 \u00a0 \u00a0 \u00a0 \u00a0 \u00a0 \u00a0 \u00a0 \u00a0 \u00a0 \u00a0 \u00a0 \u00a0 \u00a0 \u00a0 \u00a0 \u00a0 \u00a0 \u00a0 \u00a0 \u00a0 \u00a0 \u00a0 \u00a0 \u00a0 \u00a0 \u00a0 \u00a0 \u00a0 \u00a0 \u00a0 \u00a0 \u00a0 \u00a0 \u00a0 \u00a0 \u00a0 \u00a0 \u00a0 \u00a0 \u00a0 \u00a0 \u00a0 \u00a0 \u00a0 \u00a0 \u00a0 \u00a0 \u00a0 \u00a0 \u00a0 \u00a0 \u00a0 \u00a0 \u00a0 \u00a0 \u00a0 \u00a0 \u00a0 \u00a0 \u00a0 \u00a0 \u00a0 \u00a0 \u00a0 \u00a0 \u00a0 \u00a0 \u00a0 \u00a0 \u00a0 \u00a0 \u00a0 \u00a0 \u00a0 \u00a0 \u00a0 \u00a0 \u00a0 \u00a0 \u00a0 \u00a0 \u00a0 \u00a0 \u00a0 \u00a0 \u00a0 \u00a0 \u00a0 \u00a0 \u00a0 \u00a0 \u00a0 \u00a0 \u00a0 \u00a0 \u00a0 \u00a0 \u00a0 \u00a0 \u00a0 \u00a0 \u00a0 \u00a0 \u00a0 \u00a0 \u00a0 \u00a0 \u00a0 \u00a0 \u00a0 \u00a0 \u00a0 \u00a0 \u00a0 \u00a0 \u00a0 \u00a0 \u00a0 \u00a0 \u00a0 \u00a0 \u00a0 \u00a0 \u00a0 \u00a0 \u00a0 \u00a0 \u00a0 \u00a0 \u00a0 \u00a0 \u00a0 \u00a0 \u00a0 \u00a0 \u00a0 \u00a0 \u00a0 \u00a0 \u00a0 \u00a0 \u00a0 \u00a0 \u00a0 \u00a0 \u00a0\u00a0<\/p>\n<p><\/p>\n<p>&nbsp;<\/p>\n<h2 class=\"wp-block-heading\"><\/h2>\n<h2><span style=\"font-size: xx-large;\"><strong><span style=\"color: #f9b91d;\">LEEF &#8211; Laborat\u00f3rio de Empreendedorismo e Educa\u00e7\u00e3o Financeira<\/span><\/strong><\/span><\/h2>\n<p><span style=\"font-size: xx-large;\"><strong><span style=\"color: #f9b91d;\"><\/span><\/strong><\/span><\/p>\n<p><span style=\"font-size: xx-large;\"><strong><span style=\"color: #f9b91d;\"><\/span><\/strong><\/span><\/p>\n<p data-start=\"317\" data-end=\"667\" class=\"\">Integrada no plano curricular do Real Col\u00e9gio de Portugal, a disciplina de <strong data-start=\"392\" data-end=\"456\">LEEF \u2013 Laborat\u00f3rio de Empreendedorismo e Educa\u00e7\u00e3o Financeira<\/strong> tem como miss\u00e3o desenvolver compet\u00eancias essenciais para a vida futura dos alunos e alunas, promovendo uma cultura de iniciativa, responsabilidade e literacia financeira desde os primeiros anos de escolaridade.<\/p>\n<p data-start=\"317\" data-end=\"667\" class=\"\"><\/p>\n<p data-start=\"669\" data-end=\"1053\" class=\"\">Neste espa\u00e7o din\u00e2mico de aprendizagem, os estudantes s\u00e3o desafiados a pensar de forma cr\u00edtica e criativa, a compreender o valor do dinheiro, a import\u00e2ncia da poupan\u00e7a, a gest\u00e3o de recursos e os fundamentos da cria\u00e7\u00e3o de projetos e ideias empreendedoras. A disciplina alia teoria e pr\u00e1tica, estimulando o trabalho em equipa, a resolu\u00e7\u00e3o de problemas e a tomada de decis\u00f5es conscientes.<\/p>\n<p data-start=\"669\" data-end=\"1053\" class=\"\"><\/p>\n<p>Ao apostar no LEEF, o Real Col\u00e9gio de Portugal refor\u00e7a o seu compromisso com uma educa\u00e7\u00e3o inovadora e completa, que forma cidad\u00e3os preparados para o futuro com conhecimento, \u00e9tica e vis\u00e3o.<\/p>\n<p><span style=\"font-size: medium;\">Abaixo, partilhamos um pequeno testemunho da Professora de LEEF, <strong>Dra. S\u00f3nia Paulista<\/strong>, que reflete o compromisso e a import\u00e2ncia desta \u00e1rea no nosso col\u00e9gio:<\/span><\/p>\n<p><span style=\"font-size: medium;\"><\/span><\/p>\n<p><a href=\"https:\/\/youtu.be\/Ir9MSY9sjGU\" rel=\"noopener\">Testemunho Professora de LEEF<\/a><\/p>\n<p>&nbsp;<\/p>\n<h2><span style=\"font-size: xx-large;\"><strong><span style=\"color: #f9b91d;\">Mandarim<\/span><\/strong><\/span><\/h2>\n<p><span style=\"font-size: xx-large;\"><strong><span style=\"color: #f9b91d;\"><\/span><\/strong><\/span><\/p>\n<p><span style=\"font-size: xx-large;\"><strong><span style=\"color: #f9b91d;\"><\/span><\/strong><\/span><\/p>\n<p data-start=\"198\" data-end=\"441\" class=\"\">A disciplina de <strong data-start=\"214\" data-end=\"226\">Mandarim<\/strong>, inclu\u00edda no plano curricular do Real Col\u00e9gio de Portugal, representa uma aposta estrat\u00e9gica no ensino de l\u00ednguas e na prepara\u00e7\u00e3o dos alunos e alunas para um mundo cada vez mais global, interligado e multicultural.<\/p>\n<p data-start=\"198\" data-end=\"441\" class=\"\"><\/p>\n<p data-start=\"443\" data-end=\"825\" class=\"\">O Mandarim assume um papel crescente nas \u00e1reas da economia, ci\u00eancia, tecnologia e cultura. Ao oferecer esta disciplina, o Real Col\u00e9gio de Portugal proporciona aos seus estudantes o contacto com uma das civiliza\u00e7\u00f5es mais antigas e influentes da hist\u00f3ria, ao mesmo tempo que desenvolvem compet\u00eancias lingu\u00edsticas e interculturais valiosas.<\/p>\n<p data-start=\"443\" data-end=\"825\" class=\"\"><\/p>\n<p data-start=\"827\" data-end=\"1006\" class=\"\">O ensino \u00e9 adaptado a diferentes n\u00edveis de aprendizagem, com metodologias ativas, l\u00fadicas e comunicativas, promovendo o gosto pela l\u00edngua e pela cultura chinesa desde tenra idade.<\/p>\n<p data-start=\"827\" data-end=\"1006\" class=\"\"><\/p>\n<p>Com esta disciplina, o Real Col\u00e9gio de Portugal reafirma o seu compromisso com uma educa\u00e7\u00e3o de excel\u00eancia, voltada para o futuro e atenta \u00e0s transforma\u00e7\u00f5es do mundo.<\/p>\n<p>&nbsp;<\/p>\n<p><span style=\"font-size: medium;\">Abaixo, partilhamos um pequeno testemunho da Professora de Mandarim, <strong>Dra. Bing Wang<\/strong>, que reflete o compromisso e a import\u00e2ncia desta \u00e1rea no nosso col\u00e9gio:<\/span><\/p>\n<p>&nbsp;<\/p>\n<p><a href=\"https:\/\/youtu.be\/rDKnpTrWZcM\" rel=\"noopener\">Testemunho Professora de Mandarim<\/a><\/p>\n<p>&nbsp;<\/p>\n<h2><span style=\"font-size: xx-large;\"><strong><span style=\"color: #f9b91d;\">Yoga<\/span><\/strong><\/span><span style=\"font-size: xx-large;\"><strong><span style=\"color: #f9b91d;\"><\/span><\/strong><\/span><\/h2>\n<p><span style=\"font-size: xx-large;\"><strong><span style=\"color: #f9b91d;\"><\/span><\/strong><\/span><\/p>\n<p><span style=\"font-size: xx-large;\"><strong><span style=\"color: #f9b91d;\"><\/span><\/strong><\/span><\/p>\n<p data-start=\"187\" data-end=\"447\" class=\"\">A disciplina de <strong data-start=\"203\" data-end=\"211\">Yoga<\/strong>, integrada no plano curricular do Real Col\u00e9gio de Portugal, \u00e9 uma componente essencial do desenvolvimento integral dos alunos e alunas, promovendo o equil\u00edbrio entre corpo, mente e emo\u00e7\u00f5es num ambiente educativo cada vez mais exigente.<\/p>\n<p data-start=\"187\" data-end=\"447\" class=\"\"><\/p>\n<p data-start=\"449\" data-end=\"854\" class=\"\">Atrav\u00e9s de pr\u00e1ticas adaptadas a cada faixa et\u00e1ria, o Yoga contribui para o bem-estar f\u00edsico e emocional, favorecendo a concentra\u00e7\u00e3o, a gest\u00e3o do stress, a consci\u00eancia corporal e a regula\u00e7\u00e3o do comportamento. As aulas combinam posturas, t\u00e9cnicas de respira\u00e7\u00e3o, relaxamento e momentos de medita\u00e7\u00e3o, criando um espa\u00e7o seguro e positivo para o autoconhecimento e a tranquilidade interior.<\/p>\n<p data-start=\"856\" data-end=\"996\" class=\"\">O Yoga \u00e9 mais do que uma pr\u00e1tica f\u00edsica \u2014 \u00e9 uma filosofia de vida que incentiva valores como o respeito, a empatia, a calma e a resili\u00eancia.<\/p>\n<p data-start=\"856\" data-end=\"996\" class=\"\"><\/p>\n<p data-start=\"1376\" data-end=\"1615\" class=\"\">Ao incluir o Yoga na sua oferta formativa, o Real Col\u00e9gio de Portugal refor\u00e7a a sua vis\u00e3o de uma educa\u00e7\u00e3o centrada na sa\u00fade integral dos seus alunos e alunas, formando indiv\u00edduos mais conscientes, equilibrados e preparados para os desafios da vida.<\/p>\n<p><span style=\"font-size: xx-large;\"><strong><span style=\"color: #f9b91d;\"><\/span><\/strong><\/span><\/p>\n<\/div>\n<div class=\"wp-block-embed__wrapper\"><\/div>\n<div class=\"wp-block-embed__wrapper\"><\/div>\n<div class=\"wp-block-embed__wrapper\"><\/div>\n<div class=\"wp-block-embed__wrapper\"><\/div>\n<div class=\"wp-block-embed__wrapper\"><\/div>\n<div class=\"wp-block-embed__wrapper\"><\/div>\n<div class=\"wp-block-embed__wrapper\"><\/div>\n<div class=\"wp-block-embed__wrapper\"><\/div>\n<div class=\"wp-block-embed__wrapper\"><\/div>\n<div class=\"wp-block-embed__wrapper\"><\/div>\n<div class=\"wp-block-embed__wrapper\"><\/div>\n<div class=\"wp-block-embed__wrapper\"><\/div>\n<div class=\"wp-block-embed__wrapper\"><\/div>\n<div class=\"wp-block-embed__wrapper\"><\/div>\n<div class=\"wp-block-embed__wrapper\"><\/div>\n<div class=\"wp-block-embed__wrapper\"><\/div>\n<div class=\"wp-block-embed__wrapper\"><\/div>\n<div class=\"wp-block-embed__wrapper\"><\/div>\n<div class=\"wp-block-embed__wrapper\"><\/div>\n<div class=\"wp-block-embed__wrapper\"><\/div>\n<div class=\"wp-block-embed__wrapper\"><\/div>\n<div class=\"wp-block-embed__wrapper\"><\/div>\n<div class=\"wp-block-embed__wrapper\"><\/div>\n<div class=\"wp-block-embed__wrapper\"><\/div>\n<div class=\"wp-block-embed__wrapper\"><\/div>\n<div class=\"wp-block-embed__wrapper\"><\/div>\n<div class=\"wp-block-embed__wrapper\"><\/div>\n<div class=\"wp-block-embed__wrapper\"><\/div>\n<div class=\"wp-block-embed__wrapper\"><\/div>\n<div class=\"wp-block-embed__wrapper\"><\/div>\n<div class=\"wp-block-embed__wrapper\"><\/div>\n<div class=\"wp-block-embed__wrapper\"><\/div>\n<div class=\"wp-block-embed__wrapper\"><\/div>\n<div class=\"wp-block-embed__wrapper\"><\/div>\n<div class=\"wp-block-embed__wrapper\"><\/div>\n<div class=\"wp-block-embed__wrapper\"><\/div>\n<div class=\"wp-block-embed__wrapper\"><\/div>\n<div class=\"wp-block-embed__wrapper\"><\/div>\n<div class=\"wp-block-embed__wrapper\"><\/div>\n<div class=\"wp-block-embed__wrapper\"><\/div>\n<div class=\"wp-block-embed__wrapper\"><\/div>\n<div class=\"wp-block-embed__wrapper\"><\/div>\n<div class=\"wp-block-embed__wrapper\"><\/div>\n<div class=\"wp-block-embed__wrapper\"><\/div>\n<div class=\"wp-block-embed__wrapper\"><\/div>\n<div class=\"wp-block-embed__wrapper\"><\/div>\n<\/figure>\n<p><\/p>[\/et_pb_text][\/et_pb_column][\/et_pb_row][\/et_pb_section]","protected":false},"excerpt":{"rendered":"<p>[et_pb_section fb_built=&#8221;1&#8243; admin_label=&#8221;section&#8221; _builder_version=&#8221;3.22&#8243;][et_pb_row admin_label=&#8221;row&#8221; _builder_version=&#8221;3.25&#8243; background_size=&#8221;initial&#8221; background_position=&#8221;top_left&#8221; background_repeat=&#8221;repeat&#8221; custom_margin=&#8221;|auto|34px|auto||&#8221; custom_padding=&#8221;0px|7rem|10px|7rem|false|true&#8221;][et_pb_column type=&#8221;4_4&#8243; _builder_version=&#8221;3.25&#8243; custom_padding=&#8221;|||&#8221; custom_padding__hover=&#8221;|||&#8221;][et_pb_text admin_label=&#8221;Text&#8221; _builder_version=&#8221;3.27.4&#8243; background_size=&#8221;initial&#8221; background_position=&#8221;top_left&#8221; background_repeat=&#8221;repeat&#8221;] M\u00fasica A M\u00fasica \u00e9 uma linguagem universal que desperta emo\u00e7\u00f5es, estimula a criatividade e fortalece compet\u00eancias essenciais ao desenvolvimento pessoal e acad\u00e9mico. No Real Col\u00e9gio de Portugal, acreditamos que a educa\u00e7\u00e3o musical \u00e9 um pilar [&hellip;]<\/p>\n","protected":false},"author":2,"featured_media":4865,"parent":0,"menu_order":0,"comment_status":"closed","ping_status":"closed","template":"","meta":{"_acf_changed":false,"_et_pb_use_builder":"on","_et_pb_old_content":"<!-- wp:heading -->\n<h2>M\u00fasica<\/h2>\n<!-- \/wp:heading -->\n\n<!-- wp:paragraph -->\n<p>A M\u00fasica \u00e9 uma linguagem universal que desperta emo\u00e7\u00f5es, estimula a criatividade e fortalece compet\u00eancias essenciais ao desenvolvimento pessoal e acad\u00e9mico. No Real Col\u00e9gio de Portugal, acreditamos que a educa\u00e7\u00e3o musical \u00e9 um pilar fundamental na forma\u00e7\u00e3o integral dos nossos alunos e alunas.<\/p>\n<!-- \/wp:paragraph -->\n\n<!-- wp:paragraph -->\n<p>Atrav\u00e9s do ensino da M\u00fasica, promovemos a sensibilidade art\u00edstica, a disciplina, o trabalho em equipa e a concentra\u00e7\u00e3o \u2014 capacidades que se refletem positivamente em todas as \u00e1reas do saber. O contacto com instrumentos, teoria musical e pr\u00e1ticas de conjunto proporciona aos alunos uma experi\u00eancia rica e transformadora, ajudando-os a descobrir talentos e a desenvolver a sua express\u00e3o individual.<\/p>\n<!-- \/wp:paragraph -->\n\n<!-- wp:paragraph -->\n<p>Abaixo, partilhamos um pequeno testemunho do nosso Professor de M\u00fasica, <strong>Dr. Artur Rouquina<\/strong>, que reflete a paix\u00e3o e o compromisso com que conduz esta \u00e1rea no nosso col\u00e9gio:<\/p>\n<!-- \/wp:paragraph -->\n\n<!-- wp:embed {\"url\":\"https:\/\/youtu.be\/yU-N4RhUEbE\",\"type\":\"video\",\"providerNameSlug\":\"youtube\",\"responsive\":true,\"className\":\"wp-embed-aspect-16-9 wp-has-aspect-ratio\"} -->\n<figure class=\"wp-block-embed is-type-video is-provider-youtube wp-block-embed-youtube wp-embed-aspect-16-9 wp-has-aspect-ratio\"><div class=\"wp-block-embed__wrapper\">\nhttps:\/\/youtu.be\/yU-N4RhUEbE\n<\/div><\/figure>\n<!-- \/wp:embed -->","_et_gb_content_width":"","footnotes":""},"class_list":["post-5946","page","type-page","status-publish","has-post-thumbnail","hentry"],"acf":[],"_links":{"self":[{"href":"https:\/\/realcolegio.pt\/en\/wp-json\/wp\/v2\/pages\/5946","targetHints":{"allow":["GET"]}}],"collection":[{"href":"https:\/\/realcolegio.pt\/en\/wp-json\/wp\/v2\/pages"}],"about":[{"href":"https:\/\/realcolegio.pt\/en\/wp-json\/wp\/v2\/types\/page"}],"author":[{"embeddable":true,"href":"https:\/\/realcolegio.pt\/en\/wp-json\/wp\/v2\/users\/2"}],"replies":[{"embeddable":true,"href":"https:\/\/realcolegio.pt\/en\/wp-json\/wp\/v2\/comments?post=5946"}],"version-history":[{"count":9,"href":"https:\/\/realcolegio.pt\/en\/wp-json\/wp\/v2\/pages\/5946\/revisions"}],"predecessor-version":[{"id":6008,"href":"https:\/\/realcolegio.pt\/en\/wp-json\/wp\/v2\/pages\/5946\/revisions\/6008"}],"wp:featuredmedia":[{"embeddable":true,"href":"https:\/\/realcolegio.pt\/en\/wp-json\/wp\/v2\/media\/4865"}],"wp:attachment":[{"href":"https:\/\/realcolegio.pt\/en\/wp-json\/wp\/v2\/media?parent=5946"}],"curies":[{"name":"wp","href":"https:\/\/api.w.org\/{rel}","templated":true}]}}