{"id":5710,"date":"2025-02-26T18:53:37","date_gmt":"2025-02-26T18:53:37","guid":{"rendered":"https:\/\/www.realcolegio.pt\/?page_id=5710"},"modified":"2026-04-01T10:52:19","modified_gmt":"2026-04-01T09:52:19","slug":"reais-ferias","status":"publish","type":"page","link":"https:\/\/realcolegio.pt\/en\/reais-ferias\/","title":{"rendered":"Reais F\u00e9rias da P\u00e1scoa"},"content":{"rendered":"[et_pb_section fb_built=&#8221;1&#8243; admin_label=&#8221;section&#8221; _builder_version=&#8221;3.22&#8243;][et_pb_row admin_label=&#8221;row&#8221; _builder_version=&#8221;3.25&#8243; background_size=&#8221;initial&#8221; background_position=&#8221;top_left&#8221; background_repeat=&#8221;repeat&#8221;][et_pb_column type=&#8221;4_4&#8243; _builder_version=&#8221;3.25&#8243; custom_padding=&#8221;|||&#8221; custom_padding__hover=&#8221;|||&#8221;][et_pb_image src=&#8221;https:\/\/realcolegio.pt\/wp-content\/uploads\/2026\/03\/Reais-Ferias-da-Pascoa-.png&#8221; _builder_version=&#8221;4.9.4&#8243; _module_preset=&#8221;default&#8221; alt=&#8221;Reais F\u00e9rias da P\u00e1scoa 2026&#8243; title_text=&#8221;Reais F\u00e9rias da P\u00e1scoa 2026&#8243; hover_enabled=&#8221;0&#8243; sticky_enabled=&#8221;0&#8243; align=&#8221;center&#8221;][\/et_pb_image][\/et_pb_column][\/et_pb_row][\/et_pb_section][et_pb_section fb_built=&#8221;1&#8243; _builder_version=&#8221;4.9.4&#8243; _module_preset=&#8221;default&#8221; hover_enabled=&#8221;0&#8243; sticky_enabled=&#8221;0&#8243; custom_padding=&#8221;0px|||||&#8221;][et_pb_row _builder_version=&#8221;4.9.4&#8243; _module_preset=&#8221;default&#8221;][et_pb_column _builder_version=&#8221;4.9.4&#8243; _module_preset=&#8221;default&#8221; type=&#8221;4_4&#8243;][et_pb_text _builder_version=&#8221;4.9.4&#8243; _module_preset=&#8221;default&#8221; hover_enabled=&#8221;0&#8243; sticky_enabled=&#8221;0&#8243;]<p><\/p>\n<p>\u00c9 com grande satisfa\u00e7\u00e3o que informamos que na pausa letiva da\u00a0P\u00e1scoa\u00a0de 30 de Mar\u00e7o a 10 de Abril, entre as 9h00 e as 16h00, ir\u00e3o decorrer as atividades das\u00a0<strong>Reais\u00a0F\u00e9rias\u00a0da\u00a0P\u00e1scoa\u00a02026!\u00a0<\/strong><\/p>\n<p> <\/p>\n<p>O Col\u00e9gio continuar\u00e1 aberto no seu hor\u00e1rio habitual das 8H00 \u00e0s 19H00.\u00a0<\/p>\n<p> <\/p>\n<p>Estas atividades estar\u00e3o dispon\u00edveis para\u00a0todos os alunos e alunas do Real Col\u00e9gio de Portugal, da Pr\u00e9-Escolar ao Ensino Secund\u00e1rio, sendo que as mesmas\u00a0<strong>n\u00e3o t\u00eam qualquer custo adicional, excetuando aquelas que ocorrem no exterior do col\u00e9gio\u00a0<\/strong>e\u00a0<strong>cuja fatura ser\u00e1 enviada por email no dia 27 de Mar\u00e7o.<\/strong><\/p>\n<p> <\/p>\n<p>Disponibilizamos estas atividades para apoiar as fam\u00edlias e os\/as encarregado(a)s de educa\u00e7\u00e3o que necessitem de deixar as crian\u00e7as num ambiente seguro, divertido e did\u00e1tico durante esta \u00e9poca.<\/p>\n<p> <\/p>\n<p><strong>Pode consultar os programas de atividades para os diferentes ciclos aqui: <\/strong><a href=\"https:\/\/realcolegio.pt\/wp-content\/uploads\/2026\/03\/Programa-Reais-Ferias-da-Pascoa_Pre.pdf\" target=\"_blank\" data-type=\"link\" data-id=\"https:\/\/realcolegio.pt\/wp-content\/uploads\/2026\/03\/Programa-Reais-Ferias-da-Pascoa_Pre.pdf\" rel=\"noreferrer noopener\">Pr\u00e9-Escolar<\/a>, <a href=\"https:\/\/realcolegio.pt\/wp-content\/uploads\/2026\/03\/Prog.-Reais-Ferias-da-Pascoa-1o-CEB.pdf\" target=\"_blank\" data-type=\"link\" data-id=\"https:\/\/realcolegio.pt\/wp-content\/uploads\/2026\/03\/Prog.-Reais-Ferias-da-Pascoa-1o-CEB.pdf\" rel=\"noreferrer noopener\">1.\u00ba Ciclo<\/a>, <a href=\"https:\/\/realcolegio.pt\/wp-content\/uploads\/2026\/03\/Programa-Reais-Ferias-da-Pascoa-Pisani.pdf\" target=\"_blank\" data-type=\"link\" data-id=\"https:\/\/realcolegio.pt\/wp-content\/uploads\/2026\/03\/Programa-Reais-Ferias-da-Pascoa-Pisani.pdf\" rel=\"noreferrer noopener\">2.\u00ba, 3.\u00ba Ciclo e Ensino Secund\u00e1rio<\/a><\/p>\n<p> <\/p>\n<p><strong>Pode ainda preencher o formul\u00e1rio de inscri\u00e7\u00e3o<\/strong> <a href=\"https:\/\/docs.google.com\/forms\/d\/e\/1FAIpQLSdqrpckk8bUZ0GkM2OMxjt_UonLl7GgJMjzrE8VOtiT_7s4eA\/viewform\" data-type=\"link\" data-id=\"https:\/\/docs.google.com\/forms\/d\/e\/1FAIpQLSdqrpckk8bUZ0GkM2OMxjt_UonLl7GgJMjzrE8VOtiT_7s4eA\/viewform\" target=\"_blank\" rel=\"noreferrer noopener\">AQUI<\/a>, at\u00e9 ao dia\u00a0<strong>25 de Mar\u00e7o.<\/strong><\/p>\n<p> <\/p>\n<p>Juntos construimos o futuro!<\/p>\n<p><\/p>[\/et_pb_text][\/et_pb_column][\/et_pb_row][\/et_pb_section]","protected":false},"excerpt":{"rendered":"<p>[et_pb_section fb_built=&#8221;1&#8243; admin_label=&#8221;section&#8221; _builder_version=&#8221;3.22&#8243;][et_pb_row admin_label=&#8221;row&#8221; _builder_version=&#8221;3.25&#8243; background_size=&#8221;initial&#8221; background_position=&#8221;top_left&#8221; background_repeat=&#8221;repeat&#8221;][et_pb_column type=&#8221;4_4&#8243; _builder_version=&#8221;3.25&#8243; custom_padding=&#8221;|||&#8221; custom_padding__hover=&#8221;|||&#8221;][et_pb_image src=&#8221;https:\/\/realcolegio.pt\/wp-content\/uploads\/2026\/03\/Reais-Ferias-da-Pascoa-.png&#8221; _builder_version=&#8221;4.9.4&#8243; _module_preset=&#8221;default&#8221; alt=&#8221;Reais F\u00e9rias da P\u00e1scoa 2026&#8243; title_text=&#8221;Reais F\u00e9rias da P\u00e1scoa 2026&#8243; hover_enabled=&#8221;0&#8243; sticky_enabled=&#8221;0&#8243; align=&#8221;center&#8221;][\/et_pb_image][\/et_pb_column][\/et_pb_row][\/et_pb_section][et_pb_section fb_built=&#8221;1&#8243; _builder_version=&#8221;4.9.4&#8243; _module_preset=&#8221;default&#8221; hover_enabled=&#8221;0&#8243; sticky_enabled=&#8221;0&#8243; custom_padding=&#8221;0px|||||&#8221;][et_pb_row _builder_version=&#8221;4.9.4&#8243; _module_preset=&#8221;default&#8221;][et_pb_column _builder_version=&#8221;4.9.4&#8243; _module_preset=&#8221;default&#8221; type=&#8221;4_4&#8243;][et_pb_text _builder_version=&#8221;4.9.4&#8243; _module_preset=&#8221;default&#8221; hover_enabled=&#8221;0&#8243; sticky_enabled=&#8221;0&#8243;] \u00c9 com grande satisfa\u00e7\u00e3o que informamos que na pausa letiva da\u00a0P\u00e1scoa\u00a0de [&hellip;]<\/p>\n","protected":false},"author":2,"featured_media":7498,"parent":0,"menu_order":0,"comment_status":"closed","ping_status":"closed","template":"","meta":{"_acf_changed":false,"_et_pb_use_builder":"on","_et_pb_old_content":"<!-- wp:paragraph -->\n<p>No \u00e2mbito da participa\u00e7\u00e3o do Real Col\u00e9gio de Portugal no Concurso \"Escola Alerta!\", do Instituto Nacional para a Reabilita\u00e7\u00e3o, desenvolvemos diversas atividades e trabalhos relacionados com a Inclus\u00e3o.<\/p>\n<!-- \/wp:paragraph -->\n\n<!-- wp:paragraph -->\n<p><a><\/a>Este Concurso tem o objetivo de criar ideias e projetos para mais e melhor inclus\u00e3o na Escola e na Comunidade envolvente, de forma a que ningu\u00e9m fique para tr\u00e1s!<\/p>\n<!-- \/wp:paragraph -->\n\n<!-- wp:paragraph -->\n<p>Este Projeto iniciou com a visualiza\u00e7\u00e3o de um v\u00eddeo sobre inclus\u00e3o (<a href=\"https:\/\/m.youtube.com\/watch?v=Ztqaa-NWYQ8&amp;fbclid=IwZXh0bgNhZW0CMTAAAR3wnhpejqnXzNDG4uw9GNW0dU2Vz6odEZh9H9ikJ30Gcpwfr4N3h8ymzaQ_aem_dAzR3FqRjZ0m8DgOg3-Wgg\" target=\"_blank\" rel=\"noreferrer noopener\">https:\/\/m.youtube.com\/watch?v=Ztqaa-NWYQ8<\/a>), como sensibiliza\u00e7\u00e3o para o tema, e com a sele\u00e7\u00e3o do t\u00edtulo \u201cConstruindo Pontes, Somos uma Escola Sem Barreiras\u201d.<\/p>\n<!-- \/wp:paragraph -->\n\n<!-- wp:paragraph -->\n<p>Sendo o Real Col\u00e9gio de Portugal um col\u00e9gio com uma educa\u00e7\u00e3o inclusiva, faz-nos todo o sentido participar nesta iniciativa!<\/p>\n<!-- \/wp:paragraph -->\n\n<!-- wp:paragraph -->\n<p>Apresentamos abaixo as diferentes atividades que desenvolvemos ao longo do tempo com os alunos e alunas da Sala dos 5 Anos, do 1.\u00ba Ano e do 2.\u00ba Ano.<\/p>\n<!-- \/wp:paragraph -->\n\n<!-- wp:paragraph -->\n<p><a href=\"https:\/\/youtu.be\/N6ekFeKpdqM\" data-type=\"URL\" data-id=\"https:\/\/youtu.be\/N6ekFeKpdqM\">V\u00eddeo com Testemunhos sobre Inclus\u00e3o<\/a><\/p>\n<!-- \/wp:paragraph -->\n\n<!-- wp:paragraph -->\n<p><a href=\"https:\/\/youtu.be\/4ws8p_m1B08\" data-type=\"URL\" data-id=\"https:\/\/youtu.be\/4ws8p_m1B08\">V\u00eddeo \"Somos uma Escola Sem Barreiras\"<\/a><\/p>\n<!-- \/wp:paragraph -->\n\n<!-- wp:paragraph -->\n<p><a href=\"https:\/\/youtu.be\/NrEGjcFlqt8\" data-type=\"URL\" data-id=\"https:\/\/youtu.be\/NrEGjcFlqt8\">V\u00eddeo Escola Alerta! - \"Construindo Pontes, Somos uma Escola Sem Barreiras\"<\/a><\/p>\n<!-- \/wp:paragraph -->\n\n<!-- wp:gallery {\"linkTo\":\"none\"} -->\n<figure class=\"wp-block-gallery has-nested-images columns-default is-cropped\"><!-- wp:image {\"id\":5714,\"sizeSlug\":\"large\",\"linkDestination\":\"none\"} -->\n<figure class=\"wp-block-image size-large\"><img src=\"https:\/\/realcolegio.pt\/wp-content\/uploads\/2025\/02\/1-1024x768.jpg\" alt=\"\" class=\"wp-image-5714\"\/><\/figure>\n<!-- \/wp:image -->\n\n<!-- wp:image {\"id\":5711,\"sizeSlug\":\"large\",\"linkDestination\":\"none\"} -->\n<figure class=\"wp-block-image size-large\"><img src=\"https:\/\/realcolegio.pt\/wp-content\/uploads\/2025\/02\/2-1024x1024.jpg\" alt=\"\" class=\"wp-image-5711\"\/><\/figure>\n<!-- \/wp:image -->\n\n<!-- wp:image {\"id\":5712,\"sizeSlug\":\"large\",\"linkDestination\":\"none\"} -->\n<figure class=\"wp-block-image size-large\"><img src=\"https:\/\/realcolegio.pt\/wp-content\/uploads\/2025\/02\/3-1024x1024.jpg\" alt=\"\" class=\"wp-image-5712\"\/><\/figure>\n<!-- \/wp:image -->\n\n<!-- wp:image {\"id\":5715,\"sizeSlug\":\"large\",\"linkDestination\":\"none\"} -->\n<figure class=\"wp-block-image size-large\"><img src=\"https:\/\/realcolegio.pt\/wp-content\/uploads\/2025\/02\/4-1024x1024.jpg\" alt=\"\" class=\"wp-image-5715\"\/><\/figure>\n<!-- \/wp:image -->\n\n<!-- wp:image {\"id\":5716,\"sizeSlug\":\"large\",\"linkDestination\":\"none\"} -->\n<figure class=\"wp-block-image size-large\"><img src=\"https:\/\/realcolegio.pt\/wp-content\/uploads\/2025\/02\/5-1024x1024.jpg\" alt=\"\" class=\"wp-image-5716\"\/><\/figure>\n<!-- \/wp:image -->\n\n<!-- wp:image {\"id\":5713,\"sizeSlug\":\"large\",\"linkDestination\":\"none\"} -->\n<figure class=\"wp-block-image size-large\"><img src=\"https:\/\/realcolegio.pt\/wp-content\/uploads\/2025\/02\/6-1024x1024.jpg\" alt=\"\" class=\"wp-image-5713\"\/><\/figure>\n<!-- \/wp:image -->\n\n<!-- wp:image {\"id\":5717,\"sizeSlug\":\"large\",\"linkDestination\":\"none\"} -->\n<figure class=\"wp-block-image size-large\"><img src=\"https:\/\/realcolegio.pt\/wp-content\/uploads\/2025\/02\/7-1024x1024.jpg\" alt=\"\" class=\"wp-image-5717\"\/><\/figure>\n<!-- \/wp:image -->\n\n<!-- wp:image {\"id\":5721,\"sizeSlug\":\"large\",\"linkDestination\":\"none\"} -->\n<figure class=\"wp-block-image size-large\"><img src=\"https:\/\/realcolegio.pt\/wp-content\/uploads\/2025\/02\/8-1024x1024.jpg\" alt=\"\" class=\"wp-image-5721\"\/><\/figure>\n<!-- \/wp:image -->\n\n<!-- wp:image {\"id\":5718,\"sizeSlug\":\"large\",\"linkDestination\":\"none\"} -->\n<figure class=\"wp-block-image size-large\"><img src=\"https:\/\/realcolegio.pt\/wp-content\/uploads\/2025\/02\/9-1024x1024.jpg\" alt=\"\" class=\"wp-image-5718\"\/><\/figure>\n<!-- \/wp:image -->\n\n<!-- wp:image {\"id\":5719,\"sizeSlug\":\"large\",\"linkDestination\":\"none\"} -->\n<figure class=\"wp-block-image size-large\"><img src=\"https:\/\/realcolegio.pt\/wp-content\/uploads\/2025\/02\/10-819x1024.jpg\" alt=\"\" class=\"wp-image-5719\"\/><\/figure>\n<!-- \/wp:image -->\n\n<!-- wp:image {\"id\":5720,\"sizeSlug\":\"large\",\"linkDestination\":\"none\"} -->\n<figure class=\"wp-block-image size-large\"><img src=\"https:\/\/realcolegio.pt\/wp-content\/uploads\/2025\/02\/11-819x1024.jpg\" alt=\"\" class=\"wp-image-5720\"\/><\/figure>\n<!-- \/wp:image -->\n\n<!-- wp:image {\"id\":5722,\"sizeSlug\":\"large\",\"linkDestination\":\"none\"} -->\n<figure class=\"wp-block-image size-large\"><img src=\"https:\/\/realcolegio.pt\/wp-content\/uploads\/2025\/02\/12-819x1024.jpg\" alt=\"\" class=\"wp-image-5722\"\/><\/figure>\n<!-- \/wp:image -->\n\n<!-- wp:image {\"id\":5723,\"sizeSlug\":\"large\",\"linkDestination\":\"none\"} -->\n<figure class=\"wp-block-image size-large\"><img src=\"https:\/\/realcolegio.pt\/wp-content\/uploads\/2025\/02\/13-819x1024.jpg\" alt=\"\" class=\"wp-image-5723\"\/><\/figure>\n<!-- \/wp:image -->\n\n<!-- wp:image {\"id\":5724,\"sizeSlug\":\"large\",\"linkDestination\":\"none\"} -->\n<figure class=\"wp-block-image size-large\"><img src=\"https:\/\/realcolegio.pt\/wp-content\/uploads\/2025\/02\/14-819x1024.jpg\" alt=\"\" class=\"wp-image-5724\"\/><\/figure>\n<!-- \/wp:image -->\n\n<!-- wp:image {\"id\":5725,\"sizeSlug\":\"large\",\"linkDestination\":\"none\"} -->\n<figure class=\"wp-block-image size-large\"><img src=\"https:\/\/realcolegio.pt\/wp-content\/uploads\/2025\/02\/15-819x1024.jpg\" alt=\"\" class=\"wp-image-5725\"\/><\/figure>\n<!-- \/wp:image -->\n\n<!-- wp:image {\"id\":5726,\"sizeSlug\":\"large\",\"linkDestination\":\"none\"} -->\n<figure class=\"wp-block-image size-large\"><img src=\"https:\/\/realcolegio.pt\/wp-content\/uploads\/2025\/02\/16-819x1024.jpg\" alt=\"\" class=\"wp-image-5726\"\/><\/figure>\n<!-- \/wp:image -->\n\n<!-- wp:image {\"id\":5727,\"sizeSlug\":\"large\",\"linkDestination\":\"none\"} -->\n<figure class=\"wp-block-image size-large\"><img src=\"https:\/\/realcolegio.pt\/wp-content\/uploads\/2025\/02\/17-819x1024.jpg\" alt=\"\" class=\"wp-image-5727\"\/><\/figure>\n<!-- \/wp:image --><\/figure>\n<!-- \/wp:gallery -->","_et_gb_content_width":"","footnotes":""},"class_list":["post-5710","page","type-page","status-publish","has-post-thumbnail","hentry"],"acf":[],"_links":{"self":[{"href":"https:\/\/realcolegio.pt\/en\/wp-json\/wp\/v2\/pages\/5710","targetHints":{"allow":["GET"]}}],"collection":[{"href":"https:\/\/realcolegio.pt\/en\/wp-json\/wp\/v2\/pages"}],"about":[{"href":"https:\/\/realcolegio.pt\/en\/wp-json\/wp\/v2\/types\/page"}],"author":[{"embeddable":true,"href":"https:\/\/realcolegio.pt\/en\/wp-json\/wp\/v2\/users\/2"}],"replies":[{"embeddable":true,"href":"https:\/\/realcolegio.pt\/en\/wp-json\/wp\/v2\/comments?post=5710"}],"version-history":[{"count":6,"href":"https:\/\/realcolegio.pt\/en\/wp-json\/wp\/v2\/pages\/5710\/revisions"}],"predecessor-version":[{"id":7629,"href":"https:\/\/realcolegio.pt\/en\/wp-json\/wp\/v2\/pages\/5710\/revisions\/7629"}],"wp:featuredmedia":[{"embeddable":true,"href":"https:\/\/realcolegio.pt\/en\/wp-json\/wp\/v2\/media\/7498"}],"wp:attachment":[{"href":"https:\/\/realcolegio.pt\/en\/wp-json\/wp\/v2\/media?parent=5710"}],"curies":[{"name":"wp","href":"https:\/\/api.w.org\/{rel}","templated":true}]}}