{"id":5171,"date":"2024-09-20T14:01:09","date_gmt":"2024-09-20T13:01:09","guid":{"rendered":"https:\/\/www.realcolegio.pt\/?page_id=5171"},"modified":"2026-04-07T10:52:16","modified_gmt":"2026-04-07T09:52:16","slug":"documentos-direcao-pedagogica","status":"publish","type":"page","link":"https:\/\/realcolegio.pt\/en\/documentos-direcao-pedagogica\/","title":{"rendered":"Documentos | Dire\u00e7\u00e3o Pedag\u00f3gica"},"content":{"rendered":"[et_pb_section fb_built=&#8221;1&#8243; admin_label=&#8221;section&#8221; _builder_version=&#8221;3.22&#8243;][et_pb_row admin_label=&#8221;row&#8221; _builder_version=&#8221;3.25&#8243; background_size=&#8221;initial&#8221; background_position=&#8221;top_left&#8221; background_repeat=&#8221;repeat&#8221; custom_padding=&#8221;0px|5rem|0px|5rem|false|true&#8221;][et_pb_column type=&#8221;4_4&#8243; _builder_version=&#8221;3.25&#8243; custom_padding=&#8221;|||&#8221; custom_padding__hover=&#8221;|||&#8221;][et_pb_text admin_label=&#8221;Text&#8221; _builder_version=&#8221;4.9.4&#8243; background_size=&#8221;initial&#8221; background_position=&#8221;top_left&#8221; background_repeat=&#8221;repeat&#8221; link_option_url_new_window=&#8221;on&#8221; hover_enabled=&#8221;0&#8243; sticky_enabled=&#8221;0&#8243;]<h2 style=\"text-align: justify;\"><span style=\"color: #000080;\"><strong>Documentos Dispon\u00edveis para Consulta:<\/strong><\/span><span style=\"font-size: large;\"><strong><\/strong><\/span><span style=\"font-size: large;\"><\/span><strong><\/strong><span style=\"color: #333399;\"><strong><\/strong><\/span><\/h2>\n<p><span style=\"color: #333399;\"><strong><\/strong><\/span><\/p>\n<h3 style=\"text-align: justify;\"><strong><\/strong><\/h3>\n<h4 style=\"text-align: justify;\"><span style=\"color: #ffcc00;\"><a href=\"https:\/\/realcolegio.pt\/wp-content\/uploads\/2025\/01\/Autorizacao-Definitiva-06_0116_DREL.pdf\" target=\"_blank\" rel=\"noopener\" title=\"Autoriza\u00e7\u00e3o Definitiva de Funcionamento\" style=\"color: #ffcc00;\"><strong>Autoriza\u00e7\u00e3o Definitiva de Funcionamento<\/strong><\/a><\/span><\/h4>\n<h4 style=\"text-align: justify;\"><span style=\"font-size: large;\"><strong><\/strong><\/span><\/h4>\n<h4 style=\"text-align: justify;\"><span style=\"font-size: large; color: #ffcc00;\"><strong><a href=\"https:\/\/realcolegio.pt\/wp-content\/uploads\/2025\/09\/Nomeacao-da-Equipa-Diretiva-do-Real-Colegio-de-Portugal.pdf\" data-type=\"URL\" data-id=\"file:\/\/\/C:\/Users\/RCP\/Downloads\/unnamed%20(8).pdf\" target=\"_blank\" rel=\"noopener\" title=\"Nomea\u00e7\u00e3o da Equipa Diretiva do Real Col\u00e9gio de Portugal - Ordem de Servi\u00e7o\" style=\"color: #ffcc00;\">Nomea\u00e7\u00e3o da Equipa Diretiva do Real Col\u00e9gio de Portugal &#8211; Ordem de Servi\u00e7o<\/a><\/strong><\/span><span style=\"font-size: large;\"><strong><\/strong><\/span><\/h4>\n<p><span style=\"font-size: large;\"><strong><\/strong><\/span><\/p>\n<h4 style=\"text-align: justify;\"><span style=\"color: #ffcc00;\"><a href=\"https:\/\/realcolegio.pt\/wp-content\/uploads\/2024\/10\/Ordem-de-Servico-RCP-Regulamento-Canal-de-Denuncias-1.pdf\" style=\"color: #ffcc00;\"><b><span style=\"font-size: large;\">Ordem de Servi\u00e7o n.\u00ba 02\/2024 \u2013 Aprova\u00e7\u00e3o do Plano de Preven\u00e7\u00e3o de Corrup\u00e7\u00e3o e Infra\u00e7\u00f5es conexas e do Regulamento Interno sobre o Canal de Den\u00fancias e Prote\u00e7\u00e3o de Denunciantes de Infra\u00e7\u00f5es<\/span><\/b><\/a><\/span><span style=\"font-size: large;\"><strong><\/strong><\/span><\/h4>\n<p><b><span style=\"font-size: large;\"><\/span><\/b><\/p>\n<h4><a href=\"https:\/\/diariodarepublica.pt\/dr\/detalhe\/despacho\/3640-a-2025-912066254\" rel=\"noopener\"><span style=\"color: #f9b91d;\"><strong><span data-expression=\"\" class=\"heading1\" style=\"font-size: large;\" tabindex=\"0\">Despacho n.\u00ba 3640-A\/2025, de 21 de mar\u00e7o<\/span><\/strong><\/span><\/a><span style=\"color: #f9b91d;\"><strong><span data-expression=\"\" class=\"heading1\" style=\"font-size: large;\" tabindex=\"0\"><\/span><\/strong><\/span><\/h4>\n<p><span style=\"color: #f9b91d;\"><strong><span data-expression=\"\" class=\"heading1\" style=\"font-size: large;\" tabindex=\"0\"><\/span><\/strong><\/span><\/p>\n<h4><a href=\"https:\/\/diariodarepublica.pt\/dr\/detalhe\/deliberacao\/450-2025-912469933\" rel=\"noopener\"><span style=\"font-size: large; color: #f9b91d;\"><strong><span data-expression=\"\" class=\"heading1\" tabindex=\"0\">Delibera\u00e7\u00e3o n.\u00ba 450\/2025, de 26 de mar\u00e7o<\/span><\/strong><\/span><\/a><\/h4>\n<p><span style=\"font-size: large; color: #f9b91d;\"><strong><span data-expression=\"\" class=\"heading1\" tabindex=\"0\"><\/span><\/strong><\/span><\/p>\n<h4><a href=\"https:\/\/realcolegio.pt\/wp-content\/uploads\/2025\/10\/DGE-DSDC-Real-Colegio-de-Portugal.pdf\" title=\"Despacho de Aprova\u00e7\u00e3o do Projeto-Piloto de Inova\u00e7\u00e3o Pedag\u00f3gica\u00a0\"><span style=\"font-size: large; color: #f9b91d;\"><strong><span data-expression=\"\" class=\"heading1\" tabindex=\"0\">Despacho de Aprova\u00e7\u00e3o do Projeto-Piloto de Inova\u00e7\u00e3o Pedag\u00f3gica\u00a0<\/span><\/strong><\/span><\/a><\/h4>\n<p><span style=\"font-size: large; color: #f9b91d;\"><strong><span data-expression=\"\" class=\"heading1\" tabindex=\"0\"><\/span><\/strong><\/span><\/p>\n<h4><a href=\"https:\/\/realcolegio.pt\/wp-content\/uploads\/2025\/11\/Comunicado-Ofical-Sobre-a-Restricao-ao-Uso-de-Telemoveis.pdf\"><span style=\"font-size: large; color: #f9b91d;\"><strong><span data-expression=\"\" class=\"heading1\" tabindex=\"0\">Comunicado Oficial sobre a Restri\u00e7\u00e3o do Uso de Telem\u00f3veis<\/span><\/strong><\/span><\/a><span style=\"font-size: large; color: #f9b91d;\"><strong><span data-expression=\"\" class=\"heading1\" tabindex=\"0\"><\/span><\/strong><\/span><\/h4>\n<p><span style=\"font-size: large; color: #f9b91d;\"><strong><span data-expression=\"\" class=\"heading1\" tabindex=\"0\"><\/span><\/strong><\/span><\/p>\n<h4><a href=\"https:\/\/diariodarepublica.pt\/dr\/detalhe\/despacho\/4472-a-2026-1081867449\" rel=\"noopener\"><span style=\"font-size: large; color: #f9b91d;\"><strong><span data-expression=\"\" class=\"heading1\" tabindex=\"0\">Calend\u00e1rio das Matr\u00edculas e Renova\u00e7\u00f5es para 2026\/2027<\/span><\/strong><\/span><\/a><\/h4>\n<p><span style=\"font-size: large; color: #f9b91d;\"><strong><span data-expression=\"\" class=\"heading1\" tabindex=\"0\"><\/span><\/strong><\/span><\/p>\n<p style=\"text-align: justify;\"><\/p>[\/et_pb_text][\/et_pb_column][\/et_pb_row][\/et_pb_section]","protected":false},"excerpt":{"rendered":"<p>[et_pb_section fb_built=&#8221;1&#8243; admin_label=&#8221;section&#8221; _builder_version=&#8221;3.22&#8243;][et_pb_row admin_label=&#8221;row&#8221; _builder_version=&#8221;3.25&#8243; background_size=&#8221;initial&#8221; background_position=&#8221;top_left&#8221; background_repeat=&#8221;repeat&#8221; custom_padding=&#8221;0px|5rem|0px|5rem|false|true&#8221;][et_pb_column type=&#8221;4_4&#8243; _builder_version=&#8221;3.25&#8243; custom_padding=&#8221;|||&#8221; custom_padding__hover=&#8221;|||&#8221;][et_pb_text admin_label=&#8221;Text&#8221; _builder_version=&#8221;4.9.4&#8243; background_size=&#8221;initial&#8221; background_position=&#8221;top_left&#8221; background_repeat=&#8221;repeat&#8221; link_option_url_new_window=&#8221;on&#8221; hover_enabled=&#8221;0&#8243; sticky_enabled=&#8221;0&#8243;] Documentos Dispon\u00edveis para Consulta: Autoriza\u00e7\u00e3o Definitiva de Funcionamento Nomea\u00e7\u00e3o da Equipa Diretiva do Real Col\u00e9gio de Portugal &#8211; Ordem de Servi\u00e7o Ordem de Servi\u00e7o n.\u00ba 02\/2024 \u2013 Aprova\u00e7\u00e3o do Plano de Preven\u00e7\u00e3o de [&hellip;]<\/p>\n","protected":false},"author":2,"featured_media":4427,"parent":0,"menu_order":0,"comment_status":"closed","ping_status":"closed","template":"","meta":{"_acf_changed":false,"_et_pb_use_builder":"on","_et_pb_old_content":"<!-- wp:paragraph -->\n<p><a href=\"file:\/\/\/C:\/Users\/RCP\/Downloads\/Homologa%C3%A7%C3%A3o%20da%20Dire%C3%A7%C3%A3o%20Pedag%C3%B3gica%20RCP%2006092024%20(1).pdf\" data-type=\"URL\" data-id=\"file:\/\/\/C:\/Users\/RCP\/Downloads\/Homologa%C3%A7%C3%A3o%20da%20Dire%C3%A7%C3%A3o%20Pedag%C3%B3gica%20RCP%2006092024%20(1).pdf\">Homologa\u00e7\u00e3o da Dire\u00e7\u00e3o Pedag\u00f3gica do Real Col\u00e9gio de Portugal<\/a><\/p>\n<!-- \/wp:paragraph -->\n\n<!-- wp:paragraph -->\n<p><a href=\"file:\/\/\/C:\/Users\/RCP\/Downloads\/unnamed%20(8).pdf\" data-type=\"URL\" data-id=\"file:\/\/\/C:\/Users\/RCP\/Downloads\/unnamed%20(8).pdf\">Nomea\u00e7\u00e3o da Equipa Diretiva do Real Col\u00e9gio de Portugal - Ordem de Servi\u00e7o<\/a><\/p>\n<!-- \/wp:paragraph -->","_et_gb_content_width":"","footnotes":""},"class_list":["post-5171","page","type-page","status-publish","has-post-thumbnail","hentry"],"acf":[],"_links":{"self":[{"href":"https:\/\/realcolegio.pt\/en\/wp-json\/wp\/v2\/pages\/5171","targetHints":{"allow":["GET"]}}],"collection":[{"href":"https:\/\/realcolegio.pt\/en\/wp-json\/wp\/v2\/pages"}],"about":[{"href":"https:\/\/realcolegio.pt\/en\/wp-json\/wp\/v2\/types\/page"}],"author":[{"embeddable":true,"href":"https:\/\/realcolegio.pt\/en\/wp-json\/wp\/v2\/users\/2"}],"replies":[{"embeddable":true,"href":"https:\/\/realcolegio.pt\/en\/wp-json\/wp\/v2\/comments?post=5171"}],"version-history":[{"count":26,"href":"https:\/\/realcolegio.pt\/en\/wp-json\/wp\/v2\/pages\/5171\/revisions"}],"predecessor-version":[{"id":7716,"href":"https:\/\/realcolegio.pt\/en\/wp-json\/wp\/v2\/pages\/5171\/revisions\/7716"}],"wp:featuredmedia":[{"embeddable":true,"href":"https:\/\/realcolegio.pt\/en\/wp-json\/wp\/v2\/media\/4427"}],"wp:attachment":[{"href":"https:\/\/realcolegio.pt\/en\/wp-json\/wp\/v2\/media?parent=5171"}],"curies":[{"name":"wp","href":"https:\/\/api.w.org\/{rel}","templated":true}]}}