{"id":500,"date":"2021-06-16T09:18:44","date_gmt":"2021-06-16T09:18:44","guid":{"rendered":"https:\/\/rcp.blatstudio.com\/?page_id=500"},"modified":"2025-09-18T12:41:36","modified_gmt":"2025-09-18T11:41:36","slug":"creche","status":"publish","type":"page","link":"https:\/\/realcolegio.pt\/en\/oferta-formativa\/creche\/","title":{"rendered":"Creche"},"content":{"rendered":"<p>[et_pb_section fb_built=&#8221;1&#8243; _builder_version=&#8221;4.9.4&#8243; _module_preset=&#8221;default&#8221; min_height=&#8221;295.2px&#8221;][et_pb_row _builder_version=&#8221;4.9.4&#8243; _module_preset=&#8221;default&#8221;][et_pb_column type=&#8221;4_4&#8243; _builder_version=&#8221;4.9.4&#8243; _module_preset=&#8221;default&#8221;][et_pb_image src=&#8221;https:\/\/realcolegio.pt\/wp-content\/uploads\/2023\/01\/Design-sem-nome-10.png&#8221; title_text=&#8221;Design sem nome (10)&#8221; _builder_version=&#8221;4.9.4&#8243; _module_preset=&#8221;default&#8221; min_height=&#8221;8px&#8221;][\/et_pb_image][et_pb_text _builder_version=&#8221;4.9.4&#8243; _module_preset=&#8221;default&#8221;]<\/p>\n<p>A Creche \u00e9 um espa\u00e7o preparado para receber crian\u00e7as desde a aquisi\u00e7\u00e3o de marcha (12 meses) at\u00e9 aos 36 meses. Disp\u00f5e de adapta\u00e7\u00f5es espec\u00edficas e condi\u00e7\u00f5es cuidadas de acordo com a faixa et\u00e1ria, incluindo tamb\u00e9m equipamento did\u00e1tico, pedag\u00f3gico e zona de repouso.<\/p>\n<p>O Projeto Pedag\u00f3gico \u00e9 orientado ao desenvolvimento progressivo da autonomia da crian\u00e7a, desafiando-a a pensar e a ser criativa, estimulando simultaneamente as suas capacidades de express\u00e3o oral, comunica\u00e7\u00e3o e desenvolvimento motor.<\/p>\n<p>Aliadas \u00e0s compet\u00eancias sociais e afetivas desenvolvidas em sala, proporciona-se ainda aulas de psicomotricidade, m\u00fasica para beb\u00e9s, e sempre que poss\u00edvel, visitas aos espa\u00e7os ajardinados e quinta pedag\u00f3gica do Col\u00e9gio. A creche \u00e9 um lugar descontra\u00eddo e acolhedor onde a crian\u00e7a tem a oportunidade de se conhecer a si e ao mundo que a rodeia.<\/p>\n<p>[\/et_pb_text][\/et_pb_column][\/et_pb_row][et_pb_row _builder_version=&#8221;4.9.4&#8243; _module_preset=&#8221;default&#8221;][et_pb_column type=&#8221;4_4&#8243; _builder_version=&#8221;4.9.4&#8243; _module_preset=&#8221;default&#8221;][\/et_pb_column][\/et_pb_row][\/et_pb_section][et_pb_section fb_built=&#8221;1&#8243; _builder_version=&#8221;4.9.4&#8243; _module_preset=&#8221;default&#8221;][et_pb_row _builder_version=&#8221;4.9.4&#8243; _module_preset=&#8221;default&#8221;][et_pb_column type=&#8221;4_4&#8243; _builder_version=&#8221;4.9.4&#8243; _module_preset=&#8221;default&#8221;][et_pb_button button_url=&#8221;https:\/\/realcolegio.pt\/wp-content\/uploads\/2025\/09\/Regulamento-Interno-Creche-2025_26.pdf&#8221; url_new_window=&#8221;on&#8221; button_text=&#8221;Regulamento Interno Creche&#8221; _builder_version=&#8221;4.9.4&#8243; _module_preset=&#8221;911c009c-5ece-4232-8a81-8b994527c470&#8243; hover_enabled=&#8221;0&#8243; locked=&#8221;off&#8221; sticky_enabled=&#8221;0&#8243;][\/et_pb_button][\/et_pb_column][\/et_pb_row][\/et_pb_section]<\/p>\n","protected":false},"excerpt":{"rendered":"<p>[et_pb_section fb_built=&#8221;1&#8243; _builder_version=&#8221;4.9.4&#8243; _module_preset=&#8221;default&#8221; min_height=&#8221;295.2px&#8221;][et_pb_row _builder_version=&#8221;4.9.4&#8243; _module_preset=&#8221;default&#8221;][et_pb_column type=&#8221;4_4&#8243; _builder_version=&#8221;4.9.4&#8243; _module_preset=&#8221;default&#8221;][et_pb_image src=&#8221;https:\/\/realcolegio.pt\/wp-content\/uploads\/2023\/01\/Design-sem-nome-10.png&#8221; title_text=&#8221;Design sem nome (10)&#8221; _builder_version=&#8221;4.9.4&#8243; _module_preset=&#8221;default&#8221; min_height=&#8221;8px&#8221;][\/et_pb_image][et_pb_text _builder_version=&#8221;4.9.4&#8243; _module_preset=&#8221;default&#8221;] A Creche \u00e9 um espa\u00e7o preparado para receber crian\u00e7as desde a aquisi\u00e7\u00e3o de marcha (12 meses) at\u00e9 aos 36 meses. Disp\u00f5e de adapta\u00e7\u00f5es espec\u00edficas e condi\u00e7\u00f5es cuidadas de acordo com a faixa et\u00e1ria, incluindo tamb\u00e9m [&hellip;]<\/p>\n","protected":false},"author":1,"featured_media":746,"parent":77,"menu_order":0,"comment_status":"closed","ping_status":"closed","template":"","meta":{"_acf_changed":false,"_et_pb_use_builder":"on","_et_pb_old_content":"","_et_gb_content_width":"","footnotes":""},"class_list":["post-500","page","type-page","status-publish","has-post-thumbnail","hentry"],"acf":[],"_links":{"self":[{"href":"https:\/\/realcolegio.pt\/en\/wp-json\/wp\/v2\/pages\/500","targetHints":{"allow":["GET"]}}],"collection":[{"href":"https:\/\/realcolegio.pt\/en\/wp-json\/wp\/v2\/pages"}],"about":[{"href":"https:\/\/realcolegio.pt\/en\/wp-json\/wp\/v2\/types\/page"}],"author":[{"embeddable":true,"href":"https:\/\/realcolegio.pt\/en\/wp-json\/wp\/v2\/users\/1"}],"replies":[{"embeddable":true,"href":"https:\/\/realcolegio.pt\/en\/wp-json\/wp\/v2\/comments?post=500"}],"version-history":[{"count":15,"href":"https:\/\/realcolegio.pt\/en\/wp-json\/wp\/v2\/pages\/500\/revisions"}],"predecessor-version":[{"id":6418,"href":"https:\/\/realcolegio.pt\/en\/wp-json\/wp\/v2\/pages\/500\/revisions\/6418"}],"up":[{"embeddable":true,"href":"https:\/\/realcolegio.pt\/en\/wp-json\/wp\/v2\/pages\/77"}],"wp:featuredmedia":[{"embeddable":true,"href":"https:\/\/realcolegio.pt\/en\/wp-json\/wp\/v2\/media\/746"}],"wp:attachment":[{"href":"https:\/\/realcolegio.pt\/en\/wp-json\/wp\/v2\/media?parent=500"}],"curies":[{"name":"wp","href":"https:\/\/api.w.org\/{rel}","templated":true}]}}