{"id":417,"date":"2021-06-15T10:19:30","date_gmt":"2021-06-15T10:19:30","guid":{"rendered":"https:\/\/rcp.blatstudio.com\/?page_id=417"},"modified":"2025-09-18T16:22:54","modified_gmt":"2025-09-18T15:22:54","slug":"sala-de-estudo","status":"publish","type":"page","link":"https:\/\/realcolegio.pt\/en\/servicos\/sala-de-estudo\/","title":{"rendered":"Sala de Estudo"},"content":{"rendered":"<p>[et_pb_section fb_built=&#8221;1&#8243; _builder_version=&#8221;4.9.4&#8243; _module_preset=&#8221;default&#8221;][et_pb_row column_structure=&#8221;3_5,2_5&#8243; _builder_version=&#8221;4.9.4&#8243; _module_preset=&#8221;default&#8221;][et_pb_column type=&#8221;3_5&#8243; _builder_version=&#8221;4.9.4&#8243; _module_preset=&#8221;default&#8221;][et_pb_text _builder_version=&#8221;4.9.4&#8243; _module_preset=&#8221;default&#8221; hover_enabled=&#8221;0&#8243; sticky_enabled=&#8221;0&#8243;]<\/p>\n<p>Bem-Vindos \u00e0 Sala de Estudo do Real Col\u00e9gio de Portugal. A nossa Sala de estudo destina-se aos alunos e alunas do 1.o Ciclo ao Ensino Secund\u00e1rio, com in\u00edcio \u00e0s 17h15 at\u00e9 \u00e0s 18h15, de segunda a sexta-feira.<\/p>\n<p>A Sala de estudo pressup\u00f5e um pagamento extra, no entanto, os alunos que frequentarem esta extracurricular, n\u00e3o ter\u00e3o de efetuar o pagamento do prolongamento, independentemente de permanecerem no col\u00e9gio at\u00e9 \u00e0s 19h00.<\/p>\n<p>&nbsp;<\/p>\n<h4><strong>Principais Objetivos da Sala de Estudo:<\/strong><\/h4>\n<p><strong><\/strong><\/p>\n<ol>\n<li><span style=\"font-size: 16px;\">Favorecer o desenvolvimento de atitudes e <\/span><strong style=\"font-size: 16px;\">h\u00e1bitos de trabalho aut\u00f3nomo e\/ou em grupo;<\/strong><strong style=\"font-size: 16px;\"><\/strong><\/li>\n<li>Estimular o gosto pelos estudos;<\/li>\n<li><strong>Criar mecanismos de apoios ao estudo<\/strong> e de gest\u00e3o dos diferentes ritmos de aprendizagem dos alunos;<\/li>\n<li>Promover um <em>papel ativo dos alunos na resolu\u00e7\u00e3o dos seus problemas<\/em> deaprendizagens e esclarecimento de d\u00favidas curriculares;<\/li>\n<li>Apoiar os alunos na prepara\u00e7\u00e3o de exerc\u00edcios escritos, trabalhos, etc;<\/li>\n<li><strong>Desenvolver compet\u00eancias de consulta<\/strong> e de utiliza\u00e7\u00e3o de diversas fontes deinforma\u00e7\u00e3o;<\/li>\n<li>Desenvolvimento de<strong> compet\u00eancias sociais<\/strong>, como o respeito pelos outros, acoopera\u00e7\u00e3o entre alunos e a comunica\u00e7\u00e3o;<\/li>\n<li><strong>Proporcionar orienta\u00e7\u00e3o e apoio geral na realiza\u00e7\u00e3o de trabalhos<\/strong> escolares individuais ou em grupo, nomeadamente, trabalhos de casa, exerc\u00edcios de aplica\u00e7\u00e3o e consolida\u00e7\u00e3o das mat\u00e9rias lecionadas;<\/li>\n<li>Contribuir para o sucesso educativo dos alunos.<\/li>\n<\/ol>\n<ol><\/ol>\n<p><strong>Vem dar o melhor de ti!!!<\/strong><\/p>\n<p>[\/et_pb_text][\/et_pb_column][et_pb_column type=&#8221;2_5&#8243; _builder_version=&#8221;4.9.4&#8243; _module_preset=&#8221;default&#8221;][et_pb_slider _builder_version=&#8221;4.9.4&#8243; _module_preset=&#8221;865e815e-05a0-48cd-b108-5cc2494024ee&#8221;][et_pb_slide _builder_version=&#8221;4.9.4&#8243; _module_preset=&#8221;default&#8221; background_image=&#8221;https:\/\/realcolegio.pt\/wp-content\/uploads\/2021\/07\/Sala-de-Estudo-1.jpg&#8221; background_enable_image=&#8221;on&#8221; sticky_transition=&#8221;on&#8221;][\/et_pb_slide][et_pb_slide _builder_version=&#8221;4.9.4&#8243; _module_preset=&#8221;default&#8221; background_image=&#8221;https:\/\/realcolegio.pt\/wp-content\/uploads\/2021\/07\/Sala-de-Estudo-2.jpg&#8221; background_enable_image=&#8221;on&#8221; sticky_transition=&#8221;on&#8221;][\/et_pb_slide][\/et_pb_slider][\/et_pb_column][\/et_pb_row][\/et_pb_section]<\/p>\n","protected":false},"excerpt":{"rendered":"<p>[et_pb_section fb_built=&#8221;1&#8243; _builder_version=&#8221;4.9.4&#8243; _module_preset=&#8221;default&#8221;][et_pb_row column_structure=&#8221;3_5,2_5&#8243; _builder_version=&#8221;4.9.4&#8243; _module_preset=&#8221;default&#8221;][et_pb_column type=&#8221;3_5&#8243; _builder_version=&#8221;4.9.4&#8243; _module_preset=&#8221;default&#8221;][et_pb_text _builder_version=&#8221;4.9.4&#8243; _module_preset=&#8221;default&#8221; hover_enabled=&#8221;0&#8243; sticky_enabled=&#8221;0&#8243;] Bem-Vindos \u00e0 Sala de Estudo do Real Col\u00e9gio de Portugal. A nossa Sala de estudo destina-se aos alunos e alunas do 1.o Ciclo ao Ensino Secund\u00e1rio, com in\u00edcio \u00e0s 17h15 at\u00e9 \u00e0s 18h15, de segunda a sexta-feira. A Sala de estudo [&hellip;]<\/p>\n","protected":false},"author":1,"featured_media":905,"parent":83,"menu_order":0,"comment_status":"closed","ping_status":"closed","template":"","meta":{"_acf_changed":false,"_et_pb_use_builder":"on","_et_pb_old_content":"","_et_gb_content_width":"","footnotes":""},"class_list":["post-417","page","type-page","status-publish","has-post-thumbnail","hentry"],"acf":[],"_links":{"self":[{"href":"https:\/\/realcolegio.pt\/en\/wp-json\/wp\/v2\/pages\/417","targetHints":{"allow":["GET"]}}],"collection":[{"href":"https:\/\/realcolegio.pt\/en\/wp-json\/wp\/v2\/pages"}],"about":[{"href":"https:\/\/realcolegio.pt\/en\/wp-json\/wp\/v2\/types\/page"}],"author":[{"embeddable":true,"href":"https:\/\/realcolegio.pt\/en\/wp-json\/wp\/v2\/users\/1"}],"replies":[{"embeddable":true,"href":"https:\/\/realcolegio.pt\/en\/wp-json\/wp\/v2\/comments?post=417"}],"version-history":[{"count":17,"href":"https:\/\/realcolegio.pt\/en\/wp-json\/wp\/v2\/pages\/417\/revisions"}],"predecessor-version":[{"id":6427,"href":"https:\/\/realcolegio.pt\/en\/wp-json\/wp\/v2\/pages\/417\/revisions\/6427"}],"up":[{"embeddable":true,"href":"https:\/\/realcolegio.pt\/en\/wp-json\/wp\/v2\/pages\/83"}],"wp:featuredmedia":[{"embeddable":true,"href":"https:\/\/realcolegio.pt\/en\/wp-json\/wp\/v2\/media\/905"}],"wp:attachment":[{"href":"https:\/\/realcolegio.pt\/en\/wp-json\/wp\/v2\/media?parent=417"}],"curies":[{"name":"wp","href":"https:\/\/api.w.org\/{rel}","templated":true}]}}