{"id":414,"date":"2021-06-15T10:19:14","date_gmt":"2021-06-15T10:19:14","guid":{"rendered":"https:\/\/rcp.blatstudio.com\/?page_id=414"},"modified":"2026-02-03T15:27:26","modified_gmt":"2026-02-03T15:27:26","slug":"horario-de-funcionamento","status":"publish","type":"page","link":"https:\/\/realcolegio.pt\/en\/servicos\/horario-de-funcionamento\/","title":{"rendered":"Hor\u00e1rio de Funcionamento"},"content":{"rendered":"<p>[et_pb_section fb_built=&#8221;1&#8243; _builder_version=&#8221;4.9.4&#8243; _module_preset=&#8221;default&#8221;][et_pb_row _builder_version=&#8221;4.9.4&#8243; _module_preset=&#8221;b8b2270b-f71e-4a15-a3ff-3a16e4fe87f5&#8243;][et_pb_column type=&#8221;4_4&#8243; _builder_version=&#8221;4.9.4&#8243; _module_preset=&#8221;default&#8221;][et_pb_text _builder_version=&#8221;4.9.4&#8243; _module_preset=&#8221;default&#8221;]<\/p>\n<p>O Real Col\u00e9gio de Portugal (Pal\u00e1cio Sede e Quinta do Pisani) abre \u00e0s <strong>08h00<\/strong> e encerra \u00e0s <strong>19h00<\/strong>.<\/p>\n<ol>\n<li><strong>Entradas<\/strong> das 08h00 \u00e0s 09h30<\/li>\n<li><strong>Sa\u00eddas<\/strong> das 16h30 \u00e0s 17h00<\/li>\n<li>Os <strong>Port\u00f5es de acesso a Ve\u00edculos<\/strong> encontram-se abertos das <strong>08h00 \u00e0s 09h00<\/strong> e das <strong>16h00 \u00e0s 18h00<\/strong>.<\/li>\n<\/ol>\n<p>O per\u00edodo de prolongamento decorre entre as <strong>17h00<\/strong> e as <strong>19h00<\/strong> horas.<\/p>\n<p>Na <strong>Creche<\/strong> e <strong>Pr\u00e9-Escolar<\/strong> o in\u00edcio das atividades \u00e9 \u00e0s 09h30, com uma toler\u00e2ncia de 10 minutos.<\/p>\n<p>No <strong>1\u00ba Ciclo do Ensino B\u00e1sico<\/strong> h\u00e1 uma toler\u00e2ncia de 10 minutos.<\/p>\n<p>No <strong>2\u00ba e 3\u00ba Ciclo do Ensino B\u00e1sico<\/strong> h\u00e1 uma toler\u00e2ncia de 10 minutos.<\/p>\n<p>No <strong>Ensino Secund\u00e1rio<\/strong> h\u00e1 uma toler\u00e2ncia de 10 minutos.<\/p>\n<p>Nos dias de <strong>Educa\u00e7\u00e3o F\u00edsica<\/strong>, depois de come\u00e7arem as aulas, as crian\u00e7as entrar\u00e3o para o gin\u00e1sio, mas aguardar\u00e3o sentados at\u00e9 ser oportuno para o professor interromper as actividades.<\/p>\n<p>[\/et_pb_text][et_pb_text _builder_version=&#8221;4.9.4&#8243; _module_preset=&#8221;87290259-4b7c-420f-94b4-055a3fc25617&#8243; custom_margin=&#8221;0px||1rem||false|false&#8221;]<\/p>\n<h2>Hor\u00e1rios<\/h2>\n<p>[\/et_pb_text][\/et_pb_column][\/et_pb_row][et_pb_row column_structure=&#8221;1_3,1_3,1_3&#8243; _builder_version=&#8221;4.9.4&#8243; _module_preset=&#8221;default&#8221;][et_pb_column type=&#8221;1_3&#8243; _builder_version=&#8221;4.9.4&#8243; _module_preset=&#8221;default&#8221;][et_pb_text _builder_version=&#8221;4.9.4&#8243; _module_preset=&#8221;1e6ba128-6d31-448a-b1c2-885d522b30fc&#8221;]<\/p>\n<table border=\"0\" width=\"100%\">\n<tbody>\n<tr>\n<th>1.\u00ba Ciclo<\/th>\n<th>Horas<\/th>\n<\/tr>\n<tr>\n<td>Entrada<\/td>\n<td>9:00<\/td>\n<\/tr>\n<tr>\n<td>Actividades curriculares manh\u00e3<\/td>\n<td>Das 9:00 \u00e0s 10:30<\/td>\n<\/tr>\n<tr>\n<td>Intervalo da manh\u00e3<\/td>\n<td>Das 10:30 \u00e0s 11:00<\/td>\n<\/tr>\n<tr>\n<td>Actividades curriculares manh\u00e3<\/td>\n<td>Das 11:00 \u00e0s 12:30<\/td>\n<\/tr>\n<tr>\n<td>Almo\u00e7o<\/td>\n<td>Das 12:30 \u00e0s 14:00<\/td>\n<\/tr>\n<tr>\n<td>Actividades curriculares tarde<\/td>\n<td>Das 14:00 \u00e0s 16:00<\/td>\n<\/tr>\n<\/tbody>\n<\/table>\n<p>[\/et_pb_text][\/et_pb_column][et_pb_column type=&#8221;1_3&#8243; _builder_version=&#8221;4.9.4&#8243; _module_preset=&#8221;default&#8221;][et_pb_text _builder_version=&#8221;4.9.4&#8243; _module_preset=&#8221;1e6ba128-6d31-448a-b1c2-885d522b30fc&#8221;]<\/p>\n<table border=\"0\" width=\"100%\">\n<tbody>\n<tr>\n<th>2.\u00ba e 3.\u00ba Ciclo<\/th>\n<th>Horas<\/th>\n<\/tr>\n<tr>\n<td>\u00a0Actividades curriculares manh\u00e3<\/td>\n<td>8.30 &#8211; 9:15<\/td>\n<\/tr>\n<tr>\n<td>\u00a0Actividades curriculares manh\u00e3<\/td>\n<td>9:15 &#8211; 10:00<\/td>\n<\/tr>\n<tr>\n<td>Intervalo<\/td>\n<td>10:00 &#8211; 10:30<\/td>\n<\/tr>\n<tr>\n<td>\u00a0Actividades curriculares manh\u00e3<\/td>\n<td>10:30 &#8211; 11:15<\/td>\n<\/tr>\n<tr>\n<td>\u00a0Actividades curriculares manh\u00e3<\/td>\n<td>11:15 -12:00<\/td>\n<\/tr>\n<tr>\n<td>Intervalo<\/td>\n<td>12:00 &#8211; 12:15<\/td>\n<\/tr>\n<tr>\n<td>\u00a0Actividades curriculares manh\u00e3<\/td>\n<td>12:15 &#8211; 13:00<\/td>\n<\/tr>\n<tr>\n<td>Almo\u00e7o<\/td>\n<td>13:00 &#8211; 14:00<\/td>\n<\/tr>\n<tr>\n<td>\u00a0Actividades curriculares\u00a0Tarde<\/td>\n<td>14:00 &#8211; 14:45<\/td>\n<\/tr>\n<tr>\n<td>\u00a0Actividades curriculares Tarde<\/td>\n<td>14:45 &#8211; 15:30<\/td>\n<\/tr>\n<tr>\n<td>Intervalo<\/td>\n<td>15:30 &#8211; 16:00<\/td>\n<\/tr>\n<tr>\n<td>\u00a0Actividades curriculares\u00a0Tarde<\/td>\n<td>16:00 &#8211; 16:45<\/td>\n<\/tr>\n<tr>\n<td>Sala de Estudo<\/td>\n<td>16:00 &#8211; 17:30\/17:45<\/td>\n<\/tr>\n<tr><\/tr>\n<\/tbody>\n<\/table>\n<p>[\/et_pb_text][\/et_pb_column][et_pb_column type=&#8221;1_3&#8243; _builder_version=&#8221;4.9.4&#8243; _module_preset=&#8221;default&#8221;][et_pb_text _builder_version=&#8221;4.9.4&#8243; _module_preset=&#8221;1e6ba128-6d31-448a-b1c2-885d522b30fc&#8221; module_alignment=&#8221;center&#8221;]<\/p>\n<table border=\"0\" width=\"100%\">\n<tbody>\n<tr>\n<th>Ensino Secund\u00e1rio<\/th>\n<th>Horas<\/th>\n<\/tr>\n<tr>\n<td>Actividades curriculares manh\u00e3<\/td>\n<td>8.30 &#8211; 9:15<\/td>\n<\/tr>\n<tr>\n<td>Actividades curriculares manh\u00e3<\/td>\n<td>9:15 &#8211; 10:00<\/td>\n<\/tr>\n<tr>\n<td>Intervalo<\/td>\n<td>10:00 &#8211; 10:30<\/td>\n<\/tr>\n<tr>\n<td>Actividades curriculares manh\u00e3<\/td>\n<td>10:30 &#8211; 11:15<\/td>\n<\/tr>\n<tr>\n<td>Actividades curriculares manh\u00e3<\/td>\n<td>11:15 -12:00<\/td>\n<\/tr>\n<tr>\n<td>Intervalo<\/td>\n<td>12:00 &#8211; 12:15<\/td>\n<\/tr>\n<tr>\n<td>Actividades curriculares manh\u00e3<\/td>\n<td>12:15 &#8211; 13:00<\/td>\n<\/tr>\n<tr>\n<td>Almo\u00e7o<\/td>\n<td>13:00 &#8211; 14:00<\/td>\n<\/tr>\n<tr>\n<td>Actividades curriculares Tarde<\/td>\n<td>14:00 &#8211; 14:45<\/td>\n<\/tr>\n<tr>\n<td>Actividades curriculares Tarde<\/td>\n<td>14:45 &#8211; 15:30<\/td>\n<\/tr>\n<tr>\n<td>Intervalo<\/td>\n<td>15:30 &#8211; 16:00<\/td>\n<\/tr>\n<tr>\n<td>Actividades curriculares Tarde<\/td>\n<td>16:00 &#8211; 16:45<\/td>\n<\/tr>\n<tr>\n<td>Sala de Estudo<\/td>\n<td>16:00 &#8211; 17:30\/17:45<\/td>\n<\/tr>\n<\/tbody>\n<\/table>\n<p>[\/et_pb_text][\/et_pb_column][\/et_pb_row][\/et_pb_section]<\/p>\n","protected":false},"excerpt":{"rendered":"<p>[et_pb_section fb_built=&#8221;1&#8243; _builder_version=&#8221;4.9.4&#8243; _module_preset=&#8221;default&#8221;][et_pb_row _builder_version=&#8221;4.9.4&#8243; _module_preset=&#8221;b8b2270b-f71e-4a15-a3ff-3a16e4fe87f5&#8243;][et_pb_column type=&#8221;4_4&#8243; _builder_version=&#8221;4.9.4&#8243; _module_preset=&#8221;default&#8221;][et_pb_text _builder_version=&#8221;4.9.4&#8243; _module_preset=&#8221;default&#8221;] O Real Col\u00e9gio de Portugal (Pal\u00e1cio Sede e Quinta do Pisani) abre \u00e0s 08h00 e encerra \u00e0s 19h00. Entradas das 08h00 \u00e0s 09h30 Sa\u00eddas das 16h30 \u00e0s 17h00 Os Port\u00f5es de acesso a Ve\u00edculos encontram-se abertos das 08h00 \u00e0s 09h00 e das 16h00 \u00e0s [&hellip;]<\/p>\n","protected":false},"author":1,"featured_media":744,"parent":83,"menu_order":0,"comment_status":"closed","ping_status":"closed","template":"","meta":{"_acf_changed":false,"_et_pb_use_builder":"on","_et_pb_old_content":"<!-- wp:divi\/placeholder \/-->","_et_gb_content_width":"","footnotes":""},"class_list":["post-414","page","type-page","status-publish","has-post-thumbnail","hentry"],"acf":[],"_links":{"self":[{"href":"https:\/\/realcolegio.pt\/en\/wp-json\/wp\/v2\/pages\/414","targetHints":{"allow":["GET"]}}],"collection":[{"href":"https:\/\/realcolegio.pt\/en\/wp-json\/wp\/v2\/pages"}],"about":[{"href":"https:\/\/realcolegio.pt\/en\/wp-json\/wp\/v2\/types\/page"}],"author":[{"embeddable":true,"href":"https:\/\/realcolegio.pt\/en\/wp-json\/wp\/v2\/users\/1"}],"replies":[{"embeddable":true,"href":"https:\/\/realcolegio.pt\/en\/wp-json\/wp\/v2\/comments?post=414"}],"version-history":[{"count":21,"href":"https:\/\/realcolegio.pt\/en\/wp-json\/wp\/v2\/pages\/414\/revisions"}],"predecessor-version":[{"id":7218,"href":"https:\/\/realcolegio.pt\/en\/wp-json\/wp\/v2\/pages\/414\/revisions\/7218"}],"up":[{"embeddable":true,"href":"https:\/\/realcolegio.pt\/en\/wp-json\/wp\/v2\/pages\/83"}],"wp:featuredmedia":[{"embeddable":true,"href":"https:\/\/realcolegio.pt\/en\/wp-json\/wp\/v2\/media\/744"}],"wp:attachment":[{"href":"https:\/\/realcolegio.pt\/en\/wp-json\/wp\/v2\/media?parent=414"}],"curies":[{"name":"wp","href":"https:\/\/api.w.org\/{rel}","templated":true}]}}