{"id":408,"date":"2021-06-15T10:17:41","date_gmt":"2021-06-15T10:17:41","guid":{"rendered":"https:\/\/rcp.blatstudio.com\/?page_id=408"},"modified":"2026-03-04T15:12:06","modified_gmt":"2026-03-04T15:12:06","slug":"exames-nacionais","status":"publish","type":"page","link":"https:\/\/realcolegio.pt\/en\/alunos\/exames-nacionais\/","title":{"rendered":"Avalia\u00e7\u00e3o Externa"},"content":{"rendered":"<p>[et_pb_section fb_built=&#8221;1&#8243; _builder_version=&#8221;4.9.4&#8243; _module_preset=&#8221;default&#8221;][et_pb_row column_structure=&#8221;1_3,1_3,1_3&#8243; _builder_version=&#8221;4.9.4&#8243; _module_preset=&#8221;default&#8221;][et_pb_column type=&#8221;1_3&#8243; _builder_version=&#8221;4.9.4&#8243; _module_preset=&#8221;default&#8221;][et_pb_button button_text=&#8221;Provas ModA&#8221; button_alignment=&#8221;center&#8221; _builder_version=&#8221;4.9.4&#8243; _module_preset=&#8221;default&#8221; box_shadow_style=&#8221;preset4&#8243; box_shadow_color=&#8221;#F9B91D&#8221;][\/et_pb_button][\/et_pb_column][et_pb_column type=&#8221;1_3&#8243; _builder_version=&#8221;4.9.4&#8243; _module_preset=&#8221;default&#8221;][et_pb_button button_text=&#8221;Exames Finais | 3.\u00ba Ciclo Ensino B\u00e1sico&#8221; button_alignment=&#8221;center&#8221; _builder_version=&#8221;4.9.4&#8243; _module_preset=&#8221;default&#8221; box_shadow_style=&#8221;preset4&#8243; box_shadow_color=&#8221;#F9B91D&#8221;][\/et_pb_button][\/et_pb_column][et_pb_column type=&#8221;1_3&#8243; _builder_version=&#8221;4.9.4&#8243; _module_preset=&#8221;default&#8221;][et_pb_button button_text=&#8221;Exames Finais | Ensino Secund\u00e1rio&#8221; button_alignment=&#8221;center&#8221; _builder_version=&#8221;4.9.4&#8243; _module_preset=&#8221;default&#8221; box_shadow_style=&#8221;preset4&#8243; box_shadow_color=&#8221;#F9B91D&#8221;][\/et_pb_button][\/et_pb_column][\/et_pb_row][et_pb_row _builder_version=&#8221;4.9.4&#8243; _module_preset=&#8221;b8b2270b-f71e-4a15-a3ff-3a16e4fe87f5&#8243; custom_padding=&#8221;||0px|||&#8221;][et_pb_column type=&#8221;4_4&#8243; _builder_version=&#8221;4.9.4&#8243; _module_preset=&#8221;default&#8221;][et_pb_text _builder_version=&#8221;4.9.4&#8243; _module_preset=&#8221;default&#8221;][\/et_pb_text][et_pb_text _builder_version=&#8221;4.9.4&#8243; _module_preset=&#8221;87290259-4b7c-420f-94b4-055a3fc25617&#8243;]<\/p>\n<h2>Calend\u00e1rio de Provas e Exames Ensino Secund\u00e1rio \u2013 1.\u00aa fase<\/h2>\n<p>[\/et_pb_text][\/et_pb_column][\/et_pb_row][et_pb_row _builder_version=&#8221;4.9.4&#8243; _module_preset=&#8221;b8b2270b-f71e-4a15-a3ff-3a16e4fe87f5&#8243; custom_margin=&#8221;|242px||auto||&#8221;][et_pb_column type=&#8221;4_4&#8243; _builder_version=&#8221;4.9.4&#8243; _module_preset=&#8221;default&#8221;][et_pb_text _builder_version=&#8221;4.9.4&#8243; _module_preset=&#8221;5fe884f3-9316-4d97-af0b-91ad38fd78cd&#8221; min_height=&#8221;487px&#8221; custom_margin=&#8221;-16px|||||&#8221; custom_padding=&#8221;0px|||||&#8221;]<\/p>\n<p>&nbsp;<\/p>\n<table border=\"1\" style=\"border-collapse: collapse; width: 98.5018%; height: 492px;\" height=\"484\">\n<tbody>\n<tr>\n<td style=\"width: 66.6668%; text-align: center;\" colspan=\"4\">11.\u00ba Ano<\/td>\n<\/tr>\n<tr style=\"height: 60px;\">\n<td style=\"width: 16.6667%; height: 60px; text-align: center;\">16 de Junho<\/td>\n<td style=\"width: 16.6667%; height: 60px; text-align: center;\">17 de Junho<\/td>\n<td style=\"width: 16.6667%; height: 60px; text-align: center;\">18 de Junho<\/td>\n<td style=\"width: 16.6667%; height: 60px; text-align: center;\">19 de Junho<\/td>\n<\/tr>\n<tr>\n<td style=\"width: 16.6667%;\">\n<p style=\"text-align: center;\">14:00<\/p>\n<p style=\"text-align: center;\">Economia A (712)<\/p>\n<\/td>\n<td style=\"width: 16.6667%;\">\n<p style=\"text-align: center;\">9:30<\/p>\n<p style=\"text-align: center;\">Geometria Descritiva A<br \/>(708)<\/p>\n<p style=\"text-align: center;\">\n<\/td>\n<td style=\"width: 16.6667%;\">\n<p style=\"text-align: center;\">9:30<\/p>\n<p style=\"text-align: center;\">\u00a0Biologia e Geologia<br \/>(702)<\/p>\n<\/td>\n<td style=\"width: 16.6667%;\">\n<p style=\"text-align: center;\">9:30<\/p>\n<p style=\"text-align: center;\">Geografia A (719)<\/p>\n<p style=\"text-align: center;\">\n<\/td>\n<\/tr>\n<tr>\n<td style=\"width: 16.6667%;\">\n<p style=\"text-align: center;\">\n<\/td>\n<td style=\"width: 16.6667%;\">\n<p style=\"text-align: center;\">14:00<\/p>\n<p style=\"text-align: center;\">Espanhol (547)<\/p>\n<p style=\"text-align: center;\">Espanhol (847)<\/p>\n<p style=\"text-align: center;\">Franc\u00eas (517)<\/p>\n<p style=\"text-align: center;\">Italiano (849)<\/p>\n<p style=\"text-align: center;\">Latim (732)<\/p>\n<p style=\"text-align: center;\">Mandarim (848)<\/p>\n<p style=\"text-align: center;\">Alem\u00e3o (501)<\/p>\n<p style=\"text-align: center;\">\n<\/td>\n<td style=\"width: 16.6667%;\">\n<p style=\"text-align: center;\">\n<\/td>\n<td style=\"width: 16.6667%;\">\n<p style=\"text-align: center;\">\n<\/td>\n<\/tr>\n<\/tbody>\n<\/table>\n<p>&nbsp;<\/p>\n<p>[\/et_pb_text][et_pb_text _builder_version=&#8221;4.9.4&#8243; _module_preset=&#8221;5fe884f3-9316-4d97-af0b-91ad38fd78cd&#8221; min_height=&#8221;487px&#8221; custom_margin=&#8221;-16px|||||&#8221; custom_padding=&#8221;0px|||||&#8221;]<\/p>\n<p>&nbsp;<\/p>\n<table border=\"1\" style=\"border-collapse: collapse; width: 98.5018%; height: 492px;\" height=\"484\">\n<tbody>\n<tr>\n<td style=\"width: 66.6668%; text-align: center;\" colspan=\"4\">11.\u00ba Ano<\/td>\n<\/tr>\n<tr style=\"height: 60px;\">\n<td style=\"width: 16.6667%; height: 60px; text-align: center;\">22 de Junho<\/td>\n<td style=\"width: 16.6667%; height: 60px; text-align: center;\">23 de Junho<\/td>\n<td style=\"width: 16.6667%; height: 60px; text-align: center;\">25 de Junho<\/td>\n<td style=\"width: 16.6667%; height: 60px; text-align: center;\">26 de Junho<\/td>\n<\/tr>\n<tr>\n<td style=\"width: 16.6667%;\">\n<p style=\"text-align: center;\">9:30<\/p>\n<p style=\"text-align: center;\">Hist\u00f3ria B (723)<\/p>\n<p style=\"text-align: center;\">Hist\u00f3ria da Cultura<br \/>e das Artes (724)<\/p>\n<\/td>\n<td style=\"width: 16.6667%;\">\n<p style=\"text-align: center;\">9:30<\/p>\n<p style=\"text-align: center;\">Matem\u00e1tica B (735)<\/p>\n<p style=\"text-align: center;\">Matem\u00e1tica Aplicada<br \/>\u00e0s Ci\u00eancias Sociais<br \/>(835)<\/p>\n<\/td>\n<td style=\"width: 16.6667%;\">\n<p style=\"text-align: center;\">9:30<\/p>\n<p style=\"text-align: center;\">F\u00edsica e Qu\u00edmica A<br \/>(715)<\/p>\n<\/td>\n<td style=\"width: 16.6667%;\">\n<p style=\"text-align: center;\">14:00<\/p>\n<p style=\"text-align: center;\">Filosofia (714)<\/p>\n<p style=\"text-align: center;\">\n<\/td>\n<\/tr>\n<tr>\n<td style=\"width: 16.6667%;\">\n<p style=\"text-align: center;\">14:00<\/p>\n<p style=\"text-align: center;\">Literatura Portuguesa<br \/>(734)<\/p>\n<\/td>\n<td style=\"width: 16.6667%;\">\n<p style=\"text-align: center;\">14:00<\/p>\n<p style=\"text-align: center;\">Ingl\u00eas (550)<\/p>\n<p style=\"text-align: center;\">\n<\/td>\n<td style=\"width: 16.6667%;\">\n<p style=\"text-align: center;\">\n<\/td>\n<td style=\"width: 16.6667%;\">\n<p style=\"text-align: center;\">\n<\/td>\n<\/tr>\n<\/tbody>\n<\/table>\n<p>&nbsp;<\/p>\n<p>[\/et_pb_text][et_pb_text _builder_version=&#8221;4.9.4&#8243; _module_preset=&#8221;5fe884f3-9316-4d97-af0b-91ad38fd78cd&#8221; min_height=&#8221;487px&#8221; custom_margin=&#8221;-16px|||||&#8221; custom_padding=&#8221;0px|||||&#8221;]<\/p>\n<p>&nbsp;<\/p>\n<table border=\"1\" style=\"border-collapse: collapse; width: 98.5018%; height: 492px;\" height=\"484\">\n<tbody>\n<tr>\n<td style=\"width: 66.6668%; text-align: center;\" colspan=\"4\">12.\u00ba Ano<\/td>\n<\/tr>\n<tr style=\"height: 60px;\">\n<td style=\"width: 16.6667%; height: 60px; text-align: center;\">16 de Junho<\/td>\n<td style=\"width: 16.6667%; height: 60px; text-align: center;\">22 de Junho<\/td>\n<td style=\"width: 16.6667%; height: 60px; text-align: center;\">23 de Junho<\/td>\n<td style=\"width: 16.6667%; height: 60px; text-align: center;\">26 de Junho<\/td>\n<\/tr>\n<tr>\n<td style=\"width: 16.6667%;\">\n<p style=\"text-align: center;\">9:30<\/p>\n<p style=\"text-align: center;\">Portugu\u00eas (639)<\/p>\n<p style=\"text-align: center;\">Portugu\u00eas L\u00edngua<br \/>Segunda (138)<\/p>\n<p style=\"text-align: center;\">Portugu\u00eas L\u00edngua N\u00e3o<br \/>Materna (PLNM \u2014 839)<\/p>\n<\/td>\n<td style=\"width: 16.6667%;\">\n<p style=\"text-align: center;\">9:30<\/p>\n<p style=\"text-align: center;\">Hist\u00f3ria A (623)<\/p>\n<\/td>\n<td style=\"width: 16.6667%;\">\n<p style=\"text-align: center;\">9:30<\/p>\n<p style=\"text-align: center;\">Matem\u00e1tica A (635)<\/p>\n<\/td>\n<td style=\"width: 16.6667%;\">\n<p style=\"text-align: center;\">9:30<\/p>\n<p style=\"text-align: center;\">Desenho A (706)<\/p>\n<p style=\"text-align: center;\">\n<\/td>\n<\/tr>\n<\/tbody>\n<\/table>\n<p>&nbsp;<\/p>\n<p>[\/et_pb_text][et_pb_text _builder_version=&#8221;4.9.4&#8243; _module_preset=&#8221;87290259-4b7c-420f-94b4-055a3fc25617&#8243;]<\/p>\n<h2>Calend\u00e1rio de Provas e Exames 3.\u00ba CEB \u2013 1.\u00aa e 2.\u00aa fase<\/h2>\n<p>[\/et_pb_text][et_pb_text _builder_version=&#8221;4.9.4&#8243; _module_preset=&#8221;5fe884f3-9316-4d97-af0b-91ad38fd78cd&#8221; min_height=&#8221;487px&#8221; custom_padding=&#8221;33px|||||&#8221;]<\/p>\n<table border=\"1\" style=\"border-collapse: collapse; width: 98.5018%; height: 492px;\" height=\"484\">\n<tbody>\n<tr style=\"height: 60px;\">\n<td style=\"width: 16.6667%; height: 60px; text-align: center;\">17 de Junho<\/td>\n<td style=\"width: 16.6667%; height: 60px; text-align: center;\">22 de Junho<\/td>\n<td style=\"width: 16.6667%; height: 60px; text-align: center;\">16 de Julho<\/td>\n<td style=\"width: 16.6667%; height: 60px; text-align: center;\">20 de Julho<\/td>\n<\/tr>\n<tr>\n<td style=\"width: 16.6667%;\" rowspan=\"3\">\n<p style=\"text-align: center;\">9:30<\/p>\n<p style=\"text-align: center;\">Portugu\u00eas (91)<\/p>\n<p style=\"text-align: center;\">Portugu\u00eas L\u00edngua N\u00e3o Materna<br \/>(PLNM) \u2014 (93) (94)<\/p>\n<\/td>\n<td style=\"width: 16.6667%;\" rowspan=\"3\">\n<p style=\"text-align: center;\">9:30<\/p>\n<p style=\"text-align: center;\">Matem\u00e1tica (92)<\/p>\n<p style=\"text-align: center;\">\n<\/td>\n<td style=\"width: 16.6667%;\" rowspan=\"3\">\n<p style=\"text-align: center;\">9:30<\/p>\n<p style=\"text-align: center;\">Portugu\u00eas (91)<\/p>\n<p style=\"text-align: center;\">Portugu\u00eas L\u00edngua N\u00e3o Materna<br \/>(PLNM) \u2014 (93) (94)<\/p>\n<\/td>\n<td style=\"width: 16.6667%;\" rowspan=\"3\">\n<p style=\"text-align: center;\">9:30<\/p>\n<p style=\"text-align: center;\">Matem\u00e1tica (92)<\/p>\n<p style=\"text-align: center;\">\n<\/td>\n<\/tr>\n<tr><\/tr>\n<tr><\/tr>\n<\/tbody>\n<\/table>\n<p>&nbsp;<\/p>\n<p>[\/et_pb_text][et_pb_text _builder_version=&#8221;4.9.4&#8243; _module_preset=&#8221;87290259-4b7c-420f-94b4-055a3fc25617&#8243;]<\/p>\n<h2>Calend\u00e1rio de Provas <span>ModA<\/span><\/h2>\n<p>[\/et_pb_text][et_pb_text _builder_version=&#8221;4.9.4&#8243; _module_preset=&#8221;5fe884f3-9316-4d97-af0b-91ad38fd78cd&#8221; min_height=&#8221;487px&#8221; custom_padding=&#8221;33px|||||&#8221;]<\/p>\n<table border=\"1\" style=\"border-collapse: collapse; width: 98.5018%; height: 492px;\" height=\"484\">\n<tbody>\n<tr style=\"height: 60px;\">\n<td style=\"width: 16.6667%; height: 60px; text-align: center;\">De 27 de maio a 9 de Junho<\/td>\n<td style=\"width: 16.6667%; height: 60px; text-align: center;\">29 de maio<\/td>\n<td style=\"width: 16.6667%; height: 60px; text-align: center;\">2 de Junho<\/td>\n<\/tr>\n<tr style=\"height: 360px;\">\n<td style=\"width: 16.6667%; height: 432px;\">\n<p style=\"text-align: center;\"><strong><\/strong><\/p>\n<p style=\"text-align: center;\"><strong><\/strong><\/p>\n<p style=\"text-align: center;\"><strong><\/strong><\/p>\n<p style=\"text-align: center;\"><strong><\/strong><\/p>\n<p style=\"text-align: center;\"><strong>4.\u00ba Ano<\/strong><\/p>\n<p style=\"text-align: center;\">Educa\u00e7\u00e3o Art\u00edstica (47)<\/p>\n<p>&nbsp;<\/p>\n<p>&nbsp;<\/p>\n<\/td>\n<td style=\"width: 16.6667%; height: 432px;\">\n<p style=\"text-align: center;\"><strong>6.\u00ba Ano<\/strong><\/p>\n<p style=\"text-align: center;\">Ingl\u00eas (65)<\/p>\n<p style=\"text-align: center;\">\n<\/td>\n<td style=\"width: 16.6667%; height: 432px;\">\n<p style=\"text-align: center;\"><strong>4.\u00ba Ano<\/strong><\/p>\n<p style=\"text-align: center;\">Portugu\u00eas (41)<br \/>Portugu\u00eas L\u00edngua N\u00e3o Materna (PLNM) \u2014 n\u00edvel A2 (43)<br \/>Portugu\u00eas L\u00edngua N\u00e3o Materna (PLNM) \u2014 n\u00edvel B1 (46)<\/p>\n<p style=\"text-align: center;\">\n<\/td>\n<\/tr>\n<\/tbody>\n<\/table>\n<p>&nbsp;<\/p>\n<p>[\/et_pb_text][et_pb_text _builder_version=&#8221;4.9.4&#8243; _module_preset=&#8221;5fe884f3-9316-4d97-af0b-91ad38fd78cd&#8221; min_height=&#8221;487px&#8221; custom_padding=&#8221;33px|||||&#8221;]<\/p>\n<table border=\"1\" style=\"border-collapse: collapse; width: 98.5018%; height: 492px;\" height=\"484\">\n<tbody>\n<tr style=\"height: 60px;\">\n<td style=\"width: 16.6667%; height: 60px; text-align: center;\">3 de Junho<\/td>\n<td style=\"width: 16.6667%; height: 60px; text-align: center;\">5 de Junho<\/td>\n<td style=\"width: 16.6667%; height: 60px; text-align: center;\">8 de Junho<\/td>\n<\/tr>\n<tr style=\"height: 360px;\">\n<td style=\"width: 16.6667%; height: 432px;\">\n<p style=\"text-align: center;\"><strong><\/strong><\/p>\n<p style=\"text-align: center;\"><strong>6.\u00ba Ano<\/strong><\/p>\n<p style=\"text-align: center;\">\u00a0Portugu\u00eas (61)<br \/>Portugu\u00eas L\u00edngua N\u00e3o Materna (PLNM) \u2014 n\u00edvel A2 (63)<br \/>Portugu\u00eas L\u00edngua N\u00e3o Materna (PLNM) \u2014 n\u00edvel B1 (64)<\/p>\n<p>&nbsp;<\/p>\n<p>&nbsp;<\/p>\n<\/td>\n<td style=\"width: 16.6667%; height: 432px;\">\n<p style=\"text-align: center;\"><strong>4.\u00ba Ano<\/strong><\/p>\n<p style=\"text-align: center;\">Matem\u00e1tica (42)<\/p>\n<p style=\"text-align: center;\">\n<\/td>\n<td style=\"width: 16.6667%; height: 432px;\">\n<p style=\"text-align: center;\"><strong>6.\u00ba Ano<\/strong><\/p>\n<p style=\"text-align: center;\">Matem\u00e1tica (68)<\/p>\n<p style=\"text-align: center;\">\n<\/td>\n<\/tr>\n<\/tbody>\n<\/table>\n<p>&nbsp;<\/p>\n<p>[\/et_pb_text][et_pb_image src=&#8221;https:\/\/realcolegio.pt\/wp-content\/uploads\/2021\/06\/secundario.png&#8221; title_text=&#8221;secundario&#8221; align=&#8221;center&#8221; disabled_on=&#8221;on|on|on&#8221; _builder_version=&#8221;4.9.4&#8243; _module_preset=&#8221;default&#8221; disabled=&#8221;on&#8221;][\/et_pb_image][et_pb_image src=&#8221;https:\/\/realcolegio.pt\/wp-content\/uploads\/2021\/06\/secundario_2.png&#8221; title_text=&#8221;secundario_2&#8243; align=&#8221;center&#8221; disabled_on=&#8221;on|on|on&#8221; _builder_version=&#8221;4.9.4&#8243; _module_preset=&#8221;default&#8221; disabled=&#8221;on&#8221;][\/et_pb_image][et_pb_button button_url=&#8221;https:\/\/realcolegio.pt\/wp-content\/uploads\/2026\/01\/Despacho-n.o-14616-A.2025.pdf&#8221; button_text=&#8221;Despacho Normativo n.\u00ba 14616-A.2025&#8243; _builder_version=&#8221;4.9.4&#8243; _module_preset=&#8221;911c009c-5ece-4232-8a81-8b994527c470&#8243; box_shadow_horizontal__hover_enabled=&#8221;on|desktop&#8221;][\/et_pb_button][et_pb_button button_url=&#8221;https:\/\/realcolegio.pt\/wp-content\/uploads\/2026\/03\/Despacho-Normativo-n.3.2026.pdf&#8221; button_text=&#8221;Despacho Normativo n.\u00ba 3\/2026&#8243; _builder_version=&#8221;4.9.4&#8243; _module_preset=&#8221;911c009c-5ece-4232-8a81-8b994527c470&#8243; hover_enabled=&#8221;0&#8243; box_shadow_horizontal__hover_enabled=&#8221;on|desktop&#8221; sticky_enabled=&#8221;0&#8243;][\/et_pb_button][\/et_pb_column][\/et_pb_row][\/et_pb_section]<\/p>\n","protected":false},"excerpt":{"rendered":"<p>[et_pb_section fb_built=&#8221;1&#8243; _builder_version=&#8221;4.9.4&#8243; _module_preset=&#8221;default&#8221;][et_pb_row column_structure=&#8221;1_3,1_3,1_3&#8243; _builder_version=&#8221;4.9.4&#8243; _module_preset=&#8221;default&#8221;][et_pb_column type=&#8221;1_3&#8243; _builder_version=&#8221;4.9.4&#8243; _module_preset=&#8221;default&#8221;][et_pb_button button_text=&#8221;Provas ModA&#8221; button_alignment=&#8221;center&#8221; _builder_version=&#8221;4.9.4&#8243; _module_preset=&#8221;default&#8221; box_shadow_style=&#8221;preset4&#8243; box_shadow_color=&#8221;#F9B91D&#8221;][\/et_pb_button][\/et_pb_column][et_pb_column type=&#8221;1_3&#8243; _builder_version=&#8221;4.9.4&#8243; _module_preset=&#8221;default&#8221;][et_pb_button button_text=&#8221;Exames Finais | 3.\u00ba Ciclo Ensino B\u00e1sico&#8221; button_alignment=&#8221;center&#8221; _builder_version=&#8221;4.9.4&#8243; _module_preset=&#8221;default&#8221; box_shadow_style=&#8221;preset4&#8243; box_shadow_color=&#8221;#F9B91D&#8221;][\/et_pb_button][\/et_pb_column][et_pb_column type=&#8221;1_3&#8243; _builder_version=&#8221;4.9.4&#8243; _module_preset=&#8221;default&#8221;][et_pb_button button_text=&#8221;Exames Finais | Ensino Secund\u00e1rio&#8221; button_alignment=&#8221;center&#8221; _builder_version=&#8221;4.9.4&#8243; _module_preset=&#8221;default&#8221; box_shadow_style=&#8221;preset4&#8243; box_shadow_color=&#8221;#F9B91D&#8221;][\/et_pb_button][\/et_pb_column][\/et_pb_row][et_pb_row _builder_version=&#8221;4.9.4&#8243; _module_preset=&#8221;b8b2270b-f71e-4a15-a3ff-3a16e4fe87f5&#8243; custom_padding=&#8221;||0px|||&#8221;][et_pb_column type=&#8221;4_4&#8243; _builder_version=&#8221;4.9.4&#8243; _module_preset=&#8221;default&#8221;][et_pb_text _builder_version=&#8221;4.9.4&#8243; _module_preset=&#8221;default&#8221;][\/et_pb_text][et_pb_text _builder_version=&#8221;4.9.4&#8243; _module_preset=&#8221;87290259-4b7c-420f-94b4-055a3fc25617&#8243;] [&hellip;]<\/p>\n","protected":false},"author":1,"featured_media":1358,"parent":81,"menu_order":0,"comment_status":"closed","ping_status":"closed","template":"","meta":{"_acf_changed":false,"_et_pb_use_builder":"on","_et_pb_old_content":"","_et_gb_content_width":"","footnotes":""},"class_list":["post-408","page","type-page","status-publish","has-post-thumbnail","hentry"],"acf":[],"_links":{"self":[{"href":"https:\/\/realcolegio.pt\/en\/wp-json\/wp\/v2\/pages\/408","targetHints":{"allow":["GET"]}}],"collection":[{"href":"https:\/\/realcolegio.pt\/en\/wp-json\/wp\/v2\/pages"}],"about":[{"href":"https:\/\/realcolegio.pt\/en\/wp-json\/wp\/v2\/types\/page"}],"author":[{"embeddable":true,"href":"https:\/\/realcolegio.pt\/en\/wp-json\/wp\/v2\/users\/1"}],"replies":[{"embeddable":true,"href":"https:\/\/realcolegio.pt\/en\/wp-json\/wp\/v2\/comments?post=408"}],"version-history":[{"count":37,"href":"https:\/\/realcolegio.pt\/en\/wp-json\/wp\/v2\/pages\/408\/revisions"}],"predecessor-version":[{"id":7353,"href":"https:\/\/realcolegio.pt\/en\/wp-json\/wp\/v2\/pages\/408\/revisions\/7353"}],"up":[{"embeddable":true,"href":"https:\/\/realcolegio.pt\/en\/wp-json\/wp\/v2\/pages\/81"}],"wp:featuredmedia":[{"embeddable":true,"href":"https:\/\/realcolegio.pt\/en\/wp-json\/wp\/v2\/media\/1358"}],"wp:attachment":[{"href":"https:\/\/realcolegio.pt\/en\/wp-json\/wp\/v2\/media?parent=408"}],"curies":[{"name":"wp","href":"https:\/\/api.w.org\/{rel}","templated":true}]}}