{"id":406,"date":"2021-06-15T10:17:28","date_gmt":"2021-06-15T10:17:28","guid":{"rendered":"https:\/\/rcp.blatstudio.com\/?page_id=406"},"modified":"2025-07-11T14:51:58","modified_gmt":"2025-07-11T13:51:58","slug":"calendario-escolar","status":"publish","type":"page","link":"https:\/\/realcolegio.pt\/en\/alunos\/calendario-escolar\/","title":{"rendered":"Calend\u00e1rio Escolar"},"content":{"rendered":"<p>[et_pb_section fb_built=&#8221;1&#8243; _builder_version=&#8221;4.9.4&#8243; _module_preset=&#8221;default&#8221; background_color=&#8221;#F9B91D&#8221;][et_pb_row _builder_version=&#8221;4.9.4&#8243; _module_preset=&#8221;b8b2270b-f71e-4a15-a3ff-3a16e4fe87f5&#8243;][et_pb_column type=&#8221;4_4&#8243; _builder_version=&#8221;4.9.4&#8243; _module_preset=&#8221;default&#8221;][et_pb_text _builder_version=&#8221;4.9.4&#8243; _module_preset=&#8221;87290259-4b7c-420f-94b4-055a3fc25617&#8243; background_color=&#8221;#FFFFFF&#8221; custom_margin=&#8221;0px||1rem||false|false&#8221;]<\/p>\n<h2>Calend\u00e1rio escolar 2025-2026 | Per\u00edodos Letivos<\/h2>\n<p>[\/et_pb_text][et_pb_text _builder_version=&#8221;4.9.4&#8243; _module_preset=&#8221;1e6ba128-6d31-448a-b1c2-885d522b30fc&#8221; animation_style=&#8221;slide&#8221; box_shadow_color=&#8221;#042D45&#8243;]<\/p>\n<table style=\"border-collapse: collapse; width: 100%;\" border=\"1\">\n<tbody>\n<tr>\n<td style=\"width: 7.72889%;\">Periodos letivos<\/td>\n<td style=\"width: 50%;\">In\u00edcio<\/td>\n<td style=\"width: 50%;\">Fim<\/td>\n<\/tr>\n<tr>\n<td style=\"width: 7.72889%;\">1.\u00ba<\/td>\n<td style=\"width: 50%;\">11 de setembro de 2025<\/td>\n<td style=\"width: 50%;\">16 de dezembro de 2025<\/td>\n<\/tr>\n<tr>\n<td style=\"width: 7.72889%;\">2.\u00ba<\/td>\n<td style=\"width: 50%;\">05 de janeiro de 2026<\/td>\n<td style=\"width: 50%;\">27 de mar\u00e7o de 2026<\/td>\n<\/tr>\n<tr>\n<td style=\"width: 7.72889%;\">3.\u00ba<\/td>\n<td style=\"width: 50%;\">13 de abril de 2026<\/td>\n<td style=\"width: 50%;\">05 de junho de 2026 &#8211; 9.\u00ba, 11.\u00ba e 12.\u00ba anos de escolaridade*<br \/>\n12 de junho de 2026 &#8211; 5.\u00ba, 6.\u00ba, 7.\u00ba, 8.\u00ba e 10.\u00ba anos de escolaridade<br \/>\n30 de junho de 2026 &#8211; educa\u00e7\u00e3o pr\u00e9-escolar e 1.\u00ba\u00a0 ciclo do ensino b\u00e1sico*<\/td>\n<\/tr>\n<\/tbody>\n<\/table>\n<p>[\/et_pb_text][\/et_pb_column][\/et_pb_row][\/et_pb_section][et_pb_section fb_built=&#8221;1&#8243; _builder_version=&#8221;4.9.4&#8243; _module_preset=&#8221;default&#8221;][et_pb_row _builder_version=&#8221;4.9.4&#8243; _module_preset=&#8221;b8b2270b-f71e-4a15-a3ff-3a16e4fe87f5&#8243;][et_pb_column type=&#8221;4_4&#8243; _builder_version=&#8221;4.9.4&#8243; _module_preset=&#8221;default&#8221;][et_pb_text _builder_version=&#8221;4.9.4&#8243; _module_preset=&#8221;87290259-4b7c-420f-94b4-055a3fc25617&#8243; custom_margin=&#8221;0px||1rem||false|false&#8221;]<\/p>\n<h2>Pausas Letivas<\/h2>\n<p>[\/et_pb_text][et_pb_text _builder_version=&#8221;4.9.4&#8243; _module_preset=&#8221;1e6ba128-6d31-448a-b1c2-885d522b30fc&#8221; animation_style=&#8221;fade&#8221; box_shadow_color=&#8221;#042D45&#8243;]<\/p>\n<table style=\"border-collapse: collapse; width: 100%;\" border=\"1\">\n<tbody>\n<tr>\n<td style=\"width: 7.29801%;\">Pausas letivas<\/td>\n<td style=\"width: 55.0682%;\">In\u00edcio<\/td>\n<td style=\"width: 50%;\">Fim<\/td>\n<\/tr>\n<tr>\n<td style=\"width: 7.29801%;\">1.\u00ba<\/td>\n<td style=\"width: 55.0682%;\">17 de dezembro de 2025<\/td>\n<td style=\"width: 50%;\">5 de janeiro de 2026<\/td>\n<\/tr>\n<tr>\n<td style=\"width: 7.29801%;\">2.\u00ba<\/td>\n<td style=\"width: 55.0682%;\">16 de fevereiro de 2026<\/td>\n<td style=\"width: 50%;\">18 de fevereiro de 2026<\/td>\n<\/tr>\n<tr>\n<td style=\"width: 7.29801%;\">3.\u00ba<\/td>\n<td style=\"width: 55.0682%;\">30 de mar\u00e7o 2026<\/td>\n<td style=\"width: 50%;\">10 de abril de 2026<\/td>\n<\/tr>\n<\/tbody>\n<\/table>\n<p>[\/et_pb_text][et_pb_button button_url=&#8221;https:\/\/realcolegio.pt\/wp-content\/uploads\/2025\/07\/Calendario-Escolar_25_26.pdf&#8221; url_new_window=&#8221;on&#8221; button_text=&#8221;Consulte o Documento Oficial&#8221; _builder_version=&#8221;4.9.4&#8243; _module_preset=&#8221;911c009c-5ece-4232-8a81-8b994527c470&#8243; hover_enabled=&#8221;0&#8243; sticky_enabled=&#8221;0&#8243;][\/et_pb_button][\/et_pb_column][\/et_pb_row][\/et_pb_section]<\/p>\n","protected":false},"excerpt":{"rendered":"<p>[et_pb_section fb_built=&#8221;1&#8243; _builder_version=&#8221;4.9.4&#8243; _module_preset=&#8221;default&#8221; background_color=&#8221;#F9B91D&#8221;][et_pb_row _builder_version=&#8221;4.9.4&#8243; _module_preset=&#8221;b8b2270b-f71e-4a15-a3ff-3a16e4fe87f5&#8243;][et_pb_column type=&#8221;4_4&#8243; _builder_version=&#8221;4.9.4&#8243; _module_preset=&#8221;default&#8221;][et_pb_text _builder_version=&#8221;4.9.4&#8243; _module_preset=&#8221;87290259-4b7c-420f-94b4-055a3fc25617&#8243; background_color=&#8221;#FFFFFF&#8221; custom_margin=&#8221;0px||1rem||false|false&#8221;] Calend\u00e1rio escolar 2025-2026 | Per\u00edodos Letivos [\/et_pb_text][et_pb_text _builder_version=&#8221;4.9.4&#8243; _module_preset=&#8221;1e6ba128-6d31-448a-b1c2-885d522b30fc&#8221; animation_style=&#8221;slide&#8221; box_shadow_color=&#8221;#042D45&#8243;] Periodos letivos In\u00edcio Fim 1.\u00ba 11 de setembro de 2025 16 de dezembro de 2025 2.\u00ba 05 de janeiro de 2026 27 de mar\u00e7o de 2026 3.\u00ba 13 de abril [&hellip;]<\/p>\n","protected":false},"author":1,"featured_media":1301,"parent":81,"menu_order":0,"comment_status":"closed","ping_status":"closed","template":"","meta":{"_acf_changed":false,"_et_pb_use_builder":"on","_et_pb_old_content":"","_et_gb_content_width":"","footnotes":""},"class_list":["post-406","page","type-page","status-publish","has-post-thumbnail","hentry"],"acf":[],"_links":{"self":[{"href":"https:\/\/realcolegio.pt\/en\/wp-json\/wp\/v2\/pages\/406","targetHints":{"allow":["GET"]}}],"collection":[{"href":"https:\/\/realcolegio.pt\/en\/wp-json\/wp\/v2\/pages"}],"about":[{"href":"https:\/\/realcolegio.pt\/en\/wp-json\/wp\/v2\/types\/page"}],"author":[{"embeddable":true,"href":"https:\/\/realcolegio.pt\/en\/wp-json\/wp\/v2\/users\/1"}],"replies":[{"embeddable":true,"href":"https:\/\/realcolegio.pt\/en\/wp-json\/wp\/v2\/comments?post=406"}],"version-history":[{"count":36,"href":"https:\/\/realcolegio.pt\/en\/wp-json\/wp\/v2\/pages\/406\/revisions"}],"predecessor-version":[{"id":6163,"href":"https:\/\/realcolegio.pt\/en\/wp-json\/wp\/v2\/pages\/406\/revisions\/6163"}],"up":[{"embeddable":true,"href":"https:\/\/realcolegio.pt\/en\/wp-json\/wp\/v2\/pages\/81"}],"wp:featuredmedia":[{"embeddable":true,"href":"https:\/\/realcolegio.pt\/en\/wp-json\/wp\/v2\/media\/1301"}],"wp:attachment":[{"href":"https:\/\/realcolegio.pt\/en\/wp-json\/wp\/v2\/media?parent=406"}],"curies":[{"name":"wp","href":"https:\/\/api.w.org\/{rel}","templated":true}]}}