{"id":400,"date":"2021-06-15T10:07:14","date_gmt":"2021-06-15T10:07:14","guid":{"rendered":"https:\/\/rcp.blatstudio.com\/?page_id=400"},"modified":"2024-05-07T12:01:35","modified_gmt":"2024-05-07T11:01:35","slug":"diploma-dual","status":"publish","type":"page","link":"https:\/\/realcolegio.pt\/en\/oferta-formativa\/diploma-dual\/","title":{"rendered":"Diploma Dual"},"content":{"rendered":"<p>[et_pb_section fb_built=&#8221;1&#8243; _builder_version=&#8221;4.9.4&#8243; _module_preset=&#8221;default&#8221;][et_pb_row _builder_version=&#8221;4.9.4&#8243; _module_preset=&#8221;b8b2270b-f71e-4a15-a3ff-3a16e4fe87f5&#8243; hover_enabled=&#8221;0&#8243; sticky_enabled=&#8221;0&#8243;][et_pb_column type=&#8221;4_4&#8243; _builder_version=&#8221;4.9.4&#8243; _module_preset=&#8221;default&#8221;][et_pb_text _builder_version=&#8221;4.9.4&#8243; _module_preset=&#8221;default&#8221; text_text_color=&#8221;#F9B91D&#8221; header_3_font=&#8221;|800||on|||||&#8221; header_3_text_color=&#8221;#F9B91D&#8221; header_3_font_size=&#8221;29px&#8221; text_orientation=&#8221;center&#8221; custom_margin=&#8221;4rem||3rem||false|false&#8221;]<\/p>\n<h3>O Real Col\u00e9gio de Portugal foi uma das primeiras escolas em Portugal a promover o \u201cDual Diploma\u201d<\/h3>\n<p>[\/et_pb_text][et_pb_text _builder_version=&#8221;4.9.4&#8243; _module_preset=&#8221;87290259-4b7c-420f-94b4-055a3fc25617&#8243; custom_margin=&#8221;0px||1rem||false|false&#8221;]<\/p>\n<h2><strong>1. PORQUE DEVES INSCREVER-TE NESTE PROGRAMA?<\/strong><\/h2>\n<p>[\/et_pb_text][et_pb_text _builder_version=&#8221;4.9.4&#8243; _module_preset=&#8221;default&#8221; hover_enabled=&#8221;0&#8243; sticky_enabled=&#8221;0&#8243;]<\/p>\n<p>Com o objectivo de aprofundar e potenciar o multilinguismo\u00a0 estabelecemos um conv\u00e9nio com a Academica Corporation, a principal institui\u00e7\u00e3o de gest\u00e3o educativa nos Estados Unidos e l\u00edder em educa\u00e7\u00e3o virtual, com mais de 200 col\u00e9gios, mais de 100.000 alunos presenciais e 15.000 alunos virtuais.<\/p>\n<p>A Academica \u00e9 a criadora do programa internacional de dupla certifica\u00e7\u00e3o \u201cDiploma DUAL\u201d ao qual poder\u00e3o aceder os nossos alunos a partir do ano letivo 2020-2021.<\/p>\n<p>Gra\u00e7as a este programa os alunos do 8.\u00ba, 9.\u00ba , 10.\u00ba e 11.\u00ba ano poder\u00e3o estar matriculados no col\u00e9gio e simultaneamente num High School nos EUA, frequentando os dois curr\u00edculos ao mesmo tempo.<\/p>\n<p>O programa realiza-se 100% online. Os alunos dever\u00e3o frequentar um total de 6 cr\u00e9ditos norte-Americanos que juntamente com as equival\u00eancias dos seus estudos no col\u00e9gios, lhe permitir\u00e1 alcan\u00e7ar, para al\u00e9m do Ensino Secund\u00e1rio Portugu\u00eas, o diploma norte-Americano de \u201cHigh School\u201d.<\/p>\n<p>S\u00e3o muitos os valores e as vantagens que oferece o Programa Diploma DUAL aos alunos, real\u00e7ando tr\u00eas objetivos principais:<\/p>\n<ul>\n<li><strong>Imers\u00e3o Lingu\u00edstica:<\/strong> o programa realiza-se inteiramente em Ingl\u00eas a partir do primeiro momento, e oferece um contato constante e direto com os Estados Unidos<\/li>\n<li><strong>Imers\u00e3o Tecnol\u00f3gica:<\/strong> 100% Online, permite aos alunos trabalhar e desenvolver-se num entorno totalmente digital<\/li>\n<li><strong>Imers\u00e3o Pessoal:<\/strong> favorece um grande n\u00edvel de autonomia, responsabilidade e maturidade no trabalho.<\/li>\n<\/ul>\n<p>Para conhecer todos os detalhes sobre o programa Diploma Dual pode aceder a <a href=\"http:\/\/www.academica.school\" rel=\"noopener\">www.academica.school<\/a><\/p>\n<p>Aproveitamos ainda para deixar alguns v\u00eddeos com testemunhos de alunos, professores, fam\u00edlias, e tamb\u00e9m v\u00eddeos informativos realizados por alunos do Diploma DUAL (todos eles de Espanha onde este programa j\u00e1 est\u00e1 implementado desde 2009):<\/p>\n<p>[\/et_pb_text][\/et_pb_column][\/et_pb_row][\/et_pb_section][et_pb_section fb_built=&#8221;1&#8243; _builder_version=&#8221;4.9.4&#8243; _module_preset=&#8221;default&#8221; background_color=&#8221;#F9B91D&#8221;][et_pb_row column_structure=&#8221;1_2,1_2&#8243; _builder_version=&#8221;4.9.4&#8243; _module_preset=&#8221;default&#8221;][et_pb_column type=&#8221;1_2&#8243; _builder_version=&#8221;4.9.4&#8243; _module_preset=&#8221;default&#8221;][et_pb_video src=&#8221;https:\/\/www.youtube.com\/watch?v=kB9yb2vXu1Q&#8221; _builder_version=&#8221;4.9.4&#8243; _module_preset=&#8221;default&#8221;][\/et_pb_video][et_pb_video src=&#8221;https:\/\/www.youtube.com\/watch?v=_o8QgwTXNGM&#8221; _builder_version=&#8221;4.9.4&#8243; _module_preset=&#8221;default&#8221;][\/et_pb_video][\/et_pb_column][et_pb_column type=&#8221;1_2&#8243; _builder_version=&#8221;4.9.4&#8243; _module_preset=&#8221;default&#8221;][et_pb_video src=&#8221;https:\/\/www.youtube.com\/watch?v=OqmOEvzIDh4&#8243; _builder_version=&#8221;4.9.4&#8243; _module_preset=&#8221;default&#8221;][\/et_pb_video][et_pb_video src=&#8221;https:\/\/www.youtube.com\/watch?v=rK0L0XfZldo&#8221; _builder_version=&#8221;4.9.4&#8243; _module_preset=&#8221;default&#8221;][\/et_pb_video][\/et_pb_column][\/et_pb_row][\/et_pb_section][et_pb_section fb_built=&#8221;1&#8243; _builder_version=&#8221;4.9.4&#8243; _module_preset=&#8221;default&#8221;][et_pb_row _builder_version=&#8221;4.9.4&#8243; _module_preset=&#8221;b8b2270b-f71e-4a15-a3ff-3a16e4fe87f5&#8243;][et_pb_column type=&#8221;4_4&#8243; _builder_version=&#8221;4.9.4&#8243; _module_preset=&#8221;default&#8221;][et_pb_text _builder_version=&#8221;4.9.4&#8243; _module_preset=&#8221;87290259-4b7c-420f-94b4-055a3fc25617&#8243; custom_margin=&#8221;0px||1rem||false|false&#8221;]<\/p>\n<h2>2. CONDI\u00c7\u00d5ES ECON\u00d3MICAS:<\/h2>\n<p>[\/et_pb_text][et_pb_text _builder_version=&#8221;4.9.4&#8243; _module_preset=&#8221;default&#8221;]<\/p>\n<h5>1. Condi\u00e7\u00f5es Econ\u00f3micas Oficiais do Programa Diploma DUAL<\/h5>\n<p>[\/et_pb_text][et_pb_text _builder_version=&#8221;4.9.4&#8243; _module_preset=&#8221;1e6ba128-6d31-448a-b1c2-885d522b30fc&#8221;]<\/p>\n<table class=\"ntabela\" style=\"font-size: 16px;\" width=\"100%\">\n<tbody>\n<tr>\n<td width=\"60%\">\u00a0ANOS DO PROGRAMA<\/td>\n<td width=\"15%\">\u00a02 ANOS<\/td>\n<td width=\"15%\">\u00a03 ANOS<\/td>\n<td width=\"15%\">\u00a04 ANOS<\/td>\n<\/tr>\n<tr>\n<td>\u00a0Taxas de Inscri\u00e7\u00e3o e Taxas Tecnol\u00f3gicas Anuais<\/td>\n<td>\u00a0380,00 \u20ac<\/td>\n<td>\u00a0380,00 \u20ac<\/td>\n<td>\u00a0380,00 \u20ac<\/td>\n<\/tr>\n<tr>\n<td>\u00a0Valor Anual segundo anos do Programa<\/td>\n<td>\u00a02.114,00 \u20ac<\/td>\n<td>\u00a01.605,00 \u20ac<\/td>\n<td>\u00a01.350,00 \u20ac<\/td>\n<\/tr>\n<tr>\n<td>\u00a0TOTAL Anual ao Aluno<\/td>\n<td>\u00a02.494,00 \u20ac<\/td>\n<td>\u00a01.985,00 \u20ac<\/td>\n<td>\u00a01.730,00 \u20ac<\/td>\n<\/tr>\n<\/tbody>\n<\/table>\n<p>[\/et_pb_text][et_pb_text _builder_version=&#8221;4.9.4&#8243; _module_preset=&#8221;default&#8221;]<\/p>\n<h5>2. Condi\u00e7\u00f5es Econ\u00f3micas do Programa Diploma DUAL\u00a0 &#8211; Real Col\u00e9gio de Portugal<\/h5>\n<p>[\/et_pb_text][et_pb_text _builder_version=&#8221;4.9.4&#8243; _module_preset=&#8221;1e6ba128-6d31-448a-b1c2-885d522b30fc&#8221;]<\/p>\n<table class=\"ntabela\" style=\"font-size: 16px;\" width=\"100%\">\n<tbody>\n<tr>\n<td width=\"60%\">\u00a0\u00a0ANOS DO PROGRAMA<\/td>\n<td width=\"15%\">\u00a0\u00a02 ANOS<\/td>\n<td width=\"15%\">\u00a0\u00a03 ANOS<\/td>\n<td width=\"15%\">\u00a0\u00a04 ANOS<\/td>\n<\/tr>\n<tr>\n<td>\u00a0\u00a0Taxas de Inscri\u00e7\u00e3o e Taxas Tecnol\u00f3gicas Anuais<\/td>\n<td>\u00a0\u00a0290,00 \u20ac<\/td>\n<td>\u00a0\u00a0290,00 \u20ac<\/td>\n<td>\u00a0\u00a0290,00 \u20ac<\/td>\n<\/tr>\n<tr>\n<td>\u00a0Valor Anual segundo anos do Programa<\/td>\n<td>\u00a01.754,00 \u20ac<\/td>\n<td>\u00a0\u00a01.245,00 \u20ac<\/td>\n<td>\u00a0990,00 \u20ac<\/td>\n<\/tr>\n<tr>\n<td>\u00a0Valor Anual dividido em 10 Mensalidades (Set. &#8211; Junh.)<\/td>\n<td>\u00a0\u00a0175,40 \u20ac<\/td>\n<td>\u00a0\u00a0124,50 \u20ac<\/td>\n<td>\u00a0\u00a099,00 \u20ac<\/td>\n<\/tr>\n<\/tbody>\n<\/table>\n<p>[\/et_pb_text][et_pb_text _builder_version=&#8221;4.9.4&#8243; _module_preset=&#8221;default&#8221; text_font_size=&#8221;13px&#8221; text_line_height=&#8221;1.5em&#8221;]<strong>Normas de Pagamento e Cancelamento<\/strong><\/p>\n<p>Este acordo de inscri\u00e7\u00e3o pode-se cancelar dentro do prazo de cinco dias uteis desde a ativa\u00e7\u00e3o do ano letivo, sempre que o dito cancelamento seja notificado por escrito ao Diretor de Programa e a\u00a0<span id=\"cloak4658\"><a href=\"mailto:cancelar@academica.school\">cancelar@academica.school<\/a><\/span>. Se o referido cancelamento se realiza corretamente, o col\u00e9gio reembolsar\u00e1 integralmente todos os gastos de inscri\u00e7\u00e3o e taxas pagas, segundo o acordo de inscri\u00e7\u00e3o, e o reembolso efectuar-se-\u00e1 dentro do prazo de trinta dias seguintes ao pedido de cancelamento. Esta condi\u00e7\u00e3o n\u00e3o se levar\u00e1 a cabo se o aluno j\u00e1 tiver iniciado as aulas ou utilizado as plataformas. Da mesma forma, um aluno poder\u00e1 tamb\u00e9m solicitar o cancelamento para o segundo semestre do ano letivo que estiver a realizar, cinco dias uteis antes do in\u00edcio do mesmo, notificando por escrito a\u00a0<span id=\"cloak54102\"><a href=\"mailto:cancelar@academica.school\">cancelar@academica.school<\/a><\/span>\u00a0e nesse caso o col\u00e9gio reembolsar\u00e1 os valores faturados correspondentes ao segundo semestre do ano. A Academica fatura ao col\u00e9gio os totais correspondentes \u00e0s taxas de inscri\u00e7\u00e3o e taxas tecnol\u00f3gicas no m\u00eas de Junho, o primeiro semestre nos in\u00edcio de Setembro e o segundo semestre no in\u00edcio de Janeiro. A Academica devolver\u00e1 os valores faturados ao Col\u00e9gio correspondentes aos pedidos de cancelamento realizados corretamente e dentro dos prazos estabelecidos. As condi\u00e7\u00f5es econ\u00f3micas, fatura\u00e7\u00e3o, facilidades ou condi\u00e7\u00f5es de pagamento aqui estabelecidas pelo Col\u00e9gio aos seus alunos n\u00e3o substituem as condi\u00e7\u00f5es e prazos de pagamento do Col\u00e9gio \u00e0 Academica. O Col\u00e9gio faturar\u00e1 ao aluno as taxas no m\u00eas de Julho. O valor anual ser\u00e1 dividido em 10 mensalidades de Setembro a Junho. Em caso de cancelamento o aluno compromete-se a liquidar as mensalidades correspondentes at\u00e9 estar integralmente pago o semestre em que se solicite o cancelamento. Para poder beneficiar das vantagens nas condi\u00e7\u00f5es e prazos oferecidos pelo Col\u00e9gio, o aluno ter\u00e1 que ter em dia todos os pagamentos de mensalidades ao Col\u00e9gio.[\/et_pb_text][et_pb_text _builder_version=&#8221;4.9.4&#8243; _module_preset=&#8221;87290259-4b7c-420f-94b4-055a3fc25617&#8243; custom_margin=&#8221;0px||1rem||false|false&#8221;]<\/p>\n<h2><strong>3. Normas de Inscri\u00e7\u00e3o<\/strong><\/h2>\n<p>[\/et_pb_text][et_pb_text _builder_version=&#8221;4.9.4&#8243; _module_preset=&#8221;default&#8221;]<\/p>\n<p>Caso esteja interessado (a) em efetuar a inscri\u00e7\u00e3o do seu educando (a) no Programa Diploma DUAL, dever\u00e1 seguir os seguintes passos:<\/p>\n<ol>\n<li>Efetuar o Registo Online obrigat\u00f3rio em<a href=\"https:\/\/www.academicaschools.es\/inscripcion\/pt\" rel=\"noopener\"> DIPLOMA BACHILLERATO DUAL INTERNACIONAL &#8211; Acordo de inscri\u00e7\u00e3o<\/a> (ap\u00f3s realizar o registo online, chegar-lhe-\u00e1 um email da Academia com o documento de confirma\u00e7\u00e3o oficial de inscri\u00e7\u00e3o online) e;<\/li>\n<li>Enviar o Formul\u00e1rio de Inscri\u00e7\u00e3o Diploma DUAL, <a href=\"https:\/\/realcolegio.pt\/wp-content\/uploads\/2023\/05\/23_24_ColegioRCP_Condicoes_Economicas_do_Colegio_as_familias.pdf\">dispon\u00edvel aqui<\/a>, devidamente assinado, para os Servi\u00e7os de Administra\u00e7\u00e3o Escolar (catia.joao@realcolegio.pt) .<\/li>\n<li>Consulte ainda o nosso <a href=\"https:\/\/realcolegio.pt\/wp-content\/uploads\/2021\/07\/20210204101422-AISStudentParentHandbookPortuguese_PT.pdf\">Manual para Pais e Alunos<\/a> para que perceba como todo o Programa se ir\u00e1 processar.<\/li>\n<\/ol>\n<p>[\/et_pb_text][et_pb_text _builder_version=&#8221;4.9.4&#8243; _module_preset=&#8221;default&#8221; text_font_size=&#8221;13px&#8221; text_line_height=&#8221;1.5em&#8221;]*O Formul\u00e1rio de inscri\u00e7\u00e3o Diploma DUAL e a ficha de inscri\u00e7\u00e3o que receber\u00e1 ao realizar o registo online, t\u00eam que ser assinados e entregues \/ enviados nos Servi\u00e7os de Administra\u00e7\u00e3o Escolar.[\/et_pb_text][\/et_pb_column][\/et_pb_row][\/et_pb_section]<\/p>\n","protected":false},"excerpt":{"rendered":"<p>[et_pb_section fb_built=&#8221;1&#8243; _builder_version=&#8221;4.9.4&#8243; _module_preset=&#8221;default&#8221;][et_pb_row _builder_version=&#8221;4.9.4&#8243; _module_preset=&#8221;b8b2270b-f71e-4a15-a3ff-3a16e4fe87f5&#8243; hover_enabled=&#8221;0&#8243; sticky_enabled=&#8221;0&#8243;][et_pb_column type=&#8221;4_4&#8243; _builder_version=&#8221;4.9.4&#8243; _module_preset=&#8221;default&#8221;][et_pb_text _builder_version=&#8221;4.9.4&#8243; _module_preset=&#8221;default&#8221; text_text_color=&#8221;#F9B91D&#8221; header_3_font=&#8221;|800||on|||||&#8221; header_3_text_color=&#8221;#F9B91D&#8221; header_3_font_size=&#8221;29px&#8221; text_orientation=&#8221;center&#8221; custom_margin=&#8221;4rem||3rem||false|false&#8221;] O Real Col\u00e9gio de Portugal foi uma das primeiras escolas em Portugal a promover o \u201cDual Diploma\u201d [\/et_pb_text][et_pb_text _builder_version=&#8221;4.9.4&#8243; _module_preset=&#8221;87290259-4b7c-420f-94b4-055a3fc25617&#8243; custom_margin=&#8221;0px||1rem||false|false&#8221;] 1. PORQUE DEVES INSCREVER-TE NESTE PROGRAMA? [\/et_pb_text][et_pb_text _builder_version=&#8221;4.9.4&#8243; _module_preset=&#8221;default&#8221; hover_enabled=&#8221;0&#8243; sticky_enabled=&#8221;0&#8243;] Com o objectivo de [&hellip;]<\/p>\n","protected":false},"author":1,"featured_media":1250,"parent":77,"menu_order":0,"comment_status":"closed","ping_status":"closed","template":"","meta":{"_acf_changed":false,"_et_pb_use_builder":"on","_et_pb_old_content":"<!-- wp:divi\/placeholder \/-->","_et_gb_content_width":"","footnotes":""},"class_list":["post-400","page","type-page","status-publish","has-post-thumbnail","hentry"],"acf":[],"_links":{"self":[{"href":"https:\/\/realcolegio.pt\/en\/wp-json\/wp\/v2\/pages\/400","targetHints":{"allow":["GET"]}}],"collection":[{"href":"https:\/\/realcolegio.pt\/en\/wp-json\/wp\/v2\/pages"}],"about":[{"href":"https:\/\/realcolegio.pt\/en\/wp-json\/wp\/v2\/types\/page"}],"author":[{"embeddable":true,"href":"https:\/\/realcolegio.pt\/en\/wp-json\/wp\/v2\/users\/1"}],"replies":[{"embeddable":true,"href":"https:\/\/realcolegio.pt\/en\/wp-json\/wp\/v2\/comments?post=400"}],"version-history":[{"count":20,"href":"https:\/\/realcolegio.pt\/en\/wp-json\/wp\/v2\/pages\/400\/revisions"}],"predecessor-version":[{"id":4709,"href":"https:\/\/realcolegio.pt\/en\/wp-json\/wp\/v2\/pages\/400\/revisions\/4709"}],"up":[{"embeddable":true,"href":"https:\/\/realcolegio.pt\/en\/wp-json\/wp\/v2\/pages\/77"}],"wp:featuredmedia":[{"embeddable":true,"href":"https:\/\/realcolegio.pt\/en\/wp-json\/wp\/v2\/media\/1250"}],"wp:attachment":[{"href":"https:\/\/realcolegio.pt\/en\/wp-json\/wp\/v2\/media?parent=400"}],"curies":[{"name":"wp","href":"https:\/\/api.w.org\/{rel}","templated":true}]}}