{"id":398,"date":"2021-06-15T10:06:40","date_gmt":"2021-06-15T10:06:40","guid":{"rendered":"https:\/\/rcp.blatstudio.com\/?page_id=398"},"modified":"2025-09-05T12:48:27","modified_gmt":"2025-09-05T11:48:27","slug":"atividades-de-internacionalizacao","status":"publish","type":"page","link":"https:\/\/realcolegio.pt\/en\/oferta-formativa\/atividades-de-internacionalizacao\/","title":{"rendered":"Atividades de Internacionaliza\u00e7\u00e3o"},"content":{"rendered":"<p>[et_pb_section fb_built=&#8221;1&#8243; _builder_version=&#8221;4.9.4&#8243; _module_preset=&#8221;default&#8221; custom_padding=&#8221;||0px|||&#8221;][et_pb_row column_structure=&#8221;1_2,1_2&#8243; _builder_version=&#8221;4.9.4&#8243; _module_preset=&#8221;default&#8221; min_height=&#8221;1059.7px&#8221; custom_margin=&#8221;|auto|-109px|auto||&#8221;][et_pb_column type=&#8221;1_2&#8243; _builder_version=&#8221;4.9.4&#8243; _module_preset=&#8221;default&#8221;][et_pb_image src=&#8221;https:\/\/realcolegio.pt\/wp-content\/uploads\/2021\/07\/erasmusplus_logo.png&#8221; title_text=&#8221;erasmusplus_logo&#8221; align=&#8221;center&#8221; _builder_version=&#8221;4.9.4&#8243; _module_preset=&#8221;default&#8221; width=&#8221;70%&#8221; custom_margin=&#8221;2rem||||false|false&#8221;][\/et_pb_image][et_pb_text _builder_version=&#8221;4.9.4&#8243; _module_preset=&#8221;87290259-4b7c-420f-94b4-055a3fc25617&#8243; custom_margin=&#8221;0px||1rem||false|false&#8221;]<\/p>\n<h2>Erasmus +<\/h2>\n<p>[\/et_pb_text][et_pb_text _builder_version=&#8221;4.9.4&#8243; _module_preset=&#8221;default&#8221; custom_margin=&#8221;||73px|||&#8221; custom_padding=&#8221;3px|||||&#8221;]<\/p>\n<p>O programa <a href=\"https:\/\/www.erasmusmais.pt\/\" rel=\"noopener\">Erasmus+<\/a> tem como finalidade contribuir para a coopera\u00e7\u00e3o entre os pa\u00edses da Uni\u00e3o Europeia, assim como para o desenvolvimento educacional atrav\u00e9s da partilha de boas pr\u00e1ticas e cria\u00e7\u00e3o de produtos intelectuais.<\/p>\n<p>O programa, lan\u00e7ado pela Comiss\u00e3o Europeia em 1987, visa a internacionaliza\u00e7\u00e3o do ensino e da forma\u00e7\u00e3o de excel\u00eancia na Uni\u00e3o Europeia, incentivando a criatividade, a inova\u00e7\u00e3o, o esp\u00edrito empreendedor e promovendo a igualdade de oportunidades e a coes\u00e3o social.<\/p>\n<p>Os projetos multilaterais desenvolvidos no \u00e2mbito do programa Erasmus+ permitem partilhar experi\u00eancias, elaborar novos conte\u00fados pedag\u00f3gicos, apoiar a melhoria dos m\u00e9todos de ensino e da gest\u00e3o das escolas, contribuindo para o refor\u00e7o da qualidade e da dimens\u00e3o europeia na forma\u00e7\u00e3o de professores.<\/p>\n<p><span>O programa pretende, assim, consciencializar a comunidade educativa como um todo para a diversidade de culturas europeias, incentivar ao di\u00e1logo inter-religioso e \u00e0 coopera\u00e7\u00e3o, impulsionando o recurso \u00e0 digitaliza\u00e7\u00e3o e a uma economia plenamente verde. <\/span><\/p>\n<p><span>O col\u00e9gio tem neste momento 3 projetos Erasmus+ ativos a decorrer com escolas, ONGs e universidades europeias em pa\u00edses europeus como It\u00e1lia, Espanha, Hungria, Let\u00f3nia e Est\u00f3nia. Os projetos ativos s\u00e3o os seguintes:<\/span><\/p>\n<p><span><\/span><\/p>\n<ol>1. Interactive and Inclusive Cultural Heritage | 2022-1-LV01-KA220-SCH-000087211<\/ol>\n<ol>2. Acredita\u00e7\u00e3o Erasmus+ | 2022-1-PT01-KA121-SCH-000066460<\/ol>\n<ol>3. Acredita\u00e7\u00e3o Erasmus+ | 2024-1-PT01-KA121-SCH-000221634<\/ol>\n<p>[\/et_pb_text][et_pb_button button_url=&#8221;https:\/\/realcolegio.pt\/wp-content\/uploads\/2025\/09\/Guiao_Erasmus_Staff-1.pdf&#8221; url_new_window=&#8221;on&#8221; button_text=&#8221;Guia Erasmus STAFF&#8221; button_alignment=&#8221;center&#8221; admin_label=&#8221;Guia Erasmus Staff&#8221; _builder_version=&#8221;4.9.4&#8243; _module_preset=&#8221;default&#8221;][\/et_pb_button][et_pb_button button_url=&#8221;https:\/\/realcolegio.pt\/wp-content\/uploads\/2025\/09\/Erasmus_Candidatura_Alunos-2.pdf&#8221; url_new_window=&#8221;on&#8221; button_text=&#8221;Guia Erasmus Alunos&#8221; button_alignment=&#8221;center&#8221; admin_label=&#8221;Guia Erasmus&#8221; _builder_version=&#8221;4.9.4&#8243; _module_preset=&#8221;default&#8221; hover_enabled=&#8221;0&#8243; sticky_enabled=&#8221;0&#8243;][\/et_pb_button][\/et_pb_column][et_pb_column type=&#8221;1_2&#8243; _builder_version=&#8221;4.9.4&#8243; _module_preset=&#8221;default&#8221;][et_pb_image src=&#8221;https:\/\/realcolegio.pt\/wp-content\/uploads\/2021\/07\/etwinning_logo.png&#8221; title_text=&#8221;erasmusplus_logo&#8221; align=&#8221;center&#8221; _builder_version=&#8221;4.9.4&#8243; _module_preset=&#8221;default&#8221; width=&#8221;70%&#8221; custom_margin=&#8221;2rem||||false|false&#8221; global_colors_info=&#8221;{}&#8221;][\/et_pb_image][et_pb_text _builder_version=&#8221;4.9.4&#8243; _module_preset=&#8221;87290259-4b7c-420f-94b4-055a3fc25617&#8243; custom_margin=&#8221;0px||1rem||false|false&#8221;]<\/p>\n<h2>eTwinning<\/h2>\n<p>[\/et_pb_text][et_pb_text _builder_version=&#8221;4.9.4&#8243; _module_preset=&#8221;default&#8221;]<\/p>\n<p><span>O Real Col\u00e9gio \u00e9 uma escola com o Selo Europeu de Qualidade <a href=\"https:\/\/www.etwinning.net\/pt\/pub\/index.htm\" rel=\"noopener\">eTwinning<\/a>, que vem real\u00e7ar a import\u00e2ncia que o Real Col\u00e9gio de Portugal tem vindo a desenvolver com os seus alunos e alunas em projetos no \u00e2mbito europeu que visam construir um mundo mais inclusivo, sustent\u00e1vel, apresentando pr\u00e1ticas inovadoras e criativas \u00e0 pedagogia.<\/span><\/p>\n<p><span>Os projetos eTwinning s\u00e3o projetos europeus desenvolvidas com recurso \u00e0 plataforma digital eTwinning, cujo objetivo \u00e9 o de apoiar escolas na Europa a trabalhar em projetos colaborativos, apoiando os estudantes a ultrapassar os limites geogr\u00e1ficos do seu pa\u00eds, para aprendizagens relacionadas com a maximiza\u00e7\u00e3o do impacto de direitos humanos, desenvolvimento social e pensamento cr\u00edtico. <\/span><\/p>\n<p><span>Estamos juntos e aprendemos em conjunto, inseridos numa comunidade europeia, uma vez que s\u00f3 assim poderemos trabalhar em coopera\u00e7\u00e3o e desenvolver um ensino de excel\u00eancia!<\/span><\/p>\n<p><span><\/span><\/p>\n<p><span><\/span><\/p>\n<p><span><\/span><\/p>\n<p><span><\/span><\/p>\n<p><span><\/span><\/p>\n<p>[\/et_pb_text][\/et_pb_column][\/et_pb_row][et_pb_row _builder_version=&#8221;4.9.4&#8243; _module_preset=&#8221;default&#8221; background_color=&#8221;RGBA(0,0,0,0)&#8221; min_height=&#8221;57px&#8221;][et_pb_column type=&#8221;4_4&#8243; _builder_version=&#8221;4.9.4&#8243; _module_preset=&#8221;default&#8221;][\/et_pb_column][\/et_pb_row][\/et_pb_section][et_pb_section fb_built=&#8221;1&#8243; _builder_version=&#8221;4.9.4&#8243; _module_preset=&#8221;default&#8221; min_height=&#8221;177px&#8221; custom_padding=&#8221;17px||0px|||&#8221;][\/et_pb_section]<\/p>\n","protected":false},"excerpt":{"rendered":"<p>[et_pb_section fb_built=&#8221;1&#8243; _builder_version=&#8221;4.9.4&#8243; _module_preset=&#8221;default&#8221; custom_padding=&#8221;||0px|||&#8221;][et_pb_row column_structure=&#8221;1_2,1_2&#8243; _builder_version=&#8221;4.9.4&#8243; _module_preset=&#8221;default&#8221; min_height=&#8221;1059.7px&#8221; custom_margin=&#8221;|auto|-109px|auto||&#8221;][et_pb_column type=&#8221;1_2&#8243; _builder_version=&#8221;4.9.4&#8243; _module_preset=&#8221;default&#8221;][et_pb_image src=&#8221;https:\/\/realcolegio.pt\/wp-content\/uploads\/2021\/07\/erasmusplus_logo.png&#8221; title_text=&#8221;erasmusplus_logo&#8221; align=&#8221;center&#8221; _builder_version=&#8221;4.9.4&#8243; _module_preset=&#8221;default&#8221; width=&#8221;70%&#8221; custom_margin=&#8221;2rem||||false|false&#8221;][\/et_pb_image][et_pb_text _builder_version=&#8221;4.9.4&#8243; _module_preset=&#8221;87290259-4b7c-420f-94b4-055a3fc25617&#8243; custom_margin=&#8221;0px||1rem||false|false&#8221;] Erasmus + [\/et_pb_text][et_pb_text _builder_version=&#8221;4.9.4&#8243; _module_preset=&#8221;default&#8221; custom_margin=&#8221;||73px|||&#8221; custom_padding=&#8221;3px|||||&#8221;] O programa Erasmus+ tem como finalidade contribuir para a coopera\u00e7\u00e3o entre os pa\u00edses da Uni\u00e3o Europeia, assim como para o desenvolvimento educacional atrav\u00e9s da partilha [&hellip;]<\/p>\n","protected":false},"author":1,"featured_media":1265,"parent":77,"menu_order":0,"comment_status":"closed","ping_status":"closed","template":"","meta":{"_acf_changed":false,"_et_pb_use_builder":"on","_et_pb_old_content":"","_et_gb_content_width":"","footnotes":""},"class_list":["post-398","page","type-page","status-publish","has-post-thumbnail","hentry"],"acf":[],"_links":{"self":[{"href":"https:\/\/realcolegio.pt\/en\/wp-json\/wp\/v2\/pages\/398","targetHints":{"allow":["GET"]}}],"collection":[{"href":"https:\/\/realcolegio.pt\/en\/wp-json\/wp\/v2\/pages"}],"about":[{"href":"https:\/\/realcolegio.pt\/en\/wp-json\/wp\/v2\/types\/page"}],"author":[{"embeddable":true,"href":"https:\/\/realcolegio.pt\/en\/wp-json\/wp\/v2\/users\/1"}],"replies":[{"embeddable":true,"href":"https:\/\/realcolegio.pt\/en\/wp-json\/wp\/v2\/comments?post=398"}],"version-history":[{"count":36,"href":"https:\/\/realcolegio.pt\/en\/wp-json\/wp\/v2\/pages\/398\/revisions"}],"predecessor-version":[{"id":6389,"href":"https:\/\/realcolegio.pt\/en\/wp-json\/wp\/v2\/pages\/398\/revisions\/6389"}],"up":[{"embeddable":true,"href":"https:\/\/realcolegio.pt\/en\/wp-json\/wp\/v2\/pages\/77"}],"wp:featuredmedia":[{"embeddable":true,"href":"https:\/\/realcolegio.pt\/en\/wp-json\/wp\/v2\/media\/1265"}],"wp:attachment":[{"href":"https:\/\/realcolegio.pt\/en\/wp-json\/wp\/v2\/media?parent=398"}],"curies":[{"name":"wp","href":"https:\/\/api.w.org\/{rel}","templated":true}]}}