{"id":394,"date":"2021-06-15T10:05:33","date_gmt":"2021-06-15T10:05:33","guid":{"rendered":"https:\/\/rcp.blatstudio.com\/?page_id=394"},"modified":"2024-07-10T12:46:22","modified_gmt":"2024-07-10T11:46:22","slug":"escola-de-linguas","status":"publish","type":"page","link":"https:\/\/realcolegio.pt\/en\/oferta-formativa\/escola-de-linguas\/","title":{"rendered":"Escola de L\u00ednguas"},"content":{"rendered":"<p>[et_pb_section fb_built=&#8221;1&#8243; _builder_version=&#8221;4.9.4&#8243; _module_preset=&#8221;default&#8221;][et_pb_row _builder_version=&#8221;4.9.4&#8243; _module_preset=&#8221;b8b2270b-f71e-4a15-a3ff-3a16e4fe87f5&#8243; custom_padding=&#8221;0px|4rem|2rem|4rem|false|true&#8221;][et_pb_column type=&#8221;4_4&#8243; _builder_version=&#8221;4.9.4&#8243; _module_preset=&#8221;default&#8221;][et_pb_text _builder_version=&#8221;4.9.4&#8243; _module_preset=&#8221;default&#8221;]<\/p>\n<p>A nossa Escola de L\u00ednguas tem como principal objetivo a a possibilidade dos alunos aprenderem um leque variado de l\u00ednguas, nomeadamente, Ingl\u00eas, Franc\u00eas, Espanhol, Alem\u00e3o e, tamb\u00e9m, Mandarim.<\/p>\n<p>O presente projecto pretende oferecer \u00e0s crian\u00e7as e jovens a oportunidade de contactar com as l\u00ednguas mais faladas na Europa e no resto do mundo.<\/p>\n<p>A aposta do Real Col\u00e9gio em proporcionar elevados n\u00edveis de desenvolvimento:<\/p>\n<p><strong>Da L\u00edngua Inglesa<\/strong> &#8211; preparar os alunos para a realiza\u00e7\u00e3o dos exames de Cambridge ESOL (English for Speakers of Other Languages);<\/p>\n<p><strong>Da L\u00edngua Espanhola<\/strong> &#8211; o nosso Col\u00e9gio estabeleceu uma parceria com o Instituto Cervantes, mediante o qual o Instituto reconhece o Real Col\u00e9gio de Portugal como Centro de Exames para obten\u00e7\u00e3o dos Diplomas de Espanhol como L\u00edngua Estrangeira (DELE).<\/p>\n<p><strong>Da L\u00edngua Alem\u00e3<\/strong> &#8211; tendo o Col\u00e9gio estabelecido um protocolo com o Goethe Institut, possibilitando a realiza\u00e7\u00e3o do exame neste Instituto.<\/p>\n<p><strong>Do Mandarim<\/strong> &#8211; celebr\u00e1mos uma parceria com a Escola Chinesa de Lisboa, mediante a qual ser\u00e3o abertos cursos no nosso Col\u00e9gio, ministrados por professores formados na l\u00edngua e seguindo os seus programas pedag\u00f3gicos, sendo estes cursos devidamente certificados pela Escola Chinesa de Lisboa.<\/p>\n<p>[\/et_pb_text][\/et_pb_column][\/et_pb_row][\/et_pb_section][et_pb_section fb_built=&#8221;1&#8243; _builder_version=&#8221;4.9.4&#8243; _module_preset=&#8221;default&#8221; background_color=&#8221;#F9B91D&#8221; background_image=&#8221;https:\/\/realcolegio.pt\/wp-content\/uploads\/2021\/05\/IMAGE-RECTANGLE.png&#8221; parallax=&#8221;on&#8221;][et_pb_row column_structure=&#8221;1_4,1_4,1_4,1_4&#8243; _builder_version=&#8221;4.9.4&#8243; _module_preset=&#8221;default&#8221;][et_pb_column type=&#8221;1_4&#8243; _builder_version=&#8221;4.9.4&#8243; _module_preset=&#8221;default&#8221;][et_pb_blurb url=&#8221;@ET-DC@eyJkeW5hbWljIjp0cnVlLCJjb250ZW50IjoicG9zdF9saW5rX3VybF9wYWdlIiwic2V0dGluZ3MiOnsicG9zdF9pZCI6Ijg0NSJ9fQ==@&#8221; image=&#8221;https:\/\/realcolegio.pt\/wp-content\/uploads\/2021\/06\/Post_4_Escola_Linguas_RCP_2021.png&#8221; _builder_version=&#8221;4.9.4&#8243; _dynamic_attributes=&#8221;url,link_option_url&#8221; _module_preset=&#8221;default&#8221; link_option_url=&#8221;@ET-DC@eyJkeW5hbWljIjp0cnVlLCJjb250ZW50IjoicG9zdF9saW5rX3VybF9wYWdlIiwic2V0dGluZ3MiOnsicG9zdF9pZCI6Ijg0NSJ9fQ==@&#8221; custom_css_blurb_image=&#8221;margin: 0;&#8221;][\/et_pb_blurb][\/et_pb_column][et_pb_column type=&#8221;1_4&#8243; _builder_version=&#8221;4.9.4&#8243; _module_preset=&#8221;default&#8221;][et_pb_blurb url=&#8221;@ET-DC@eyJkeW5hbWljIjp0cnVlLCJjb250ZW50IjoicG9zdF9saW5rX3VybF9wYWdlIiwic2V0dGluZ3MiOnsicG9zdF9pZCI6Ijg1MSJ9fQ==@&#8221; image=&#8221;https:\/\/realcolegio.pt\/wp-content\/uploads\/2021\/06\/Post_3_Escola_Linguas_RCP_2021.png&#8221; _builder_version=&#8221;4.9.4&#8243; _dynamic_attributes=&#8221;url,link_option_url&#8221; _module_preset=&#8221;default&#8221; link_option_url=&#8221;@ET-DC@eyJkeW5hbWljIjp0cnVlLCJjb250ZW50IjoicG9zdF9saW5rX3VybF9wYWdlIiwic2V0dGluZ3MiOnsicG9zdF9pZCI6Ijg1MSJ9fQ==@&#8221; custom_css_blurb_image=&#8221;margin: 0;&#8221;][\/et_pb_blurb][\/et_pb_column][et_pb_column type=&#8221;1_4&#8243; _builder_version=&#8221;4.9.4&#8243; _module_preset=&#8221;default&#8221;][et_pb_blurb url=&#8221;@ET-DC@eyJkeW5hbWljIjp0cnVlLCJjb250ZW50IjoicG9zdF9saW5rX3VybF9wYWdlIiwic2V0dGluZ3MiOnsicG9zdF9pZCI6Ijg1NSJ9fQ==@&#8221; image=&#8221;https:\/\/realcolegio.pt\/wp-content\/uploads\/2021\/06\/Post_5_Escola_Linguas_RCP_2021.png&#8221; _builder_version=&#8221;4.9.4&#8243; _dynamic_attributes=&#8221;url,link_option_url&#8221; _module_preset=&#8221;default&#8221; link_option_url=&#8221;@ET-DC@eyJkeW5hbWljIjp0cnVlLCJjb250ZW50IjoicG9zdF9saW5rX3VybF9wYWdlIiwic2V0dGluZ3MiOnsicG9zdF9pZCI6Ijg1NSJ9fQ==@&#8221; custom_css_blurb_image=&#8221;margin: 0;&#8221;][\/et_pb_blurb][\/et_pb_column][et_pb_column type=&#8221;1_4&#8243; _builder_version=&#8221;4.9.4&#8243; _module_preset=&#8221;default&#8221;][et_pb_blurb url=&#8221;@ET-DC@eyJkeW5hbWljIjp0cnVlLCJjb250ZW50IjoicG9zdF9saW5rX3VybF9wYWdlIiwic2V0dGluZ3MiOnsicG9zdF9pZCI6Ijg1OSJ9fQ==@&#8221; image=&#8221;https:\/\/realcolegio.pt\/wp-content\/uploads\/2021\/06\/Post_2_Escola_Linguas_RCP_2021.png&#8221; _builder_version=&#8221;4.9.4&#8243; _dynamic_attributes=&#8221;url,link_option_url&#8221; _module_preset=&#8221;default&#8221; link_option_url=&#8221;@ET-DC@eyJkeW5hbWljIjp0cnVlLCJjb250ZW50IjoicG9zdF9saW5rX3VybF9wYWdlIiwic2V0dGluZ3MiOnsicG9zdF9pZCI6Ijg1OSJ9fQ==@&#8221; custom_css_blurb_image=&#8221;margin: 0;&#8221;][\/et_pb_blurb][\/et_pb_column][\/et_pb_row][\/et_pb_section][et_pb_section fb_built=&#8221;1&#8243; _builder_version=&#8221;4.9.4&#8243; _module_preset=&#8221;default&#8221;][et_pb_row _builder_version=&#8221;4.9.4&#8243; _module_preset=&#8221;b8b2270b-f71e-4a15-a3ff-3a16e4fe87f5&#8243;][et_pb_column type=&#8221;4_4&#8243; _builder_version=&#8221;4.9.4&#8243; _module_preset=&#8221;default&#8221;][et_pb_video src=&#8221;https:\/\/www.youtube.com\/watch?v=9gb0r_TEC2k&#8221; _builder_version=&#8221;4.9.4&#8243; _module_preset=&#8221;default&#8221; max_width=&#8221;900px&#8221; module_alignment=&#8221;center&#8221; custom_margin=&#8221;||4rem||false|false&#8221; box_shadow_style=&#8221;preset3&#8243;][\/et_pb_video][et_pb_text _builder_version=&#8221;4.9.4&#8243; _module_preset=&#8221;87290259-4b7c-420f-94b4-055a3fc25617&#8243;]<\/p>\n<h2>Programa<\/h2>\n<p>[\/et_pb_text][et_pb_text _builder_version=&#8221;4.9.4&#8243; _module_preset=&#8221;default&#8221;]<\/p>\n<p>Os alunos t\u00eam um m\u00f3dulo de 60 minutos a 90 minutos semanais em cada uma das l\u00ednguas promovidas no Col\u00e9gio.<\/p>\n<p>[\/et_pb_text][et_pb_text _builder_version=&#8221;4.9.4&#8243; _module_preset=&#8221;87290259-4b7c-420f-94b4-055a3fc25617&#8243;]<\/p>\n<h2>Materiais<\/h2>\n<p>[\/et_pb_text][et_pb_text _builder_version=&#8221;4.9.4&#8243; _module_preset=&#8221;default&#8221;]<\/p>\n<p>Forte utiliza\u00e7\u00e3o das TIC \u2013 utiliza\u00e7\u00e3o permanente dos materiais multim\u00e9dia dispon\u00edveis no mercado para ensino\/aprendizagem de l\u00ednguas.<\/p>\n<p>[\/et_pb_text][et_pb_text _builder_version=&#8221;4.9.4&#8243; _module_preset=&#8221;87290259-4b7c-420f-94b4-055a3fc25617&#8243;]<\/p>\n<h2>Avalia\u00e7\u00e3o<\/h2>\n<p>[\/et_pb_text][et_pb_text _builder_version=&#8221;4.9.4&#8243; _module_preset=&#8221;default&#8221;]<\/p>\n<p>A avalia\u00e7\u00e3o \u00e9 feita de dois modos: o modo formal, de acordo com o resultado de testes e exames; o modo informal, pela participa\u00e7\u00e3o dos alunos nas festas e iniciativas internacionais\/europeias que se desenvolvem no col\u00e9gio.<\/p>\n<p>[\/et_pb_text][et_pb_text _builder_version=&#8221;4.9.4&#8243; _module_preset=&#8221;87290259-4b7c-420f-94b4-055a3fc25617&#8243;]<\/p>\n<h2>Porqu\u00ea?<\/h2>\n<p>[\/et_pb_text][et_pb_text _builder_version=&#8221;4.9.4&#8243; _module_preset=&#8221;default&#8221;]<\/p>\n<p>Desde 2009 que a Europa e a Celebra\u00e7\u00e3o de Europa \u00e9 uma realidade no Real Col\u00e9gio de Portugal. Todos os anos s\u00e3o levadas a cabo um conjunto de actividades com o objectivo de criar nos nossos alunos a consci\u00eancia de que s\u00e3o perten\u00e7a um grande grupo que se chama Europa, que s\u00e3o cidad\u00e3os deste espa\u00e7o, com direitos, deveres e muitas oportunidades. Foi criado o Europe Royal Clube onde os nossos alunos t\u00eam acesso a todas as informa\u00e7\u00f5es sobre pa\u00edses, organiza\u00e7\u00f5es, moedas, etc.<\/p>\n<p>A aprendizagem de l\u00ednguas \u00e9 um elemento determinante na forma\u00e7\u00e3o das crian\u00e7as e jovens e na sua prepara\u00e7\u00e3o para novas aprendizagens que conduziram ao ingresso no mercado de trabalho, multicultural e global \u2013 onde as compet\u00eancias lingu\u00edsticas s\u00e3o decisivas.<\/p>\n<p>[\/et_pb_text][\/et_pb_column][\/et_pb_row][\/et_pb_section]<\/p>\n","protected":false},"excerpt":{"rendered":"<p>[et_pb_section fb_built=&#8221;1&#8243; _builder_version=&#8221;4.9.4&#8243; _module_preset=&#8221;default&#8221;][et_pb_row _builder_version=&#8221;4.9.4&#8243; _module_preset=&#8221;b8b2270b-f71e-4a15-a3ff-3a16e4fe87f5&#8243; custom_padding=&#8221;0px|4rem|2rem|4rem|false|true&#8221;][et_pb_column type=&#8221;4_4&#8243; _builder_version=&#8221;4.9.4&#8243; _module_preset=&#8221;default&#8221;][et_pb_text _builder_version=&#8221;4.9.4&#8243; _module_preset=&#8221;default&#8221;] A nossa Escola de L\u00ednguas tem como principal objetivo a a possibilidade dos alunos aprenderem um leque variado de l\u00ednguas, nomeadamente, Ingl\u00eas, Franc\u00eas, Espanhol, Alem\u00e3o e, tamb\u00e9m, Mandarim. O presente projecto pretende oferecer \u00e0s crian\u00e7as e jovens a oportunidade de contactar com as [&hellip;]<\/p>\n","protected":false},"author":1,"featured_media":740,"parent":77,"menu_order":0,"comment_status":"closed","ping_status":"closed","template":"","meta":{"_acf_changed":false,"_et_pb_use_builder":"on","_et_pb_old_content":"","_et_gb_content_width":"","footnotes":""},"class_list":["post-394","page","type-page","status-publish","has-post-thumbnail","hentry"],"acf":[],"_links":{"self":[{"href":"https:\/\/realcolegio.pt\/en\/wp-json\/wp\/v2\/pages\/394","targetHints":{"allow":["GET"]}}],"collection":[{"href":"https:\/\/realcolegio.pt\/en\/wp-json\/wp\/v2\/pages"}],"about":[{"href":"https:\/\/realcolegio.pt\/en\/wp-json\/wp\/v2\/types\/page"}],"author":[{"embeddable":true,"href":"https:\/\/realcolegio.pt\/en\/wp-json\/wp\/v2\/users\/1"}],"replies":[{"embeddable":true,"href":"https:\/\/realcolegio.pt\/en\/wp-json\/wp\/v2\/comments?post=394"}],"version-history":[{"count":19,"href":"https:\/\/realcolegio.pt\/en\/wp-json\/wp\/v2\/pages\/394\/revisions"}],"predecessor-version":[{"id":4981,"href":"https:\/\/realcolegio.pt\/en\/wp-json\/wp\/v2\/pages\/394\/revisions\/4981"}],"up":[{"embeddable":true,"href":"https:\/\/realcolegio.pt\/en\/wp-json\/wp\/v2\/pages\/77"}],"wp:featuredmedia":[{"embeddable":true,"href":"https:\/\/realcolegio.pt\/en\/wp-json\/wp\/v2\/media\/740"}],"wp:attachment":[{"href":"https:\/\/realcolegio.pt\/en\/wp-json\/wp\/v2\/media?parent=394"}],"curies":[{"name":"wp","href":"https:\/\/api.w.org\/{rel}","templated":true}]}}