{"id":392,"date":"2021-06-15T09:59:33","date_gmt":"2021-06-15T09:59:33","guid":{"rendered":"https:\/\/rcp.blatstudio.com\/?page_id=392"},"modified":"2026-03-17T12:10:19","modified_gmt":"2026-03-17T12:10:19","slug":"projeto-pedagogico","status":"publish","type":"page","link":"https:\/\/realcolegio.pt\/en\/oferta-formativa\/projeto-pedagogico\/","title":{"rendered":"Projeto Educativo"},"content":{"rendered":"<p>[et_pb_section fb_built=&#8221;1&#8243; _builder_version=&#8221;4.9.4&#8243; _module_preset=&#8221;default&#8221;][et_pb_row _builder_version=&#8221;4.9.4&#8243; _module_preset=&#8221;default&#8221;][et_pb_column type=&#8221;4_4&#8243; _builder_version=&#8221;4.9.4&#8243; _module_preset=&#8221;default&#8221;][et_pb_text _builder_version=&#8221;4.9.4&#8243; _module_preset=&#8221;default&#8221; text_font=&#8221;|700||on|||||&#8221; text_text_color=&#8221;#F9B91D&#8221; text_font_size=&#8221;25px&#8221; text_line_height=&#8221;1em&#8221; text_orientation=&#8221;center&#8221; max_width=&#8221;52%&#8221; module_alignment=&#8221;center&#8221;]<\/p>\n<p>O Real Col\u00e9gio de Portugal \u00e9 um espa\u00e7o educativo que pretende contribuir para uma forma\u00e7\u00e3o cultural de cariz humanista<\/p>\n<p>[\/et_pb_text][\/et_pb_column][\/et_pb_row][\/et_pb_section][et_pb_section fb_built=&#8221;1&#8243; _builder_version=&#8221;4.9.4&#8243; _module_preset=&#8221;default&#8221; background_color=&#8221;#F9B91D&#8221; background_image=&#8221;https:\/\/realcolegio.pt\/wp-content\/uploads\/2021\/05\/IMAGE-RECTANGLE.png&#8221; parallax=&#8221;on&#8221;][et_pb_row _builder_version=&#8221;4.9.4&#8243; _module_preset=&#8221;b8b2270b-f71e-4a15-a3ff-3a16e4fe87f5&#8243;][et_pb_column type=&#8221;4_4&#8243; _builder_version=&#8221;4.9.4&#8243; _module_preset=&#8221;default&#8221;][et_pb_text _builder_version=&#8221;4.9.4&#8243; _module_preset=&#8221;default&#8221; text_font_size=&#8221;18px&#8221; module_alignment=&#8221;center&#8221;]<\/p>\n<div class=\"page\" title=\"Page 2\">\n<div class=\"layoutArea\">\n<div class=\"column\">\n<p><span>O Projeto Educativo do Real Cole\u0301gio de Portugal esta\u0301 elaborado de forma a garantir elevados ni\u0301veis de exige\u0302ncia pedago\u0301gica e simultaneamente o sucesso educativo e social dos seus alunos. O projeto assume o equili\u0301brio entre ideais contempora\u0302neos e tradicionais, garantindo sempre abertura a dina\u0302micas de mudanc\u0327a, encorajando uma visa\u0303o inovadora nas pra\u0301ticas pedago\u0301gicas, sempre em benefi\u0301cio da motivac\u0327a\u0303o e do sucesso dos alunos. Este projeto e\u0301 inclusivo em todas as suas manifestac\u0327o\u0303es<\/span><span>. <\/span><\/p>\n<p><span>Protege um espirito educativo harmonioso, tolerante e integrador, garantindo o mesmo grau de oportunidades e participac\u0327a\u0303o a todos os seus alunos e alunas. <\/span><\/p>\n<p><span>O Real Cole\u0301gio de Portugal na\u0303o se delimita no seu espac\u0327o fi\u0301sico. Proporciona aos seus alunos o desenvolvimento e a participac\u0327a\u0303o em iniciativas, programas, debates, provas desportivas ou intelectuais, obras sociais ou outros eventos que contribuam para a diversificac\u0327a\u0303o do processo educacional dos alunos. <\/span><\/p>\n<\/div>\n<\/div>\n<\/div>\n<p>[\/et_pb_text][\/et_pb_column][\/et_pb_row][\/et_pb_section][et_pb_section fb_built=&#8221;1&#8243; _builder_version=&#8221;4.9.4&#8243; _module_preset=&#8221;default&#8221;][et_pb_row _builder_version=&#8221;4.9.4&#8243; _module_preset=&#8221;default&#8221;][et_pb_column type=&#8221;4_4&#8243; _builder_version=&#8221;4.9.4&#8243; _module_preset=&#8221;default&#8221;][et_pb_button button_url=&#8221;https:\/\/realcolegio.pt\/wp-content\/uploads\/2025\/09\/Projeto-Educatio_25_26.pdf&#8221; url_new_window=&#8221;on&#8221; button_text=&#8221;Projeto Educativo &#8221; _builder_version=&#8221;4.9.4&#8243; _module_preset=&#8221;911c009c-5ece-4232-8a81-8b994527c470&#8243; hover_enabled=&#8221;0&#8243; locked=&#8221;off&#8221; sticky_enabled=&#8221;0&#8243;][\/et_pb_button][\/et_pb_column][\/et_pb_row][\/et_pb_section]<\/p>\n","protected":false},"excerpt":{"rendered":"<p>[et_pb_section fb_built=&#8221;1&#8243; _builder_version=&#8221;4.9.4&#8243; _module_preset=&#8221;default&#8221;][et_pb_row _builder_version=&#8221;4.9.4&#8243; _module_preset=&#8221;default&#8221;][et_pb_column type=&#8221;4_4&#8243; _builder_version=&#8221;4.9.4&#8243; _module_preset=&#8221;default&#8221;][et_pb_text _builder_version=&#8221;4.9.4&#8243; _module_preset=&#8221;default&#8221; text_font=&#8221;|700||on|||||&#8221; text_text_color=&#8221;#F9B91D&#8221; text_font_size=&#8221;25px&#8221; text_line_height=&#8221;1em&#8221; text_orientation=&#8221;center&#8221; max_width=&#8221;52%&#8221; module_alignment=&#8221;center&#8221;] O Real Col\u00e9gio de Portugal \u00e9 um espa\u00e7o educativo que pretende contribuir para uma forma\u00e7\u00e3o cultural de cariz humanista [\/et_pb_text][\/et_pb_column][\/et_pb_row][\/et_pb_section][et_pb_section fb_built=&#8221;1&#8243; _builder_version=&#8221;4.9.4&#8243; _module_preset=&#8221;default&#8221; background_color=&#8221;#F9B91D&#8221; background_image=&#8221;https:\/\/realcolegio.pt\/wp-content\/uploads\/2021\/05\/IMAGE-RECTANGLE.png&#8221; parallax=&#8221;on&#8221;][et_pb_row _builder_version=&#8221;4.9.4&#8243; _module_preset=&#8221;b8b2270b-f71e-4a15-a3ff-3a16e4fe87f5&#8243;][et_pb_column type=&#8221;4_4&#8243; _builder_version=&#8221;4.9.4&#8243; _module_preset=&#8221;default&#8221;][et_pb_text _builder_version=&#8221;4.9.4&#8243; _module_preset=&#8221;default&#8221; text_font_size=&#8221;18px&#8221; module_alignment=&#8221;center&#8221;] O Projeto [&hellip;]<\/p>\n","protected":false},"author":1,"featured_media":2092,"parent":77,"menu_order":0,"comment_status":"closed","ping_status":"closed","template":"","meta":{"_acf_changed":false,"_et_pb_use_builder":"on","_et_pb_old_content":"","_et_gb_content_width":"","footnotes":""},"class_list":["post-392","page","type-page","status-publish","has-post-thumbnail","hentry"],"acf":[],"_links":{"self":[{"href":"https:\/\/realcolegio.pt\/en\/wp-json\/wp\/v2\/pages\/392","targetHints":{"allow":["GET"]}}],"collection":[{"href":"https:\/\/realcolegio.pt\/en\/wp-json\/wp\/v2\/pages"}],"about":[{"href":"https:\/\/realcolegio.pt\/en\/wp-json\/wp\/v2\/types\/page"}],"author":[{"embeddable":true,"href":"https:\/\/realcolegio.pt\/en\/wp-json\/wp\/v2\/users\/1"}],"replies":[{"embeddable":true,"href":"https:\/\/realcolegio.pt\/en\/wp-json\/wp\/v2\/comments?post=392"}],"version-history":[{"count":15,"href":"https:\/\/realcolegio.pt\/en\/wp-json\/wp\/v2\/pages\/392\/revisions"}],"predecessor-version":[{"id":6420,"href":"https:\/\/realcolegio.pt\/en\/wp-json\/wp\/v2\/pages\/392\/revisions\/6420"}],"up":[{"embeddable":true,"href":"https:\/\/realcolegio.pt\/en\/wp-json\/wp\/v2\/pages\/77"}],"wp:featuredmedia":[{"embeddable":true,"href":"https:\/\/realcolegio.pt\/en\/wp-json\/wp\/v2\/media\/2092"}],"wp:attachment":[{"href":"https:\/\/realcolegio.pt\/en\/wp-json\/wp\/v2\/media?parent=392"}],"curies":[{"name":"wp","href":"https:\/\/api.w.org\/{rel}","templated":true}]}}