{"id":382,"date":"2021-06-09T13:27:40","date_gmt":"2021-06-09T13:27:40","guid":{"rendered":"https:\/\/rcp.blatstudio.com\/?page_id=382"},"modified":"2026-01-22T18:17:16","modified_gmt":"2026-01-22T18:17:16","slug":"mensalidades","status":"publish","type":"page","link":"https:\/\/realcolegio.pt\/en\/quero-estudar-no-rcp\/mensalidades\/","title":{"rendered":"Mensalidades"},"content":{"rendered":"<p>[et_pb_section fb_built=&#8221;1&#8243; _builder_version=&#8221;4.9.4&#8243; _module_preset=&#8221;default&#8221;][et_pb_row column_structure=&#8221;1_3,1_3,1_3&#8243; _builder_version=&#8221;4.9.4&#8243; _module_preset=&#8221;default&#8221; custom_margin=&#8221;||2rem||false|false&#8221;][et_pb_column type=&#8221;1_3&#8243; _builder_version=&#8221;4.9.4&#8243; _module_preset=&#8221;default&#8221;][et_pb_button button_url=&#8221;\/wp-content\/uploads\/2021\/06\/protocolos-real-colgio-de-portugal.pdf&#8221; button_text=&#8221;Protocolos Real Col\u00e9gio de Portugal&#8221; _builder_version=&#8221;4.9.4&#8243; _module_preset=&#8221;911c009c-5ece-4232-8a81-8b994527c470&#8243; custom_css_main_element=&#8221;width: 100%;&#8221;][\/et_pb_button][\/et_pb_column][et_pb_column type=&#8221;1_3&#8243; _builder_version=&#8221;4.9.4&#8243; _module_preset=&#8221;default&#8221;][et_pb_button button_url=&#8221;https:\/\/realcolegio.pt\/wp-content\/uploads\/2025\/01\/Tabela-Mensalidades-2025_2026RCP_10012025091937.pdf&#8221; url_new_window=&#8221;on&#8221; button_text=&#8221;Tabela de Mensalidades 2025\/2026&#8243; button_alignment=&#8221;center&#8221; _builder_version=&#8221;4.9.4&#8243; _module_preset=&#8221;default&#8221; custom_button=&#8221;on&#8221; button_text_size=&#8221;17px&#8221; button_bg_color=&#8221;#F9B91D&#8221; button_border_color=&#8221;#F9B91D&#8221; button_font=&#8221;|700||on|||||&#8221; button_use_icon=&#8221;off&#8221; background_layout=&#8221;dark&#8221; custom_css_main_element=&#8221;width: 100%;&#8221; box_shadow_style=&#8221;preset3&#8243; global_colors_info=&#8221;{}&#8221; box_shadow_horizontal__hover_enabled=&#8221;on|hover&#8221; box_shadow_vertical__hover=&#8221;6px&#8221; box_shadow_vertical__hover_enabled=&#8221;on|hover&#8221; box_shadow_blur__hover=&#8221;10px&#8221; box_shadow_blur__hover_enabled=&#8221;on|desktop&#8221;][\/et_pb_button][\/et_pb_column][et_pb_column type=&#8221;1_3&#8243; _builder_version=&#8221;4.9.4&#8243; _module_preset=&#8221;default&#8221;][et_pb_button button_url=&#8221;https:\/\/realcolegio.pt\/wp-content\/uploads\/2026\/01\/Tabela-de-Mensalidades_26_27.pdf&#8221; url_new_window=&#8221;on&#8221; button_text=&#8221;Tabela de Mensalidades 2026\/2027&#8243; button_alignment=&#8221;center&#8221; _builder_version=&#8221;4.9.4&#8243; _module_preset=&#8221;default&#8221; custom_button=&#8221;on&#8221; button_text_size=&#8221;17px&#8221; button_bg_color=&#8221;#F9B91D&#8221; button_border_color=&#8221;#F9B91D&#8221; button_font=&#8221;|700||on|||||&#8221; button_use_icon=&#8221;off&#8221; background_layout=&#8221;dark&#8221; custom_css_main_element=&#8221;width: 100%;&#8221; box_shadow_style=&#8221;preset3&#8243; global_colors_info=&#8221;{}&#8221; box_shadow_horizontal__hover_enabled=&#8221;on|hover&#8221; box_shadow_vertical__hover=&#8221;6px&#8221; box_shadow_vertical__hover_enabled=&#8221;on|hover&#8221; box_shadow_blur__hover=&#8221;10px&#8221; box_shadow_blur__hover_enabled=&#8221;on|desktop&#8221;][\/et_pb_button][\/et_pb_column][\/et_pb_row][et_pb_row _builder_version=&#8221;4.9.4&#8243; _module_preset=&#8221;default&#8221; custom_padding=&#8221;2rem|4rem|2rem|4rem|true|true&#8221;][et_pb_column type=&#8221;4_4&#8243; _builder_version=&#8221;4.9.4&#8243; _module_preset=&#8221;default&#8221;][et_pb_text _builder_version=&#8221;4.9.4&#8243; _module_preset=&#8221;default&#8221; text_orientation=&#8221;center&#8221;]<\/p>\n<p><strong>Tabela de Mensalidades, 11 Presta\u00e7\u00f5es de Setembro a Julho<\/strong><\/p>\n<p><strong>Creche, Pr\u00e9-Escolar, 1.\u00ba CEB, 2.\u00ba CEB e 3.\u00baCEB e Ensino Secund\u00e1rio<\/strong><\/p>\n<p><strong>Ano letivo 2026 \/ 2027<\/strong><\/p>\n<p>[\/et_pb_text][\/et_pb_column][\/et_pb_row][et_pb_row _builder_version=&#8221;4.9.4&#8243; _module_preset=&#8221;b8b2270b-f71e-4a15-a3ff-3a16e4fe87f5&#8243;][et_pb_column type=&#8221;4_4&#8243; _builder_version=&#8221;4.9.4&#8243; _module_preset=&#8221;default&#8221;][et_pb_text _builder_version=&#8221;4.9.4&#8243; _module_preset=&#8221;1e6ba128-6d31-448a-b1c2-885d522b30fc&#8221; max_width=&#8221;600px&#8221; module_alignment=&#8221;center&#8221; hover_enabled=&#8221;0&#8243; sticky_enabled=&#8221;0&#8243;]<\/p>\n<table border=\"0\" width=\"100%\" style=\"height: 240px; width: 100%;\">\n<thead>\n<tr style=\"height: 24px;\">\n<th colspan=\"2\" style=\"height: 24px;\">Servi\u00e7os Obrigat\u00f3rios<\/th>\n<\/tr>\n<\/thead>\n<tbody>\n<tr style=\"height: 24px;\">\n<td style=\"height: 24px;\">Matr\u00edcula\/Inscri\u00e7\u00e3o para alunos que ingressem pela 1\u00aa Vez<\/td>\n<td style=\"text-align: right; height: 24px;\">359\u20ac<\/td>\n<\/tr>\n<tr style=\"height: 24px;\">\n<td style=\"height: 24px;\">Renova\u00e7\u00e3o de Inscri\u00e7\u00e3o do Ano Letivo<\/td>\n<td style=\"text-align: right; height: 24px;\">341\u20ac<\/td>\n<\/tr>\n<tr style=\"height: 24px;\">\n<td style=\"height: 24px;\">Mensalidades Creche (1)<\/td>\n<td style=\"text-align: right; height: 24px;\">476 \u20ac<\/td>\n<\/tr>\n<tr style=\"height: 24px;\">\n<td style=\"height: 24px;\">Mensalidade Pr\u00e9-Escolar (2)<\/td>\n<td style=\"text-align: right; height: 24px;\">482 \u20ac<\/td>\n<\/tr>\n<tr style=\"height: 24px;\">\n<td style=\"height: 24px;\">Mensalidades 1.\u00ba CEB (1.\u00ba,2.\u00ba, 3.\u00ba e 4.\u00ba ano do Ensino B\u00e1sico) (3)<\/td>\n<td style=\"text-align: right; height: 24px;\">486\u20ac<\/td>\n<\/tr>\n<tr style=\"height: 24px;\">\n<td style=\"height: 24px;\">Mensalidades 2.\u00ba CEB (5.\u00ba, 6.\u00ba ano do Ensino B\u00e1sico) (4)<\/td>\n<td style=\"text-align: right; height: 24px;\">507\u20ac<\/td>\n<\/tr>\n<tr style=\"height: 24px;\">\n<td style=\"height: 24px;\">Mensalidades 3.\u00ba CEB (7.\u00ba, 8.\u00ba e 9.\u00ba ano de Ensino B\u00e1sico) (5)<\/td>\n<td style=\"text-align: right; height: 24px;\">507\u20ac<\/td>\n<\/tr>\n<tr style=\"height: 24px;\">\n<td style=\"height: 24px;\">Mensalidades Ensino Secund\u00e1rio (10\u00ba ano, 11\u00ba ano e 12\u00ba ano) (5)<\/td>\n<td style=\"text-align: right; height: 24px;\">554\u20ac<\/td>\n<\/tr>\n<tr style=\"height: 24px;\">\n<td style=\"height: 24px;\">Seguro Escolar<\/td>\n<td style=\"text-align: right; height: 24px;\">68\u20ac<\/td>\n<\/tr>\n<\/tbody>\n<\/table>\n<p>[\/et_pb_text][et_pb_text _builder_version=&#8221;4.9.4&#8243; _module_preset=&#8221;1e6ba128-6d31-448a-b1c2-885d522b30fc&#8221; max_width=&#8221;600px&#8221; module_alignment=&#8221;center&#8221; hover_enabled=&#8221;0&#8243; sticky_enabled=&#8221;0&#8243;]<\/p>\n<table border=\"0\" width=\"100%\" style=\"height: 599px; width: 99.9362%;\">\n<thead>\n<tr style=\"height: 24px;\">\n<th colspan=\"2\" style=\"height: 24px; width: 99.4898%;\">Servi\u00e7os Facultativos<\/th>\n<\/tr>\n<\/thead>\n<tbody>\n<tr style=\"height: 24px;\">\n<td colspan=\"2\" style=\"height: 24px; width: 99.4898%;\">Alimenta\u00e7\u00e3o Completa (inclui almo\u00e7o, lanche e refor\u00e7o alimentar a meio da manh\u00e3)<\/td>\n<\/tr>\n<tr style=\"height: 24px;\">\n<td style=\"height: 24px; width: 89.8597%;\">Alimenta\u00e7\u00e3o Creche e Pr\u00e9-Escolar<\/td>\n<td style=\"text-align: right; height: 24px; width: 9.6301%;\">144\u20ac<\/td>\n<\/tr>\n<tr style=\"height: 24px;\">\n<td style=\"height: 24px; width: 89.8597%;\">Alimenta\u00e7\u00e3o 1.\u00ba CEB<\/td>\n<td style=\"text-align: right; height: 24px; width: 9.6301%;\">151\u20ac<\/td>\n<\/tr>\n<tr style=\"height: 24px;\">\n<td style=\"height: 24px; width: 89.8597%;\">Alimenta\u00e7\u00e3o 2.\u00ba e 3.\u00ba CEB<\/td>\n<td style=\"text-align: right; height: 24px; width: 9.6301%;\">167\u20ac<\/td>\n<\/tr>\n<tr style=\"height: 24px;\">\n<td style=\"height: 24px; width: 89.8597%;\">Alimenta\u00e7\u00e3o Ensino Secund\u00e1rio<\/td>\n<td style=\"text-align: right; height: 24px; width: 9.6301%;\">174\u20ac<\/td>\n<\/tr>\n<tr style=\"height: 24px;\">\n<td style=\"text-align: center; height: 24px; width: 99.4898%;\" colspan=\"2\"><strong>Alimenta\u00e7\u00e3o \/ Almo\u00e7o Di\u00e1rio<\/strong><\/td>\n<\/tr>\n<tr style=\"height: 24px;\">\n<td style=\"height: 24px; width: 89.8597%;\">Alimenta\u00e7\u00e3o Creche e Pr\u00e9-Escolar<\/td>\n<td style=\"text-align: right; height: 24px; width: 9.6301%;\">132\u20ac<\/td>\n<\/tr>\n<tr style=\"height: 24px;\">\n<td style=\"height: 24px; width: 89.8597%;\">Alimenta\u00e7\u00e3o 1.\u00ba CEB<\/td>\n<td style=\"text-align: right; height: 24px; width: 9.6301%;\">141\u20ac<\/td>\n<\/tr>\n<tr style=\"height: 24px;\">\n<td style=\"height: 24px; width: 89.8597%;\">Alimenta\u00e7\u00e3o 2.\u00ba e 3.\u00ba CEB<\/td>\n<td style=\"text-align: right; height: 24px; width: 9.6301%;\">155\u20ac<\/td>\n<\/tr>\n<tr style=\"height: 24px;\">\n<td style=\"height: 24px; width: 89.8597%;\">Alimenta\u00e7\u00e3o Ensino Secund\u00e1rio<\/td>\n<td style=\"text-align: right; height: 24px; width: 9.6301%;\">159\u20ac<\/td>\n<\/tr>\n<tr style=\"height: 24px;\">\n<td style=\"height: 24px; width: 89.8597%;\">Almo\u00e7o Avulso<\/td>\n<td style=\"text-align: right; height: 24px; width: 9.6301%;\">10\u20ac<\/td>\n<\/tr>\n<tr style=\"height: 24px;\">\n<td style=\"height: 24px; width: 89.8597%;\">Lanche Avulso<\/td>\n<td style=\"text-align: right; height: 24px; width: 9.6301%;\">5\u20ac<\/td>\n<\/tr>\n<tr style=\"height: 24px;\">\n<td style=\"height: 24px; width: 89.8597%;\">Servi\u00e7o de Refeit\u00f3rio<\/td>\n<td style=\"text-align: right; height: 24px; width: 9.6301%;\">73\u20ac<\/td>\n<\/tr>\n<tr style=\"height: 24px;\">\n<td style=\"height: 24px; width: 89.8597%;\">Transporte &#8211; uma viagem<\/td>\n<td style=\"text-align: right; height: 24px; width: 9.6301%;\">91\u20ac<\/td>\n<\/tr>\n<tr style=\"height: 24px;\">\n<td style=\"height: 24px; width: 89.8597%;\">Transporte completo (duas viagens e possibilidade de entrega na morada do Aluno)<\/td>\n<td style=\"text-align: right; height: 24px; width: 9.6301%;\">140\u20ac<\/td>\n<\/tr>\n<tr style=\"height: 24px;\">\n<td style=\"height: 24px; width: 89.8597%;\">Prolongamento at\u00e9 \u00e0s 19h &#8211; Mensal<\/td>\n<td style=\"text-align: right; height: 24px; width: 9.6301%;\">82\u20ac<\/td>\n<\/tr>\n<tr style=\"height: 24px;\">\n<td style=\"height: 24px; width: 89.8597%;\">Prolongamento at\u00e9 \u00e0s 19h &#8211; Di\u00e1ria<\/td>\n<td style=\"text-align: right; height: 24px; width: 9.6301%;\">9\u20ac<\/td>\n<\/tr>\n<tr style=\"height: 24px;\">\n<td style=\"height: 24px; width: 89.8597%;\">Saco de muda de roupa para Creche, Pr\u00e9-Escolar e 1.\u00ba CEB<\/td>\n<td style=\"text-align: right; height: 24px; width: 9.6301%;\">28,00\u20ac<\/td>\n<\/tr>\n<\/tbody>\n<\/table>\n<p>[\/et_pb_text][et_pb_text _builder_version=&#8221;4.9.4&#8243; _module_preset=&#8221;1e6ba128-6d31-448a-b1c2-885d522b30fc&#8221; max_width=&#8221;600px&#8221; module_alignment=&#8221;center&#8221; hover_enabled=&#8221;0&#8243; sticky_enabled=&#8221;0&#8243;]<\/p>\n<table style=\"height: 447px; width: 587px;\" border=\"0\" width=\"100%\">\n<thead>\n<tr style=\"height: 24px;\">\n<th style=\"height: 24px; width: 577px;\" colspan=\"2\">Atividades Extra-Curriculares<\/th>\n<\/tr>\n<\/thead>\n<tbody>\n<tr style=\"height: 24px;\">\n<td style=\"height: 24px; width: 445.783px;\">Ballet<\/td>\n<td style=\"height: 24px; text-align: right; width: 125.217px;\">53\u20ac<\/td>\n<\/tr>\n<tr style=\"height: 24px;\">\n<td style=\"height: 15px; width: 445.783px;\">\n<p>Skate &#8211; Skate House &#8211; 1x por semana<\/p>\n<p>Skate &#8211; Skate House &#8211; 2x por semana<\/p>\n<\/td>\n<td style=\"height: 15px; text-align: right; width: 125.217px;\">\n<p>45\u20ac<\/p>\n<p>61\u20ac<\/p>\n<\/td>\n<\/tr>\n<tr style=\"height: 24px;\">\n<td style=\"height: 24px; width: 445.783px;\">\n<p>Patinagem &#8211; Skate House &#8211; 1x por semana<\/p>\n<p>Patinagem &#8211; Skate House &#8211; 2x por semana<\/p>\n<\/td>\n<td style=\"height: 24px; text-align: right; width: 125.217px;\">\n<p>45\u20ac<\/p>\n<p>61\u20ac<\/p>\n<\/td>\n<\/tr>\n<tr style=\"height: 24px;\">\n<td style=\"height: 24px; width: 445.783px;\">Judo<\/td>\n<td style=\"height: 24px; text-align: right; width: 125.217px;\">56\u20ac<\/td>\n<\/tr>\n<tr style=\"height: 24px;\">\n<td style=\"height: 24px; width: 445.783px;\">Escola de L\u00ednguas (Ingl\u00eas, Franc\u00eas, Alem\u00e3o, Espanhol, Mandarim)<\/td>\n<td style=\"height: 24px; text-align: right; width: 125.217px;\">63\u20ac<\/td>\n<\/tr>\n<tr style=\"height: 24px;\">\n<td style=\"height: 24px; width: 445.783px;\">The Inventors<\/td>\n<td style=\"height: 24px; text-align: right; width: 125.217px;\">59\u20ac<\/td>\n<\/tr>\n<tr style=\"height: 24px;\">\n<td style=\"height: 24px; width: 445.783px;\">\n<p>Futebol &#8211; A Escolinha do Figo &#8211; 1x por semana (Equipamento e Inscri\u00e7\u00e3o 85,00\u20ac)<\/p>\n<p>Futebol &#8211; A Escolinha do Figo &#8211; 2x por semana (Equipamento e Inscri\u00e7\u00e3o 85,00\u20ac)<\/p>\n<\/td>\n<td style=\"height: 24px; text-align: right; width: 125.217px;\">\n<p>51\u20ac<\/p>\n<p>64\u20ac<\/p>\n<\/td>\n<\/tr>\n<tr style=\"height: 96px;\">\n<td style=\"height: 96px; width: 445.783px;\">Nata\u00e7\u00e3o (Inscri\u00e7\u00e3o 30\u20ac)<\/td>\n<td style=\"height: 96px; text-align: right; width: 125.217px;\">48\u20ac<\/td>\n<\/tr>\n<tr style=\"height: 24px;\">\n<td style=\"height: 24px; width: 445.783px;\">Ensino do instrumento &#8211; Guitarra Ac\u00fastica<\/td>\n<td style=\"height: 24px; text-align: right; width: 125.217px;\">48\u20ac<\/td>\n<\/tr>\n<tr style=\"height: 24px;\">\n<td style=\"height: 24px; width: 445.783px;\">Ensino do Instrumento &#8211; Piano<\/td>\n<td style=\"height: 24px; text-align: right; width: 125.217px;\">48\u20ac<\/td>\n<\/tr>\n<tr style=\"height: 24px;\">\n<td style=\"height: 24px; width: 445.783px;\">Sala de Estudo &#8211; 1.\u00ba CEB<\/td>\n<td style=\"height: 24px; text-align: right; width: 125.217px;\">74\u20ac<\/td>\n<\/tr>\n<tr style=\"height: 24px;\">\n<td style=\"height: 24px; width: 445.783px;\">Sala de Estudo &#8211; 2.\u00ba e 3.\u00ba CEB e Ensino Secund\u00e1rio<\/td>\n<td style=\"height: 24px; text-align: right; width: 125.217px;\">81\u20ac<\/td>\n<\/tr>\n<tr style=\"height: 24px;\">\n<td style=\"height: 24px; width: 445.783px;\">RCP Apple Academy (6)<\/td>\n<td style=\"height: 24px; text-align: right; width: 125.217px;\">40\u20ac<\/td>\n<\/tr>\n<tr style=\"height: 24px;\">\n<td style=\"height: 24px; width: 445.783px;\">Declara\u00e7\u00e3o<\/td>\n<td style=\"height: 24px; text-align: right; width: 125.217px;\">21\u20ac<\/td>\n<\/tr>\n<tr style=\"height: 24px;\">\n<td style=\"height: 24px; width: 445.783px;\">Certificado de Habilita\u00e7\u00f5es<\/td>\n<td style=\"height: 24px; text-align: right; width: 125.217px;\">26\u20ac<\/td>\n<\/tr>\n<\/tbody>\n<\/table>\n<p>[\/et_pb_text][et_pb_text _builder_version=&#8221;4.9.4&#8243; _module_preset=&#8221;default&#8221; text_font_size=&#8221;12px&#8221; text_line_height=&#8221;1.4em&#8221;]<strong>Nota:<\/strong> Mensalidades ser\u00e3o pagas em 11 preta\u00e7\u00f5es de Setembro a Julho e at\u00e9 ao dia 8 de cada m\u00eas.<br \/>\nAs onze mensalidades pagas at\u00e9 dia 8 de Setembro beneficiam de um desconto de 3%.<br \/>\nA sobretaxa pelo atraso na presta\u00e7\u00e3o mensal ap\u00f3s o dia 8 do m\u00eas de pagamento ser\u00e1 de 15%.<\/p>\n<p>A sobretaxa pelo atraso na presta\u00e7\u00e3o mensal ap\u00f3s o dia 20 do m\u00eas de pagamento ser\u00e1 de 20%.<\/p>\n<p>A falta de provis\u00e3o ou devolu\u00e7\u00e3o de cheques para pagamento de propinas implica o pagamento das sobretaxas respetivas.<\/p>\n<p>(1) inclui ensino, inicia\u00e7\u00e3o musical, ingl\u00eas, express\u00e3o motora e material escolar.<br \/>\n(2) inclui ensino, inicia\u00e7\u00e3o musical, ingl\u00eas, inform\u00e1tica, express\u00e3o motora e material escolar, utiliza\u00e7\u00e3o da biblioteca e ludoteca.<br \/>\n(3) inclui ensino, espress\u00e3o musical, ingl\u00eas, inform\u00e1tica, educa\u00e7\u00e3o f\u00edsica, material escolar e fotoc\u00f3pias de apoio \u00e0s aulas quando requisitadas pelos professores, utiliza\u00e7\u00e3o da biblioteca e ludoteca.<br \/>\n(4) inclui ensino, inform\u00e1tica, material escolar e fotoc\u00f3pias de apoio \u00e0s aulas quando requisitadas pelos professores, utiliza\u00e7\u00e3o de laborat\u00f3rio de ci\u00eancias da natureza e laborat\u00f3rio de inform\u00e1tica, utiliza\u00e7\u00e3o de biblioteca e CRE.<br \/>\n(5) inclui ensino, inform\u00e1tica, material escolar e fotoc\u00f3pias de apoio \u00e0s aulas quando requisitadas pelos professores, utiliza\u00e7\u00e3o de laborat\u00f3rio de f\u00edsico-qu\u00edmica, ci\u00eancias da natureza e laborat\u00f3rio de inform\u00e1tica, utiliza\u00e7\u00e3o de biblioteca e CRE.[\/et_pb_text][et_pb_button button_url=&#8221;\/wp-content\/uploads\/2021\/06\/autorizacao_de_debito_directo_sepa_RCP.pdf&#8221; button_text=&#8221;Adira J\u00e1 \u00e0 Op\u00e7\u00e3o de D\u00e9bito Direto&#8221; button_alignment=&#8221;center&#8221; _builder_version=&#8221;4.9.4&#8243; _module_preset=&#8221;default&#8221; custom_button=&#8221;on&#8221; button_text_size=&#8221;17px&#8221; button_bg_color=&#8221;#F9B91D&#8221; button_border_color=&#8221;#F9B91D&#8221; button_font=&#8221;|700||on|||||&#8221; button_use_icon=&#8221;off&#8221; background_layout=&#8221;dark&#8221; custom_css_main_element=&#8221;width: 100%;&#8221; box_shadow_style=&#8221;preset3&#8243; global_colors_info=&#8221;{}&#8221; box_shadow_horizontal__hover_enabled=&#8221;on|hover&#8221; box_shadow_vertical__hover=&#8221;6px&#8221; box_shadow_vertical__hover_enabled=&#8221;on|hover&#8221; box_shadow_blur__hover=&#8221;10px&#8221; box_shadow_blur__hover_enabled=&#8221;on|desktop&#8221;][\/et_pb_button][\/et_pb_column][\/et_pb_row][\/et_pb_section]<\/p>\n","protected":false},"excerpt":{"rendered":"<p>[et_pb_section fb_built=&#8221;1&#8243; _builder_version=&#8221;4.9.4&#8243; _module_preset=&#8221;default&#8221;][et_pb_row column_structure=&#8221;1_3,1_3,1_3&#8243; _builder_version=&#8221;4.9.4&#8243; _module_preset=&#8221;default&#8221; custom_margin=&#8221;||2rem||false|false&#8221;][et_pb_column type=&#8221;1_3&#8243; _builder_version=&#8221;4.9.4&#8243; _module_preset=&#8221;default&#8221;][et_pb_button button_url=&#8221;\/wp-content\/uploads\/2021\/06\/protocolos-real-colgio-de-portugal.pdf&#8221; button_text=&#8221;Protocolos Real Col\u00e9gio de Portugal&#8221; _builder_version=&#8221;4.9.4&#8243; _module_preset=&#8221;911c009c-5ece-4232-8a81-8b994527c470&#8243; custom_css_main_element=&#8221;width: 100%;&#8221;][\/et_pb_button][\/et_pb_column][et_pb_column type=&#8221;1_3&#8243; _builder_version=&#8221;4.9.4&#8243; _module_preset=&#8221;default&#8221;][et_pb_button button_url=&#8221;https:\/\/realcolegio.pt\/wp-content\/uploads\/2025\/01\/Tabela-Mensalidades-2025_2026RCP_10012025091937.pdf&#8221; url_new_window=&#8221;on&#8221; button_text=&#8221;Tabela de Mensalidades 2025\/2026&#8243; button_alignment=&#8221;center&#8221; _builder_version=&#8221;4.9.4&#8243; _module_preset=&#8221;default&#8221; custom_button=&#8221;on&#8221; button_text_size=&#8221;17px&#8221; button_bg_color=&#8221;#F9B91D&#8221; button_border_color=&#8221;#F9B91D&#8221; button_font=&#8221;|700||on|||||&#8221; button_use_icon=&#8221;off&#8221; background_layout=&#8221;dark&#8221; custom_css_main_element=&#8221;width: 100%;&#8221; box_shadow_style=&#8221;preset3&#8243; global_colors_info=&#8221;{}&#8221; box_shadow_horizontal__hover_enabled=&#8221;on|hover&#8221; box_shadow_vertical__hover=&#8221;6px&#8221; box_shadow_vertical__hover_enabled=&#8221;on|hover&#8221; box_shadow_blur__hover=&#8221;10px&#8221; box_shadow_blur__hover_enabled=&#8221;on|desktop&#8221;][\/et_pb_button][\/et_pb_column][et_pb_column type=&#8221;1_3&#8243; _builder_version=&#8221;4.9.4&#8243; _module_preset=&#8221;default&#8221;][et_pb_button button_url=&#8221;https:\/\/realcolegio.pt\/wp-content\/uploads\/2026\/01\/Tabela-de-Mensalidades_26_27.pdf&#8221; url_new_window=&#8221;on&#8221; button_text=&#8221;Tabela [&hellip;]<\/p>\n","protected":false},"author":1,"featured_media":987,"parent":79,"menu_order":0,"comment_status":"closed","ping_status":"closed","template":"","meta":{"_acf_changed":false,"_et_pb_use_builder":"on","_et_pb_old_content":"","_et_gb_content_width":"","footnotes":""},"class_list":["post-382","page","type-page","status-publish","has-post-thumbnail","hentry"],"acf":[],"_links":{"self":[{"href":"https:\/\/realcolegio.pt\/en\/wp-json\/wp\/v2\/pages\/382","targetHints":{"allow":["GET"]}}],"collection":[{"href":"https:\/\/realcolegio.pt\/en\/wp-json\/wp\/v2\/pages"}],"about":[{"href":"https:\/\/realcolegio.pt\/en\/wp-json\/wp\/v2\/types\/page"}],"author":[{"embeddable":true,"href":"https:\/\/realcolegio.pt\/en\/wp-json\/wp\/v2\/users\/1"}],"replies":[{"embeddable":true,"href":"https:\/\/realcolegio.pt\/en\/wp-json\/wp\/v2\/comments?post=382"}],"version-history":[{"count":48,"href":"https:\/\/realcolegio.pt\/en\/wp-json\/wp\/v2\/pages\/382\/revisions"}],"predecessor-version":[{"id":7181,"href":"https:\/\/realcolegio.pt\/en\/wp-json\/wp\/v2\/pages\/382\/revisions\/7181"}],"up":[{"embeddable":true,"href":"https:\/\/realcolegio.pt\/en\/wp-json\/wp\/v2\/pages\/79"}],"wp:featuredmedia":[{"embeddable":true,"href":"https:\/\/realcolegio.pt\/en\/wp-json\/wp\/v2\/media\/987"}],"wp:attachment":[{"href":"https:\/\/realcolegio.pt\/en\/wp-json\/wp\/v2\/media?parent=382"}],"curies":[{"name":"wp","href":"https:\/\/api.w.org\/{rel}","templated":true}]}}