{"id":378,"date":"2021-06-09T13:26:20","date_gmt":"2021-06-09T13:26:20","guid":{"rendered":"https:\/\/rcp.blatstudio.com\/?page_id=378"},"modified":"2025-09-18T15:47:10","modified_gmt":"2025-09-18T14:47:10","slug":"inscricoes","status":"publish","type":"page","link":"https:\/\/realcolegio.pt\/en\/quero-estudar-no-rcp\/inscricoes\/","title":{"rendered":"Inscri\u00e7\u00f5es"},"content":{"rendered":"<p>[et_pb_section fb_built=&#8221;1&#8243; _builder_version=&#8221;4.9.4&#8243; _module_preset=&#8221;default&#8221;][et_pb_row _builder_version=&#8221;4.9.4&#8243; _module_preset=&#8221;b8b2270b-f71e-4a15-a3ff-3a16e4fe87f5&#8243; custom_padding=&#8221;0px|4rem|0rem|4rem|false|true&#8221;][et_pb_column type=&#8221;4_4&#8243; _builder_version=&#8221;4.9.4&#8243; _module_preset=&#8221;default&#8221;][et_pb_text _builder_version=&#8221;4.9.4&#8243; _module_preset=&#8221;default&#8221;]<\/p>\n<p>As pr\u00e9-inscri\u00e7\u00f5es para a frequ\u00eancia neste estabelecimento de ensino ser\u00e3o realizadas na secretaria em qualquer per\u00edodo do ano, sendo que a admiss\u00e3o depende da dos meios humanos e materiais dispon\u00edveis e de outros condicionalismos, tais como o n\u00famero de vagas existentes e o limite m\u00e1ximo de crian\u00e7as por sala.<\/p>\n<p>[\/et_pb_text][\/et_pb_column][\/et_pb_row][\/et_pb_section][et_pb_section fb_built=&#8221;1&#8243; _builder_version=&#8221;4.9.4&#8243; _module_preset=&#8221;default&#8221; background_color=&#8221;#F9B91D&#8221;][et_pb_row _builder_version=&#8221;4.9.4&#8243; _module_preset=&#8221;b8b2270b-f71e-4a15-a3ff-3a16e4fe87f5&#8243; custom_padding=&#8221;0px|4rem|0rem|4rem|false|true&#8221;][et_pb_column type=&#8221;4_4&#8243; _builder_version=&#8221;4.9.4&#8243; _module_preset=&#8221;default&#8221;][et_pb_text _builder_version=&#8221;4.9.4&#8243; _module_preset=&#8221;default&#8221; text_font=&#8221;|800||on|||||&#8221; text_font_size=&#8221;27px&#8221; text_line_height=&#8221;1em&#8221; text_orientation=&#8221;center&#8221;]<\/p>\n<p>&#8220;Acreditamos que o sucesso escolar resulta na forma\u00e7\u00e3o em contexto de sala de aula, na intera\u00e7\u00e3o social e na aprendizagem com crian\u00e7as de diferentes culturas&#8221;<\/p>\n<p>[\/et_pb_text][\/et_pb_column][\/et_pb_row][\/et_pb_section][et_pb_section fb_built=&#8221;1&#8243; _builder_version=&#8221;4.9.4&#8243; _module_preset=&#8221;default&#8221;][et_pb_row _builder_version=&#8221;4.9.4&#8243; _module_preset=&#8221;b8b2270b-f71e-4a15-a3ff-3a16e4fe87f5&#8243; custom_padding=&#8221;0px|4rem|2rem|4rem|false|true&#8221;][et_pb_column type=&#8221;4_4&#8243; _builder_version=&#8221;4.9.4&#8243; _module_preset=&#8221;default&#8221;][et_pb_text _builder_version=&#8221;4.9.4&#8243; _module_preset=&#8221;87290259-4b7c-420f-94b4-055a3fc25617&#8243; custom_margin=&#8221;0px||1rem||false|false&#8221;]<\/p>\n<h2>Passos para Pr\u00e9-Inscri\u00e7\u00e3o:<\/h2>\n<p>[\/et_pb_text][et_pb_text _builder_version=&#8221;4.9.4&#8243; _module_preset=&#8221;default&#8221;]<\/p>\n<ul>\n<li>Enviar um email a solicitar informa\u00e7\u00f5es para<a href=\"mailto:informacoes@realcolegio.pt\"> informacoes@realcolegio.pt<\/a><\/li>\n<li>Reuni\u00e3o de apresenta\u00e7\u00e3o com a Dire\u00e7\u00e3o Pedag\u00f3gica;<\/li>\n<li>Visita \u00e0s instala\u00e7\u00f5es do Real Col\u00e9gio de Portugal;<\/li>\n<li>Submiss\u00e3o de Formul\u00e1rio de Pr\u00e9-Inscri\u00e7\u00e3o Online;<\/li>\n<li>Entrega da Documenta\u00e7\u00e3o<\/li>\n<li>Pagamento da Matr\u00edcula*<\/li>\n<\/ul>\n<p>[\/et_pb_text][et_pb_text _builder_version=&#8221;4.9.4&#8243; _module_preset=&#8221;default&#8221; text_font_size=&#8221;12px&#8221; text_line_height=&#8221;1.2em&#8221;]* A desist\u00eancia da frequ\u00eancia no Col\u00e9gio da crian\u00e7a n\u00e3o dar\u00e1 direito a qualquer restitui\u00e7\u00e3o dos valores pagos. Desde que seja iniciada a frequ\u00eancia de um m\u00eas, o mesmo ser\u00e1 pago por inteiro.<\/p>\n<p>A desist\u00eancia durante o ano letivo deve sempre ser comunicada por escrito.<\/p>\n<p>No ato da matr\u00edcula \u00e9 obrigat\u00f3rio o pagamento referente \u00e0 matr\u00edcula e ao seguro escolar, s\u00f3 assim est\u00e1 a<br \/>\ngarantir a vaga na nossa institui\u00e7\u00e3o. Estes valores n\u00e3o s\u00e3o devolvidos, caso o aluno\/a pretenda desistir<br \/>\nsem antes ter frequentado a institui\u00e7\u00e3o, como est\u00e1 explicito no regulamento interno.[\/et_pb_text][et_pb_text _builder_version=&#8221;4.9.4&#8243; _module_preset=&#8221;87290259-4b7c-420f-94b4-055a3fc25617&#8243; custom_margin=&#8221;0px||1rem||false|false&#8221;]<\/p>\n<h2>Documenta\u00e7\u00e3o Necess\u00e1ria a Apresentar no ato da Matr\u00edcula:<\/h2>\n<p>[\/et_pb_text][et_pb_text _builder_version=&#8221;4.9.4&#8243; _module_preset=&#8221;default&#8221;]<\/p>\n<ul>\n<li>Documento de Identifica\u00e7\u00e3o do aluno\/a;<\/li>\n<li>Documento de Identifica\u00e7\u00e3o do Pai;<\/li>\n<li>Documento de Identifica\u00e7\u00e3o da M\u00e3e;<\/li>\n<li>Documento de Identifica\u00e7\u00e3o do Encarregado de Educa\u00e7\u00e3o;<\/li>\n<li>Certificado de habilita\u00e7\u00f5es Autenticado (apenas aplic\u00e1vel a partir do 2.\u00ba CEB);<\/li>\n<li>Registo Biogr\u00e1fico (apenas aplic\u00e1vel a partir do 1.\u00ba CEB)<\/li>\n<li>Boletim de Vacinas;<\/li>\n<li>Declara\u00e7\u00e3o m\u00e9dica.<\/li>\n<\/ul>\n<p>[\/et_pb_text][\/et_pb_column][\/et_pb_row][et_pb_row _builder_version=&#8221;4.9.4&#8243; _module_preset=&#8221;default&#8221;][et_pb_column type=&#8221;4_4&#8243; _builder_version=&#8221;4.9.4&#8243; _module_preset=&#8221;default&#8221;][et_pb_button button_url=&#8221;https:\/\/community.e-schooling.com\/MatriculaNova\/Index?schoolId=4af79a0c-0648-4bcd-bbf8-7be6e4c84daf&#8221; url_new_window=&#8221;on&#8221; button_text=&#8221;FORMUL\u00c1RIO DE INSCRI\u00c7\u00c3O&#8221; _builder_version=&#8221;4.9.4&#8243; _module_preset=&#8221;911c009c-5ece-4232-8a81-8b994527c470&#8243; hover_enabled=&#8221;0&#8243; locked=&#8221;off&#8221; sticky_enabled=&#8221;0&#8243;][\/et_pb_button][\/et_pb_column][\/et_pb_row][\/et_pb_section]<\/p>\n","protected":false},"excerpt":{"rendered":"<p>[et_pb_section fb_built=&#8221;1&#8243; _builder_version=&#8221;4.9.4&#8243; _module_preset=&#8221;default&#8221;][et_pb_row _builder_version=&#8221;4.9.4&#8243; _module_preset=&#8221;b8b2270b-f71e-4a15-a3ff-3a16e4fe87f5&#8243; custom_padding=&#8221;0px|4rem|0rem|4rem|false|true&#8221;][et_pb_column type=&#8221;4_4&#8243; _builder_version=&#8221;4.9.4&#8243; _module_preset=&#8221;default&#8221;][et_pb_text _builder_version=&#8221;4.9.4&#8243; _module_preset=&#8221;default&#8221;] As pr\u00e9-inscri\u00e7\u00f5es para a frequ\u00eancia neste estabelecimento de ensino ser\u00e3o realizadas na secretaria em qualquer per\u00edodo do ano, sendo que a admiss\u00e3o depende da dos meios humanos e materiais dispon\u00edveis e de outros condicionalismos, tais como o n\u00famero de vagas existentes e o [&hellip;]<\/p>\n","protected":false},"author":1,"featured_media":750,"parent":79,"menu_order":0,"comment_status":"closed","ping_status":"closed","template":"","meta":{"_acf_changed":false,"_et_pb_use_builder":"on","_et_pb_old_content":"","_et_gb_content_width":"","footnotes":""},"class_list":["post-378","page","type-page","status-publish","has-post-thumbnail","hentry"],"acf":[],"_links":{"self":[{"href":"https:\/\/realcolegio.pt\/en\/wp-json\/wp\/v2\/pages\/378","targetHints":{"allow":["GET"]}}],"collection":[{"href":"https:\/\/realcolegio.pt\/en\/wp-json\/wp\/v2\/pages"}],"about":[{"href":"https:\/\/realcolegio.pt\/en\/wp-json\/wp\/v2\/types\/page"}],"author":[{"embeddable":true,"href":"https:\/\/realcolegio.pt\/en\/wp-json\/wp\/v2\/users\/1"}],"replies":[{"embeddable":true,"href":"https:\/\/realcolegio.pt\/en\/wp-json\/wp\/v2\/comments?post=378"}],"version-history":[{"count":29,"href":"https:\/\/realcolegio.pt\/en\/wp-json\/wp\/v2\/pages\/378\/revisions"}],"predecessor-version":[{"id":6422,"href":"https:\/\/realcolegio.pt\/en\/wp-json\/wp\/v2\/pages\/378\/revisions\/6422"}],"up":[{"embeddable":true,"href":"https:\/\/realcolegio.pt\/en\/wp-json\/wp\/v2\/pages\/79"}],"wp:featuredmedia":[{"embeddable":true,"href":"https:\/\/realcolegio.pt\/en\/wp-json\/wp\/v2\/media\/750"}],"wp:attachment":[{"href":"https:\/\/realcolegio.pt\/en\/wp-json\/wp\/v2\/media?parent=378"}],"curies":[{"name":"wp","href":"https:\/\/api.w.org\/{rel}","templated":true}]}}