{"id":3723,"date":"2023-05-03T14:25:52","date_gmt":"2023-05-03T13:25:52","guid":{"rendered":"https:\/\/www.realcolegio.pt\/?page_id=3723"},"modified":"2024-01-08T12:07:28","modified_gmt":"2024-01-08T12:07:28","slug":"orgaos-sociais","status":"publish","type":"page","link":"https:\/\/realcolegio.pt\/en\/alunos\/orgaos-sociais\/","title":{"rendered":"Org\u00e3os Sociais"},"content":{"rendered":"<p>[et_pb_section fb_built=&#8221;1&#8243; _builder_version=&#8221;4.9.4&#8243; _module_preset=&#8221;default&#8221;][et_pb_row _builder_version=&#8221;4.9.4&#8243; _module_preset=&#8221;default&#8221;][et_pb_column type=&#8221;4_4&#8243; _builder_version=&#8221;4.9.4&#8243; _module_preset=&#8221;default&#8221;][et_pb_text _builder_version=&#8221;4.9.4&#8243; _module_preset=&#8221;default&#8221;]<\/p>\n<p style=\"text-align: center;\"><strong>\u00a0 <\/strong><strong>ASSEMBLEIA GERAL<\/strong><\/p>\n<p>&nbsp;<\/p>\n<p style=\"text-align: left;\">PROFESSOR DOUTOR FRANCISCO FARIA FERREIRA<\/p>\n<p style=\"font-weight: 400; text-align: left;\"><strong>Presidente<\/strong><\/p>\n<p style=\"font-weight: 400; text-align: left;\"><strong><\/strong><\/p>\n<p style=\"font-weight: 400; text-align: left;\">\n<p style=\"font-weight: 400; text-align: left;\">DR. MANUEL ANT\u00d3NIO DOS SANTOS REIS<\/p>\n<p style=\"font-weight: 400; text-align: left;\"><strong>\u00a0Vice-Presidente<\/strong><\/p>\n<p style=\"font-weight: 400; text-align: left;\"><strong><\/strong><\/p>\n<p style=\"font-weight: 400; text-align: left;\">\n<p style=\"font-weight: 400; text-align: left;\">DRA. ANA SOFIA FERNANDES FERREIRA<\/p>\n<p style=\"font-weight: 400; text-align: left;\"><strong>Secret\u00e1ria<\/strong><\/p>\n<p>&nbsp;<\/p>\n<p>&nbsp;<\/p>\n<p style=\"text-align: center;\"><strong>CONSELHO DE ADMINISTRA\u00c7\u00c3<\/strong><strong>O | REAL ACADEMIA DE PORTUGAL S.A.<\/strong><\/p>\n<p>&nbsp;<\/p>\n<p style=\"font-weight: 400;\">PROFESSOR DOUTOR MANUEL DE ALMEIDA DAM\u00c1SIO<\/p>\n<p style=\"font-weight: 400;\"><strong>Presidente<\/strong><\/p>\n<p>&nbsp;<\/p>\n<p style=\"font-weight: 400;\">PROFESSORA DOUTORA TERESA DO ROS\u00c1RIO CARVALHO DE ALMEIDA DAM\u00c1SIO<\/p>\n<p style=\"font-weight: 400;\"><strong>Vogal<\/strong><\/p>\n<p>&nbsp;<\/p>\n<p style=\"font-weight: 400;\">PROFESSORA DOUTORA MARIA DA CONCEI\u00c7\u00c3O FERREIRA SOEIRO<\/p>\n<p><strong>Vogal<\/strong><\/p>\n<p>&nbsp;<\/p>\n<p style=\"font-weight: 400;\">DR. CARLOS MANUEL DE ALMEIDA DAM\u00c1SIO VIEIRA<\/p>\n<p><strong>Vogal<\/strong><\/p>\n<p>&nbsp;<\/p>\n<p style=\"font-weight: 400;\">DRA. MARTA FILIPA TEIXEIRA DE ALMEIDA SANTOS PORTUGAL LAGE<\/p>\n<p style=\"font-weight: 400;\"><strong>Vogal<\/strong><\/p>\n<p style=\"font-weight: 400;\">\n<p style=\"font-weight: 400;\">\n<p style=\"font-weight: 400;\">\n<p style=\"font-weight: 400;\">\n<p style=\"text-align: left;\"><strong>FISCAL \u00daNICO<\/strong><\/p>\n<p style=\"font-weight: 400;\">DR. MARTINS PEREIRA, JO\u00c3O CARECA &amp; ASSOCIADOS, SROC, LDA, representada por Jo\u00e3o Ant\u00f3nio de Carvalho Careca &#8211; Roc<\/p>\n<p><strong>\u00a0 \u00a0 \u00a0 \u00a0 \u00a0 \u00a0 \u00a0 \u00a0 \u00a0 \u00a0 \u00a0 \u00a0 \u00a0 \u00a0 \u00a0 \u00a0<\/strong><\/p>\n<p style=\"font-weight: 400; text-align: left;\"><strong>SUPLENTE(S) DO FISCAL \u00daNICO<\/strong><\/p>\n<p style=\"font-weight: 400;\">DRA. ELSA MARIA TRINDADE GOMES CANCIO MARTINS &#8211; Roc<\/p>\n<p>[\/et_pb_text][\/et_pb_column][\/et_pb_row][\/et_pb_section]<\/p>\n","protected":false},"excerpt":{"rendered":"<p>[et_pb_section fb_built=&#8221;1&#8243; _builder_version=&#8221;4.9.4&#8243; _module_preset=&#8221;default&#8221;][et_pb_row _builder_version=&#8221;4.9.4&#8243; _module_preset=&#8221;default&#8221;][et_pb_column type=&#8221;4_4&#8243; _builder_version=&#8221;4.9.4&#8243; _module_preset=&#8221;default&#8221;][et_pb_text _builder_version=&#8221;4.9.4&#8243; _module_preset=&#8221;default&#8221;] \u00a0 ASSEMBLEIA GERAL &nbsp; PROFESSOR DOUTOR FRANCISCO FARIA FERREIRA Presidente DR. MANUEL ANT\u00d3NIO DOS SANTOS REIS \u00a0Vice-Presidente DRA. ANA SOFIA FERNANDES FERREIRA Secret\u00e1ria &nbsp; &nbsp; CONSELHO DE ADMINISTRA\u00c7\u00c3O | REAL ACADEMIA DE PORTUGAL S.A. &nbsp; PROFESSOR DOUTOR MANUEL DE ALMEIDA DAM\u00c1SIO Presidente &nbsp; PROFESSORA [&hellip;]<\/p>\n","protected":false},"author":2,"featured_media":3728,"parent":81,"menu_order":0,"comment_status":"closed","ping_status":"closed","template":"","meta":{"_acf_changed":false,"_et_pb_use_builder":"on","_et_pb_old_content":"","_et_gb_content_width":"","footnotes":""},"class_list":["post-3723","page","type-page","status-publish","has-post-thumbnail","hentry"],"acf":[],"_links":{"self":[{"href":"https:\/\/realcolegio.pt\/en\/wp-json\/wp\/v2\/pages\/3723","targetHints":{"allow":["GET"]}}],"collection":[{"href":"https:\/\/realcolegio.pt\/en\/wp-json\/wp\/v2\/pages"}],"about":[{"href":"https:\/\/realcolegio.pt\/en\/wp-json\/wp\/v2\/types\/page"}],"author":[{"embeddable":true,"href":"https:\/\/realcolegio.pt\/en\/wp-json\/wp\/v2\/users\/2"}],"replies":[{"embeddable":true,"href":"https:\/\/realcolegio.pt\/en\/wp-json\/wp\/v2\/comments?post=3723"}],"version-history":[{"count":16,"href":"https:\/\/realcolegio.pt\/en\/wp-json\/wp\/v2\/pages\/3723\/revisions"}],"predecessor-version":[{"id":4294,"href":"https:\/\/realcolegio.pt\/en\/wp-json\/wp\/v2\/pages\/3723\/revisions\/4294"}],"up":[{"embeddable":true,"href":"https:\/\/realcolegio.pt\/en\/wp-json\/wp\/v2\/pages\/81"}],"wp:featuredmedia":[{"embeddable":true,"href":"https:\/\/realcolegio.pt\/en\/wp-json\/wp\/v2\/media\/3728"}],"wp:attachment":[{"href":"https:\/\/realcolegio.pt\/en\/wp-json\/wp\/v2\/media?parent=3723"}],"curies":[{"name":"wp","href":"https:\/\/api.w.org\/{rel}","templated":true}]}}