{"id":3684,"date":"2023-04-17T16:47:13","date_gmt":"2023-04-17T15:47:13","guid":{"rendered":"https:\/\/www.realcolegio.pt\/?page_id=3684"},"modified":"2023-04-17T17:00:29","modified_gmt":"2023-04-17T16:00:29","slug":"alunos-2","status":"publish","type":"page","link":"https:\/\/realcolegio.pt\/en\/alunos-2\/","title":{"rendered":"Plano de Benef\u00edcios Sa\u00fade &#8211; PBSPlano"},"content":{"rendered":"<p>[et_pb_section fb_built=&#8221;1&#8243; _builder_version=&#8221;4.9.4&#8243; _module_preset=&#8221;default&#8221;][et_pb_row _builder_version=&#8221;4.9.4&#8243; _module_preset=&#8221;default&#8221;][et_pb_column type=&#8221;4_4&#8243; _builder_version=&#8221;4.9.4&#8243; _module_preset=&#8221;default&#8221;][et_pb_image src=&#8221;https:\/\/realcolegio.pt\/wp-content\/uploads\/2023\/04\/Um-Plano-a-Tua-Medida-1.jpg&#8221; title_text=&#8221;Um-Plano-a-Tua-Medida-1&#8243; _builder_version=&#8221;4.9.4&#8243; _module_preset=&#8221;default&#8221;][\/et_pb_image][\/et_pb_column][\/et_pb_row][\/et_pb_section][et_pb_section fb_built=&#8221;1&#8243; _builder_version=&#8221;4.9.4&#8243; _module_preset=&#8221;default&#8221;][et_pb_row _builder_version=&#8221;4.9.4&#8243; _module_preset=&#8221;default&#8221;][et_pb_column type=&#8221;4_4&#8243; _builder_version=&#8221;4.9.4&#8243; _module_preset=&#8221;default&#8221;][et_pb_text _builder_version=&#8221;4.9.4&#8243; _module_preset=&#8221;default&#8221; custom_padding=&#8221;|||0px||&#8221;]<\/p>\n<p>O Plano de Benef\u00edcios de Sa\u00fade (PBS) resulta de uma parceria entre a\u00a0<a href=\"https:\/\/www.saojoaodedeus.pt\/\" target=\"_blank\" rel=\"noopener\">Cl\u00ednica S\u00e3o Jo\u00e3o de Deus<\/a>, a\u00a0<a href=\"https:\/\/www.clinicasaojose.pt\/\" target=\"_blank\" rel=\"noopener\">Cl\u00ednica S\u00e3o Jos\u00e9 de Camarate<\/a>\u00a0e os estabelecimentos do\u00a0<a href=\"https:\/\/www.ensinolusofona.pt\/pt\/\" target=\"_blank\" rel=\"noopener\">Ensino Lus\u00f3fona e do Real Col\u00e9gio de Portugal<\/a>\u00a0com o intuito de promover cuidados de sa\u00fade como consultas m\u00e9dicas, exames e tratamentos a pre\u00e7os vantajosos.<\/p>\n<p>O PBS n\u00e3o \u00e9 um seguro de sa\u00fade, a ades\u00e3o \u00e9 gratuita e o acesso aos servi\u00e7os de sa\u00fade n\u00e3o obriga ao pagamento de qualquer mensalidade.<\/p>\n<p><span style=\"color: #f9b91d;\"><strong>Destinat\u00e1rios<\/strong><\/span><br \/>\n<span style=\"color: #042d45;\">Alunos, docentes e colaboradores dos estabelecimentos do Real Col\u00e9gio de Portugal e do Ensino Lus\u00f3fona. Os benef\u00edcios s\u00e3o extens\u00edveis aos agregados familiares (pais, filhos, c\u00f4njuges e irm\u00e3os) dos benefici\u00e1rios diretos, desde que por estes expressamente indicados no registo que dever\u00e1 ser realizado <strong><a style=\"color: #042d45;\" href=\"http:\/\/pbs.ulusofona.pt\/\" target=\"_blank\" rel=\"noopener\">aqui<\/a><\/strong>.<\/span><\/p>\n<p>Consulte toda a informa\u00e7\u00e3o no site\u00a0<a href=\"http:\/\/pbs.ulusofona.pt\/\" target=\"_blank\" rel=\"noopener\">PBS &#8211; Plano de Benef\u00edcios de Sa\u00fade<\/a><\/p>\n<p>[\/et_pb_text][\/et_pb_column][\/et_pb_row][\/et_pb_section]<\/p>\n","protected":false},"excerpt":{"rendered":"<p>[et_pb_section fb_built=&#8221;1&#8243; _builder_version=&#8221;4.9.4&#8243; _module_preset=&#8221;default&#8221;][et_pb_row _builder_version=&#8221;4.9.4&#8243; _module_preset=&#8221;default&#8221;][et_pb_column type=&#8221;4_4&#8243; _builder_version=&#8221;4.9.4&#8243; _module_preset=&#8221;default&#8221;][et_pb_image src=&#8221;https:\/\/realcolegio.pt\/wp-content\/uploads\/2023\/04\/Um-Plano-a-Tua-Medida-1.jpg&#8221; title_text=&#8221;Um-Plano-a-Tua-Medida-1&#8243; _builder_version=&#8221;4.9.4&#8243; _module_preset=&#8221;default&#8221;][\/et_pb_image][\/et_pb_column][\/et_pb_row][\/et_pb_section][et_pb_section fb_built=&#8221;1&#8243; _builder_version=&#8221;4.9.4&#8243; _module_preset=&#8221;default&#8221;][et_pb_row _builder_version=&#8221;4.9.4&#8243; _module_preset=&#8221;default&#8221;][et_pb_column type=&#8221;4_4&#8243; _builder_version=&#8221;4.9.4&#8243; _module_preset=&#8221;default&#8221;][et_pb_text _builder_version=&#8221;4.9.4&#8243; _module_preset=&#8221;default&#8221; custom_padding=&#8221;|||0px||&#8221;] O Plano de Benef\u00edcios de Sa\u00fade (PBS) resulta de uma parceria entre a\u00a0Cl\u00ednica S\u00e3o Jo\u00e3o de Deus, a\u00a0Cl\u00ednica S\u00e3o Jos\u00e9 de Camarate\u00a0e os estabelecimentos do\u00a0Ensino Lus\u00f3fona e do Real Col\u00e9gio de [&hellip;]<\/p>\n","protected":false},"author":2,"featured_media":3674,"parent":0,"menu_order":0,"comment_status":"closed","ping_status":"closed","template":"","meta":{"_acf_changed":false,"_et_pb_use_builder":"on","_et_pb_old_content":"","_et_gb_content_width":"","footnotes":""},"class_list":["post-3684","page","type-page","status-publish","has-post-thumbnail","hentry"],"acf":[],"_links":{"self":[{"href":"https:\/\/realcolegio.pt\/en\/wp-json\/wp\/v2\/pages\/3684","targetHints":{"allow":["GET"]}}],"collection":[{"href":"https:\/\/realcolegio.pt\/en\/wp-json\/wp\/v2\/pages"}],"about":[{"href":"https:\/\/realcolegio.pt\/en\/wp-json\/wp\/v2\/types\/page"}],"author":[{"embeddable":true,"href":"https:\/\/realcolegio.pt\/en\/wp-json\/wp\/v2\/users\/2"}],"replies":[{"embeddable":true,"href":"https:\/\/realcolegio.pt\/en\/wp-json\/wp\/v2\/comments?post=3684"}],"version-history":[{"count":5,"href":"https:\/\/realcolegio.pt\/en\/wp-json\/wp\/v2\/pages\/3684\/revisions"}],"predecessor-version":[{"id":3691,"href":"https:\/\/realcolegio.pt\/en\/wp-json\/wp\/v2\/pages\/3684\/revisions\/3691"}],"wp:featuredmedia":[{"embeddable":true,"href":"https:\/\/realcolegio.pt\/en\/wp-json\/wp\/v2\/media\/3674"}],"wp:attachment":[{"href":"https:\/\/realcolegio.pt\/en\/wp-json\/wp\/v2\/media?parent=3684"}],"curies":[{"name":"wp","href":"https:\/\/api.w.org\/{rel}","templated":true}]}}