{"id":281,"date":"2021-05-27T14:16:16","date_gmt":"2021-05-27T14:16:16","guid":{"rendered":"https:\/\/rcp.blatstudio.com\/?page_id=281"},"modified":"2026-03-05T10:34:13","modified_gmt":"2026-03-05T10:34:13","slug":"direcao-e-coordenacao-pedagogica","status":"publish","type":"page","link":"https:\/\/realcolegio.pt\/en\/o-colegio\/a-nossa-equipa\/direcao-e-coordenacao-pedagogica\/","title":{"rendered":"Dire\u00e7\u00e3o e Coordena\u00e7\u00e3o Pedag\u00f3gica"},"content":{"rendered":"<p>[et_pb_section fb_built=&#8221;1&#8243; _builder_version=&#8221;4.9.4&#8243; _module_preset=&#8221;default&#8221;][et_pb_row column_structure=&#8221;1_3,1_3,1_3&#8243; _builder_version=&#8221;4.9.4&#8243; _module_preset=&#8221;default&#8221;][et_pb_column type=&#8221;1_3&#8243; _builder_version=&#8221;4.9.4&#8243; _module_preset=&#8221;default&#8221;][\/et_pb_column][et_pb_column type=&#8221;1_3&#8243; _builder_version=&#8221;4.9.4&#8243; _module_preset=&#8221;default&#8221;][et_pb_team_member name=&#8221;Dr. Jo\u00e3o Esteves&#8221; position=&#8221;Diretor Pedag\u00f3gico&#8221; image_url=&#8221;https:\/\/realcolegio.pt\/wp-content\/uploads\/2025\/10\/Fotos-para-o-Site-1.png&#8221; _builder_version=&#8221;4.9.4&#8243; _module_preset=&#8221;_initial&#8221; header_text_align=&#8221;center&#8221; position_text_align=&#8221;center&#8221; min_height=&#8221;346.6px&#8221; custom_css_member_image=&#8221;margin: 0 auto 1rem;&#8221; border_radii_image=&#8221;on|50%|50%|50%|50%&#8221; locked=&#8221;off&#8221; global_colors_info=&#8221;{}&#8221;]<\/p>\n<p style=\"text-align: center;\"><a href=\"mailto:joao.esteves@realcolegio.pt\">joao.esteves@realcolegio.pt<\/a><\/p>\n<p style=\"text-align: center;\">[\/et_pb_team_member][\/et_pb_column][et_pb_column type=&#8221;1_3&#8243; _builder_version=&#8221;4.9.4&#8243; _module_preset=&#8221;default&#8221;][\/et_pb_column][\/et_pb_row][et_pb_row column_structure=&#8221;1_2,1_2&#8243; _builder_version=&#8221;4.9.4&#8243; _module_preset=&#8221;default&#8221;][et_pb_column type=&#8221;1_2&#8243; _builder_version=&#8221;4.9.4&#8243; _module_preset=&#8221;default&#8221;][et_pb_team_member name=&#8221;Dr. Jo\u00e3o Camolino&#8221; position=&#8221;Assessor da Dire\u00e7\u00e3o Pedag\u00f3gica e Coordenador do Ensino Secund\u00e1rio&#8221; image_url=&#8221;https:\/\/realcolegio.pt\/wp-content\/uploads\/2021\/07\/JOAO-CAMOLINO_-PROF-DE-EDUCACAO-FISICA.jpg&#8221; _builder_version=&#8221;4.9.4&#8243; _module_preset=&#8221;_initial&#8221; header_text_align=&#8221;center&#8221; position_text_align=&#8221;center&#8221; hover_enabled=&#8221;0&#8243; custom_css_member_image=&#8221;margin: 0 auto 1rem;&#8221; border_radii_image=&#8221;on|50%|50%|50%|50%&#8221; global_colors_info=&#8221;{}&#8221; sticky_enabled=&#8221;0&#8243;]<\/p>\n<p style=\"text-align: center;\"><a href=\"mailto:joao.camolino@realcolegio.pt\" title=\"joao.camolino@realcolegio.pt\">joao.camolino@realcolegio.pt<\/a><\/p>\n<p>[\/et_pb_team_member][\/et_pb_column][et_pb_column type=&#8221;1_2&#8243; _builder_version=&#8221;4.9.4&#8243; _module_preset=&#8221;default&#8221;][et_pb_team_member name=&#8221;Dr. Paulo Can\u00e1rio&#8221; position=&#8221;Coordenador do 3.\u00ba CEB&#8221; image_url=&#8221;https:\/\/realcolegio.pt\/wp-content\/uploads\/2025\/03\/paulo-canario.jpg&#8221; _builder_version=&#8221;4.9.4&#8243; _module_preset=&#8221;_initial&#8221; header_text_align=&#8221;center&#8221; position_text_align=&#8221;center&#8221; min_height=&#8221;303.4px&#8221; custom_css_member_image=&#8221;margin: 0 auto 1rem;&#8221; border_radii_image=&#8221;on|50%|50%|50%|50%&#8221; global_colors_info=&#8221;{}&#8221;]<\/p>\n<p style=\"text-align: center;\">\n<p style=\"text-align: center;\"><a href=\"mailto:ligia.baptista@realcolegio.pt\">paulo.canario@realcolegio.pt<\/a><\/p>\n<p style=\"text-align: center;\">[\/et_pb_team_member][\/et_pb_column][\/et_pb_row][et_pb_row column_structure=&#8221;1_2,1_2&#8243; _builder_version=&#8221;4.9.4&#8243; _module_preset=&#8221;default&#8221;][et_pb_column type=&#8221;1_2&#8243; _builder_version=&#8221;4.9.4&#8243; _module_preset=&#8221;default&#8221;][et_pb_team_member name=&#8221;Dr.\u00aa S\u00f3nia Paulista&#8221; position=&#8221;Coordenadora do 2.\u00ba CEB&#8221; image_url=&#8221;https:\/\/realcolegio.pt\/wp-content\/uploads\/2024\/09\/Design-sem-nome-2024-09-11T154200.519.png&#8221; _builder_version=&#8221;4.9.4&#8243; _module_preset=&#8221;_initial&#8221; header_text_align=&#8221;center&#8221; position_text_align=&#8221;center&#8221; custom_css_member_image=&#8221;margin: 0 auto 1rem;&#8221; border_radii_image=&#8221;on|50%|50%|50%|50%&#8221; global_colors_info=&#8221;{}&#8221;]<\/p>\n<p style=\"text-align: center;\"><a href=\"mailto:joao.camolino@realcolegio.pt\" title=\"joao.camolino@realcolegio.pt\">sonia.paulista@realcolegio.pt<\/a><\/p>\n<p style=\"text-align: center;\">[\/et_pb_team_member][\/et_pb_column][et_pb_column type=&#8221;1_2&#8243; _builder_version=&#8221;4.9.4&#8243; _module_preset=&#8221;default&#8221;][et_pb_team_member name=&#8221;Dr.\u00aa Sandra Couto&#8221; position=&#8221;Coordenadora do 1.\u00ba CEB e da Pr\u00e9-Escolar&#8221; image_url=&#8221;https:\/\/realcolegio.pt\/wp-content\/uploads\/2025\/10\/14-1.png&#8221; _builder_version=&#8221;4.9.4&#8243; _module_preset=&#8221;_initial&#8221; header_text_align=&#8221;center&#8221; position_text_align=&#8221;center&#8221; min_height=&#8221;346.6px&#8221; custom_css_member_image=&#8221;margin: 0 auto 1rem;&#8221; border_radii_image=&#8221;on|50%|50%|50%|50%&#8221; locked=&#8221;off&#8221; global_colors_info=&#8221;{}&#8221;]<\/p>\n<p style=\"text-align: center;\"><a href=\"mailto:joao.esteves@realcolegio.pt\">sandra.couto@realcolegio.pt<\/a><\/p>\n<p style=\"text-align: center;\">[\/et_pb_team_member][\/et_pb_column][\/et_pb_row][\/et_pb_section]<\/p>\n","protected":false},"excerpt":{"rendered":"<p>[et_pb_section fb_built=&#8221;1&#8243; _builder_version=&#8221;4.9.4&#8243; _module_preset=&#8221;default&#8221;][et_pb_row column_structure=&#8221;1_3,1_3,1_3&#8243; _builder_version=&#8221;4.9.4&#8243; _module_preset=&#8221;default&#8221;][et_pb_column type=&#8221;1_3&#8243; _builder_version=&#8221;4.9.4&#8243; _module_preset=&#8221;default&#8221;][\/et_pb_column][et_pb_column type=&#8221;1_3&#8243; _builder_version=&#8221;4.9.4&#8243; _module_preset=&#8221;default&#8221;][et_pb_team_member name=&#8221;Dr. Jo\u00e3o Esteves&#8221; position=&#8221;Diretor Pedag\u00f3gico&#8221; image_url=&#8221;https:\/\/realcolegio.pt\/wp-content\/uploads\/2025\/10\/Fotos-para-o-Site-1.png&#8221; _builder_version=&#8221;4.9.4&#8243; _module_preset=&#8221;_initial&#8221; header_text_align=&#8221;center&#8221; position_text_align=&#8221;center&#8221; min_height=&#8221;346.6px&#8221; custom_css_member_image=&#8221;margin: 0 auto 1rem;&#8221; border_radii_image=&#8221;on|50%|50%|50%|50%&#8221; locked=&#8221;off&#8221; global_colors_info=&#8221;{}&#8221;] joao.esteves@realcolegio.pt [\/et_pb_team_member][\/et_pb_column][et_pb_column type=&#8221;1_3&#8243; _builder_version=&#8221;4.9.4&#8243; _module_preset=&#8221;default&#8221;][\/et_pb_column][\/et_pb_row][et_pb_row column_structure=&#8221;1_2,1_2&#8243; _builder_version=&#8221;4.9.4&#8243; _module_preset=&#8221;default&#8221;][et_pb_column type=&#8221;1_2&#8243; _builder_version=&#8221;4.9.4&#8243; _module_preset=&#8221;default&#8221;][et_pb_team_member name=&#8221;Dr. Jo\u00e3o Camolino&#8221; position=&#8221;Assessor da Dire\u00e7\u00e3o Pedag\u00f3gica e Coordenador do Ensino Secund\u00e1rio&#8221; image_url=&#8221;https:\/\/realcolegio.pt\/wp-content\/uploads\/2021\/07\/JOAO-CAMOLINO_-PROF-DE-EDUCACAO-FISICA.jpg&#8221; [&hellip;]<\/p>\n","protected":false},"author":1,"featured_media":1314,"parent":275,"menu_order":0,"comment_status":"closed","ping_status":"closed","template":"","meta":{"_acf_changed":false,"_et_pb_use_builder":"on","_et_pb_old_content":"<!-- wp:divi\/placeholder \/-->","_et_gb_content_width":"","footnotes":""},"class_list":["post-281","page","type-page","status-publish","has-post-thumbnail","hentry"],"acf":[],"_links":{"self":[{"href":"https:\/\/realcolegio.pt\/en\/wp-json\/wp\/v2\/pages\/281","targetHints":{"allow":["GET"]}}],"collection":[{"href":"https:\/\/realcolegio.pt\/en\/wp-json\/wp\/v2\/pages"}],"about":[{"href":"https:\/\/realcolegio.pt\/en\/wp-json\/wp\/v2\/types\/page"}],"author":[{"embeddable":true,"href":"https:\/\/realcolegio.pt\/en\/wp-json\/wp\/v2\/users\/1"}],"replies":[{"embeddable":true,"href":"https:\/\/realcolegio.pt\/en\/wp-json\/wp\/v2\/comments?post=281"}],"version-history":[{"count":26,"href":"https:\/\/realcolegio.pt\/en\/wp-json\/wp\/v2\/pages\/281\/revisions"}],"predecessor-version":[{"id":7360,"href":"https:\/\/realcolegio.pt\/en\/wp-json\/wp\/v2\/pages\/281\/revisions\/7360"}],"up":[{"embeddable":true,"href":"https:\/\/realcolegio.pt\/en\/wp-json\/wp\/v2\/pages\/275"}],"wp:featuredmedia":[{"embeddable":true,"href":"https:\/\/realcolegio.pt\/en\/wp-json\/wp\/v2\/media\/1314"}],"wp:attachment":[{"href":"https:\/\/realcolegio.pt\/en\/wp-json\/wp\/v2\/media?parent=281"}],"curies":[{"name":"wp","href":"https:\/\/api.w.org\/{rel}","templated":true}]}}