{"id":279,"date":"2021-05-27T14:15:51","date_gmt":"2021-05-27T14:15:51","guid":{"rendered":"https:\/\/rcp.blatstudio.com\/?page_id=279"},"modified":"2024-04-24T12:33:08","modified_gmt":"2024-04-24T11:33:08","slug":"administracao","status":"publish","type":"page","link":"https:\/\/realcolegio.pt\/en\/o-colegio\/a-nossa-equipa\/administracao\/","title":{"rendered":"Administra\u00e7\u00e3o"},"content":{"rendered":"<p>[et_pb_section fb_built=&#8221;1&#8243; _builder_version=&#8221;4.9.4&#8243; _module_preset=&#8221;default&#8221;][et_pb_row _builder_version=&#8221;4.9.4&#8243; _module_preset=&#8221;default&#8221;][et_pb_column type=&#8221;4_4&#8243; _builder_version=&#8221;4.9.4&#8243; _module_preset=&#8221;default&#8221;][et_pb_team_member name=&#8221;Professor Doutor Manuel de Almeida Dam\u00e1sio&#8221; position=&#8221;Presidente do Conselho de Administra\u00e7\u00e3o da Real Academia de Portugal&#8221; image_url=&#8221;https:\/\/realcolegio.pt\/wp-content\/uploads\/2021\/07\/manuel_damasio-1-1.jpeg&#8221; _builder_version=&#8221;4.9.4&#8243; _module_preset=&#8221;c3988a92-ce2f-4ab2-9cb7-5fdff971c816&#8243;]<\/p>\n<p>&nbsp;<\/p>\n<p>\u00c9 sempre com muita alegria e entusiasmo que nos entregamos \u00e0s tarefas preparat\u00f3rias de mais um ano de atividade do Real Col\u00e9gio de Portugal.<\/p>\n<p>As gera\u00e7\u00f5es sucedem-se umas \u00e0s outras; as crian\u00e7as de hoje ser\u00e3o os adultos de amanh\u00e3; nesta etapa de crescimento corporal, espiritual e de acesso \u00e0s tecnologias, os desafios s\u00e3o imensos e aparecem quando menos se espera.<\/p>\n<p>O Real Col\u00e9gio tudo far\u00e1 para que os seus alunos sejam sempre vencedores, mesmo quando os perigos espreitam. O nosso m\u00e9todo educativo visa o sucesso dos alunos pelo bom aproveitamento das qualidades, treino da for\u00e7a de vontade e aposta no desenvolvimento de um car\u00e1cter forte e determinado.<\/p>\n<p>Para se alcan\u00e7arem estes objetivos \u00e9 decisivo que haja uma rela\u00e7\u00e3o din\u00e2mica intensa entre educadores internos \u2212os docentes\u2212 e os externos: os pais, a fam\u00edlia e a Comunidade a que pertencem. O Real Col\u00e9gio est\u00e1 ao servi\u00e7o dos seus alunos, pais, toda a sua fam\u00edlia, incluindo av\u00f3s, tios e sobrinhos. E amigos.<\/p>\n<p>Assim promovemos a cidadania integral e inclusiva. Ao longo da vida, mesmo nos momentos dif\u00edceis, os desafios ser\u00e3o vencidos pela for\u00e7a dos intervenientes diretos e indiretos acima mencionados.<\/p>\n<p>Esta \u00e9 resumidamente a maneira como encaramos o papel do Real Col\u00e9gio: educar crian\u00e7as integradas, \u00e0 luz de Valores Humanos Fundamentais. Para que sejam bons cidad\u00e3os, respeitadores das leis e dos deveres socais na Comunidade de que s\u00e3o parte integrante, participativa e respons\u00e1vel.<\/p>\n<p>A vida das nossas crian\u00e7as, dos nossos alunos, dos nossos docentes, das nossas fam\u00edlias \u00e9, por isso, uma bela e grande aventura que vale a pena viver com entusiasmo e ambi\u00e7\u00e3o.<\/p>\n<p>Um forte abra\u00e7o para todos.<\/p>\n<p>[\/et_pb_team_member][\/et_pb_column][\/et_pb_row][\/et_pb_section][et_pb_section fb_built=&#8221;1&#8243; _builder_version=&#8221;4.9.4&#8243; _module_preset=&#8221;default&#8221; min_height=&#8221;1126.7px&#8221;][et_pb_row _builder_version=&#8221;4.9.4&#8243; _module_preset=&#8221;default&#8221;][et_pb_column type=&#8221;4_4&#8243; _builder_version=&#8221;4.9.4&#8243; _module_preset=&#8221;default&#8221;][et_pb_team_member name=&#8221;Dra. Teresa do Ros\u00e1rio Dam\u00e1sio&#8221; position=&#8221;Administradora da Real Academia de Portugal&#8221; image_url=&#8221;https:\/\/realcolegio.pt\/wp-content\/uploads\/2021\/07\/teresa_damasio-1-1.jpg&#8221; _builder_version=&#8221;4.9.4&#8243; _module_preset=&#8221;c3988a92-ce2f-4ab2-9cb7-5fdff971c816&#8243;]<\/p>\n<p>&nbsp;<\/p>\n<p>L\u00edder incontorn\u00e1vel na \u00e1rea da educa\u00e7\u00e3o em Portugal e na Lusofonia.<\/p>\n<p>Teresa Dam\u00e1sio \u00e9 Administradora do Real Col\u00e9gio de Portugal, institui\u00e7\u00e3o de ensino n\u00e3o superior de refer\u00eancia Nacional, que ministra desde a Creche at\u00e9 ao Ensino Secund\u00e1rio.<\/p>\n<p>Assume, igualmente, o cargo de Administradora do Grupo ENSINUS desde julho de 2016, que celebrou em 2017 o seu 50\u00ba anivers\u00e1rio e se assume como um dos maiores Grupos de Ensino de L\u00edngua Portuguesa no mundo, lidera organiza\u00e7\u00f5es empresariais, inteiramente dedicadas \u00e0 educa\u00e7\u00e3o e ao ensino, desde a educa\u00e7\u00e3o pr\u00e9-escolar ao ensino superior, incluindo o ensino e a forma\u00e7\u00e3o profissional, a consultoria e a investiga\u00e7\u00e3o aplicada. Tem sobre a sua al\u00e7ada as institui\u00e7\u00f5es ISG, o INETE, a Escola de Com\u00e9rcio de Lisboa e a Escola de Com\u00e9rcio do Porto, a EPET, a EPAR, o Externato Marqu\u00eas de Pombal, o Externato \u00c1lvares Cabral e o Col\u00e9gio de Alfragide, em Portugal, o IEG e o ISG em Mo\u00e7ambique, o IPT e o ISG na Guin\u00e9-Bissau.<\/p>\n<p>Crente de que os desafios s\u00e3o para quem tem a coragem de os enfrentar, Teresa Dam\u00e1sio \u00e9 tamb\u00e9m Presidente do Conselho de Administra\u00e7\u00e3o da COFAC \u2013 sucursal da Guin\u00e9-Bissau, entidade titular da Universidade Lus\u00f3fona no pa\u00eds, desde 2020.<\/p>\n<p>Porque, como gosta de afirmar, juntos vamos mais longe, \u00e9 membro da Dire\u00e7\u00e3o da AEEP \u2013 Associa\u00e7\u00e3o de Estabelecimentos de Ensino Particular e Cooperativo, que conta com cerca de 500 estabelecimentos associados, e representante do Ensino Particular e Cooperativo para o Conselho Consultivo da Comiss\u00e3o Nacional da UNESCO, participando ativamente em confer\u00eancias e publica\u00e7\u00f5es nas organiza\u00e7\u00f5es das quais \u00e9 membro \u2013 NAFSA, AIRC e ISEP.<\/p>\n<p>A lusofonia assume grande import\u00e2ncia para Teresa Dam\u00e1sio, na qual acredita e trabalha para fazer crescer, sendo membro do Conselho Geral da C\u00e2mara de Com\u00e9rcio Portugal Mo\u00e7ambique.<\/p>\n<p>Teresa Dam\u00e1sio exerce uma cidadania ativa e comprometida com o seu pa\u00eds, sempre focada na boa governa\u00e7\u00e3o e no ganho de bem-estar para todas e todos, assumindo um compromisso efetivo com a pol\u00edtica desde a sua juventude. Enquanto 1\u00aa Secret\u00e1ria da Mesa da Assembleia de Freguesia de Benfica, para a qual foi eleita pela primeira vez em 2009, garante a satisfa\u00e7\u00e3o das necessidades dos seus fregueses com dedica\u00e7\u00e3o e afinco.<\/p>\n<p>S\u00e3o muito os cargos partid\u00e1rios a que se tem dedicado em prol do bem comum, nomeadamente enquanto Deputada \u00e0 Assembleia da Rep\u00fablica, Membro da Comiss\u00e3o Nacional do Partido Socialista, Membro da Comiss\u00e3o Pol\u00edtica Nacional do Partido Socialista, Membro da Comiss\u00e3o Pol\u00edtica Concelhia de Lisboa do Partido Socialista, Membro da Comiss\u00e3o Pol\u00edtica da FAUL &#8211; Federa\u00e7\u00e3o da \u00c1rea Urbana de Lisboa do Partido Socialista, Secret\u00e1ria Coordenadora da Sec\u00e7\u00e3o de A\u00e7\u00e3o Sectorial da Universidade Lus\u00f3fona do Partido Socialista e Membro do Secretariado da Sec\u00e7\u00e3o de Benfica do Partido Socialista.<\/p>\n<p>Porque a igualdade de g\u00e9nero \u00e9 uma das causas que defende, assumiu igualmente a Presid\u00eancia das Mulheres Socialistas da FAUL: Federa\u00e7\u00e3o da \u00c1rea Urbana de Lisboa do Partido Socialista, bem como a Presid\u00eancia da Comiss\u00e3o Pol\u00edtica das Mulheres Socialistas.<\/p>\n<p>Teresa Dam\u00e1sio \u00e9 reconhecida internacionalmente pelo seu \u00e1rduo e valioso trabalho em prol de Portugal, como o comprova a sua nomea\u00e7\u00e3o enquanto Embaixadora Portuguesa da Semana Europeia da Forma\u00e7\u00e3o Profissional em 2019 e em 2020.<\/p>\n<p>No seu percurso de lideran\u00e7a, fundou e dirigiu a DRIE \u2013 Dire\u00e7\u00e3o de Rela\u00e7\u00f5es Internacionais, Est\u00e1gios, Emprego e Empreendedorismo do Grupo Lus\u00f3fona, pertencendo \u00e0 sua administra\u00e7\u00e3o e tendo sido respons\u00e1vel pela implementa\u00e7\u00e3o de uma estrat\u00e9gia internacional em todos os campus internacionais da Universidade.<\/p>\n<p>Teresa Dam\u00e1sio \u00e9 advogada e professora, a n\u00edvel internacional, h\u00e1 mais de 20 anos, assumindo um grande interesse pela educa\u00e7\u00e3o superior e n\u00e3o-superior, e dedicando-se, igualmente, \u00e0 investiga\u00e7\u00e3o em capacity building e em pol\u00edticas de brain gain, bem como em multiculturalismo e igualdade de g\u00e9nero.<\/p>\n<p>Licenciada em Direito pela Universidade Aut\u00f3noma de Lisboa, Teresa Dam\u00e1sio det\u00e9m uma P\u00f3s-gradua\u00e7\u00e3o em &#8220;Espa\u00e7o Lus\u00f3fono: Cultura, Economia e Pol\u00edtica&#8221;, pela Universidade Lus\u00f3fona de Humanidades e Tecnologias. \u00c9\u00a0 m\u00e3e orgulhosa de tr\u00eas rapazes.<\/p>\n<p>Teresa Dam\u00e1sio partilha o seu conhecimento em <a href=\"http:\/\/www.teresadamasio.com\" rel=\"noopener\">www.teresadamasio.com<\/a><br \/><a href=\"mailto:direcao@realcolegio.pt\">direcao@realcolegio.pt<\/a>\u00a0| <a href=\"tel:00351217571957\">21 757 19 57<\/a><\/p>\n<p>[\/et_pb_team_member][\/et_pb_column][\/et_pb_row][\/et_pb_section][et_pb_section fb_built=&#8221;1&#8243; _builder_version=&#8221;4.9.4&#8243; _module_preset=&#8221;default&#8221;][et_pb_row _builder_version=&#8221;4.9.4&#8243; _module_preset=&#8221;default&#8221;][et_pb_column type=&#8221;4_4&#8243; _builder_version=&#8221;4.9.4&#8243; _module_preset=&#8221;default&#8221;][et_pb_team_member name=&#8221;Professora Doutora Maria da Concei\u00e7\u00e3o Soeiro&#8221; position=&#8221;Vogal do Conselho de Administra\u00e7\u00e3o da Real Academia de Portugal&#8221; image_url=&#8221;https:\/\/realcolegio.pt\/wp-content\/uploads\/2021\/07\/maria_da_conceicao-scaled-1.jpg&#8221; _builder_version=&#8221;4.9.4&#8243; _module_preset=&#8221;c3988a92-ce2f-4ab2-9cb7-5fdff971c816&#8243; custom_padding=&#8221;||39px|||&#8221;]<\/p>\n<p>&nbsp;<\/p>\n<p>Licenciada em Biologia, pela Faculdade de Ci\u00eancias da Universidade de Lisboa doutorada em Educa\u00e7\u00e3o pela Universidade Lus\u00f3fona, autora de livros de Biologia, \u201cEspreitar para a Vida\u201d e \u201cA Biologia na promo\u00e7\u00e3o da literacia cient\u00edfica\u201d, respons\u00e1vel por alguns projectos de investiga\u00e7\u00e3o, no \u00e2mbito da Biologia e da Sa\u00fade, ligados ao \u201cPrograma Ci\u00eancia Viva\u201d e da literacia cient\u00edfica no \u00e2mbito da sua tese de doutoramento. Promotora e dinamizadora de v\u00e1rios ciclos de Confer\u00eancias e semin\u00e1rios no \u00e2mbito cientifico\/cultural, oradora de encontros cient\u00edficos na qualidade de Keynote Speaker.<\/p>\n<p>Tem uma vasta experi\u00eancia enquanto membro de conselhos de administra\u00e7\u00e3o de entidades ligadas \u00e0 educa\u00e7\u00e3o do \u201cGrupo Lus\u00f3fona\u201d e \u201cGrupo Ensinus\u201d<\/p>\n<p>[\/et_pb_team_member][\/et_pb_column][\/et_pb_row][et_pb_row _builder_version=&#8221;4.9.4&#8243; _module_preset=&#8221;default&#8221;][et_pb_column type=&#8221;4_4&#8243; _builder_version=&#8221;4.9.4&#8243; _module_preset=&#8221;default&#8221;][et_pb_team_member name=&#8221;Dr. Carlos Manuel de Almeida Dam\u00e1sio Vieira&#8221; position=&#8221;Vogal do Conselho de Administra\u00e7\u00e3o da Real Academia de Portugal&#8221; image_url=&#8221;https:\/\/realcolegio.pt\/wp-content\/uploads\/2024\/01\/Design-sem-nome-14.jpg&#8221; _builder_version=&#8221;4.9.4&#8243; _module_preset=&#8221;c3988a92-ce2f-4ab2-9cb7-5fdff971c816&#8243; min_height=&#8221;294px&#8221;]<\/p>\n<p>&nbsp;<\/p>\n<p>Ex-aluno do Real Col\u00e9gio de Portugal, tendo terminado os seus estudos no ano letivo 2017\/2018.<\/p>\n<p>Licenciado em Comunica\u00e7\u00e3o Aplicada pela Universidade Lus\u00f3fona de Humanidades e Tecnologias.<\/p>\n<p>Atualmente \u00e9 membro da equipa de Comunica\u00e7\u00e3o e Marketing do Grupo ENSINUS.<\/p>\n<p>[\/et_pb_team_member][\/et_pb_column][\/et_pb_row][et_pb_row _builder_version=&#8221;4.9.4&#8243; _module_preset=&#8221;default&#8221;][et_pb_column type=&#8221;4_4&#8243; _builder_version=&#8221;4.9.4&#8243; _module_preset=&#8221;default&#8221;][et_pb_team_member name=&#8221;Dra. Marta Filipa Teixeira de Almeida Santos Portugal Lage&#8221; position=&#8221;Vogal do Conselho de Administra\u00e7\u00e3o da Real Academia de Portugal&#8221; image_url=&#8221;https:\/\/realcolegio.pt\/wp-content\/uploads\/2024\/01\/Design-sem-nome-12.jpg&#8221; _builder_version=&#8221;4.9.4&#8243; _module_preset=&#8221;c3988a92-ce2f-4ab2-9cb7-5fdff971c816&#8243; min_height=&#8221;294px&#8221;]<\/p>\n<p>&nbsp;<\/p>\n<p>Marta Almeida Santos, 37 anos, Licenciada em Ci\u00eancias da Comunica\u00e7\u00e3o e da Cultura, Mestre em Gest\u00e3o e Mestre em Administra\u00e7\u00e3o Educacional e Regula\u00e7\u00e3o da Educa\u00e7\u00e3o.<\/p>\n<p><span lang=\"EN-US\">Tem um certificado da Harvard Business School em School Management and Leadership e outro em Organizational Leadership. Tem tamb\u00e9m um diploma em Women in Leadership: Becoming an Agent of Change do MIT Professional Education.<\/span><\/p>\n<p>Exerce fun\u00e7\u00f5es no Grupo Ensinus desde 2009, inicialmente na \u00e1rea de Comunica\u00e7\u00e3o e Marketing e, posteriormente, entre 2014 e 2018, como Chefe dos Servi\u00e7os Escolares da Real Academia de Portugal.<\/p>\n<p>Em 2018, tornou-se Diretora de Rela\u00e7\u00f5es Internacionais do Grupo Ensinus, trabalhando diretamente com todas as Institui\u00e7\u00f5es Educacionais em Portugal e na Guin\u00e9-Bissau.<\/p>\n<p>Em 2020, torna-se Secret\u00e1ria do Conselho de Administra\u00e7\u00e3o da EFVET \u2013 European Forum for Vocational Education &amp; Training.<\/p>\n<p>Atualmente \u00e9 Diretora do Departamento de\u00a0 Rela\u00e7\u00f5es Internacionais do Grupo ENSINUS.<\/p>\n<p>[\/et_pb_team_member][\/et_pb_column][\/et_pb_row][\/et_pb_section]<\/p>\n","protected":false},"excerpt":{"rendered":"<p>[et_pb_section fb_built=&#8221;1&#8243; _builder_version=&#8221;4.9.4&#8243; _module_preset=&#8221;default&#8221;][et_pb_row _builder_version=&#8221;4.9.4&#8243; _module_preset=&#8221;default&#8221;][et_pb_column type=&#8221;4_4&#8243; _builder_version=&#8221;4.9.4&#8243; _module_preset=&#8221;default&#8221;][et_pb_team_member name=&#8221;Professor Doutor Manuel de Almeida Dam\u00e1sio&#8221; position=&#8221;Presidente do Conselho de Administra\u00e7\u00e3o da Real Academia de Portugal&#8221; image_url=&#8221;https:\/\/realcolegio.pt\/wp-content\/uploads\/2021\/07\/manuel_damasio-1-1.jpeg&#8221; _builder_version=&#8221;4.9.4&#8243; _module_preset=&#8221;c3988a92-ce2f-4ab2-9cb7-5fdff971c816&#8243;] &nbsp; \u00c9 sempre com muita alegria e entusiasmo que nos entregamos \u00e0s tarefas preparat\u00f3rias de mais um ano de atividade do Real Col\u00e9gio de Portugal. As gera\u00e7\u00f5es [&hellip;]<\/p>\n","protected":false},"author":1,"featured_media":1312,"parent":275,"menu_order":0,"comment_status":"closed","ping_status":"closed","template":"","meta":{"_acf_changed":false,"_et_pb_use_builder":"on","_et_pb_old_content":"<!-- wp:divi\/placeholder \/-->","_et_gb_content_width":"","footnotes":""},"class_list":["post-279","page","type-page","status-publish","has-post-thumbnail","hentry"],"acf":[],"_links":{"self":[{"href":"https:\/\/realcolegio.pt\/en\/wp-json\/wp\/v2\/pages\/279","targetHints":{"allow":["GET"]}}],"collection":[{"href":"https:\/\/realcolegio.pt\/en\/wp-json\/wp\/v2\/pages"}],"about":[{"href":"https:\/\/realcolegio.pt\/en\/wp-json\/wp\/v2\/types\/page"}],"author":[{"embeddable":true,"href":"https:\/\/realcolegio.pt\/en\/wp-json\/wp\/v2\/users\/1"}],"replies":[{"embeddable":true,"href":"https:\/\/realcolegio.pt\/en\/wp-json\/wp\/v2\/comments?post=279"}],"version-history":[{"count":23,"href":"https:\/\/realcolegio.pt\/en\/wp-json\/wp\/v2\/pages\/279\/revisions"}],"predecessor-version":[{"id":4624,"href":"https:\/\/realcolegio.pt\/en\/wp-json\/wp\/v2\/pages\/279\/revisions\/4624"}],"up":[{"embeddable":true,"href":"https:\/\/realcolegio.pt\/en\/wp-json\/wp\/v2\/pages\/275"}],"wp:featuredmedia":[{"embeddable":true,"href":"https:\/\/realcolegio.pt\/en\/wp-json\/wp\/v2\/media\/1312"}],"wp:attachment":[{"href":"https:\/\/realcolegio.pt\/en\/wp-json\/wp\/v2\/media?parent=279"}],"curies":[{"name":"wp","href":"https:\/\/api.w.org\/{rel}","templated":true}]}}