{"id":271,"date":"2021-05-27T14:14:09","date_gmt":"2021-05-27T14:14:09","guid":{"rendered":"https:\/\/rcp.blatstudio.com\/?page_id=271"},"modified":"2024-05-07T11:46:46","modified_gmt":"2024-05-07T10:46:46","slug":"a-nossa-historia","status":"publish","type":"page","link":"https:\/\/realcolegio.pt\/en\/o-colegio\/a-nossa-historia\/","title":{"rendered":"A Nossa Hist\u00f3ria"},"content":{"rendered":"<p>[et_pb_section fb_built=&#8221;1&#8243; _builder_version=&#8221;4.9.4&#8243; _module_preset=&#8221;default&#8221; background_color=&#8221;#FFFFFF&#8221; background_image=&#8221;https:\/\/realcolegio.pt\/wp-content\/uploads\/2021\/06\/Picture-1.png&#8221; background_blend=&#8221;soft-light&#8221; custom_margin=&#8221;||||false|false&#8221; custom_padding=&#8221;64px||||false|false&#8221; custom_css_before=&#8221;content: &#8221;;||position: absolute;||top: 0;||bottom: 0;||left: 0;||right: 70%;||background-image: inherit;||background-size: cover;||background-position: center right;|| -webkit-mask-image: linear-gradient(90deg, rgba(0, 0, 0, .25), transparent);&#8221; custom_css_main_element=&#8221;padding-top: 64px !important;&#8221; custom_css_after=&#8221;content: &#8221;;||position: absolute;||top: 0;||bottom: 0;||left: 70%;||right: 0;||background-image: inherit;||background-size: cover;||background-position: center left;|| -webkit-mask-image: linear-gradient(270deg, rgba(0, 0, 0, .25), transparent);&#8221;][et_pb_row _builder_version=&#8221;4.9.4&#8243; _module_preset=&#8221;default&#8221; max_width=&#8221;50%&#8221; max_width_tablet=&#8221;100%&#8221; max_width_phone=&#8221;&#8221; max_width_last_edited=&#8221;on|tablet&#8221; custom_padding=&#8221;0px|4rem|3rem|4rem|false|true&#8221; scroll_vertical_motion_enable=&#8221;on&#8221; scroll_vertical_motion=&#8221;0|84|84|100|2.5|0|0&#8243; scroll_horizontal_motion=&#8221;0|20|20|100|-2|0|0&#8243; scroll_fade_enable=&#8221;on&#8221; scroll_fade=&#8221;0|50|50|100|0%|100|100%&#8221; motion_trigger_start=&#8221;top&#8221; global_colors_info=&#8221;{}&#8221;][et_pb_column type=&#8221;4_4&#8243; _builder_version=&#8221;4.9.4&#8243; _module_preset=&#8221;default&#8221;][et_pb_text _builder_version=&#8221;4.9.4&#8243; _module_preset=&#8221;87290259-4b7c-420f-94b4-055a3fc25617&#8243; link_text_align=&#8221;center&#8221; custom_margin=&#8221;0px||1rem||false|false&#8221; custom_css_main_element=&#8221;margin: auto;||width: fit-content;&#8221; global_colors_info=&#8221;{}&#8221;]<\/p>\n<h2>Pal\u00e1cio do Conde do Lumiar<\/h2>\n<p>[\/et_pb_text][et_pb_text _builder_version=&#8221;4.9.4&#8243; _module_preset=&#8221;default&#8221; scroll_vertical_motion=&#8221;0|20|80|100|1|0|-1&#8243; scroll_blur=&#8221;0|25|75|100|10px|0px|10px&#8221;]<\/p>\n<p>O Lumiar \u00e9 uma localidade que nasce como freguesia, segundo documentos hist\u00f3ricos, em 1266. Rica em patrim\u00f3nio cultural imaterial e em quintas, \u00e9 aqui, neste bonito largo que nasceu o Real Col\u00e9gio de Portugal a 1 de Setembro de 1999, que em tempos fora uma casa de campo para f\u00e9rias.<\/p>\n<p>\u00c9 a partir da Idade M\u00e9dia que o Pa\u00e7o do Lumiar come\u00e7a a desenvolver-se e a crescer em n\u00famero de habita\u00e7\u00f5es e pessoas.<\/p>\n<p>[\/et_pb_text][et_pb_image src=&#8221;https:\/\/realcolegio.pt\/wp-content\/uploads\/2021\/06\/Picture-1.png&#8221; title_text=&#8221;Picture 1&#8243; _builder_version=&#8221;4.9.4&#8243; _module_preset=&#8221;default&#8221; custom_css_before=&#8221;content: &#8221;;||position: absolute;||top: 0;||bottom: 0;||left: 0;||right: 70%;||background-image: inherit;||background-size: cover;||background-position: center right;|| -webkit-mask-image: linear-gradient(90deg, rgba(0, 0, 0, .25), transparent);&#8221; custom_css_main_element=&#8221;padding-top: 64px !important;&#8221; custom_css_after=&#8221;content: &#8221;;||position: absolute;||top: 0;||bottom: 0;||left: 70%;||right: 0;||background-image: inherit;||background-size: cover;||background-position: center left;|| -webkit-mask-image: linear-gradient(270deg, rgba(0, 0, 0, .25), transparent);&#8221;][\/et_pb_image][et_pb_text _builder_version=&#8221;4.9.4&#8243; _module_preset=&#8221;default&#8221; scroll_blur=&#8221;0|25|75|100|10|0|0&#8243; global_colors_info=&#8221;{}&#8221;]<\/p>\n<p>A designa\u00e7\u00e3o de Pa\u00e7o do Lumiar tem a sua origem na partilha de bens feita entre o Mordomo-Mor do rei, o Conde de Barcelos, que pouco antes de falecer designou D. Dinis como seu testamenteiro. Este atribui ao seu \ufb01lho, D. Afonso Sanches, bastardo e genro do Conde, uma quinta e casa de Campo no Lumiar. Assim, passou a chamar-se: Pa\u00e7os do Infante D. Afonso Sanches. Mais tarde, durante o reinado de D. Afonso Sanches, esta casa passou a chamar-se de Pa\u00e7o do Lumiar. E \u00e9 assim que a freguesia ganha o nome, como a conhecemos nos dias de hoje.<\/p>\n<p>Tudo indica que a moradia que \u00e9 mencionada como a \u201cquinta e casa de campo no Lumiar\u201d, que era a habita\u00e7\u00e3o do Conde de Barcelos, \u00e9 hoje, o Pal\u00e1cio que acolhe centenas de alunas e alunos para anualmente darem in\u00edcio \u00e0 sua forma\u00e7\u00e3o, onde s\u00e3o privilegiadas as intelig\u00eancias m\u00faltiplas.<\/p>\n<p>[\/et_pb_text][\/et_pb_column][\/et_pb_row][\/et_pb_section][et_pb_section fb_built=&#8221;1&#8243; _builder_version=&#8221;4.9.4&#8243; _module_preset=&#8221;default&#8221; background_color=&#8221;#042D45&#8243; background_image=&#8221;https:\/\/realcolegio.pt\/wp-content\/uploads\/2021\/06\/Picture-1-1.png&#8221; background_blend=&#8221;multiply&#8221; custom_css_before=&#8221;content: &#8221;;||position: absolute;||top: 0;||bottom: 0;||left: 0;||right: 70%;||background-image: inherit;||background-size: cover;||background-position: center right;|| -webkit-mask-image: linear-gradient(90deg, rgba(0, 0, 0, .25), transparent);&#8221; custom_css_main_element=&#8221;background-size: 0;&#8221; custom_css_after=&#8221;content: &#8221;;||position: absolute;||top: 0;||bottom: 0;||left: 70%;||right: 0;||background-image: inherit;||background-size: cover;||background-position: center left;|| -webkit-mask-image: linear-gradient(270deg, rgba(0, 0, 0, .25), transparent);&#8221;][et_pb_row _builder_version=&#8221;4.9.4&#8243; _module_preset=&#8221;default&#8221; max_width=&#8221;50%&#8221; max_width_tablet=&#8221;100%&#8221; max_width_phone=&#8221;&#8221; max_width_last_edited=&#8221;on|tablet&#8221; custom_padding=&#8221;0px|4rem|3rem|4rem|false|true&#8221; scroll_horizontal_motion_enable=&#8221;on&#8221; scroll_horizontal_motion=&#8221;0|30|30|100|-1|0|0&#8243; scroll_fade_enable=&#8221;on&#8221; scroll_fade=&#8221;0|50|50|100|0%|100|100%&#8221; motion_trigger_start=&#8221;top&#8221; global_colors_info=&#8221;{}&#8221;][et_pb_column type=&#8221;4_4&#8243; _builder_version=&#8221;4.9.4&#8243; _module_preset=&#8221;default&#8221;][et_pb_text _builder_version=&#8221;4.9.4&#8243; _module_preset=&#8221;87290259-4b7c-420f-94b4-055a3fc25617&#8243; text_text_color=&#8221;#F9B91D&#8221; custom_margin=&#8221;0px||1rem||false|false&#8221; custom_css_main_element=&#8221;margin: auto;||width: fit-content;&#8221; global_colors_info=&#8221;{}&#8221;]<\/p>\n<h2>A Fonte<\/h2>\n<p>[\/et_pb_text][et_pb_text _builder_version=&#8221;4.9.4&#8243; _module_preset=&#8221;default&#8221; background_layout=&#8221;dark&#8221; global_colors_info=&#8221;{}&#8221;]<\/p>\n<p>O retrato que expomos abaixo faz parte da hist\u00f3ria do nosso Pal\u00e1cio.\u00a0<\/p>\n<p>Um senhor chamado Jo\u00e3o Magalh\u00e3es andava \u00e0 procura de um Pal\u00e1cio com o endere\u00e7o Rua Direita ao Pa\u00e7o do Lumiar, n.\u00ba10. No entanto, para quem conhece as redondezas desta zona hist\u00f3ria com locais rec\u00f4nditos, sabe bem, que pal\u00e1cios e zonas emblem\u00e1ticas n\u00e3o faltam.<\/p>\n<p>[\/et_pb_text][et_pb_image src=&#8221;https:\/\/realcolegio.pt\/wp-content\/uploads\/2021\/06\/Picture-1-1.png&#8221; title_text=&#8221;Picture 1&#8243; _builder_version=&#8221;4.9.4&#8243; _module_preset=&#8221;default&#8221;][\/et_pb_image][et_pb_text _builder_version=&#8221;4.9.4&#8243; _module_preset=&#8221;default&#8221; background_layout=&#8221;dark&#8221; hover_enabled=&#8221;0&#8243; global_colors_info=&#8221;{}&#8221; sticky_enabled=&#8221;0&#8243;]<\/p>\n<p>O senhor Jo\u00e3o Magalh\u00e3es perguntou-nos se poderia enviar-nos uma fotogra\ufb01a, onde a sua av\u00f3 aparecia e, aparentemente, viveria num Pal\u00e1cio que estava situado na Rua Direita ao Pa\u00e7o do Lumiar, remetendo-nos para os anos de 1910, segundo as informa\u00e7\u00f5es que constavam no verso da fotografia.<\/p>\n<p>E assim nos chega a fotogra\ufb01a que apresentamos na imagem acima, onde \u00e9 vis\u00edvel a fonte que podemos ainda encontrar no jardim principal do nosso Col\u00e9gio.<\/p>\n<p>[\/et_pb_text][\/et_pb_column][\/et_pb_row][\/et_pb_section][et_pb_section fb_built=&#8221;1&#8243; _builder_version=&#8221;4.9.4&#8243; _module_preset=&#8221;default&#8221; background_color=&#8221;#F9B91D&#8221; background_image=&#8221;https:\/\/realcolegio.pt\/wp-content\/uploads\/2021\/06\/Picture-1-2.png&#8221; custom_css_before=&#8221;content: &#8221;;||position: absolute;||top: 0;||bottom: 0;||left: 0;||right: 70%;||background-image: inherit;||background-size: cover;||background-position: center right;|| -webkit-mask-image: linear-gradient(90deg, rgba(0, 0, 0, .25), transparent);&#8221; custom_css_main_element=&#8221;background-size: 0;&#8221; custom_css_after=&#8221;content: &#8221;;||position: absolute;||top: 0;||bottom: 0;||left: 70%;||right: 0;||background-image: inherit;||background-size: cover;||background-position: center left;|| -webkit-mask-image: linear-gradient(270deg, rgba(0, 0, 0, .25), transparent);&#8221;][et_pb_row _builder_version=&#8221;4.9.4&#8243; _module_preset=&#8221;default&#8221; max_width=&#8221;50%&#8221; max_width_tablet=&#8221;100%&#8221; max_width_phone=&#8221;&#8221; max_width_last_edited=&#8221;on|tablet&#8221; custom_padding=&#8221;0px|4rem|3rem|4rem|false|true&#8221; scroll_horizontal_motion_enable=&#8221;on&#8221; scroll_horizontal_motion=&#8221;0|30|30|100|1|0|0&#8243; scroll_fade_enable=&#8221;on&#8221; scroll_fade=&#8221;0|50|50|100|0%|100|100%&#8221; motion_trigger_start=&#8221;top&#8221; global_colors_info=&#8221;{}&#8221;][et_pb_column type=&#8221;4_4&#8243; _builder_version=&#8221;4.9.4&#8243; _module_preset=&#8221;default&#8221;][et_pb_text _builder_version=&#8221;4.9.4&#8243; _module_preset=&#8221;87290259-4b7c-420f-94b4-055a3fc25617&#8243; background_color=&#8221;#FFFFFF&#8221; custom_margin=&#8221;0px||1rem||false|false&#8221; custom_css_main_element=&#8221;margin: auto;||width: fit-content;&#8221; global_colors_info=&#8221;{}&#8221;]<\/p>\n<h2>Quinta do Pisani<\/h2>\n<p>[\/et_pb_text][et_pb_text _builder_version=&#8221;4.9.4&#8243; _module_preset=&#8221;default&#8221; hover_enabled=&#8221;0&#8243; global_colors_info=&#8221;{}&#8221; sticky_enabled=&#8221;0&#8243;]<\/p>\n<p>O Pa\u00e7o do Lumiar foi um s\u00edtio de modas no decorrer dos s\u00e9culos XVIII e XIX. \u00c9 nesta \u00e9poca que come\u00e7am surgir diversas quintas com diferentes tipos de influ~encias arquitet\u00f3nicas, que ainda hoje podem ser apreciadas por todos aqueles e aquelas que vistam o Pa\u00e7o do Lumiar.<\/p>\n<p>Estas quintas representavam o estilo de vida abastado que se vivia \u00e0 \u00e9poca nesta localidade, retratando a forma como as elites sociais viviam sobre o universo rural em quintas de regalo.<\/p>\n<p>[\/et_pb_text][et_pb_image src=&#8221;https:\/\/realcolegio.pt\/wp-content\/uploads\/2021\/06\/Picture-1-2.png&#8221; title_text=&#8221;Picture 1&#8243; _builder_version=&#8221;4.9.4&#8243; _module_preset=&#8221;default&#8221;][\/et_pb_image][et_pb_text _builder_version=&#8221;4.9.4&#8243; _module_preset=&#8221;default&#8221; hover_enabled=&#8221;0&#8243; global_colors_info=&#8221;{}&#8221; sticky_enabled=&#8221;0&#8243;]<\/p>\n<p>Este s\u00fabito interesse por quintas poder\u00e1 ter a sua in\ufb02u\u00eancia em It\u00e1lia, nas chamadas Villas palladianas, que s\u00e3o na sua g\u00e9nese vilas agr\u00edcolas que no decorrer do s\u00e9culo XV levaram a um amplo movimento de integra\u00e7\u00e3o de pal\u00e1cios em localidade mais rurais que serviam de casa de f\u00e9rias de fam\u00edlias mais abastadas. Mas, a\ufb01nal de onde nasceu esta quinta e nome de Pisani?<\/p>\n<p>Existem v\u00e1rios testemunhos de que a zona do Pa\u00e7o do Lumiar fora em tempos habitada por muitos estrangeiro, um deles, o italiano burgu\u00eas, de seu nome, Jos\u00e9 Pisani, que foi radicado de Lisboa. Foi o respons\u00e1vel por mandar construir, e considerado por muitos, um dos mais emblem\u00e1ticos Pal\u00e1cios do Pa\u00e7o do Lumiar. Em alguns locais podemos ainda ver mencionada a Quinta do Pisani, como a Quinta do Mineiro. O nome poder\u00e1 estar diretamente relacionado com o facto de at\u00e9 aos anos 70 existir um ribeiro que percorria a Azinhaga dos Lages. Havia assim uma mina de \u00e1gua perto do palacete que pode explicar a origem deste nome.<\/p>\n<p>Em 2015, quando o atual pal\u00e1cio do Pisani foi adquirido pelo Real Col\u00e9gio de Portugal, sofreu uma s\u00e9rie de reformula\u00e7\u00f5es com vista a adaptar o espa\u00e7o ao contexto de sala de aula, oferecendo o melhor conforto aos alunos e alunas. No entanto, mantemos ainda todos os tra\u00e7os arquit\u00e9tonicos e caracter\u00edsticas que lhe s\u00e3o inerentes.\u00a0<\/p>\n<p>[\/et_pb_text][\/et_pb_column][\/et_pb_row][\/et_pb_section]<\/p>\n","protected":false},"excerpt":{"rendered":"<p>[et_pb_section fb_built=&#8221;1&#8243; _builder_version=&#8221;4.9.4&#8243; _module_preset=&#8221;default&#8221; background_color=&#8221;#FFFFFF&#8221; background_image=&#8221;https:\/\/realcolegio.pt\/wp-content\/uploads\/2021\/06\/Picture-1.png&#8221; background_blend=&#8221;soft-light&#8221; custom_margin=&#8221;||||false|false&#8221; custom_padding=&#8221;64px||||false|false&#8221; custom_css_before=&#8221;content: &#8221;;||position: absolute;||top: 0;||bottom: 0;||left: 0;||right: 70%;||background-image: inherit;||background-size: cover;||background-position: center right;|| -webkit-mask-image: linear-gradient(90deg, rgba(0, 0, 0, .25), transparent);&#8221; custom_css_main_element=&#8221;padding-top: 64px !important;&#8221; custom_css_after=&#8221;content: &#8221;;||position: absolute;||top: 0;||bottom: 0;||left: 70%;||right: 0;||background-image: inherit;||background-size: cover;||background-position: center left;|| -webkit-mask-image: linear-gradient(270deg, rgba(0, 0, 0, .25), transparent);&#8221;][et_pb_row _builder_version=&#8221;4.9.4&#8243; _module_preset=&#8221;default&#8221; max_width=&#8221;50%&#8221; max_width_tablet=&#8221;100%&#8221; max_width_phone=&#8221;&#8221; max_width_last_edited=&#8221;on|tablet&#8221; custom_padding=&#8221;0px|4rem|3rem|4rem|false|true&#8221; [&hellip;]<\/p>\n","protected":false},"author":1,"featured_media":536,"parent":75,"menu_order":0,"comment_status":"closed","ping_status":"closed","template":"","meta":{"_acf_changed":false,"_et_pb_use_builder":"on","_et_pb_old_content":"<!-- wp:divi\/placeholder \/-->","_et_gb_content_width":"","footnotes":""},"class_list":["post-271","page","type-page","status-publish","has-post-thumbnail","hentry"],"acf":[],"_links":{"self":[{"href":"https:\/\/realcolegio.pt\/en\/wp-json\/wp\/v2\/pages\/271","targetHints":{"allow":["GET"]}}],"collection":[{"href":"https:\/\/realcolegio.pt\/en\/wp-json\/wp\/v2\/pages"}],"about":[{"href":"https:\/\/realcolegio.pt\/en\/wp-json\/wp\/v2\/types\/page"}],"author":[{"embeddable":true,"href":"https:\/\/realcolegio.pt\/en\/wp-json\/wp\/v2\/users\/1"}],"replies":[{"embeddable":true,"href":"https:\/\/realcolegio.pt\/en\/wp-json\/wp\/v2\/comments?post=271"}],"version-history":[{"count":39,"href":"https:\/\/realcolegio.pt\/en\/wp-json\/wp\/v2\/pages\/271\/revisions"}],"predecessor-version":[{"id":4703,"href":"https:\/\/realcolegio.pt\/en\/wp-json\/wp\/v2\/pages\/271\/revisions\/4703"}],"up":[{"embeddable":true,"href":"https:\/\/realcolegio.pt\/en\/wp-json\/wp\/v2\/pages\/75"}],"wp:featuredmedia":[{"embeddable":true,"href":"https:\/\/realcolegio.pt\/en\/wp-json\/wp\/v2\/media\/536"}],"wp:attachment":[{"href":"https:\/\/realcolegio.pt\/en\/wp-json\/wp\/v2\/media?parent=271"}],"curies":[{"name":"wp","href":"https:\/\/api.w.org\/{rel}","templated":true}]}}