{"id":264,"date":"2021-05-27T13:56:40","date_gmt":"2021-05-27T13:56:40","guid":{"rendered":"https:\/\/rcp.blatstudio.com\/?page_id=264"},"modified":"2025-01-14T12:07:55","modified_gmt":"2025-01-14T12:07:55","slug":"quem-somos","status":"publish","type":"page","link":"https:\/\/realcolegio.pt\/en\/o-colegio\/quem-somos\/","title":{"rendered":"Quem Somos"},"content":{"rendered":"<p>[et_pb_section fb_built=&#8221;1&#8243; _builder_version=&#8221;4.9.4&#8243; _module_preset=&#8221;default&#8221;][et_pb_row _builder_version=&#8221;4.9.4&#8243; _module_preset=&#8221;b8b2270b-f71e-4a15-a3ff-3a16e4fe87f5&#8243;][et_pb_column type=&#8221;4_4&#8243; _builder_version=&#8221;4.9.4&#8243; _module_preset=&#8221;default&#8221;][et_pb_text _builder_version=&#8221;4.9.4&#8243; _module_preset=&#8221;default&#8221;]<\/p>\n<p>O Real Col\u00e9gio de Portugal foi fundado em 1999 e orgulha-se de estar localizado em instala\u00e7\u00f5es pertencentes ao conjunto arquitet\u00f3nico do Pal\u00e1cio dos Condes do Lumiar e da Quinta do Pisani. Proporciona assim, um espa\u00e7o totalmente remodelado e equipado num contexto harmonioso, pedagogicamente adequado e capacitado para satisfazer todas as exig\u00eancias e cuidados que o ensino requer.<\/p>\n<p>Com\u00a0<span>Autoriza\u00e7\u00e3o Definitiva n.o 06.0116\/DREL, o<\/span>\u00a0Col\u00e9gio tem uma oferta curricular e extracurricular vasta. O principal objetivo \u00e9 fornecer aos alunos e alunas as ferramentas necess\u00e1rias para que possam descobrir os seus talentos e voca\u00e7\u00f5es.<\/p>\n<p>Somos uma institui\u00e7\u00e3o de ensino laica e multicultural. Temos atualmente mais de 18 nacionalidades diferentes no Col\u00e9gio.\u00a0 Acreditamos que a diferen\u00e7a e a diversidade cultural s\u00e3o uma mais-valia para a forma\u00e7\u00e3o e desenvolvimento dos nossos estudantes.<\/p>\n<p>[\/et_pb_text][\/et_pb_column][\/et_pb_row][\/et_pb_section][et_pb_section fb_built=&#8221;1&#8243; _builder_version=&#8221;4.9.4&#8243; _module_preset=&#8221;default&#8221; background_color=&#8221;#F9B91D&#8221; custom_padding=&#8221;4rem||4rem||true|false&#8221;][et_pb_row column_structure=&#8221;2_3,1_3&#8243; _builder_version=&#8221;4.9.4&#8243; _module_preset=&#8221;default&#8221;][et_pb_column type=&#8221;2_3&#8243; _builder_version=&#8221;4.9.4&#8243; _module_preset=&#8221;default&#8221;][et_pb_text _builder_version=&#8221;4.9.4&#8243; _module_preset=&#8221;default&#8221; text_font=&#8221;|800||on|||||&#8221; text_text_color=&#8221;#042D45&#8243; text_font_size=&#8221;32px&#8221; text_line_height=&#8221;1em&#8221;]<\/p>\n<p>&#8220;O Real Col\u00e9gio de Portugal \u00e9 uma institui\u00e7\u00e3o de ensino totalmente vocacionada para a forma\u00e7\u00e3o e desenvolvimento da crian\u00e7a desde a Aquisi\u00e7\u00e3o de Marcha at\u00e9 ao Ensino Secund\u00e1rio.&#8221;<\/p>\n<p>[\/et_pb_text][\/et_pb_column][et_pb_column type=&#8221;1_3&#8243; _builder_version=&#8221;4.9.4&#8243; _module_preset=&#8221;default&#8221;][et_pb_image src=&#8221;https:\/\/realcolegio.pt\/wp-content\/uploads\/2021\/05\/15palacio_exterior-cce9a5d699.jpg&#8221; alt=&#8221;Pal\u00e1cio Exterior&#8221; title_text=&#8221;Pal\u00e1cio Exterior&#8221; _builder_version=&#8221;4.9.4&#8243; _module_preset=&#8221;default&#8221; max_width=&#8221;500px&#8221;][\/et_pb_image][\/et_pb_column][\/et_pb_row][\/et_pb_section][et_pb_section fb_built=&#8221;1&#8243; _builder_version=&#8221;4.9.4&#8243; _module_preset=&#8221;default&#8221;][et_pb_row column_structure=&#8221;1_3,1_3,1_3&#8243; _builder_version=&#8221;4.9.4&#8243; _module_preset=&#8221;default&#8221;][et_pb_column type=&#8221;1_3&#8243; _builder_version=&#8221;4.9.4&#8243; _module_preset=&#8221;default&#8221;][et_pb_text _builder_version=&#8221;4.9.4&#8243; _module_preset=&#8221;87290259-4b7c-420f-94b4-055a3fc25617&#8243; custom_margin=&#8221;0px||1rem||false|false&#8221; custom_css_main_element=&#8221;margin: auto;||width: fit-content;&#8221;]<\/p>\n<h2 style=\"text-align: left;\">Vis\u00e3o<\/h2>\n<p>[\/et_pb_text][et_pb_text _builder_version=&#8221;4.9.4&#8243; _module_preset=&#8221;default&#8221;]<\/p>\n<p>Queremos ser um Col\u00e9gio com um ensino de qualidade, onde o rigor e exig\u00eancia se interliga com a forma\u00e7\u00e3o humanista, privilegiando a viv\u00eancia de grupo e o meio familiar como complementos de uma aprendizagem integral.<\/p>\n<p>[\/et_pb_text][\/et_pb_column][et_pb_column type=&#8221;1_3&#8243; _builder_version=&#8221;4.9.4&#8243; _module_preset=&#8221;default&#8221;][et_pb_text _builder_version=&#8221;4.9.4&#8243; _module_preset=&#8221;87290259-4b7c-420f-94b4-055a3fc25617&#8243; custom_margin=&#8221;0px||1rem||false|false&#8221; custom_css_main_element=&#8221;margin: auto;||width: fit-content;&#8221;]<\/p>\n<h2 style=\"text-align: left;\">Miss\u00e3o<\/h2>\n<p>[\/et_pb_text][et_pb_text _builder_version=&#8221;4.9.4&#8243; _module_preset=&#8221;default&#8221;]<\/p>\n<p>O Col\u00e9gio pretende oferecer qualidade e, apostando no sucesso acad\u00e9mico e humano dos seus alunos, procura incutir-lhes o desejo de se superarem de si mesmo, respeitando as diferen\u00e7as individuais e os valores de solidariedade e coopera\u00e7\u00e3o.<\/p>\n<p>[\/et_pb_text][\/et_pb_column][et_pb_column type=&#8221;1_3&#8243; _builder_version=&#8221;4.9.4&#8243; _module_preset=&#8221;default&#8221;][et_pb_text _builder_version=&#8221;4.9.4&#8243; _module_preset=&#8221;87290259-4b7c-420f-94b4-055a3fc25617&#8243; custom_margin=&#8221;0px||1rem||false|false&#8221; custom_css_main_element=&#8221;margin: auto;||width: fit-content;&#8221;]<\/p>\n<h2 style=\"text-align: left;\">Valores<\/h2>\n<p>[\/et_pb_text][et_pb_text _builder_version=&#8221;4.9.4&#8243; _module_preset=&#8221;default&#8221;]<\/p>\n<p>Excel\u00eancia, con\ufb01an\u00e7a, qualidade, compet\u00eancia, organiza\u00e7\u00e3o, coopera\u00e7\u00e3o, \ufb02exibilidade, liberdade, criatividade, entusiasmo, desempenho, motiva\u00e7\u00e3o\u2026 s\u00e3o muitos dos valores que queremos desenvolver, procurando sempre a estabilidade s\u00f3cio afetiva e a liga\u00e7\u00e3o com a realidade envolvente.<\/p>\n<p>[\/et_pb_text][\/et_pb_column][\/et_pb_row][\/et_pb_section]<\/p>\n","protected":false},"excerpt":{"rendered":"<p>[et_pb_section fb_built=&#8221;1&#8243; _builder_version=&#8221;4.9.4&#8243; _module_preset=&#8221;default&#8221;][et_pb_row _builder_version=&#8221;4.9.4&#8243; _module_preset=&#8221;b8b2270b-f71e-4a15-a3ff-3a16e4fe87f5&#8243;][et_pb_column type=&#8221;4_4&#8243; _builder_version=&#8221;4.9.4&#8243; _module_preset=&#8221;default&#8221;][et_pb_text _builder_version=&#8221;4.9.4&#8243; _module_preset=&#8221;default&#8221;] O Real Col\u00e9gio de Portugal foi fundado em 1999 e orgulha-se de estar localizado em instala\u00e7\u00f5es pertencentes ao conjunto arquitet\u00f3nico do Pal\u00e1cio dos Condes do Lumiar e da Quinta do Pisani. Proporciona assim, um espa\u00e7o totalmente remodelado e equipado num contexto harmonioso, pedagogicamente adequado [&hellip;]<\/p>\n","protected":false},"author":1,"featured_media":267,"parent":75,"menu_order":0,"comment_status":"closed","ping_status":"closed","template":"","meta":{"_acf_changed":false,"_et_pb_use_builder":"on","_et_pb_old_content":"","_et_gb_content_width":"","footnotes":""},"class_list":["post-264","page","type-page","status-publish","has-post-thumbnail","hentry"],"acf":[],"_links":{"self":[{"href":"https:\/\/realcolegio.pt\/en\/wp-json\/wp\/v2\/pages\/264","targetHints":{"allow":["GET"]}}],"collection":[{"href":"https:\/\/realcolegio.pt\/en\/wp-json\/wp\/v2\/pages"}],"about":[{"href":"https:\/\/realcolegio.pt\/en\/wp-json\/wp\/v2\/types\/page"}],"author":[{"embeddable":true,"href":"https:\/\/realcolegio.pt\/en\/wp-json\/wp\/v2\/users\/1"}],"replies":[{"embeddable":true,"href":"https:\/\/realcolegio.pt\/en\/wp-json\/wp\/v2\/comments?post=264"}],"version-history":[{"count":22,"href":"https:\/\/realcolegio.pt\/en\/wp-json\/wp\/v2\/pages\/264\/revisions"}],"predecessor-version":[{"id":5537,"href":"https:\/\/realcolegio.pt\/en\/wp-json\/wp\/v2\/pages\/264\/revisions\/5537"}],"up":[{"embeddable":true,"href":"https:\/\/realcolegio.pt\/en\/wp-json\/wp\/v2\/pages\/75"}],"wp:featuredmedia":[{"embeddable":true,"href":"https:\/\/realcolegio.pt\/en\/wp-json\/wp\/v2\/media\/267"}],"wp:attachment":[{"href":"https:\/\/realcolegio.pt\/en\/wp-json\/wp\/v2\/media?parent=264"}],"curies":[{"name":"wp","href":"https:\/\/api.w.org\/{rel}","templated":true}]}}