{"id":1671,"date":"2021-09-01T18:09:00","date_gmt":"2021-09-01T17:09:00","guid":{"rendered":"https:\/\/www.realcolegio.pt\/?page_id=1671"},"modified":"2025-10-07T10:44:56","modified_gmt":"2025-10-07T09:44:56","slug":"documentos-pedagogicos","status":"publish","type":"page","link":"https:\/\/realcolegio.pt\/en\/alunos\/documentos-pedagogicos\/","title":{"rendered":"Documentos Pedag\u00f3gicos"},"content":{"rendered":"<p>[et_pb_section fb_built=&#8221;1&#8243; _builder_version=&#8221;4.9.4&#8243; _module_preset=&#8221;default&#8221;][et_pb_row make_equal=&#8221;on&#8221; _builder_version=&#8221;4.9.4&#8243; _module_preset=&#8221;default&#8221;][et_pb_column type=&#8221;4_4&#8243; _builder_version=&#8221;4.9.4&#8243; _module_preset=&#8221;default&#8221;][et_pb_text _builder_version=&#8221;4.9.4&#8243; _module_preset=&#8221;87290259-4b7c-420f-94b4-055a3fc25617&#8243; custom_margin=&#8221;0px||2rem||false|false&#8221;]<\/p>\n<p>Documentos do Ano Letivo 2025\/2026<\/p>\n<p>[\/et_pb_text][\/et_pb_column][\/et_pb_row][et_pb_row column_structure=&#8221;1_4,1_4,1_4,1_4&#8243; make_equal=&#8221;on&#8221; _builder_version=&#8221;4.9.4&#8243; _module_preset=&#8221;default&#8221;][et_pb_column type=&#8221;1_4&#8243; _builder_version=&#8221;4.9.4&#8243; _module_preset=&#8221;default&#8221;][et_pb_cta title=&#8221;Regulamento Interno&#8221; button_url=&#8221;https:\/\/realcolegio.pt\/wp-content\/uploads\/2025\/09\/Regulamento-Interno-2025_2026.pdf&#8221; url_new_window=&#8221;on&#8221; button_text=&#8221;Ver&#8221; _builder_version=&#8221;4.9.4&#8243; _module_preset=&#8221;92de2eed-17f1-46aa-ab93-68f7b8d47c4a&#8221; min_height=&#8221;230px&#8221; link_option_url=&#8221;#&#8221;][\/et_pb_cta][\/et_pb_column][et_pb_column type=&#8221;1_4&#8243; _builder_version=&#8221;4.9.4&#8243; _module_preset=&#8221;default&#8221;][et_pb_cta title=&#8221;Regulamento Interno Creche&#8221; button_url=&#8221;https:\/\/realcolegio.pt\/wp-content\/uploads\/2025\/09\/Regulamento-Interno-Creche-2025_26.pdf&#8221; url_new_window=&#8221;on&#8221; button_text=&#8221;Ver&#8221; _builder_version=&#8221;4.9.4&#8243; _module_preset=&#8221;92de2eed-17f1-46aa-ab93-68f7b8d47c4a&#8221; link_option_url=&#8221;#&#8221;][\/et_pb_cta][\/et_pb_column][et_pb_column type=&#8221;1_4&#8243; _builder_version=&#8221;4.9.4&#8243; _module_preset=&#8221;default&#8221;][et_pb_cta title=&#8221;Projeto Educativo&#8221; button_url=&#8221;https:\/\/realcolegio.pt\/wp-content\/uploads\/2025\/09\/Projeto-Educatio_25_26.pdf&#8221; url_new_window=&#8221;on&#8221; button_text=&#8221;Ver&#8221; _builder_version=&#8221;4.9.4&#8243; _module_preset=&#8221;92de2eed-17f1-46aa-ab93-68f7b8d47c4a&#8221; link_option_url=&#8221;https:\/\/realcolegio.pt\/wp-content\/uploads\/2025\/09\/Projeto-Educatio_25_26.pdf&#8221;][\/et_pb_cta][\/et_pb_column][et_pb_column type=&#8221;1_4&#8243; _builder_version=&#8221;4.9.4&#8243; _module_preset=&#8221;default&#8221;][et_pb_cta title=&#8221;Regimento emaei&#8221; button_url=&#8221;https:\/\/realcolegio.pt\/wp-content\/uploads\/2025\/09\/Regulamento-EMAEI.pdf&#8221; url_new_window=&#8221;on&#8221; button_text=&#8221;Ver&#8221; _builder_version=&#8221;4.9.4&#8243; _module_preset=&#8221;92de2eed-17f1-46aa-ab93-68f7b8d47c4a&#8221; link_option_url=&#8221;#&#8221;]<\/p>\n<p>Regimento Interno da Equipa Multidisciplinar de Apoio \u00e0 Educa\u00e7\u00e3o\u00a0 Inclusiva<\/p>\n<p>[\/et_pb_cta][\/et_pb_column][\/et_pb_row][et_pb_row column_structure=&#8221;1_4,1_4,1_4,1_4&#8243; make_equal=&#8221;on&#8221; _builder_version=&#8221;4.9.4&#8243; _module_preset=&#8221;default&#8221; min_height=&#8221;253px&#8221; custom_padding=&#8221;2rem|4rem|0px|4rem|false|true&#8221;][et_pb_column type=&#8221;1_4&#8243; _builder_version=&#8221;4.9.4&#8243; _module_preset=&#8221;default&#8221;][et_pb_cta title=&#8221;Crit\u00e9rios de avalia\u00e7\u00e3o&#8221; button_url=&#8221;https:\/\/realcolegio.pt\/wp-content\/uploads\/2025\/09\/Criterios-de-Avaliacao-Creche.pdf&#8221; url_new_window=&#8221;on&#8221; button_text=&#8221;Ver&#8221; _builder_version=&#8221;4.9.4&#8243; _module_preset=&#8221;92de2eed-17f1-46aa-ab93-68f7b8d47c4a&#8221; min_height=&#8221;230px&#8221; link_option_url=&#8221;#&#8221; locked=&#8221;off&#8221;]<\/p>\n<p>Creche<\/p>\n<p>[\/et_pb_cta][\/et_pb_column][et_pb_column type=&#8221;1_4&#8243; _builder_version=&#8221;4.9.4&#8243; _module_preset=&#8221;default&#8221;][et_pb_cta title=&#8221;Crit\u00e9rios de avalia\u00e7\u00e3o&#8221; button_url=&#8221;https:\/\/realcolegio.pt\/wp-content\/uploads\/2025\/09\/Criterios-de-Avaliacao-Pre-escolar.pdf&#8221; url_new_window=&#8221;on&#8221; button_text=&#8221;Ver&#8221; _builder_version=&#8221;4.9.4&#8243; _module_preset=&#8221;92de2eed-17f1-46aa-ab93-68f7b8d47c4a&#8221; min_height=&#8221;230px&#8221; link_option_url=&#8221;#&#8221;]<\/p>\n<p>Pr\u00e9-Escolar<\/p>\n<p>[\/et_pb_cta][\/et_pb_column][et_pb_column type=&#8221;1_4&#8243; _builder_version=&#8221;4.9.4&#8243; _module_preset=&#8221;default&#8221;][et_pb_cta title=&#8221;Crit\u00e9rios de Avalia\u00e7\u00e3o &#8221; button_url=&#8221;https:\/\/realcolegio.pt\/wp-content\/uploads\/2025\/09\/Criterios-de-Avaliacao-1.o-CEB.pdf&#8221; button_text=&#8221;Ver&#8221; _builder_version=&#8221;4.9.4&#8243; _module_preset=&#8221;92de2eed-17f1-46aa-ab93-68f7b8d47c4a&#8221;]<\/p>\n<p>1.\u00ba CEB<\/p>\n<p>[\/et_pb_cta][\/et_pb_column][et_pb_column type=&#8221;1_4&#8243; _builder_version=&#8221;4.9.4&#8243; _module_preset=&#8221;default&#8221;][et_pb_cta title=&#8221;Crit\u00e9rios de Avalia\u00e7\u00e3o&#8221; button_url=&#8221;https:\/\/realcolegio.pt\/wp-content\/uploads\/2025\/09\/Criterios-de-valiacao-2.o-CEB.pdf&#8221; url_new_window=&#8221;on&#8221; button_text=&#8221;Ver&#8221; _builder_version=&#8221;4.9.4&#8243; _module_preset=&#8221;92de2eed-17f1-46aa-ab93-68f7b8d47c4a&#8221; link_option_url=&#8221;#&#8221;]<\/p>\n<p>2.\u00ba Ciclo<\/p>\n<p>[\/et_pb_cta][\/et_pb_column][\/et_pb_row][et_pb_row column_structure=&#8221;1_4,1_4,1_4,1_4&#8243; _builder_version=&#8221;4.9.4&#8243; _module_preset=&#8221;default&#8221; min_height=&#8221;224px&#8221; custom_margin=&#8221;35px||||false|false&#8221; hover_enabled=&#8221;0&#8243; sticky_enabled=&#8221;0&#8243;][et_pb_column type=&#8221;1_4&#8243; _builder_version=&#8221;4.9.4&#8243; _module_preset=&#8221;default&#8221;][et_pb_cta title=&#8221;CRIT\u00c9RIOS DE AVALIA\u00c7\u00c3O&#8221; button_url=&#8221;https:\/\/realcolegio.pt\/wp-content\/uploads\/2025\/09\/Criterios-de-Avaliacao-3.o-CEB.pdf&#8221; button_text=&#8221;Ver&#8221; _builder_version=&#8221;4.9.4&#8243; _module_preset=&#8221;92de2eed-17f1-46aa-ab93-68f7b8d47c4a&#8221; height=&#8221;105.3%&#8221;]<\/p>\n<p>3.\u00ba Ciclo<\/p>\n<p>[\/et_pb_cta][\/et_pb_column][et_pb_column type=&#8221;1_4&#8243; _builder_version=&#8221;4.9.4&#8243; _module_preset=&#8221;default&#8221;][et_pb_cta title=&#8221;Crit\u00e9rios de Avalia\u00e7\u00e3o&#8221; button_url=&#8221;https:\/\/realcolegio.pt\/wp-content\/uploads\/2025\/09\/Criterios-de-Avaliacao-Ensino-Secundario.pdf&#8221; button_text=&#8221;Ver&#8221; _builder_version=&#8221;4.9.4&#8243; _module_preset=&#8221;92de2eed-17f1-46aa-ab93-68f7b8d47c4a&#8221; height=&#8221;105.3%&#8221;]<\/p>\n<p>Ensino Secund\u00e1rio<\/p>\n<p>[\/et_pb_cta][\/et_pb_column][et_pb_column type=&#8221;1_4&#8243; _builder_version=&#8221;4.9.4&#8243; _module_preset=&#8221;default&#8221;][et_pb_cta title=&#8221;Plano de atividades&#8221; button_url=&#8221;https:\/\/realcolegio.pt\/wp-content\/uploads\/2025\/09\/Plano-de-Atividades-2025_2026.pdf&#8221; button_text=&#8221;Ver&#8221; _builder_version=&#8221;4.9.4&#8243; _module_preset=&#8221;92de2eed-17f1-46aa-ab93-68f7b8d47c4a&#8221; height=&#8221;105.3%&#8221;]<\/p>\n<p>Ano Letivo 2025\/2026<\/p>\n<p>[\/et_pb_cta][\/et_pb_column][et_pb_column type=&#8221;1_4&#8243; _builder_version=&#8221;4.9.4&#8243; _module_preset=&#8221;default&#8221;][et_pb_cta title=&#8221;REGULAMENTO DE M\u00c9RITO PEDAG\u00d3GICO&#8221; button_url=&#8221;https:\/\/realcolegio.pt\/wp-content\/uploads\/2025\/09\/Regulamento_Premios-de-Merito-Pedagogico.pdf&#8221; url_new_window=&#8221;on&#8221; button_text=&#8221;Ver&#8221; _builder_version=&#8221;4.9.4&#8243; _module_preset=&#8221;92de2eed-17f1-46aa-ab93-68f7b8d47c4a&#8221; height=&#8221;105.3%&#8221;][\/et_pb_cta][\/et_pb_column][\/et_pb_row][et_pb_row column_structure=&#8221;1_4,1_4,1_4,1_4&#8243; _builder_version=&#8221;4.9.4&#8243; _module_preset=&#8221;default&#8221; min_height=&#8221;224px&#8221; custom_margin=&#8221;35px||||false|false&#8221; hover_enabled=&#8221;0&#8243; sticky_enabled=&#8221;0&#8243;][et_pb_column type=&#8221;1_4&#8243; _builder_version=&#8221;4.9.4&#8243; _module_preset=&#8221;default&#8221;][et_pb_cta title=&#8221;Projeto-piloto de Inova\u00e7\u00e3o pedag\u00f3gica&#8221; button_url=&#8221;https:\/\/realcolegio.pt\/wp-content\/uploads\/2025\/10\/Texto-Oficial-PPIP.pdf&#8221; button_text=&#8221;Ver&#8221; _builder_version=&#8221;4.9.4&#8243; _module_preset=&#8221;92de2eed-17f1-46aa-ab93-68f7b8d47c4a&#8221; height=&#8221;105.3%&#8221; hover_enabled=&#8221;0&#8243; sticky_enabled=&#8221;0&#8243; url_new_window=&#8221;on&#8221;]<\/p>\n<p>Ensino Secund\u00e1rio<\/p>\n<p>[\/et_pb_cta][\/et_pb_column][et_pb_column type=&#8221;1_4&#8243; _builder_version=&#8221;4.9.4&#8243; _module_preset=&#8221;default&#8221;][\/et_pb_column][et_pb_column type=&#8221;1_4&#8243; _builder_version=&#8221;4.9.4&#8243; _module_preset=&#8221;default&#8221;][\/et_pb_column][et_pb_column type=&#8221;1_4&#8243; _builder_version=&#8221;4.9.4&#8243; _module_preset=&#8221;default&#8221;][\/et_pb_column][\/et_pb_row][\/et_pb_section]<\/p>\n","protected":false},"excerpt":{"rendered":"<p>[et_pb_section fb_built=&#8221;1&#8243; _builder_version=&#8221;4.9.4&#8243; _module_preset=&#8221;default&#8221;][et_pb_row make_equal=&#8221;on&#8221; _builder_version=&#8221;4.9.4&#8243; _module_preset=&#8221;default&#8221;][et_pb_column type=&#8221;4_4&#8243; _builder_version=&#8221;4.9.4&#8243; _module_preset=&#8221;default&#8221;][et_pb_text _builder_version=&#8221;4.9.4&#8243; _module_preset=&#8221;87290259-4b7c-420f-94b4-055a3fc25617&#8243; custom_margin=&#8221;0px||2rem||false|false&#8221;] Documentos do Ano Letivo 2025\/2026 [\/et_pb_text][\/et_pb_column][\/et_pb_row][et_pb_row column_structure=&#8221;1_4,1_4,1_4,1_4&#8243; make_equal=&#8221;on&#8221; _builder_version=&#8221;4.9.4&#8243; _module_preset=&#8221;default&#8221;][et_pb_column type=&#8221;1_4&#8243; _builder_version=&#8221;4.9.4&#8243; _module_preset=&#8221;default&#8221;][et_pb_cta title=&#8221;Regulamento Interno&#8221; button_url=&#8221;https:\/\/realcolegio.pt\/wp-content\/uploads\/2025\/09\/Regulamento-Interno-2025_2026.pdf&#8221; url_new_window=&#8221;on&#8221; button_text=&#8221;Ver&#8221; _builder_version=&#8221;4.9.4&#8243; _module_preset=&#8221;92de2eed-17f1-46aa-ab93-68f7b8d47c4a&#8221; min_height=&#8221;230px&#8221; link_option_url=&#8221;#&#8221;][\/et_pb_cta][\/et_pb_column][et_pb_column type=&#8221;1_4&#8243; _builder_version=&#8221;4.9.4&#8243; _module_preset=&#8221;default&#8221;][et_pb_cta title=&#8221;Regulamento Interno Creche&#8221; button_url=&#8221;https:\/\/realcolegio.pt\/wp-content\/uploads\/2025\/09\/Regulamento-Interno-Creche-2025_26.pdf&#8221; url_new_window=&#8221;on&#8221; button_text=&#8221;Ver&#8221; _builder_version=&#8221;4.9.4&#8243; _module_preset=&#8221;92de2eed-17f1-46aa-ab93-68f7b8d47c4a&#8221; link_option_url=&#8221;#&#8221;][\/et_pb_cta][\/et_pb_column][et_pb_column type=&#8221;1_4&#8243; _builder_version=&#8221;4.9.4&#8243; _module_preset=&#8221;default&#8221;][et_pb_cta title=&#8221;Projeto Educativo&#8221; button_url=&#8221;https:\/\/realcolegio.pt\/wp-content\/uploads\/2025\/09\/Projeto-Educatio_25_26.pdf&#8221; url_new_window=&#8221;on&#8221; button_text=&#8221;Ver&#8221; [&hellip;]<\/p>\n","protected":false},"author":1,"featured_media":1871,"parent":81,"menu_order":0,"comment_status":"closed","ping_status":"closed","template":"","meta":{"_acf_changed":false,"_et_pb_use_builder":"on","_et_pb_old_content":"","_et_gb_content_width":"","footnotes":""},"class_list":["post-1671","page","type-page","status-publish","has-post-thumbnail","hentry"],"acf":[],"_links":{"self":[{"href":"https:\/\/realcolegio.pt\/en\/wp-json\/wp\/v2\/pages\/1671","targetHints":{"allow":["GET"]}}],"collection":[{"href":"https:\/\/realcolegio.pt\/en\/wp-json\/wp\/v2\/pages"}],"about":[{"href":"https:\/\/realcolegio.pt\/en\/wp-json\/wp\/v2\/types\/page"}],"author":[{"embeddable":true,"href":"https:\/\/realcolegio.pt\/en\/wp-json\/wp\/v2\/users\/1"}],"replies":[{"embeddable":true,"href":"https:\/\/realcolegio.pt\/en\/wp-json\/wp\/v2\/comments?post=1671"}],"version-history":[{"count":45,"href":"https:\/\/realcolegio.pt\/en\/wp-json\/wp\/v2\/pages\/1671\/revisions"}],"predecessor-version":[{"id":6512,"href":"https:\/\/realcolegio.pt\/en\/wp-json\/wp\/v2\/pages\/1671\/revisions\/6512"}],"up":[{"embeddable":true,"href":"https:\/\/realcolegio.pt\/en\/wp-json\/wp\/v2\/pages\/81"}],"wp:featuredmedia":[{"embeddable":true,"href":"https:\/\/realcolegio.pt\/en\/wp-json\/wp\/v2\/media\/1871"}],"wp:attachment":[{"href":"https:\/\/realcolegio.pt\/en\/wp-json\/wp\/v2\/media?parent=1671"}],"curies":[{"name":"wp","href":"https:\/\/api.w.org\/{rel}","templated":true}]}}