{"id":1439,"date":"2021-08-19T11:55:48","date_gmt":"2021-08-19T10:55:48","guid":{"rendered":"https:\/\/www.realcolegio.pt\/?page_id=1439"},"modified":"2021-08-19T11:56:37","modified_gmt":"2021-08-19T10:56:37","slug":"lista-de-materiais-escolares-2021-2022","status":"publish","type":"page","link":"https:\/\/realcolegio.pt\/en\/lista-de-materiais-escolares-2021-2022\/","title":{"rendered":"Lista de Materiais Escolares 2021\/2022"},"content":{"rendered":"[et_pb_section admin_label=&#8221;section&#8221;]\n\t\t\t[et_pb_row admin_label=&#8221;row&#8221;]\n\t\t\t\t[et_pb_column type=&#8221;4_4&#8243;][et_pb_text admin_label=&#8221;Text&#8221;]\n<p>J\u00e1 se encontra dispon\u00edvel para consulta a lista de manuais e materiais escolares para o pr\u00f3ximo ano letivo! <\/p>\n\n\n\n<h2 class=\"has-text-align-center has-luminous-vivid-amber-color has-text-color wp-block-heading\">Desejamos a Tod@s um Excelente Ano Letivo! <\/h2>\n\n\n\n<div class=\"wp-block-buttons is-content-justification-center is-layout-flex wp-block-buttons-is-layout-flex\"><\/div>\n\n\n\n<figure class=\"wp-block-gallery columns-3 is-cropped wp-block-gallery-1 is-layout-flex wp-block-gallery-is-layout-flex\"><ul class=\"blocks-gallery-grid\"><li class=\"blocks-gallery-item\"><figure><img loading=\"lazy\" decoding=\"async\" width=\"725\" height=\"1024\" src=\"https:\/\/realcolegio.pt\/wp-content\/uploads\/2021\/08\/Flyer_Material_1e2ano_RCP_2021_page-0001-725x1024.jpg\" alt=\"\" data-id=\"1444\" data-link=\"https:\/\/realcolegio.pt\/?attachment_id=1444\" class=\"wp-image-1444\"\/><\/figure><\/li><li class=\"blocks-gallery-item\"><figure><img loading=\"lazy\" decoding=\"async\" width=\"725\" height=\"1024\" src=\"https:\/\/realcolegio.pt\/wp-content\/uploads\/2021\/08\/Flyer_Material_1e2ano_RCP_2021_page-0002-1-725x1024.jpg\" alt=\"\" data-id=\"1445\" data-link=\"https:\/\/realcolegio.pt\/?attachment_id=1445\" class=\"wp-image-1445\"\/><\/figure><\/li><li class=\"blocks-gallery-item\"><figure><img loading=\"lazy\" decoding=\"async\" width=\"725\" height=\"1024\" src=\"https:\/\/realcolegio.pt\/wp-content\/uploads\/2021\/08\/Flyer_Material_3e4ano_RCP_2021-3_page-0001-725x1024.jpg\" alt=\"\" data-id=\"1446\" data-link=\"https:\/\/realcolegio.pt\/?attachment_id=1446\" class=\"wp-image-1446\"\/><\/figure><\/li><li class=\"blocks-gallery-item\"><figure><img loading=\"lazy\" decoding=\"async\" width=\"725\" height=\"1024\" src=\"https:\/\/realcolegio.pt\/wp-content\/uploads\/2021\/08\/Flyer_Material_5ano_RCP_2021_page-0001-725x1024.jpg\" alt=\"\" data-id=\"1448\" data-link=\"https:\/\/realcolegio.pt\/?attachment_id=1448\" class=\"wp-image-1448\"\/><\/figure><\/li><li class=\"blocks-gallery-item\"><figure><img loading=\"lazy\" decoding=\"async\" width=\"725\" height=\"1024\" src=\"https:\/\/realcolegio.pt\/wp-content\/uploads\/2021\/08\/Flyer_Material_5ano_RCP_2021_page-0002-725x1024.jpg\" alt=\"\" data-id=\"1449\" data-link=\"https:\/\/realcolegio.pt\/?attachment_id=1449\" class=\"wp-image-1449\"\/><\/figure><\/li><li class=\"blocks-gallery-item\"><figure><img loading=\"lazy\" decoding=\"async\" width=\"725\" height=\"1024\" src=\"https:\/\/realcolegio.pt\/wp-content\/uploads\/2021\/08\/Flyer_Material_6ano_RCP_2021_page-0001-725x1024.jpg\" alt=\"\" data-id=\"1450\" data-link=\"https:\/\/realcolegio.pt\/?attachment_id=1450\" class=\"wp-image-1450\"\/><\/figure><\/li><li class=\"blocks-gallery-item\"><figure><img loading=\"lazy\" decoding=\"async\" width=\"725\" height=\"1024\" src=\"https:\/\/realcolegio.pt\/wp-content\/uploads\/2021\/08\/Flyer_Material_6ano_RCP_2021_page-0002-725x1024.jpg\" alt=\"\" data-id=\"1451\" data-link=\"https:\/\/realcolegio.pt\/?attachment_id=1451\" class=\"wp-image-1451\"\/><\/figure><\/li><li class=\"blocks-gallery-item\"><figure><img loading=\"lazy\" decoding=\"async\" width=\"725\" height=\"1024\" src=\"https:\/\/realcolegio.pt\/wp-content\/uploads\/2021\/08\/Flyer_Material_7ano_RCP_2021-1_page-0001-725x1024.jpg\" alt=\"\" data-id=\"1452\" data-link=\"https:\/\/realcolegio.pt\/?attachment_id=1452\" class=\"wp-image-1452\"\/><\/figure><\/li><li class=\"blocks-gallery-item\"><figure><img loading=\"lazy\" decoding=\"async\" width=\"725\" height=\"1024\" src=\"https:\/\/realcolegio.pt\/wp-content\/uploads\/2021\/08\/Flyer_Material_8ano_RCP_2021_page-0001-725x1024.jpg\" alt=\"\" data-id=\"1454\" data-link=\"https:\/\/realcolegio.pt\/?attachment_id=1454\" class=\"wp-image-1454\"\/><\/figure><\/li><li class=\"blocks-gallery-item\"><figure><img loading=\"lazy\" decoding=\"async\" width=\"725\" height=\"1024\" src=\"https:\/\/realcolegio.pt\/wp-content\/uploads\/2021\/08\/Flyer_Material_8ano_RCP_2021_page-0002-725x1024.jpg\" alt=\"\" data-id=\"1455\" data-link=\"https:\/\/realcolegio.pt\/?attachment_id=1455\" class=\"wp-image-1455\"\/><\/figure><\/li><li class=\"blocks-gallery-item\"><figure><img loading=\"lazy\" decoding=\"async\" width=\"725\" height=\"1024\" src=\"https:\/\/realcolegio.pt\/wp-content\/uploads\/2021\/08\/Flyer_Material_9ano_RCP_2021_page-0001-725x1024.jpg\" alt=\"\" data-id=\"1456\" data-full-url=\"https:\/\/realcolegio.pt\/wp-content\/uploads\/2021\/08\/Flyer_Material_9ano_RCP_2021_page-0001.jpg\" data-link=\"https:\/\/realcolegio.pt\/?attachment_id=1456\" class=\"wp-image-1456\"\/><\/figure><\/li><li class=\"blocks-gallery-item\"><figure><img loading=\"lazy\" decoding=\"async\" width=\"725\" height=\"1024\" src=\"https:\/\/realcolegio.pt\/wp-content\/uploads\/2021\/08\/Flyer_Material_9ano_RCP_2021_page-0002-725x1024.jpg\" alt=\"\" data-id=\"1457\" data-full-url=\"https:\/\/realcolegio.pt\/wp-content\/uploads\/2021\/08\/Flyer_Material_9ano_RCP_2021_page-0002.jpg\" data-link=\"https:\/\/realcolegio.pt\/?attachment_id=1457\" class=\"wp-image-1457\"\/><\/figure><\/li><li class=\"blocks-gallery-item\"><figure><img loading=\"lazy\" decoding=\"async\" width=\"725\" height=\"1024\" src=\"https:\/\/realcolegio.pt\/wp-content\/uploads\/2021\/08\/Flyer_Material_10ano_Artes_RCP_2021-1_page-0001-725x1024.jpg\" alt=\"\" data-id=\"1458\" data-full-url=\"https:\/\/realcolegio.pt\/wp-content\/uploads\/2021\/08\/Flyer_Material_10ano_Artes_RCP_2021-1_page-0001.jpg\" data-link=\"https:\/\/realcolegio.pt\/?attachment_id=1458\" class=\"wp-image-1458\"\/><\/figure><\/li><li class=\"blocks-gallery-item\"><figure><img loading=\"lazy\" decoding=\"async\" width=\"725\" height=\"1024\" src=\"https:\/\/realcolegio.pt\/wp-content\/uploads\/2021\/08\/Flyer_Material_10ano_Artes_RCP_2021-1_page-0002-725x1024.jpg\" alt=\"\" data-id=\"1459\" data-full-url=\"https:\/\/realcolegio.pt\/wp-content\/uploads\/2021\/08\/Flyer_Material_10ano_Artes_RCP_2021-1_page-0002.jpg\" data-link=\"https:\/\/realcolegio.pt\/?attachment_id=1459\" class=\"wp-image-1459\"\/><\/figure><\/li><li class=\"blocks-gallery-item\"><figure><img loading=\"lazy\" decoding=\"async\" width=\"725\" height=\"1024\" src=\"https:\/\/realcolegio.pt\/wp-content\/uploads\/2021\/08\/Flyer_Material_10ano_Ciencias_RCP_2021_page-0001-725x1024.jpg\" alt=\"\" data-id=\"1460\" data-full-url=\"https:\/\/realcolegio.pt\/wp-content\/uploads\/2021\/08\/Flyer_Material_10ano_Ciencias_RCP_2021_page-0001.jpg\" data-link=\"https:\/\/realcolegio.pt\/?attachment_id=1460\" class=\"wp-image-1460\"\/><\/figure><\/li><li class=\"blocks-gallery-item\"><figure><img loading=\"lazy\" decoding=\"async\" width=\"725\" height=\"1024\" src=\"https:\/\/realcolegio.pt\/wp-content\/uploads\/2021\/08\/Flyer_Material_10ano_Ciencias_RCP_2021_page-0002-725x1024.jpg\" alt=\"\" data-id=\"1461\" data-full-url=\"https:\/\/realcolegio.pt\/wp-content\/uploads\/2021\/08\/Flyer_Material_10ano_Ciencias_RCP_2021_page-0002.jpg\" data-link=\"https:\/\/realcolegio.pt\/?attachment_id=1461\" class=\"wp-image-1461\"\/><\/figure><\/li><li class=\"blocks-gallery-item\"><figure><img loading=\"lazy\" decoding=\"async\" width=\"725\" height=\"1024\" src=\"https:\/\/realcolegio.pt\/wp-content\/uploads\/2021\/08\/Flyer_Material_10ano_Economia_RCP_2021.jpg-1_page-0001-725x1024.jpg\" alt=\"\" data-id=\"1462\" data-full-url=\"https:\/\/realcolegio.pt\/wp-content\/uploads\/2021\/08\/Flyer_Material_10ano_Economia_RCP_2021.jpg-1_page-0001.jpg\" data-link=\"https:\/\/realcolegio.pt\/?attachment_id=1462\" class=\"wp-image-1462\"\/><\/figure><\/li><li class=\"blocks-gallery-item\"><figure><img loading=\"lazy\" decoding=\"async\" width=\"725\" height=\"1024\" src=\"https:\/\/realcolegio.pt\/wp-content\/uploads\/2021\/08\/Flyer_Material_10ano_Economia_RCP_2021.jpg-1_page-0002-725x1024.jpg\" alt=\"\" data-id=\"1463\" data-full-url=\"https:\/\/realcolegio.pt\/wp-content\/uploads\/2021\/08\/Flyer_Material_10ano_Economia_RCP_2021.jpg-1_page-0002.jpg\" data-link=\"https:\/\/realcolegio.pt\/?attachment_id=1463\" class=\"wp-image-1463\"\/><\/figure><\/li><li class=\"blocks-gallery-item\"><figure><img loading=\"lazy\" decoding=\"async\" width=\"725\" height=\"1024\" src=\"https:\/\/realcolegio.pt\/wp-content\/uploads\/2021\/08\/Flyer_Material_10ano_Humanidades_RCP_2021_page-0001-725x1024.jpg\" alt=\"\" data-id=\"1464\" data-full-url=\"https:\/\/realcolegio.pt\/wp-content\/uploads\/2021\/08\/Flyer_Material_10ano_Humanidades_RCP_2021_page-0001.jpg\" data-link=\"https:\/\/realcolegio.pt\/?attachment_id=1464\" class=\"wp-image-1464\"\/><\/figure><\/li><li class=\"blocks-gallery-item\"><figure><img loading=\"lazy\" decoding=\"async\" width=\"725\" height=\"1024\" src=\"https:\/\/realcolegio.pt\/wp-content\/uploads\/2021\/08\/Flyer_Material_10ano_Humanidades_RCP_2021_page-0002-725x1024.jpg\" alt=\"\" data-id=\"1466\" data-full-url=\"https:\/\/realcolegio.pt\/wp-content\/uploads\/2021\/08\/Flyer_Material_10ano_Humanidades_RCP_2021_page-0002.jpg\" data-link=\"https:\/\/realcolegio.pt\/?attachment_id=1466\" class=\"wp-image-1466\"\/><\/figure><\/li><li class=\"blocks-gallery-item\"><figure><img loading=\"lazy\" decoding=\"async\" width=\"725\" height=\"1024\" src=\"https:\/\/realcolegio.pt\/wp-content\/uploads\/2021\/08\/Flyer_Material_11ano_Artes_RCP_2021.jpg_page-0001-725x1024.jpg\" alt=\"\" data-id=\"1470\" data-full-url=\"https:\/\/realcolegio.pt\/wp-content\/uploads\/2021\/08\/Flyer_Material_11ano_Artes_RCP_2021.jpg_page-0001.jpg\" data-link=\"https:\/\/realcolegio.pt\/?attachment_id=1470\" class=\"wp-image-1470\"\/><\/figure><\/li><li class=\"blocks-gallery-item\"><figure><img loading=\"lazy\" decoding=\"async\" width=\"725\" height=\"1024\" src=\"https:\/\/realcolegio.pt\/wp-content\/uploads\/2021\/08\/Flyer_Material_11ano_Artes_RCP_2021.jpg_page-0002-725x1024.jpg\" alt=\"\" data-id=\"1473\" data-full-url=\"https:\/\/realcolegio.pt\/wp-content\/uploads\/2021\/08\/Flyer_Material_11ano_Artes_RCP_2021.jpg_page-0002.jpg\" data-link=\"https:\/\/realcolegio.pt\/?attachment_id=1473\" class=\"wp-image-1473\"\/><\/figure><\/li><\/ul><\/figure>\n[\/et_pb_text][\/et_pb_column]\n\t\t\t[\/et_pb_row]\n\t\t[\/et_pb_section]","protected":false},"excerpt":{"rendered":"<p>[et_pb_section admin_label=&#8221;section&#8221;] [et_pb_row admin_label=&#8221;row&#8221;] [et_pb_column type=&#8221;4_4&#8243;][et_pb_text admin_label=&#8221;Text&#8221;] J\u00e1 se encontra dispon\u00edvel para consulta a lista de manuais e materiais escolares para o pr\u00f3ximo ano letivo! Desejamos a Tod@s um Excelente Ano Letivo! [\/et_pb_text][\/et_pb_column] [\/et_pb_row] [\/et_pb_section]<\/p>\n","protected":false},"author":2,"featured_media":1474,"parent":0,"menu_order":0,"comment_status":"closed","ping_status":"closed","template":"","meta":{"_acf_changed":false,"_et_pb_use_builder":"on","_et_pb_old_content":"<!-- wp:paragraph -->\n<p>J\u00e1 se encontra dispon\u00edvel para consulta a lista de manuais e materiais escolares para o pr\u00f3ximo ano letivo! <\/p>\n<!-- \/wp:paragraph -->\n\n<!-- wp:heading {\"textAlign\":\"center\",\"textColor\":\"luminous-vivid-amber\"} -->\n<h2 class=\"has-text-align-center has-luminous-vivid-amber-color has-text-color\">Desejamos a Tod@s um Excelente Ano Letivo! <\/h2>\n<!-- \/wp:heading -->\n\n<!-- wp:buttons {\"contentJustification\":\"center\"} -->\n<div class=\"wp-block-buttons is-content-justification-center\"><\/div>\n<!-- \/wp:buttons -->\n\n<!-- wp:gallery {\"ids\":[1444,1445,1446,1448,1449,1450,1451,1452,1454,1455,1456,1457,1458,1459,1460,1461,1462,1463,1464,1466,1470,1473],\"linkTo\":\"none\"} -->\n<figure class=\"wp-block-gallery columns-3 is-cropped\"><ul class=\"blocks-gallery-grid\"><li class=\"blocks-gallery-item\"><figure><img src=\"https:\/\/realcolegio.pt\/wp-content\/uploads\/2021\/08\/Flyer_Material_1e2ano_RCP_2021_page-0001-725x1024.jpg\" alt=\"\" data-id=\"1444\" data-link=\"https:\/\/realcolegio.pt\/?attachment_id=1444\" class=\"wp-image-1444\"\/><\/figure><\/li><li class=\"blocks-gallery-item\"><figure><img src=\"https:\/\/realcolegio.pt\/wp-content\/uploads\/2021\/08\/Flyer_Material_1e2ano_RCP_2021_page-0002-1-725x1024.jpg\" alt=\"\" data-id=\"1445\" data-link=\"https:\/\/realcolegio.pt\/?attachment_id=1445\" class=\"wp-image-1445\"\/><\/figure><\/li><li class=\"blocks-gallery-item\"><figure><img src=\"https:\/\/realcolegio.pt\/wp-content\/uploads\/2021\/08\/Flyer_Material_3e4ano_RCP_2021-3_page-0001-725x1024.jpg\" alt=\"\" data-id=\"1446\" data-link=\"https:\/\/realcolegio.pt\/?attachment_id=1446\" class=\"wp-image-1446\"\/><\/figure><\/li><li class=\"blocks-gallery-item\"><figure><img src=\"https:\/\/realcolegio.pt\/wp-content\/uploads\/2021\/08\/Flyer_Material_5ano_RCP_2021_page-0001-725x1024.jpg\" alt=\"\" data-id=\"1448\" data-link=\"https:\/\/realcolegio.pt\/?attachment_id=1448\" class=\"wp-image-1448\"\/><\/figure><\/li><li class=\"blocks-gallery-item\"><figure><img src=\"https:\/\/realcolegio.pt\/wp-content\/uploads\/2021\/08\/Flyer_Material_5ano_RCP_2021_page-0002-725x1024.jpg\" alt=\"\" data-id=\"1449\" data-link=\"https:\/\/realcolegio.pt\/?attachment_id=1449\" class=\"wp-image-1449\"\/><\/figure><\/li><li class=\"blocks-gallery-item\"><figure><img src=\"https:\/\/realcolegio.pt\/wp-content\/uploads\/2021\/08\/Flyer_Material_6ano_RCP_2021_page-0001-725x1024.jpg\" alt=\"\" data-id=\"1450\" data-link=\"https:\/\/realcolegio.pt\/?attachment_id=1450\" class=\"wp-image-1450\"\/><\/figure><\/li><li class=\"blocks-gallery-item\"><figure><img src=\"https:\/\/realcolegio.pt\/wp-content\/uploads\/2021\/08\/Flyer_Material_6ano_RCP_2021_page-0002-725x1024.jpg\" alt=\"\" data-id=\"1451\" data-link=\"https:\/\/realcolegio.pt\/?attachment_id=1451\" class=\"wp-image-1451\"\/><\/figure><\/li><li class=\"blocks-gallery-item\"><figure><img src=\"https:\/\/realcolegio.pt\/wp-content\/uploads\/2021\/08\/Flyer_Material_7ano_RCP_2021-1_page-0001-725x1024.jpg\" alt=\"\" data-id=\"1452\" data-link=\"https:\/\/realcolegio.pt\/?attachment_id=1452\" class=\"wp-image-1452\"\/><\/figure><\/li><li class=\"blocks-gallery-item\"><figure><img src=\"https:\/\/realcolegio.pt\/wp-content\/uploads\/2021\/08\/Flyer_Material_8ano_RCP_2021_page-0001-725x1024.jpg\" alt=\"\" data-id=\"1454\" data-link=\"https:\/\/realcolegio.pt\/?attachment_id=1454\" class=\"wp-image-1454\"\/><\/figure><\/li><li class=\"blocks-gallery-item\"><figure><img src=\"https:\/\/realcolegio.pt\/wp-content\/uploads\/2021\/08\/Flyer_Material_8ano_RCP_2021_page-0002-725x1024.jpg\" alt=\"\" data-id=\"1455\" data-link=\"https:\/\/realcolegio.pt\/?attachment_id=1455\" class=\"wp-image-1455\"\/><\/figure><\/li><li class=\"blocks-gallery-item\"><figure><img src=\"https:\/\/realcolegio.pt\/wp-content\/uploads\/2021\/08\/Flyer_Material_9ano_RCP_2021_page-0001-725x1024.jpg\" alt=\"\" data-id=\"1456\" data-full-url=\"https:\/\/realcolegio.pt\/wp-content\/uploads\/2021\/08\/Flyer_Material_9ano_RCP_2021_page-0001.jpg\" data-link=\"https:\/\/realcolegio.pt\/?attachment_id=1456\" class=\"wp-image-1456\"\/><\/figure><\/li><li class=\"blocks-gallery-item\"><figure><img src=\"https:\/\/realcolegio.pt\/wp-content\/uploads\/2021\/08\/Flyer_Material_9ano_RCP_2021_page-0002-725x1024.jpg\" alt=\"\" data-id=\"1457\" data-full-url=\"https:\/\/realcolegio.pt\/wp-content\/uploads\/2021\/08\/Flyer_Material_9ano_RCP_2021_page-0002.jpg\" data-link=\"https:\/\/realcolegio.pt\/?attachment_id=1457\" class=\"wp-image-1457\"\/><\/figure><\/li><li class=\"blocks-gallery-item\"><figure><img src=\"https:\/\/realcolegio.pt\/wp-content\/uploads\/2021\/08\/Flyer_Material_10ano_Artes_RCP_2021-1_page-0001-725x1024.jpg\" alt=\"\" data-id=\"1458\" data-full-url=\"https:\/\/realcolegio.pt\/wp-content\/uploads\/2021\/08\/Flyer_Material_10ano_Artes_RCP_2021-1_page-0001.jpg\" data-link=\"https:\/\/realcolegio.pt\/?attachment_id=1458\" class=\"wp-image-1458\"\/><\/figure><\/li><li class=\"blocks-gallery-item\"><figure><img src=\"https:\/\/realcolegio.pt\/wp-content\/uploads\/2021\/08\/Flyer_Material_10ano_Artes_RCP_2021-1_page-0002-725x1024.jpg\" alt=\"\" data-id=\"1459\" data-full-url=\"https:\/\/realcolegio.pt\/wp-content\/uploads\/2021\/08\/Flyer_Material_10ano_Artes_RCP_2021-1_page-0002.jpg\" data-link=\"https:\/\/realcolegio.pt\/?attachment_id=1459\" class=\"wp-image-1459\"\/><\/figure><\/li><li class=\"blocks-gallery-item\"><figure><img src=\"https:\/\/realcolegio.pt\/wp-content\/uploads\/2021\/08\/Flyer_Material_10ano_Ciencias_RCP_2021_page-0001-725x1024.jpg\" alt=\"\" data-id=\"1460\" data-full-url=\"https:\/\/realcolegio.pt\/wp-content\/uploads\/2021\/08\/Flyer_Material_10ano_Ciencias_RCP_2021_page-0001.jpg\" data-link=\"https:\/\/realcolegio.pt\/?attachment_id=1460\" class=\"wp-image-1460\"\/><\/figure><\/li><li class=\"blocks-gallery-item\"><figure><img src=\"https:\/\/realcolegio.pt\/wp-content\/uploads\/2021\/08\/Flyer_Material_10ano_Ciencias_RCP_2021_page-0002-725x1024.jpg\" alt=\"\" data-id=\"1461\" data-full-url=\"https:\/\/realcolegio.pt\/wp-content\/uploads\/2021\/08\/Flyer_Material_10ano_Ciencias_RCP_2021_page-0002.jpg\" data-link=\"https:\/\/realcolegio.pt\/?attachment_id=1461\" class=\"wp-image-1461\"\/><\/figure><\/li><li class=\"blocks-gallery-item\"><figure><img src=\"https:\/\/realcolegio.pt\/wp-content\/uploads\/2021\/08\/Flyer_Material_10ano_Economia_RCP_2021.jpg-1_page-0001-725x1024.jpg\" alt=\"\" data-id=\"1462\" data-full-url=\"https:\/\/realcolegio.pt\/wp-content\/uploads\/2021\/08\/Flyer_Material_10ano_Economia_RCP_2021.jpg-1_page-0001.jpg\" data-link=\"https:\/\/realcolegio.pt\/?attachment_id=1462\" class=\"wp-image-1462\"\/><\/figure><\/li><li class=\"blocks-gallery-item\"><figure><img src=\"https:\/\/realcolegio.pt\/wp-content\/uploads\/2021\/08\/Flyer_Material_10ano_Economia_RCP_2021.jpg-1_page-0002-725x1024.jpg\" alt=\"\" data-id=\"1463\" data-full-url=\"https:\/\/realcolegio.pt\/wp-content\/uploads\/2021\/08\/Flyer_Material_10ano_Economia_RCP_2021.jpg-1_page-0002.jpg\" data-link=\"https:\/\/realcolegio.pt\/?attachment_id=1463\" class=\"wp-image-1463\"\/><\/figure><\/li><li class=\"blocks-gallery-item\"><figure><img src=\"https:\/\/realcolegio.pt\/wp-content\/uploads\/2021\/08\/Flyer_Material_10ano_Humanidades_RCP_2021_page-0001-725x1024.jpg\" alt=\"\" data-id=\"1464\" data-full-url=\"https:\/\/realcolegio.pt\/wp-content\/uploads\/2021\/08\/Flyer_Material_10ano_Humanidades_RCP_2021_page-0001.jpg\" data-link=\"https:\/\/realcolegio.pt\/?attachment_id=1464\" class=\"wp-image-1464\"\/><\/figure><\/li><li class=\"blocks-gallery-item\"><figure><img src=\"https:\/\/realcolegio.pt\/wp-content\/uploads\/2021\/08\/Flyer_Material_10ano_Humanidades_RCP_2021_page-0002-725x1024.jpg\" alt=\"\" data-id=\"1466\" data-full-url=\"https:\/\/realcolegio.pt\/wp-content\/uploads\/2021\/08\/Flyer_Material_10ano_Humanidades_RCP_2021_page-0002.jpg\" data-link=\"https:\/\/realcolegio.pt\/?attachment_id=1466\" class=\"wp-image-1466\"\/><\/figure><\/li><li class=\"blocks-gallery-item\"><figure><img src=\"https:\/\/realcolegio.pt\/wp-content\/uploads\/2021\/08\/Flyer_Material_11ano_Artes_RCP_2021.jpg_page-0001-725x1024.jpg\" alt=\"\" data-id=\"1470\" data-full-url=\"https:\/\/realcolegio.pt\/wp-content\/uploads\/2021\/08\/Flyer_Material_11ano_Artes_RCP_2021.jpg_page-0001.jpg\" data-link=\"https:\/\/realcolegio.pt\/?attachment_id=1470\" class=\"wp-image-1470\"\/><\/figure><\/li><li class=\"blocks-gallery-item\"><figure><img src=\"https:\/\/realcolegio.pt\/wp-content\/uploads\/2021\/08\/Flyer_Material_11ano_Artes_RCP_2021.jpg_page-0002-725x1024.jpg\" alt=\"\" data-id=\"1473\" data-full-url=\"https:\/\/realcolegio.pt\/wp-content\/uploads\/2021\/08\/Flyer_Material_11ano_Artes_RCP_2021.jpg_page-0002.jpg\" data-link=\"https:\/\/realcolegio.pt\/?attachment_id=1473\" class=\"wp-image-1473\"\/><\/figure><\/li><\/ul><\/figure>\n<!-- \/wp:gallery -->","_et_gb_content_width":"","footnotes":""},"class_list":["post-1439","page","type-page","status-publish","has-post-thumbnail","hentry"],"acf":[],"_links":{"self":[{"href":"https:\/\/realcolegio.pt\/en\/wp-json\/wp\/v2\/pages\/1439","targetHints":{"allow":["GET"]}}],"collection":[{"href":"https:\/\/realcolegio.pt\/en\/wp-json\/wp\/v2\/pages"}],"about":[{"href":"https:\/\/realcolegio.pt\/en\/wp-json\/wp\/v2\/types\/page"}],"author":[{"embeddable":true,"href":"https:\/\/realcolegio.pt\/en\/wp-json\/wp\/v2\/users\/2"}],"replies":[{"embeddable":true,"href":"https:\/\/realcolegio.pt\/en\/wp-json\/wp\/v2\/comments?post=1439"}],"version-history":[{"count":2,"href":"https:\/\/realcolegio.pt\/en\/wp-json\/wp\/v2\/pages\/1439\/revisions"}],"predecessor-version":[{"id":1476,"href":"https:\/\/realcolegio.pt\/en\/wp-json\/wp\/v2\/pages\/1439\/revisions\/1476"}],"wp:featuredmedia":[{"embeddable":true,"href":"https:\/\/realcolegio.pt\/en\/wp-json\/wp\/v2\/media\/1474"}],"wp:attachment":[{"href":"https:\/\/realcolegio.pt\/en\/wp-json\/wp\/v2\/media?parent=1439"}],"curies":[{"name":"wp","href":"https:\/\/api.w.org\/{rel}","templated":true}]}}